{"id":276,"date":"2020-06-07T14:20:54","date_gmt":"2020-06-07T16:20:54","guid":{"rendered":"https:\/\/sites.usp.br\/nehilp\/?page_id=276"},"modified":"2020-08-14T00:25:22","modified_gmt":"2020-08-14T02:25:22","slug":"textos","status":"publish","type":"page","link":"https:\/\/sites.usp.br\/nehilp\/textos\/","title":{"rendered":"TEXTOS"},"content":{"rendered":"<h2>Textos de Divulga\u00e7\u00e3o<\/h2>\n<p>&nbsp;<\/p>\n<table class=\"table\">\n<tbody>\n<tr>\n<td width=\"30%\">\n<div align=\"center\"><a title=\"L\u00edngua Portuguesa\" href=\"http:\/\/revistalingua.uol.com.br\/\" target=\"_blank\" rel=\"noopener noreferrer\"><img decoding=\"async\" class=\"capa\" src=\"https:\/\/nehilp.prp.usp.br\/~nehilp\/img\/Lingua_Portuguesa.png\" \/><\/a><\/div>\n<\/td>\n<td>Revista\u00a0<i>L\u00edngua Portuguesa<\/i>. S\u00e3o Paulo: Editora Segmento, 2006-2015.<\/p>\n<p>ISBN 1808-3498<\/td>\n<\/tr>\n<\/tbody>\n<\/table>\n<p>&nbsp;<\/p>\n<div class=\"separa\">\n<p>VIARO, M. E. O som da grafia. L\u00edngua Portuguesa, v. 115, p. 38-41, 2015, republicado com modifica\u00e7\u00f5es no v. 116, p. 44-45, 2015.<\/p>\n<p>VIARO, M. E. O poder do obst\u00e1culo. L\u00edngua Portuguesa, v. 114, p. 48-50, 2015.<\/p>\n<p>VIARO, M. E. A l\u00f3gica adulterada. L\u00edngua Portuguesa, v. 113, p. 26-29, 2015.<\/p>\n<p>VIARO, M. E. O fiel da balan\u00e7a. L\u00edngua Portuguesa, v. 112, p. 54-57, 2015.<\/p>\n<p>VIARO, M. E. Semelhan\u00e7as inusitadas. L\u00edngua Portuguesa, v. 111, p. 54-57, 2015.<\/p>\n<p>VIARO, M. E. Prote\u00e7\u00e3o radical. L\u00edngua Portuguesa, v. 110, p. 52-55, 2014.<\/p>\n<p>VIARO, M. E. A misteriosa influ\u00eancia \u00e1rabe. L\u00edngua Portuguesa, v. 109, p. 52-55, 2014.<\/p>\n<p>VIARO, M. E. A vida na ortografia. L\u00edngua Portuguesa, v. 108, p. 46-49, 2014.<\/p>\n<p>VIARO, M. E. A novela do novelo. L\u00edngua Portuguesa, v. 107, p. 44-47, 2014.<\/p>\n<p>VIARO, M. E. O controle das derivas. L\u00edngua Portuguesa, v. 106, p. 44-47, 2014.<\/p>\n<p>VIARO, M. E. A vingan\u00e7a dos prefixos. L\u00edngua Portuguesa, v. 105, p. 48-50, 2014.<\/p>\n<p>VIARO, M. E. Tra\u00eddos pelos sentidos. L\u00edngua Portuguesa, v. 104, p. 48-50, 2014.<\/p>\n<p>VIARO, M. E. Atchim: as origens e trajet\u00f3rias da palavra &#8216;espirrar&#8217;. L\u00edngua Portuguesa, v. 103, p. 40-43, 2014.<\/p>\n<p>VIARO, M. E. Uma trajet\u00f3ria solit\u00e1ria. L\u00edngua Portuguesa, v. 102, p. 54-57, 2014.<\/p>\n<p>VIARO, M. E. O mostrengo. L\u00edngua Portuguesa, v. 101, p. 50-53, 2014.<\/p>\n<p>VIARO, M. E. A torre de Babel. L\u00edngua Portuguesa, v. 100, p. 48-51, 2014.<\/p>\n<p>VIARO, M. E. Sa\u00eddas Ilus\u00f3rias. L\u00edngua Portuguesa, v. 99, p. 48-51, 2014.<\/p>\n<\/div>\n<p>&nbsp;<\/p>\n<div class=\"separa\">\n<p>VIARO, M. E. Sementes perdidas. L\u00edngua Portuguesa, v. 98, p. 44-47, 2013.<\/p>\n<p>VIARO, M. E. Com o p\u00e9 no passado. L\u00edngua Portuguesa, v. 97, p. 46-49, 2013.<\/p>\n<p>VIARO, M. E. Patriotismo lingu\u00edstico. L\u00edngua Portuguesa, v. 96, p. 46-49, 2013.<\/p>\n<p>VIARO, M. E. A escolha ortogr\u00e1fica pelo mal. L\u00edngua Portuguesa, v. 95, p. 28-31, 2013.<\/p>\n<p>VIARO, M. E. Conjun\u00e7\u00f5es flutuantes. L\u00edngua Portuguesa, v. 94, p. 50-53, 2013.<\/p>\n<p>VIARO, M. E. Solvente universal. L\u00edngua Portuguesa, v. 93, p. 52-55, 2013.<\/p>\n<p>VIARO, M. E. Os deslocamentos da transforma\u00e7\u00e3o radical. L\u00edngua Portuguesa, v. 92, p. 46-49, 2013.<\/p>\n<p>VIARO, M. E. Sufixos t\u00eam ideologia?. L\u00edngua Portuguesa, v. 91, p. 16-19, 2013.<\/p>\n<p>VIARO, M. E. A implac\u00e1vel lei da natureza. L\u00edngua Portuguesa, v. 90, p. 48-50, 2013.<\/p>\n<p>VIARO, M. E. A l\u00edngua do para\u00edso. L\u00edngua Portuguesa, v. 89, p. 26-28, 2013.<\/p>\n<p>VIARO, M. E. Distantes ou pr\u00f3ximas?. L\u00edngua Portuguesa, v. 88, p. 52-54, 2013.<\/p>\n<p>VIARO, M. E. Uma confus\u00e3o dos diabos. L\u00edngua Portuguesa, v. 87, p. 52-54, 2013.<\/p>\n<\/div>\n<p>&nbsp;<\/p>\n<div class=\"separa\">\n<p>VIARO, M. E. Fant\u00e1sticas fantasias. L\u00edngua Portuguesa, v. 86, p. 56-58, 2012.<\/p>\n<p>VIARO, M. E. A secante vai pela tangente. L\u00edngua Portuguesa, v. 85, p. 58-60, 2012.<\/p>\n<p>VIARO, M. E. Em ber\u00e7o espl\u00eandido. L\u00edngua Portuguesa, v. 84, p. 26-29, 2012.<\/p>\n<p>VIARO, M. E. H\u00e1 divers\u00e3o no div\u00f3rcio?. L\u00edngua Portuguesa, v. 83, p. 54-56, 2012.<\/p>\n<p>VIARO, M. E. As palavras multifacetadas. L\u00edngua Portuguesa, v. 82, p. 52-55, 2012.<\/p>\n<p>VIARO, M. E. Encontros mutantes. L\u00edngua Portuguesa, v. 81, p. 56-59, 2012.<\/p>\n<p>VIARO, M. E. O trajeto at\u00e9 a cibercultura. L\u00edngua Portuguesa, v. 80, p. 54-56, 2012.<\/p>\n<p>VIARO, M. E. O eixo vertical das palavras. L\u00edngua Portuguesa, v. 79, p. 52-55, 2012.<\/p>\n<p>VIARO, M. E. O doce enigma do brigadeiro. L\u00edngua Portuguesa, v. 78, p. 54-57, 2012.<\/p>\n<p>VIARO, M. E. Palavras jogadas fora. L\u00edngua Portuguesa, v. 77, p. 52-55, 2012.<\/p>\n<p>VIARO, M. E. A \u00e2ncora da palavra. L\u00edngua Portuguesa, v. 76, p. 54-57, 2012.<\/p>\n<p>VIARO, M. E. A origem do &#8220;uai&#8221;. L\u00edngua Portuguesa, v. 75, p. 20-22, 2012.<\/p>\n<\/div>\n<p>&nbsp;<\/p>\n<div class=\"separa\">\n<p>VIARO, M. E. Do fruto \u00e0s ra\u00edzes. L\u00edngua Portuguesa, v. 74, p. 50-53, 2011.<\/p>\n<p>VIARO, M. E. O sabor \u00e9 o de menos. L\u00edngua Portuguesa, v. 73, p. 48-51, 2011.<\/p>\n<p>VIARO, M. E. O engano da deforma\u00e7\u00e3o. L\u00edngua Portuguesa, v. 72, p. 56-59, 2011.<\/p>\n<p>VIARO, M. E. Em dire\u00e7\u00e3o \u00e0s origens. L\u00edngua Portuguesa, v. 71, p. 54-57, 2011.<\/p>\n<p>VIARO, M. E. Pron\u00fancia imprevis\u00edvel. L\u00edngua Portuguesa, v. 70, p. 36-39, 2011.<\/p>\n<p>VIARO, M. E. L\u00ednguas mistas. L\u00edngua Portuguesa, v. 69, p. 54-57, 2011.<\/p>\n<p>VIARO, M. E. Caminhos separados. L\u00edngua Portuguesa, v. 68, p. 54-57, 2011.<\/p>\n<p>VIARO, M. E. Sentidos muito esquisitos. L\u00edngua Portuguesa, v. 67, p. 58-61, 2011.<\/p>\n<p>VIARO, M. E. As conex\u00e3o da &#8220;transa&#8221;. L\u00edngua Portuguesa, v. 66, p. 54-57, 2011.<\/p>\n<p>VIARO, M. E. La\u00e7os de compromissos. L\u00edngua Portuguesa, v. 65, p. 56-59, 2011.<\/p>\n<p>VIARO, M. E. O rugido do ligre. L\u00edngua Portuguesa, v. 64, p. 54-57, 2011.<\/p>\n<p>VIARO, M. E. Lenga-lenga encontra Durango Kid. L\u00edngua Portuguesa, v. 63, p. 52-55, 2011.<\/p>\n<\/div>\n<p>&nbsp;<\/p>\n<div class=\"separa\">\n<p>VIARO, M. E. A caixa de Pandora. L\u00edngua Portuguesa, v. 62, p. 56-59, 2010.<\/p>\n<p>VIARO, M. E. Vocabul\u00e1rio flamejante. L\u00edngua Portuguesa, v. 61, p. 54-56, 2010.<\/p>\n<p>VIARO, M. E. &#8220;Pizza&#8221; \u00e9 alem\u00e3. L\u00edngua Portuguesa, v. 60, p. 22-24, 2010.<\/p>\n<p>VIARO, M. E. Um alegre jogo da origem. L\u00edngua Portuguesa, v. 59, p. 60-62, 2010.<\/p>\n<p>VIARO, M. E. Patrim\u00f4nio das l\u00ednguas. L\u00edngua Portuguesa, v. 58, p. 58-60, 2010.<\/p>\n<p>VIARO, M. E. Com a corda bem esticada. L\u00edngua Portuguesa, v. 57, p. 60-62, 2010.<\/p>\n<p>VIARO, M. E. A n\u00e1usea do preconceito. L\u00edngua Portuguesa, v. 56, p. 58-60, 2010.<\/p>\n<p>VIARO, M. E. Pintando o sete. L\u00edngua Portuguesa, v. 55, p. 58-60, 2010.<\/p>\n<p>VIARO, M. E. A identidade da gram\u00e1tica. L\u00edngua Portuguesa, v. 54, p. 30-33, 2010.<\/p>\n<p>VIARO, M. E. A origem dos pecados. L\u00edngua Portuguesa, v. 53, p. 60-62, 2010.<\/p>\n<p>VIARO, M. E. O sopro das palavras. L\u00edngua Portuguesa, v. 52, p. 42-44, 2010.<\/p>\n<p>VIARO, M. E. Estrangeirismo de mercado. L\u00edngua Portuguesa, v. 51, p. 52-55, 2010.<\/p>\n<\/div>\n<p>&nbsp;<\/p>\n<div class=\"separa\">\n<p>VIARO, M. E. A marcha das palavras. L\u00edngua Portuguesa, v. 50, p. 60-62, 2009.<\/p>\n<p>VIARO, M. E. De onde vem o sinueiro?. L\u00edngua Portuguesa, v. 49, p. 60-62, 2009.<\/p>\n<p>VIARO, M. E. A lingu\u00edstica de Grimm. L\u00edngua Portuguesa, v. 48, p. 60-62, 2009.<\/p>\n<p>VIARO, M. E. Longe da ci\u00eancia. L\u00edngua Portuguesa, v. 47, p. 58-60, 2009.<\/p>\n<p>VIARO, M. E. Os palpites de Plat\u00e3o. L\u00edngua Portuguesa, v. 46, p. 60-62, 2009.<\/p>\n<p>VIARO, M. E. S\u00edndrome do &#8220;spam&#8221;. L\u00edngua Portuguesa, v. 45, p. 54-56, 2009.<\/p>\n<p>VIARO, M. E. O estigma do caipir\u00eas. L\u00edngua Portuguesa, v. 44, p. 30-33, 2009.<\/p>\n<p>VIARO, M. E. Nem assim t\u00e3o iguais. L\u00edngua Portuguesa, v. 43, p. 58-60, 2009.<\/p>\n<p>VIARO, M. E. Palavras n\u00e3o t\u00eam rugas. L\u00edngua Portuguesa, v. 42, p. 60-62, 2009.<\/p>\n<p>VIARO, M. E. Os tent\u00e1culos do partic\u00edpio. L\u00edngua Portuguesa, v. 41, p. 60-62, 2009.<\/p>\n<p>VIARO, M. E. Pedir e perguntar, \u00e9 s\u00f3 procurar. L\u00edngua Portuguesa, v. 40, p. 56-58, 2009.<\/p>\n<p>VIARO, M. E. O c\u00e2ncer da etimologia f\u00e1cil. L\u00edngua Portuguesa, v. 39, p. 60-61, 2009.<\/p>\n<\/div>\n<p>&nbsp;<\/p>\n<div class=\"separa\">\n<p>VIARO, M. E. As cartas na manga do idioma. L\u00edngua Portuguesa, v. 38, p. 60-62, 2008.<\/p>\n<p>VIARO, M. E. A data das palavras. L\u00edngua Portuguesa, v. 37, p. 60-62, 2008.<\/p>\n<p>VIARO, M. E. Irm\u00e3os em lit\u00edgio. L\u00edngua Portuguesa, v. 36, p. 60-62, 2008.<\/p>\n<p>VIARO, M. E. A pron\u00fancia dos antigos. L\u00edngua Portuguesa, v. 35, p. 62-64, 2008.<\/p>\n<p>VIARO, M. E. Os quintos dos infernos. L\u00edngua Portuguesa, v. 34, p. 62-64, 2008.<\/p>\n<p>VIARO, M. E. Rumos parecidos. L\u00edngua Portuguesa, v. 33, p. 60-62, 2008.<\/p>\n<p>VIARO, M. E. Os reis da pelada. L\u00edngua Portuguesa, v. 32, p. 60-62, 2008.<\/p>\n<p>VIARO, M. E. O guerreiro da l\u00edngua portuguesa. L\u00edngua Portuguesa, v. 31, p. 60-62, 2008.<\/p>\n<p>VIARO, M. E. Passado Animal. L\u00edngua Portuguesa, v. 30, p. 62-64, 2008.<\/p>\n<p>VIARO, M. E. O del\u00edrio etimologizante. L\u00edngua Portuguesa, v. 29, p. 62-64, 2008.<\/p>\n<p>VIARO, M. E. A raiz do falar. L\u00edngua Portuguesa, v. 28, p. 62-64, 2008.<\/p>\n<\/div>\n<p>&nbsp;<\/p>\n<div class=\"separa\">\n<p>VIARO, M. E. Quando a cultura \u00e9 s\u00f3 cultivo. L\u00edngua Portuguesa, v. 27, p. 62-64, 2007.<\/p>\n<p>VIARO, M. E. O mundo no plural. L\u00edngua Portuguesa, v. 26, p. 60-62, 2007.<\/p>\n<p>VIARO, M. E. As esquisitices do tempo. L\u00edngua Portuguesa, v. 25, p. 60-62, 2007.<\/p>\n<p>VIARO, M. E. A heran\u00e7a que est\u00e1 na fala. L\u00edngua Portuguesa, v. 24, p. 60-63, 2007.<\/p>\n<p>VIARO, M. E. A esperan\u00e7a \u00e9 a \u00faltima que foge. L\u00edngua Portuguesa, v. 23, p. 62-63, 2007.<\/p>\n<p>VIARO, M. E. O passado do passarinho. L\u00edngua Portuguesa, v. 22, p. 62-64, 2007.<\/p>\n<p>VIARO, M. E. O pesco\u00e7o da girafa. L\u00edngua Portuguesa, v. 21, p. 62-64, 2007.<\/p>\n<p>VIARO, M. E. Ramo l\u00e1, carralo r\u00e9io!. L\u00edngua Portuguesa, v. 20, p. 62-64, 2007.<\/p>\n<p>VIARO, M. E. Palavras que levam ao arco-\u00edris. L\u00edngua Portuguesa, v. 19, p. 62-64, 2007.<\/p>\n<p>VIARO, M. E. O outro Saussure. L\u00edngua Portuguesa, v. 18, p. 64-65, 2007.<\/p>\n<p>VIARO, M. E. O imp\u00e9rio do falante. L\u00edngua Portuguesa, v. 17, p. 62-64, 2007.<\/p>\n<p>VIARO, M. E. Palavras encapetadas. L\u00edngua Portuguesa, v. 16, p. 64-65, 2007.<\/p>\n<p>VIARO, M. E. O primo romeno. L\u00edngua Portuguesa, v. 15, p. 64-65, 2007.<\/p>\n<\/div>\n<p>&nbsp;<\/p>\n<div class=\"separa\">\n<p>VIARO, M. E. Palavras sem origem. L\u00edngua Portuguesa, v. 14, p. 52-53, 2006.<\/p>\n<p>VIARO, M. E. Met\u00e1foras do pensamento. L\u00edngua Portuguesa, v. 13, p. 62-64, 2006.<\/p>\n<p>VIARO, M. E. Troca de sexos no idioma. L\u00edngua Portuguesa, v. 12, p. 62-64, 2006.<\/p>\n<p>VIARO, M. E. Cora\u00e7\u00e3o das palavras. L\u00edngua Portuguesa, v. 11, p. 58-61, 2006.<\/p>\n<p>VIARO, M. E. Uma filosofia de c\u00e3o. L\u00edngua Portuguesa, v. 10, p. 62-64, 2006.<\/p>\n<p>VIARO, M. E. Uma longa idade m\u00e9dia. L\u00edngua Portuguesa, v. 9, p. 64-65, 2006.<\/p>\n<p>VIARO, M. E. A gram\u00e1tica pelo m\u00e9todo confuso. L\u00edngua Portuguesa, v. 8, p. 62-64, 2006.<\/p>\n<p>VIARO, M. E. Doces b\u00e1rbaros. L\u00edngua Portuguesa, v. 7, p. 62-64, 2006.<\/p>\n<p>VIARO, M. E. A abelha debaixo do tapete. L\u00edngua Portuguesa, v. 6, p. 60-61, 2006.<\/p>\n<p>VIARO, M. E. A fala sob suspeita. L\u00edngua Portuguesa, v. 5, p. 64-65, 2006.<\/p>\n<p>VIARO, M. E. Para entender outras l\u00ednguas. L\u00edngua Portuguesa, v. 4, p. 62-63, 2006.<\/p>\n<\/div>\n<p>&nbsp;<\/p>\n<h3>Edi\u00e7\u00f5es Especiais:<\/h3>\n<p>&nbsp;<\/p>\n<div class=\"separa\">\n<p>VIARO, M. E. O encanto das origens. L\u00edngua Portuguesa, p. 18-24, 2011.<\/p>\n<p>VIARO, M. E. O parentesco medieval. L\u00edngua Portuguesa, p. 24-25, 2011.<\/p>\n<p>VIARO, M. E. Na terra das peladas. L\u00edngua Portuguesa, p. 50-53, 2011.<\/p>\n<p>VIARO, M. E. Os sete pecados capitais. L\u00edngua Portuguesa, p. 57-59, 2011.<\/p>\n<p>VIARO, M. E. Quando os g\u00eaneros se enla\u00e7am. L\u00edngua Portuguesa, p. 60-62, 2011.<\/p>\n<p>VIARO, M. E. O v\u00edrus da miragem etimol\u00f3gica. L\u00edngua Portuguesa, p. 12-17, 2007.<\/p>\n<p>VIARO, M. E. O passo-a-passo da pesquisa. L\u00edngua Portuguesa, p. 66-66, 2006.<\/p>\n<p>VIARO, M. E. Humildade \u00e9 a prova dos noves. L\u00edngua Portuguesa, p. 63-64, 2006.<\/p>\n<p>VIARO, M. E. Como confiar numa etimologia. L\u00edngua Portuguesa, p. 62-63, 2006.<\/p>\n<\/div>\n<p>&nbsp;<\/p>\n<table>\n<tbody>\n<tr>\n<td width=\"30%\">\n<div align=\"center\"><a title=\"Discutindo L\u00edngua Portuguesa\" href=\"http:\/\/www.escalaeducacional.com.br\/\" target=\"_blank\" rel=\"noopener noreferrer\"><img decoding=\"async\" class=\"capa\" src=\"https:\/\/nehilp.prp.usp.br\/~nehilp\/img\/Discutindo_Lingua_Portuguesa.png\" \/><\/a><\/div>\n<\/td>\n<td>Revista\u00a0<i>Discutindo L\u00edngua Portuguesa<\/i>. S\u00e3o Paulo: Editora Escala Educacional, 2005-2007.<\/p>\n<p>ISSN 1809-0230<\/td>\n<\/tr>\n<\/tbody>\n<\/table>\n<p>&nbsp;<\/p>\n<div class=\"separa\">\n<p>VIARO, M. E. Idioma onipresente. Discutindo L\u00edngua Portuguesa, v. 9, p. 42-44, 2007.<\/p>\n<p>VIARO, M. E. Encontros e desencontros. Discutindo L\u00edngua Portuguesa, v. 7, p. 48-49, 2007.<\/p>\n<p>VIARO, M. E. Para n\u00e3o acabar em &#8220;p\u00edte\u00e7a&#8221;. Discutindo L\u00edngua Portuguesa, v. 6, p. 56-58, 2007.<\/p>\n<p>VIARO, M. E. Veja bem: a raiz indo-europ\u00e9ia *spek. Discutindo L\u00edngua Portuguesa, v. 5, p. 58-60, 2006.<\/p>\n<p>VIARO, M. E. Cada palavra, uma hist\u00f3ria. Discutindo L\u00edngua Portuguesa, v. 4, p. 46-47, 2006.<\/p>\n<p>VIARO, M. E. O nascimento das palavras. Discutindo L\u00edngua Portuguesa, v. 3, p. 54-56, 2006.<\/p>\n<p>VIARO, M. E. Parentesco duvidoso. Discutindo L\u00edngua Portuguesa, v. 2, p. 54-56, 2006.<\/p>\n<p>VIARO, M. E. Palavras africanas&#8230; ser\u00e1?. Discutindo L\u00edngua Portuguesa, v. 1, p. 58-60, 2005.<\/p>\n<\/div>\n","protected":false},"excerpt":{"rendered":"<p>Textos de Divulga\u00e7\u00e3o &nbsp; Revista\u00a0L\u00edngua Portuguesa. S\u00e3o Paulo: Editora Segmento, 2006-2015. ISBN 1808-3498 &nbsp; VIARO, [&hellip;]<\/p>\n","protected":false},"author":21854,"featured_media":0,"parent":0,"menu_order":0,"comment_status":"closed","ping_status":"closed","template":"","meta":{"footnotes":"","_links_to":"","_links_to_target":""},"class_list":["post-276","page","type-page","status-publish","hentry"],"_links":{"self":[{"href":"https:\/\/sites.usp.br\/nehilp\/wp-json\/wp\/v2\/pages\/276","targetHints":{"allow":["GET"]}}],"collection":[{"href":"https:\/\/sites.usp.br\/nehilp\/wp-json\/wp\/v2\/pages"}],"about":[{"href":"https:\/\/sites.usp.br\/nehilp\/wp-json\/wp\/v2\/types\/page"}],"author":[{"embeddable":true,"href":"https:\/\/sites.usp.br\/nehilp\/wp-json\/wp\/v2\/users\/21854"}],"replies":[{"embeddable":true,"href":"https:\/\/sites.usp.br\/nehilp\/wp-json\/wp\/v2\/comments?post=276"}],"version-history":[{"count":2,"href":"https:\/\/sites.usp.br\/nehilp\/wp-json\/wp\/v2\/pages\/276\/revisions"}],"predecessor-version":[{"id":326,"href":"https:\/\/sites.usp.br\/nehilp\/wp-json\/wp\/v2\/pages\/276\/revisions\/326"}],"wp:attachment":[{"href":"https:\/\/sites.usp.br\/nehilp\/wp-json\/wp\/v2\/media?parent=276"}],"curies":[{"name":"wp","href":"https:\/\/api.w.org\/{rel}","templated":true}]}}