{"id":277,"date":"2020-06-07T14:20:54","date_gmt":"2020-06-07T16:20:54","guid":{"rendered":"https:\/\/sites.usp.br\/nehilp\/?page_id=277"},"modified":"2020-08-14T00:22:41","modified_gmt":"2020-08-14T02:22:41","slug":"teses","status":"publish","type":"page","link":"https:\/\/sites.usp.br\/nehilp\/teses\/","title":{"rendered":"TESES"},"content":{"rendered":"<h2>Disserta\u00e7\u00f5es e Teses<\/h2>\n<p>&nbsp;<\/p>\n<h3>Disserta\u00e7\u00f5es de Mestrado<\/h3>\n<p>&nbsp;<\/p>\n<p><a title=\"Disserta\u00e7\u00e3o de Nilsa Are\u00e1n-Garc\u00eda\" href=\"http:\/\/www.teses.usp.br\/teses\/disponiveis\/8\/8142\/tde-04102007-144618\/pt-br.php\" target=\"_blank\" rel=\"noopener noreferrer\"><strong>ARE\u00c1N-GARC\u00cdA<\/strong>, Nilsa.\u00a0<em>Estudo comparativo de aspectos sem\u00e2nticos do sufixo -ista no portugu\u00eas e no galego<\/em>. 2v. S\u00e3o Paulo: FFLCH\/ USP, 2007.<\/a><\/p>\n<p>&nbsp;<\/p>\n<p><a title=\"Disserta\u00e7\u00e3o de \u00c9rica S. S. de Freitas\" href=\"http:\/\/www.teses.usp.br\/teses\/disponiveis\/8\/8142\/tde-29092008-151130\/pt-br.php\" target=\"_blank\" rel=\"noopener noreferrer\"><strong>FREITAS<\/strong>, \u00c9rica Santos Soares de.\u00a0<em>Em busca do mento perdido: an\u00e1lise sem\u00e2ntico-diacr\u00f4nica do sufixo -mento, no portugu\u00eas<\/em>S\u00e3o Paulo: FFLCH\/ USP, 2008.<\/a><\/p>\n<p>&nbsp;<\/p>\n<p><a title=\"Disserta\u00e7\u00e3o de Anielle A. G. Gon\u00e7alves\" href=\"http:\/\/www.teses.usp.br\/teses\/disponiveis\/8\/8142\/tde-30112009-142459\/pt-br.php\" target=\"_blank\" rel=\"noopener noreferrer\"><strong>GON\u00c7ALVES<\/strong>, Anielle Aparecida Gomes.\u00a0<em>Diacronia e produtividade dos sufixos -agem, -igem, -ugem, -\u00e1dego, -\u00e1digo e -\u00e1diga em portugu\u00eas<\/em>S\u00e3o Paulo: FFLCH\/ USP, 2009.<\/a><\/p>\n<p>&nbsp;<\/p>\n<p><a title=\"Disserta\u00e7\u00e3o de Andr\u00e9a Lacotiz\" href=\"http:\/\/www.teses.usp.br\/teses\/disponiveis\/8\/8142\/tde-28012008-112539\/pt-br.php\" target=\"_blank\" rel=\"noopener noreferrer\"><strong>LACOTIZ<\/strong>, Andr\u00e9a.\u00a0<em>Estudo diacr\u00f4nico da fun\u00e7\u00e3o e dos valores sem\u00e2nticos dos sufixos -an\u00e7a\/ -en\u00e7a, -\u00e2ncia\/ -\u00eancia no portugu\u00eas<\/em>S\u00e3o Paulo: FFLCH\/ USP, 2007.<\/a><\/p>\n<p>&nbsp;<\/p>\n<p><a title=\"Disserta\u00e7\u00e3o de Juliana B. Leone\" href=\"http:\/\/www.teses.usp.br\/teses\/disponiveis\/8\/8142\/tde-22092014-144159\/pt-br.php\" target=\"_blank\" rel=\"noopener noreferrer\"><strong>LEONE<\/strong>, Juliana B.\u00a0<em>Data\u00e7\u00e3o de fen\u00f4menos lexicais e express\u00f5es idiom\u00e1ticas na obra de Ju\u00f3 Banan\u00e9re: subs\u00eddios para o estudo diacr\u00f4nico do portugu\u00eas brasileiro<\/em>. S\u00e3o Paulo: FFLCH, 2013.<\/a><\/p>\n<p>&nbsp;<\/p>\n<p><a href=\"http:\/\/www.teses.usp.br\/teses\/disponiveis\/8\/8143\/tde-02022018-113148\/\"><strong>VIARO<\/strong>, M\u00e1rio Eduardo.\u00a0<em>Das preposi\u00e7\u00f5es latinas \u00e0s do portugu\u00eas e do romeno: deriva\u00e7\u00f5es sem\u00e2nticas<\/em>. S\u00e3o Paulo: FFLCH\/ USP, 1994.<\/a><\/p>\n<p>&nbsp;<\/p>\n<h3>Teses de Doutorado<\/h3>\n<p>&nbsp;<\/p>\n<p><a title=\"Tese de Nilsa Are\u00e1n-Garc\u00eda\" href=\"http:\/\/www.teses.usp.br\/teses\/disponiveis\/8\/8142\/tde-29082012-103453\/pt-br.php\" target=\"_blank\" rel=\"noopener noreferrer\"><strong>ARE\u00c1N-GARC\u00cdA<\/strong>, Nilsa.\u00a0<em>Aspectos sincr\u00f4nicos e diacr\u00f4nicos do sufixo -\u00edstico(a) no portugu\u00eas e no galego<\/em>. 2v. S\u00e3o Paulo: FFLCH\/ USP, 2011.<\/a><\/p>\n<p>&nbsp;<\/p>\n<p><a title=\"Tese de \u00c9rica S. S. de Freitas\" href=\"http:\/\/www.teses.usp.br\/teses\/disponiveis\/8\/8142\/tde-22042014-125405\/pt-br.php\" target=\"_blank\" rel=\"noopener noreferrer\"><strong>FREITAS<\/strong>, \u00c9rica Santos Soares de.\u00a0<em>O tempo e o mento: hist\u00f3ria do sufixo latino -mentum e de seu desenvolvimento na l\u00edngua portuguesa, em contraste com outras l\u00ednguas rom\u00e2nicas<\/em>S\u00e3o Paulo: FFLCH\/ USP, 2013.<\/a><\/p>\n<p>&nbsp;<\/p>\n<p><a href=\"http:\/\/www.teses.usp.br\/teses\/disponiveis\/8\/8142\/tde-10052016-115122\/pt-br.php\"><strong>SANTOS<\/strong>, Alice Pereira.\u00a0<em>Morfologia em diacronia &#8211; os caminhos e desvios de um afixo na hist\u00f3ria da l\u00edngua: o percurso hist\u00f3rico-sem\u00e2ntico do prefixo des- em bases sufixadas e em deriva\u00e7\u00f5es parassint\u00e9ticas.<\/em>\u00a0S\u00e3o Paulo: FFLCH\/USP, 2016.<\/a><\/p>\n<p>&nbsp;<\/p>\n<p><a href=\"http:\/\/www.teses.usp.br\/teses\/disponiveis\/8\/8143\/tde-02022018-120013\/pt-br.php\"><strong>VIARO<\/strong>, M\u00e1rio Eduardo.\u00a0<em>A constru\u00e7\u00e3o verbo+adv\u00e9rbio de lugar no romanche: heran\u00e7a latina ou decalque germ\u00e2nico?<\/em>. S\u00e3o Paulo: FFLCH\/ USP, 2001.<\/a><\/p>\n<p>&nbsp;<\/p>\n<h3>Teses de livre-doc\u00eancia:<\/h3>\n<p>&nbsp;<\/p>\n<p><a href=\"http:\/\/www.teses.usp.br\/teses\/disponiveis\/livredocencia\/8\/tde-02022018-173614\/pt-br.php\"><strong>VIARO<\/strong>, M\u00e1rio E.\u00a0A deriva\u00e7\u00e3o sufixal do portugu\u00eas: elementos para uma investiga\u00e7\u00e3o sem\u00e2ntico-hist\u00f3rica. S\u00e3o Paulo: FFLCH\/ USP, 2011.<\/a><\/p>\n","protected":false},"excerpt":{"rendered":"<p>Disserta\u00e7\u00f5es e Teses &nbsp; Disserta\u00e7\u00f5es de Mestrado &nbsp; ARE\u00c1N-GARC\u00cdA, Nilsa.\u00a0Estudo comparativo de aspectos sem\u00e2nticos do [&hellip;]<\/p>\n","protected":false},"author":21854,"featured_media":0,"parent":0,"menu_order":0,"comment_status":"closed","ping_status":"closed","template":"","meta":{"footnotes":"","_links_to":"","_links_to_target":""},"class_list":["post-277","page","type-page","status-publish","hentry"],"_links":{"self":[{"href":"https:\/\/sites.usp.br\/nehilp\/wp-json\/wp\/v2\/pages\/277","targetHints":{"allow":["GET"]}}],"collection":[{"href":"https:\/\/sites.usp.br\/nehilp\/wp-json\/wp\/v2\/pages"}],"about":[{"href":"https:\/\/sites.usp.br\/nehilp\/wp-json\/wp\/v2\/types\/page"}],"author":[{"embeddable":true,"href":"https:\/\/sites.usp.br\/nehilp\/wp-json\/wp\/v2\/users\/21854"}],"replies":[{"embeddable":true,"href":"https:\/\/sites.usp.br\/nehilp\/wp-json\/wp\/v2\/comments?post=277"}],"version-history":[{"count":2,"href":"https:\/\/sites.usp.br\/nehilp\/wp-json\/wp\/v2\/pages\/277\/revisions"}],"predecessor-version":[{"id":324,"href":"https:\/\/sites.usp.br\/nehilp\/wp-json\/wp\/v2\/pages\/277\/revisions\/324"}],"wp:attachment":[{"href":"https:\/\/sites.usp.br\/nehilp\/wp-json\/wp\/v2\/media?parent=277"}],"curies":[{"name":"wp","href":"https:\/\/api.w.org\/{rel}","templated":true}]}}