{"id":289,"date":"2020-06-07T14:45:30","date_gmt":"2020-06-07T16:45:30","guid":{"rendered":"https:\/\/sites.usp.br\/nehilp\/?page_id=289"},"modified":"2020-08-14T00:24:31","modified_gmt":"2020-08-14T02:24:31","slug":"volumes","status":"publish","type":"page","link":"https:\/\/sites.usp.br\/nehilp\/volumes\/","title":{"rendered":"VOLUMES"},"content":{"rendered":"<h2>Arquivos do NEHiLP<br \/>\nISSN 2318-2032<\/h2>\n<p>&nbsp;<\/p>\n<h3>Edi\u00e7\u00f5es<\/h3>\n<div class=\"falsetable\">\n<div class=\"false-td-small\"><a class=\"wraplink\" title=\"Arquivos do NEHiLP Volume 19\" href=\"http:\/\/www.usp.br\/nehilp\/arquivosdonehilp\/NEHiLP_19.pdf\"><img decoding=\"async\" class=\"capa wider\" src=\"http:\/\/www.usp.br\/nehilp\/arquivosdonehilp\/Vol19.png\" alt=\"Arquivos do NEHiLP Volume 19\" \/><\/a><\/div>\n<div class=\"false-td-large\"><b>N\u00famero 19 (2019),<br \/>\nISBN 978-85-7506-370-5<br \/>\nDOI 10.11606\/9788575063705<\/b><\/p>\n<p>Papavero, Nelson.\u00a0<em>Os \u201cBrasis\u201d: suas l\u00ednguas e seus int\u00e9rpretes, em fontes portuguesas dos s\u00e9culos XVI, XVII e XVIII.<\/em>. S\u00e3o Paulo: NEHiLP\/FFLCH\/USP, 2019. 133 p.<\/p>\n<p>Dispon\u00edvel em:<br \/>\n<a class=\"wraplink\" title=\"Arquivos do NEHiLP Volume 19\" href=\"http:\/\/www.usp.br\/nehilp\/arquivosdonehilp\/NEHiLP_19.pdf\">http:\/\/www.usp.br\/nehilp\/arquivosdonehilp\/NEHiLP_19.pdf<\/a><\/p>\n<p><a class=\"wraplink\" title=\"Resumo da obra: Arquivos do NEHiLP Volume 19\" href=\"http:\/\/www.usp.br\/nehilp\/arquivosdonehilp\/Res_19.pdf\">[Resumo desta obra]<\/a><\/div>\n<div class=\"false-td-small\"><a class=\"wraplink\" title=\"Arquivos do NEHiLP Volume 18\" href=\"http:\/\/www.usp.br\/nehilp\/arquivosdonehilp\/NEHiLP_18.pdf\"><img decoding=\"async\" class=\"capa wider\" src=\"http:\/\/www.usp.br\/nehilp\/arquivosdonehilp\/Vol18.png\" alt=\"Arquivos do NEHiLP Volume 18\" \/><\/a><\/div>\n<div class=\"false-td-large\"><b>N\u00famero 18 (2019),<br \/>\nISBN 978-85-7506-369-9<br \/>\nDOI 10.11606\/9788575063699<\/b><\/p>\n<p>Leite, Lucimara.\u00a0<em>Edi\u00e7\u00e3o semidiplom\u00e1tica do livro \u201cO Espelho de Cristina\u201d.<\/em>. S\u00e3o Paulo: NEHiLP\/FFLCH\/USP, 2019. 216 p.<\/p>\n<p>Dispon\u00edvel em:<br \/>\n<a class=\"wraplink\" title=\"Arquivos do NEHiLP Volume 18\" href=\"http:\/\/www.usp.br\/nehilp\/arquivosdonehilp\/NEHiLP_18.pdf\">http:\/\/www.usp.br\/nehilp\/arquivosdonehilp\/NEHiLP_18.pdf<\/a><\/p>\n<p><a class=\"wraplink\" title=\"Resumo da obra: Arquivos do NEHiLP Volume 18\" href=\"http:\/\/www.usp.br\/nehilp\/arquivosdonehilp\/Res_18.pdf\">[Resumo desta obra]<\/a><\/div>\n<div class=\"false-td-small\"><a class=\"wraplink\" title=\"Arquivos do NEHiLP Volume 17\" href=\"http:\/\/www.livrosabertos.sibi.usp.br\/portaldelivrosUSP\/catalog\/view\/329\/290\/1221-1\"><img decoding=\"async\" class=\"capa wider\" src=\"http:\/\/www.usp.br\/nehilp\/arquivosdonehilp\/Vol17.png\" alt=\"Arquivos do NEHiLP Volume 17\" \/><\/a><\/div>\n<div class=\"false-td-large\"><b>N\u00famero 17 (2019),<br \/>\nISBN 978-85-7506-351-4<br \/>\nDOI 10.11606\/9788575063514<\/b><\/p>\n<p>Papavero, Nelson.\u00a0<em>Gent\u00edlicos derivados de \u201cBrasil\u201d e o \u201cPortugu\u00eas de torna-viagem\u201d em fontes portuguesas dos s\u00e9culos XVI, XVII e XVIII<\/em>. S\u00e3o Paulo: NEHiLP\/FFLCH\/USP, 2019. 77 p.<\/p>\n<p>Dispon\u00edvel em:<br \/>\n<a class=\"wraplink\" title=\"Arquivos do NEHiLP Volume 17\" href=\"http:\/\/www.livrosabertos.sibi.usp.br\/portaldelivrosUSP\/catalog\/view\/329\/290\/1221-1\">Portal de Livros Abertos da USP<\/a><\/p>\n<p><a class=\"wraplink\" title=\"Resumo da obra: Arquivos do NEHiLP Volume 17\" href=\"http:\/\/www.usp.br\/nehilp\/arquivosdonehilp\/Res_17.pdf\">[Resumo desta obra]<\/a><\/div>\n<div class=\"false-td-small\"><a class=\"wraplink\" title=\"Arquivos do NEHiLP Volume 16\" href=\"http:\/\/www.livrosabertos.sibi.usp.br\/portaldelivrosUSP\/catalog\/view\/328\/289\/1218-1\"><img decoding=\"async\" class=\"capa wider\" src=\"http:\/\/www.usp.br\/nehilp\/arquivosdonehilp\/Vol16.png\" alt=\"Arquivos do NEHiLP Volume 16\" \/><\/a><\/div>\n<div class=\"false-td-large\"><b>N\u00famero 16 (2019),<br \/>\nISBN 978-85-7506-347-7<br \/>\nDOI 10.11606\/9788575063477<\/b><\/p>\n<p>Papavero, Nelson.\u00a0<em>O Brasil, como nome do pa\u00eds, em textos portugueses quinhentistas e a primeira moeda com o nome \u201cBrasil\u201d<\/em>. S\u00e3o Paulo: NEHiLP\/FFLCH\/USP, 2019. 90 p.<\/p>\n<p>Dispon\u00edvel em:<br \/>\n<a class=\"wraplink\" title=\"Arquivos do NEHiLP Volume 16\" href=\"http:\/\/www.livrosabertos.sibi.usp.br\/portaldelivrosUSP\/catalog\/view\/328\/289\/1218-1\">Portal de Livros Abertos da USP<\/a><\/p>\n<p><a class=\"wraplink\" title=\"Resumo da obra: Arquivos do NEHiLP Volume 16\" href=\"http:\/\/www.usp.br\/nehilp\/arquivosdonehilp\/Res_16.pdf\">[Resumo desta obra]<\/a><\/div>\n<div class=\"false-td-small\"><a class=\"wraplink\" title=\"Arquivos do NEHiLP Volume 15\" href=\"http:\/\/www.livrosabertos.sibi.usp.br\/portaldelivrosUSP\/catalog\/view\/282\/249\/1097-1\"><img decoding=\"async\" class=\"capa wider\" src=\"http:\/\/www.usp.br\/nehilp\/arquivosdonehilp\/Vol15.png\" alt=\"Arquivos do NEHiLP Volume 15\" \/><\/a><\/div>\n<div class=\"false-td-large\"><b>N\u00famero 15 (2018),<br \/>\nISBN 978-85-7506-333-0<br \/>\nDOI 10.11606\/9788575063330<\/b><\/p>\n<p>Papavero, Nelson.\u00a0<em>Origem do nome \u201cAm\u00e9rica\u201d e o Brasil na cartografia quinhentista<\/em>. S\u00e3o Paulo: NEHiLP\/FFLCH\/USP, 2018. 218 p.<\/p>\n<p>Dispon\u00edvel em:<br \/>\n<a class=\"wraplink\" title=\"Arquivos do NEHiLP Volume 15\" href=\"http:\/\/www.livrosabertos.sibi.usp.br\/portaldelivrosUSP\/catalog\/view\/282\/249\/1097-1\">Portal de Livros Abertos da USP<\/a><\/p>\n<p><a class=\"wraplink\" title=\"Resumo da obra: Arquivos do NEHiLP Volume 15\" href=\"http:\/\/www.usp.br\/nehilp\/arquivosdonehilp\/Res_15.pdf\">[Resumo desta obra]<\/a><\/div>\n<div class=\"false-td-small\"><a class=\"wraplink\" title=\"Arquivos do NEHiLP Volume 14\" href=\"http:\/\/www.livrosabertos.sibi.usp.br\/portaldelivrosUSP\/catalog\/view\/188\/171\/808-1\"><img decoding=\"async\" class=\"capa wider\" src=\"http:\/\/www.usp.br\/nehilp\/arquivosdonehilp\/Vol14.png\" alt=\"Arquivos do NEHiLP Volume 14\" \/><\/a><\/div>\n<div class=\"false-td-large\"><b>N\u00famero 14 (2018),<br \/>\nISBN 978-85-7506-308-8<br \/>\nDOI 10.11606\/9788575063088<\/b><\/p>\n<p>Papavero, Nelson.\u00a0<em>Considera\u00e7\u00f5es sobre os felinos do Velho Mundo tratados como &#8216;on\u00e7as&#8217;: notas hist\u00f3ricas e etimol\u00f3gicas<\/em>. S\u00e3o Paulo: NEHiLP\/FFLCH\/USP, 2018. 467 p.<\/p>\n<p>Dispon\u00edvel em:<br \/>\n<a class=\"wraplink\" title=\"Arquivos do NEHiLP Volume 14\" href=\"http:\/\/www.livrosabertos.sibi.usp.br\/portaldelivrosUSP\/catalog\/view\/188\/171\/808-1\">Portal de Livros Abertos da USP<\/a><\/p>\n<p><a class=\"wraplink\" title=\"Resumo da obra: Arquivos do NEHiLP Volume 14\" href=\"http:\/\/www.usp.br\/nehilp\/arquivosdonehilp\/Res_14.pdf\">[Resumo desta obra]<\/a><\/div>\n<div class=\"false-td-small\"><a class=\"wraplink\" title=\"Arquivos do NEHiLP Volume 13\" href=\"http:\/\/www.livrosabertos.sibi.usp.br\/portaldelivrosUSP\/catalog\/view\/119\/101\/511-1\"><img decoding=\"async\" class=\"capa wider\" src=\"http:\/\/www.usp.br\/nehilp\/arquivosdonehilp\/Vol13.png\" alt=\"Arquivos do NEHiLP Volume 13\" \/><\/a><\/div>\n<div class=\"false-td-large\"><b>N\u00famero 13 (2016),<br \/>\nISBN 978-85-7506-285-2<br \/>\nDOI 10.11606\/9788575062852<\/b><\/p>\n<p>Negro, Helena de Oliveira Belleza.\u00a0<em>Documentos paulistas do s\u00e9culo XIX: a Administra\u00e7\u00e3o Geral dos Correios<\/em>. S\u00e3o Paulo: NEHiLP\/FFLCH\/USP, 2016. 97 p.<\/p>\n<p>Dispon\u00edvel em:<br \/>\n<a class=\"wraplink\" title=\"Arquivos do NEHiLP Volume 13\" href=\"http:\/\/www.livrosabertos.sibi.usp.br\/portaldelivrosUSP\/catalog\/view\/119\/101\/511-1\">Portal de Livros Abertos da USP<\/a><\/p>\n<p><a class=\"wraplink\" title=\"Resumo da obra: Arquivos do NEHiLP Volume 13\" href=\"http:\/\/www.usp.br\/nehilp\/arquivosdonehilp\/Res_13.pdf\">[Resumo desta obra]<\/a><\/div>\n<div class=\"false-td-small\"><a class=\"wraplink\" title=\"Arquivos do NEHiLP Volume 12\" href=\"http:\/\/www.livrosabertos.sibi.usp.br\/portaldelivrosUSP\/catalog\/view\/82\/69\/338-1\"><img decoding=\"async\" class=\"capa wider\" src=\"http:\/\/www.usp.br\/nehilp\/arquivosdonehilp\/Vol12.png\" alt=\"Arquivos do NEHiLP Volume 12\" \/><\/a><\/div>\n<div class=\"false-td-large\"><b>N\u00famero 12 (2016),<br \/>\nISBN 978-85-7506-287-0<br \/>\nDOI 10.11606\/9788575062870<\/b><\/p>\n<p>Papavero, Nelson.\u00a0<em>Men\u00e7\u00f5es ao &#8220;pau-brasil&#8221; do velho e novo mundos em fontes portuguesas dos s\u00e9culos XV, XVI e XVII\u00a0<\/em>. S\u00e3o Paulo: NEHiLP\/FFLCH\/USP, 2016. 96 p.<\/p>\n<p>Dispon\u00edvel em:<br \/>\n<a class=\"wraplink\" title=\"Arquivos do NEHiLP Volume 12\" href=\"http:\/\/www.livrosabertos.sibi.usp.br\/portaldelivrosUSP\/catalog\/view\/82\/69\/338-1\">Portal de Livros Abertos da USP<\/a><\/p>\n<p><a class=\"wraplink\" title=\"Resumo da obra: Arquivos do NEHiLP Volume 12\" href=\"http:\/\/www.usp.br\/nehilp\/arquivosdonehilp\/Res_12.pdf\">[Resumo desta obra]<\/a><\/div>\n<div class=\"false-td-small\"><a class=\"wraplink\" title=\"Arquivos do NEHiLP Volume 11\" href=\"http:\/\/www.livrosabertos.sibi.usp.br\/portaldelivrosUSP\/catalog\/view\/81\/68\/332-1\"><img decoding=\"async\" class=\"capa wider\" src=\"http:\/\/www.usp.br\/nehilp\/arquivosdonehilp\/Vol11.png\" alt=\"Arquivos do NEHiLP Volume 11\" \/><\/a><\/div>\n<div class=\"false-td-large\"><b>N\u00famero 11 (2015),<br \/>\nISBN 978-85-7506-266-1<br \/>\nDOI 10.11606\/9788575062661<\/b><\/p>\n<p>Papavero, Nelson; Chiquieri, Abner; Teixeira, Dante Martins.\u00a0<em>A viagem de Francisco Xavier Ribeiro de Sampaio na Capitania de S. Jos\u00e9 do Rio Negro (1774-1775) (MS do Arquivo Ultramarino de Lisboa)\u00a0<\/em>. S\u00e3o Paulo: NEHiLP\/FFLCH\/USP, 2015. 364 p.<\/p>\n<p>Dispon\u00edvel em:<br \/>\n<a class=\"wraplink\" title=\"Arquivos do NEHiLP Volume 11\" href=\"http:\/\/www.livrosabertos.sibi.usp.br\/portaldelivrosUSP\/catalog\/view\/81\/68\/332-1\">Portal de Livros Abertos da USP<\/a><\/p>\n<p><a class=\"wraplink\" title=\"Resumo da obra: Arquivos do NEHiLP Volume 11\" href=\"http:\/\/www.usp.br\/nehilp\/arquivosdonehilp\/Res_11.pdf\">[Resumo desta obra]<\/a><\/div>\n<div class=\"false-td-small\"><a class=\"wraplink\" title=\"Arquivos do NEHiLP Volume 10\" href=\"http:\/\/www.livrosabertos.sibi.usp.br\/portaldelivrosUSP\/catalog\/view\/25\/27\/109-2\"><img decoding=\"async\" class=\"capa wider\" src=\"http:\/\/www.usp.br\/nehilp\/arquivosdonehilp\/Vol10.png\" alt=\"Arquivos do NEHiLP Volume 10\" \/><\/a><\/div>\n<div class=\"false-td-large\"><b>N\u00famero 10 (2015),<br \/>\nISBN 978-85-7506-264-7<br \/>\nDOI 10.11606\/9788575062647<\/b><\/p>\n<p>Papavero, Nelson.\u00a0<em>Sobre os nomes populares dados aos felinos do g\u00eanero Leopardus (Mammalia, Carnivora, Felidae)\u00a0<\/em>. S\u00e3o Paulo: NEHiLP\/FFLCH\/USP, 2015. 73 p.<\/p>\n<p>Dispon\u00edvel em:<br \/>\n<a class=\"wraplink\" title=\"Arquivos do NEHiLP Volume 10\" href=\"http:\/\/www.livrosabertos.sibi.usp.br\/portaldelivrosUSP\/catalog\/view\/25\/27\/109-2\">Portal de Livros Abertos da USP<\/a><\/p>\n<p><a class=\"wraplink\" title=\"Resumo da obra: Arquivos do NEHiLP Volume 10\" href=\"http:\/\/www.usp.br\/nehilp\/arquivosdonehilp\/Res_10.pdf\">[Resumo desta obra]<\/a><\/div>\n<div class=\"false-td-small\"><a class=\"wraplink\" title=\"Arquivos do NEHiLP Volume 9\" href=\"http:\/\/www.livrosabertos.sibi.usp.br\/portaldelivrosUSP\/catalog\/view\/14\/10\/60-1\"><img decoding=\"async\" class=\"capa wider\" src=\"http:\/\/www.usp.br\/nehilp\/arquivosdonehilp\/Vol9.png\" alt=\"Arquivos do NEHiLP Volume 9\" \/><\/a><\/div>\n<div class=\"false-td-large\"><b>N\u00famero 9 (2015),<br \/>\nISBN 978-85-7506-255-5<br \/>\nDOI 10.11606\/9788575062555<\/b><\/p>\n<p>Duchowny, Al\u00e9xia T.\u00a0<em>et alii\u00a0<\/em>.\u00a0<em>Vocabul\u00e1rios de compromissos e estatuto adamantinos: Ordem Terceira de S\u00e3o Francisco (1778), Irmandade de Nossa Sra. do Amparo (1782), Irmandade do Sant\u00edssimo Sacramento (1785)<\/em>. S\u00e3o Paulo: NEHiLP\/FFLCH\/USP, 2015. 1216 p.<\/p>\n<p>Dispon\u00edvel em:<br \/>\n<a class=\"wraplink\" title=\"Arquivos do NEHiLP Volume 9\" href=\"http:\/\/www.livrosabertos.sibi.usp.br\/portaldelivrosUSP\/catalog\/view\/14\/10\/60-1\">Portal de Livros Abertos da USP<\/a><\/p>\n<p><a class=\"wraplink\" title=\"Resumo da obra: Arquivos do NEHiLP Volume 9\" href=\"http:\/\/www.usp.br\/nehilp\/arquivosdonehilp\/Res_9.pdf\">[Resumo desta obra]<\/a><\/div>\n<div class=\"false-td-small\"><a class=\"wraplink\" title=\"Arquivos do NEHiLP Volume 8\" href=\"http:\/\/www.livrosabertos.sibi.usp.br\/portaldelivrosUSP\/catalog\/view\/13\/9\/55-1\"><img decoding=\"async\" class=\"capa wider\" src=\"http:\/\/www.usp.br\/nehilp\/arquivosdonehilp\/Vol8.png\" alt=\"Arquivos do NEHiLP Volume 8\" \/><\/a><\/div>\n<div class=\"false-td-large\"><b>N\u00famero 8 (2015),<br \/>\nISBN 978-85-7506-248-7<br \/>\nDOI 10.11606\/9788575062487<\/b><\/p>\n<p>Fernandes, Nathalia R.\u00a0<em>Documenta\u00e7\u00e3o judicial: o depoimento\u00a0<\/em>. S\u00e3o Paulo: NEHiLP\/FFLCH\/USP, 2015. 151 p.<\/p>\n<p>Dispon\u00edvel em:<br \/>\n<a class=\"wraplink\" title=\"Arquivos do NEHiLP Volume 8\" href=\"http:\/\/www.livrosabertos.sibi.usp.br\/portaldelivrosUSP\/catalog\/view\/13\/9\/55-1\">Portal de Livros Abertos da USP<\/a><\/p>\n<p><a class=\"wraplink\" title=\"Resumo da obra: Arquivos do NEHiLP Volume 8\" href=\"http:\/\/www.usp.br\/nehilp\/arquivosdonehilp\/Res_8.pdf\">[Resumo desta obra]<\/a><\/div>\n<div class=\"false-td-small\"><a class=\"wraplink\" title=\"Arquivos do NEHiLP Volume 7\" href=\"http:\/\/www.livrosabertos.sibi.usp.br\/portaldelivrosUSP\/catalog\/view\/12\/8\/51-1\"><img decoding=\"async\" class=\"capa wider\" src=\"http:\/\/www.usp.br\/nehilp\/arquivosdonehilp\/Vol7.png\" alt=\"Arquivos do NEHiLP Volume 7\" \/><\/a><\/div>\n<div class=\"false-td-large\"><b>N\u00famero 7 (2014),<br \/>\nISBN 978-85-7506-246-3<br \/>\nDOI 10.11606\/9788575062463<\/b><\/p>\n<p>Sampaio, Lisana R. T.\u00a0<em>Edi\u00e7\u00f5es e estudo do Livro dos Usos da Ordem de Cister, de 1415\u00a0<\/em>. S\u00e3o Paulo: NEHiLP\/FFLCH\/USP, 2014. 362 p.<\/p>\n<p>Dispon\u00edvel em:<br \/>\n<a class=\"wraplink\" title=\"Arquivos do NEHiLP Volume 7\" href=\"http:\/\/www.livrosabertos.sibi.usp.br\/portaldelivrosUSP\/catalog\/view\/12\/8\/51-1\">Portal de Livros Abertos da USP<\/a><\/p>\n<p><a class=\"wraplink\" title=\"Resumo da obra: Arquivos do NEHiLP Volume 7\" href=\"http:\/\/www.usp.br\/nehilp\/arquivosdonehilp\/Res_7.pdf\">[Resumo desta obra]<\/a><\/div>\n<div class=\"false-td-small\"><a class=\"wraplink\" title=\"Arquivos do NEHiLP Volume 6\" href=\"http:\/\/www.livrosabertos.sibi.usp.br\/portaldelivrosUSP\/catalog\/view\/11\/7\/47-1\"><img decoding=\"async\" class=\"capa wider\" src=\"http:\/\/www.usp.br\/nehilp\/arquivosdonehilp\/Vol6.png\" alt=\"Arquivos do NEHiLP Volume 6\" \/><\/a><\/div>\n<div class=\"false-td-large\"><b>N\u00famero 6 (2014),<br \/>\nISBN 978-85-8489-000-2<br \/>\nDOI 10.11606\/9788584890002<\/b><\/p>\n<p>Papavero, Nelson; Viaro, M\u00e1rio Eduardo.\u00a0<em>O \u201czebro\u201d: considera\u00e7\u00f5es hist\u00f3ricas, sua identifica\u00e7\u00e3o e distribui\u00e7\u00e3o geogr\u00e1fica, origem da palavra \u201czebra\u201d e considera\u00e7\u00f5es sobre etimologia<\/em>. S\u00e3o Paulo: NEHiLP\/FFLCH\/USP, 2014. 198 p.<\/p>\n<p>Dispon\u00edvel em:<br \/>\n<a class=\"wraplink\" title=\"Arquivos do NEHiLP Volume 5\" href=\"http:\/\/www.livrosabertos.sibi.usp.br\/portaldelivrosUSP\/catalog\/view\/11\/7\/47-1\">Portal de Livros Abertos da USP<\/a><\/p>\n<p><a class=\"wraplink\" title=\"Resumo da obra: Arquivos do NEHiLP Volume 6\" href=\"http:\/\/www.usp.br\/nehilp\/arquivosdonehilp\/Res_6.pdf\">[Resumo desta obra]<\/a><\/div>\n<div class=\"false-td-small\"><a class=\"wraplink\" title=\"Arquivos do NEHiLP Volume 5\" href=\"http:\/\/www.livrosabertos.sibi.usp.br\/portaldelivrosUSP\/catalog\/view\/9\/6\/43-1\"><img decoding=\"async\" class=\"capa wider\" src=\"http:\/\/www.usp.br\/nehilp\/arquivosdonehilp\/Vol5.png\" alt=\"Arquivos do NEHiLP Volume 5\" \/><\/a><\/div>\n<div class=\"false-td-large\"><b>N\u00famero 5 (2014),<br \/>\nISBN 978-85-7506-233-3<br \/>\nDOI 10.11606\/9788575062333<\/b><\/p>\n<p>Duchowny, Al\u00e9xia Teles\u00a0<em>et alii\u00a0<\/em>.\u00a0<em>De Magia (Ms. Laud Or. 282. Bodleyan Library): edi\u00e7\u00e3o e gloss\u00e1rio.\u00a0<\/em>S\u00e3o Paulo: NEHiLP\/FFLCH\/USP, 2014. 447 p.<\/p>\n<p>Dispon\u00edvel em:<br \/>\n<a class=\"wraplink\" title=\"Arquivos do NEHiLP Volume 5\" href=\"http:\/\/www.livrosabertos.sibi.usp.br\/portaldelivrosUSP\/catalog\/view\/9\/6\/43-1\">Portal de Livros Abertos da USP<\/a><\/p>\n<p><a class=\"wraplink\" title=\"Resumo da obra: Arquivos do NEHiLP Volume 5\" href=\"http:\/\/www.usp.br\/nehilp\/arquivosdonehilp\/Res_5.pdf\">[Resumo desta obra]<\/a><\/div>\n<div class=\"false-td-small\"><a class=\"wraplink\" title=\"Arquivos do NEHiLP Volume 4\" href=\"http:\/\/www.livrosabertos.sibi.usp.br\/portaldelivrosUSP\/catalog\/view\/7\/5\/34-1\"><img decoding=\"async\" class=\"capa wider\" src=\"http:\/\/www.usp.br\/nehilp\/arquivosdonehilp\/Vol4.png\" alt=\"Arquivos do NEHiLP Volume 4\" \/><\/a><\/div>\n<div class=\"false-td-large\"><b>N\u00famero 4 (2014),<br \/>\nISBN 978-85-7506-234-0<br \/>\nDOI 10.11606\/9788575062340<\/b><\/p>\n<p>Papavero, Nelson; Claps, Luc\u00eda.\u00a0<em>Alguns dados hist\u00f3ricos sobre as cochonilhas de carmim (Hemiptera, Homoptera, Dactylopiidae): notas sobre etimologia, seu cultivo no Brasil do s\u00e9culo XVIII e na primeira metade do s\u00e9culo XIX.\u00a0<\/em>S\u00e3o Paulo: NEHiLP\/FFLCH\/USP, 2014. 126 p.<\/p>\n<p>Dispon\u00edvel em:<br \/>\n<a class=\"wraplink\" title=\"Arquivos do NEHiLP Volume 4\" href=\"http:\/\/www.livrosabertos.sibi.usp.br\/portaldelivrosUSP\/catalog\/view\/7\/5\/34-1\">Portal de Livros Abertos da USP<\/a><\/p>\n<p><a class=\"wraplink\" title=\"Resumo da obra: Arquivos do NEHiLP Volume 4\" href=\"http:\/\/www.usp.br\/nehilp\/arquivosdonehilp\/Res_4.pdf\">[Resumo desta obra]<\/a><\/div>\n<div class=\"false-td-small\"><a class=\"wraplink\" title=\"Arquivos do NEHiLP Volume 3\" href=\"http:\/\/www.livrosabertos.sibi.usp.br\/portaldelivrosUSP\/catalog\/view\/6\/4\/30-1\"><img decoding=\"async\" class=\"capa wider\" src=\"http:\/\/www.usp.br\/nehilp\/arquivosdonehilp\/Vol3.png\" alt=\"Arquivos do NEHiLP Volume 3\" \/><\/a><\/div>\n<div class=\"false-td-large\"><b>N\u00famero 3 (2014),<br \/>\nISBN 978-85-7506-230-2<br \/>\nDOI 10.11606\/9788575062302<\/b><\/p>\n<p>Papavero, Nelson; Teixeira, Dante Martins.\u00a0<em>Zoon\u00edmia tupi nos escritos quinhentistas europeus.\u00a0<\/em>S\u00e3o Paulo: NEHiLP\/FFLCH\/USP, 2014. 329 p.<\/p>\n<p>Dispon\u00edvel em:<br \/>\n<a class=\"wraplink\" title=\"Arquivos do NEHiLP Volume 3\" href=\"http:\/\/www.livrosabertos.sibi.usp.br\/portaldelivrosUSP\/catalog\/view\/6\/4\/30-1\">Portal de Livros Abertos da USP<\/a><\/p>\n<p><a class=\"wraplink\" title=\"Resumo da obra: Arquivos do NEHiLP Volume 3\" href=\"http:\/\/www.usp.br\/nehilp\/arquivosdonehilp\/Res_3.pdf\">[Resumo desta obra]<\/a><\/div>\n<div class=\"false-td-small\"><a class=\"wraplink\" title=\"Arquivos do NEHiLP Volume 2\" href=\"http:\/\/www.livrosabertos.sibi.usp.br\/portaldelivrosUSP\/catalog\/view\/8\/3\/25-1\"><img decoding=\"async\" class=\"capa wider\" src=\"http:\/\/www.usp.br\/nehilp\/arquivosdonehilp\/Vol2.png\" alt=\"Arquivos do NEHiLP Volume 2\" \/><\/a><\/div>\n<div class=\"false-td-large\"><b>N\u00famero 2 (2014),<br \/>\nISBN 978-85-7506-227-2<br \/>\nDOI 10.11606\/9788575062272<\/b><\/p>\n<p>Almeida, Argus Vasconcelos de; Papavero, Nelson; Teixeira, Dante Martins\u00a0<em>Animais enviados para Portugal, entre 1754 e 1805, pelos governadores da Capitania de Pernambuco.\u00a0<\/em>S\u00e3o Paulo: NEHiLP\/FFLCH\/USP, 2014. 72p.<\/p>\n<p>Dispon\u00edvel em:<br \/>\n<a class=\"wraplink\" title=\"Arquivos do NEHiLP Volume 2\" href=\"http:\/\/www.livrosabertos.sibi.usp.br\/portaldelivrosUSP\/catalog\/view\/8\/3\/25-1\">Portal de Livros Abertos da USP<\/a><\/p>\n<p><a class=\"wraplink\" title=\"Resumo da obra: Arquivos do NEHiLP Volume 2\" href=\"http:\/\/www.usp.br\/nehilp\/arquivosdonehilp\/Res_2.pdf\">[Resumo desta obra]<\/a><\/div>\n<div class=\"false-td-small\"><a class=\"wraplink\" title=\"Arquivos do NEHiLP Volume 1\" href=\"http:\/\/www.livrosabertos.sibi.usp.br\/portaldelivrosUSP\/catalog\/view\/4\/1\/10-1\"><img decoding=\"async\" class=\"capa wider\" src=\"http:\/\/www.usp.br\/nehilp\/arquivosdonehilp\/Vol1.png\" alt=\"Arquivos do NEHiLP Volume 1\" \/><\/a><\/div>\n<div class=\"false-td-large\"><b>N\u00famero 1 (2013),<br \/>\nISBN 978-85-7506-217-3<br \/>\nDOI 10.11606\/9788575062173<\/b><\/p>\n<p>Papavero, Nelson\u00a0<em>et alii. Fauna e flora do Brasil (especialmente de Mato-Grosso) segundo Joseph Barbosa de S\u00e1a\u00a0<\/em>(1769):\u00a0<em>Dialogos geograficos, coronologicos, polliticos, e naturais, escripos\u00a0<\/em>[sic]\u00a0<em>por Joseph Barbosa de S\u00e1a nesta Villa Reyal do Senhor Bom Jesus do Cuyaba &#8211; Manuscrito 235 da Biblioteca P\u00fablica do Porto.<\/em>\u00a0S\u00e3o Paulo: NEHiLP\/FFLCH\/USP, 2013. 203p.<\/p>\n<p>Dispon\u00edvel em:<br \/>\n<a class=\"wraplink\" title=\"Arquivos do NEHiLP Volume 1\" href=\"http:\/\/www.livrosabertos.sibi.usp.br\/portaldelivrosUSP\/catalog\/view\/4\/1\/10-1\">Portal de Livros Abertos da USP<\/a><\/p>\n<p><a class=\"wraplink\" title=\"Resumo da obra: Arquivos do NEHiLP Volume 1\" href=\"http:\/\/www.usp.br\/nehilp\/arquivosdonehilp\/Res_1.pdf\">[Resumo desta obra]<\/a><\/div>\n<\/div>\n","protected":false},"excerpt":{"rendered":"<p>Arquivos do NEHiLP ISSN 2318-2032 &nbsp; Edi\u00e7\u00f5es N\u00famero 19 (2019), ISBN 978-85-7506-370-5 DOI 10.11606\/9788575063705 Papavero, [&hellip;]<\/p>\n","protected":false},"author":21854,"featured_media":0,"parent":0,"menu_order":0,"comment_status":"closed","ping_status":"closed","template":"","meta":{"footnotes":"","_links_to":"","_links_to_target":""},"class_list":["post-289","page","type-page","status-publish","hentry"],"_links":{"self":[{"href":"https:\/\/sites.usp.br\/nehilp\/wp-json\/wp\/v2\/pages\/289","targetHints":{"allow":["GET"]}}],"collection":[{"href":"https:\/\/sites.usp.br\/nehilp\/wp-json\/wp\/v2\/pages"}],"about":[{"href":"https:\/\/sites.usp.br\/nehilp\/wp-json\/wp\/v2\/types\/page"}],"author":[{"embeddable":true,"href":"https:\/\/sites.usp.br\/nehilp\/wp-json\/wp\/v2\/users\/21854"}],"replies":[{"embeddable":true,"href":"https:\/\/sites.usp.br\/nehilp\/wp-json\/wp\/v2\/comments?post=289"}],"version-history":[{"count":2,"href":"https:\/\/sites.usp.br\/nehilp\/wp-json\/wp\/v2\/pages\/289\/revisions"}],"predecessor-version":[{"id":325,"href":"https:\/\/sites.usp.br\/nehilp\/wp-json\/wp\/v2\/pages\/289\/revisions\/325"}],"wp:attachment":[{"href":"https:\/\/sites.usp.br\/nehilp\/wp-json\/wp\/v2\/media?parent=289"}],"curies":[{"name":"wp","href":"https:\/\/api.w.org\/{rel}","templated":true}]}}