{"id":291,"date":"2020-06-07T14:45:30","date_gmt":"2020-06-07T16:45:30","guid":{"rendered":"https:\/\/sites.usp.br\/nehilp\/?page_id=291"},"modified":"2020-08-14T00:33:49","modified_gmt":"2020-08-14T02:33:49","slug":"normas","status":"publish","type":"page","link":"https:\/\/sites.usp.br\/nehilp\/normas\/","title":{"rendered":"NORMAS"},"content":{"rendered":"<h2>Arquivos do NEHiLP<br \/>\nISSN 2318-2032<\/h2>\n<p>&nbsp;<\/p>\n<h3>NORMAS DE PUBLICA\u00c7\u00c3O<\/h3>\n<p>A s\u00e9rie bibliogr\u00e1fica Arquivos do NEHiLP recebe trabalhos de edi\u00e7\u00e3o de textos (originais ou h\u00e1 muito tempo n\u00e3o-reeditados), que s\u00e3o relevantes para o trabalho de retrodata\u00e7\u00e3o dos termini a quo do l\u00e9xico portugu\u00eas, assim como para a elabora\u00e7\u00e3o de etimologias de palavras da l\u00edngua portuguesa. Tamb\u00e9m inclui estudos pautados em listas de variantes especiais da l\u00edngua portuguesa ou importantes para sua reconstru\u00e7\u00e3o, tanto de l\u00ednguas de origem comum ao portugu\u00eas (galego, leon\u00eas, mirand\u00eas, asturiano), quanto de l\u00ednguas derivadas com forte substrato ou superstrato portugu\u00eas (papiamento e diversos falares crioulos atuais e extintos). Tradu\u00e7\u00f5es de textos que tratam dos mesmos temas tamb\u00e9m s\u00e3o bem-vindos.<\/p>\n<p>Para submeter seu trabalho, enviar a arquivosdonehilp@usp.br. Podem ser escritos em portugu\u00eas, galego, espanhol ou ingl\u00eas (os textos editados, por\u00e9m, podem estar em qualquer idioma). Ao todo, o trabalho deve ter no m\u00ednimo 70 p\u00e1ginas, incluindo refer\u00eancias, anexos ou ap\u00eandices.<\/p>\n<h3>APRESENTA\u00c7\u00c3O<\/h3>\n<p>Os originais encaminhados aos Arquivos do NEHiLP devem ser apresentados em editor de texto Word, fonte Times New Roman, corpo 12, entrelinhas de 1,5, margens de 3 cm e em formato A4, par\u00e1grafo justificado com recuo de 1,5 e entrelinha 1,5.<\/p>\n<p>O arquivo n\u00e3o deve ter marcas de formata\u00e7\u00e3o (estilo, tabula\u00e7\u00f5es) nem numera\u00e7\u00e3o de p\u00e1ginas.<\/p>\n<p>&nbsp;<\/p>\n<h3>ESTRUTURA<\/h3>\n<p><strong>P\u00e1gina inicial:\u00a0<\/strong>centralizada, com autor(es) na primeira linha, em Times New Roman 12 e em mai\u00fasculas. O t\u00edtulo deve estar no meio da p\u00e1gina, em Times New Roman, tamanho 18, tamb\u00e9m em mai\u00fasculas.\u00a0O cr\u00e9dito dos autores deve conter titula\u00e7\u00e3o, filia\u00e7\u00e3o institucional e endere\u00e7o eletr\u00f4nico.<\/p>\n<p><strong>A p\u00e1gina seguinte\u00a0<\/strong>deve ter o mesmo formato, mas abaixo do nome do(s) autor(es) deve vir a sua filia\u00e7\u00e3o acad\u00eamica, em Times New Roman, tamanho 10.<\/p>\n<p>A seguir, dever\u00e3o vir\u00a0<strong>resumo<\/strong>\u00a0em portugu\u00eas (at\u00e9 120 palavras, em it\u00e1lico, tamanho 10, no m\u00e1ximo 15 linhas) e tr\u00eas\u00a0<strong>palavras-chaves<\/strong>, seguido da sua tradu\u00e7\u00e3o em ingl\u00eas (abstract e key words).<\/p>\n<p>Segue-se o\u00a0<strong>sum\u00e1rio<\/strong>\u00a0(com o t\u00edtulo centralizado \u201cSum\u00e1rio\u201d) e o\u00a0<strong>texto<\/strong>, em Times New Roman 12 (adentramento de 1,0 cm em cada par\u00e1grafo), espa\u00e7o 1,5. Cap\u00edtulos e subcap\u00edtulos em negrito. Ilustra\u00e7\u00f5es e figuras devem ter legenda em Times Roman 10 (idem, as notas de rodap\u00e9).<\/p>\n<p>Cita\u00e7\u00f5es com at\u00e9 tr\u00eas linhas devem constar no corpo do texto, entre aspas duplas. As aspas simples ser\u00e3o usadas para indicar cita\u00e7\u00e3o no interior da cita\u00e7\u00e3o. A partir de quatro linhas, devem ser colocadas em destaque, sem aspas, com corpo de fonte 10, espa\u00e7o simples e margens recuadas em quatro cent\u00edmetros \u00e0 esquerda. Destaques em cita\u00e7\u00f5es devem ser feitos em it\u00e1lico e, ap\u00f3s o n\u00famero de p\u00e1gina da refer\u00eancia, deve-se usar a express\u00e3o [grifo nosso] entre colchetes.<\/p>\n<p>Tabelas, mapas, gr\u00e1ficos e outras imagens e informa\u00e7\u00f5es n\u00e3o textuais devem ser inseridos no texto e estar indicados com fonte tamanho 10. N\u00e3o usar nenhuma formata\u00e7\u00e3o do word, como quebra de se\u00e7\u00f5es, n\u00famero de p\u00e1ginas, inser\u00e7\u00e3o autom\u00e1tica de cap\u00edtulos etc. As imagens, como fotos e ilustra\u00e7\u00f5es, dentre outras, devem ser acompanhadas de autoriza\u00e7\u00e3o para publica\u00e7\u00e3o, de seus respectivos autores.<\/p>\n<p>Autores devem ser citados entre par\u00eanteses somente pelo sobrenome, separado por v\u00edrgula da data de publica\u00e7\u00e3o (LIMA, 1999). As cita\u00e7\u00f5es de obras de um mesmo autor, publicadas no mesmo ano, devem vir discriminadas por letras min\u00fasculas ap\u00f3s a data, sem espa\u00e7o: (LIMA, 2002a, 2002b). Obras com at\u00e9 tr\u00eas autores, todos devem ter seus sobrenomes indicados, separados por ponto-e-v\u00edrgula (LIMA; SOUZA; SILVA, 2003). Se houver mais de tr\u00eas, indica-se o primeiro sobrenome, seguido de et. al. (LIMA et al., 1985). Em cita\u00e7\u00f5es diretas, a(s) p\u00e1gina(s) dever\u00e1(\u00e3o) seguir a data, ap\u00f3s dois pontos: (LIMA, 2006: 102). Se o trecho corresponder a um intervalo de p\u00e1ginas, separa-se a inicial da final com h\u00edfen: (LIMA, 2006: 102-110).<\/p>\n<p>Refer\u00eancias bibliogr\u00e1ficas devem obedecer aos crit\u00e9rios estabelecidos pela NBR 10520 e pela NBR 6023, da ABNT, de agosto de 2002. Por fim, as refer\u00eancias bibliogr\u00e1ficas (com o t\u00edtulo \u201cRefer\u00eancias\u201d) em Times New Roman 10, com adentramento da segunda linha e seguintes em 1,0 cm, de acordo com as normas da ABNT.<\/p>\n<p>Nome de organiza\u00e7\u00f5es e entidades deve ser apresentado por completo, seguido por sua sigla na primeira inser\u00e7\u00e3o no texto. No restante, utilizar apenas a sigla anteriormente empregada [ex: Organiza\u00e7\u00e3o das Na\u00e7\u00f5es Unidas (ONU)].<\/p>\n<p>Anexos dever\u00e3o vir ap\u00f3s as refer\u00eancias bibliogr\u00e1ficas, em Times New Roman 12.<\/p>\n","protected":false},"excerpt":{"rendered":"<p>Arquivos do NEHiLP ISSN 2318-2032 &nbsp; NORMAS DE PUBLICA\u00c7\u00c3O A s\u00e9rie bibliogr\u00e1fica Arquivos do NEHiLP [&hellip;]<\/p>\n","protected":false},"author":21854,"featured_media":0,"parent":0,"menu_order":0,"comment_status":"closed","ping_status":"closed","template":"","meta":{"footnotes":"","_links_to":"","_links_to_target":""},"class_list":["post-291","page","type-page","status-publish","hentry"],"_links":{"self":[{"href":"https:\/\/sites.usp.br\/nehilp\/wp-json\/wp\/v2\/pages\/291","targetHints":{"allow":["GET"]}}],"collection":[{"href":"https:\/\/sites.usp.br\/nehilp\/wp-json\/wp\/v2\/pages"}],"about":[{"href":"https:\/\/sites.usp.br\/nehilp\/wp-json\/wp\/v2\/types\/page"}],"author":[{"embeddable":true,"href":"https:\/\/sites.usp.br\/nehilp\/wp-json\/wp\/v2\/users\/21854"}],"replies":[{"embeddable":true,"href":"https:\/\/sites.usp.br\/nehilp\/wp-json\/wp\/v2\/comments?post=291"}],"version-history":[{"count":2,"href":"https:\/\/sites.usp.br\/nehilp\/wp-json\/wp\/v2\/pages\/291\/revisions"}],"predecessor-version":[{"id":333,"href":"https:\/\/sites.usp.br\/nehilp\/wp-json\/wp\/v2\/pages\/291\/revisions\/333"}],"wp:attachment":[{"href":"https:\/\/sites.usp.br\/nehilp\/wp-json\/wp\/v2\/media?parent=291"}],"curies":[{"name":"wp","href":"https:\/\/api.w.org\/{rel}","templated":true}]}}