{"id":64,"date":"2014-02-12T11:28:54","date_gmt":"2014-02-12T13:28:54","guid":{"rendered":"http:\/\/sites.usp.br\/nehilp\/?page_id=64"},"modified":"2020-08-14T00:30:41","modified_gmt":"2020-08-14T02:30:41","slug":"projetos","status":"publish","type":"page","link":"https:\/\/sites.usp.br\/nehilp\/projetos\/","title":{"rendered":"Projetos"},"content":{"rendered":"<h1>Grupos de Pesquisa<br \/>\nParceiros do NEHiLP<\/h1>\n<p>&nbsp;<\/p>\n<hr \/>\n<h4><a href=\"http:\/\/www.usp.br\/gmhp\">Grupo de pesquisa: \u201cMorfologia Hist\u00f3rica do Portugu\u00eas (GMHP)\u201d<\/a><\/h4>\n<h5>L\u00edder: Prof. Dr. M\u00e1rio Eduardo Viaro (DLCV\/FFLCH-USP)<\/h5>\n<hr \/>\n<h4><a href=\"http:\/\/www.assis.unesp.br\/#!\/departamentos\/linguistica\/gpebc\/\">Grupo de pesquisa \u201cA escrita no Brasil colonial e suas rela\u00e7\u00f5es\u201d<\/a><\/h4>\n<h5>L\u00edder: Prof. Dr. Carlos Eduardo Mendes de Moraes (Departamento de Lingu\u00edstica\/UNESP-FCL Assis)<\/h5>\n<hr \/>\n<h4><a href=\"http:\/\/www.ime.usp.br\/~gubi\/gdpc\">Grupo de Desenvolvimento de Algoritmos e Sistemas<\/a><\/h4>\n<h5>L\u00edder: Prof. Dr. Marco Dimas Gubitoso (CCSL\/IME-USP)<\/h5>\n<hr \/>\n<h4><a href=\"http:\/\/etep.fflch.usp.br\/\">Grupo de pesquisa \u2018Edi\u00e7\u00e3o de textos em portugu\u00eas\u2019<\/a><\/h4>\n<h5>L\u00edder: Prof. Dr. S\u00edlvio de Almeida Toledo Neto (DLCV\/FFLCH-USP)<\/h5>\n<hr \/>\n<h4>Grupo de pesquisa: \u00a0&#8220;Hist\u00f3ria e etimologia do vocabul\u00e1rio cient\u00edfico em L\u00edngua Portuguesa&#8221;<\/h4>\n<h5>L\u00edder: Prof. Dr. Bruno Oliveira Maroneze (UFGD)<\/h5>\n<hr \/>\n<h4><a href=\"http:\/\/dgp.cnpq.br\/dgp\/espelhogrupo\/0052770941054327\">Grupo de Pesquisa \u1e4a\u00eamesis<\/a><\/h4>\n<h5>L\u00edder: Prof. Dr. Am\u00e9rico Ven\u00e2ncio Lopes Machado Filho (Departamento de Letras Vern\u00e1culas\/Instituto de Letras-UFBA)<\/h5>\n<hr \/>\n<h4><a href=\"https:\/\/humanidadesdigitais.org\/\">Grupo de Pesquisas \u201cHumanidades Digitais\u201d<\/a><\/h4>\n<h5>L\u00edder: Profa. Dra. Maria Clara Paix\u00e3o de Sousa (DLCV\/FFLCH-USP)<\/h5>\n<hr \/>\n<hr \/>\n<h4>Grupo de pesquisa Hist\u00f3ria e etimologia do vocabul\u00e1rio cient\u00edfico em L\u00edngua Portuguesa<\/h4>\n<h5>L\u00edder: Prof. Dr. Bruno Oliveira Maroneze (UFGD)<\/h5>\n<hr \/>\n<hr \/>\n<h4>Grupo de estudo Vocabul\u00e1rio de Termos Liter\u00e1rios em L\u00edngua Portuguesa<\/h4>\n<h5>L\u00edder: Profa. Dra. Sandra A. Ferreira (Departamento de Literatura\/UNESP-FCL Assis)<\/h5>\n<hr \/>\n<hr \/>\n<h4>Grupo de Estudos de L\u00ednguas Indo-Europeias Antigas &#8211; GELIEA<\/h4>\n<h5>L\u00edder: Prof. Dr. Jos\u00e9 Marcos Mariani Macedo (DLCV\/FFLCH-USP)<\/h5>\n","protected":false},"excerpt":{"rendered":"<p>Grupos de Pesquisa Parceiros do NEHiLP &nbsp; Grupo de pesquisa: \u201cMorfologia Hist\u00f3rica do Portugu\u00eas (GMHP)\u201d [&hellip;]<\/p>\n","protected":false},"author":1,"featured_media":0,"parent":0,"menu_order":0,"comment_status":"closed","ping_status":"closed","template":"","meta":{"footnotes":"","_links_to":"","_links_to_target":""},"class_list":["post-64","page","type-page","status-publish","hentry"],"_links":{"self":[{"href":"https:\/\/sites.usp.br\/nehilp\/wp-json\/wp\/v2\/pages\/64","targetHints":{"allow":["GET"]}}],"collection":[{"href":"https:\/\/sites.usp.br\/nehilp\/wp-json\/wp\/v2\/pages"}],"about":[{"href":"https:\/\/sites.usp.br\/nehilp\/wp-json\/wp\/v2\/types\/page"}],"author":[{"embeddable":true,"href":"https:\/\/sites.usp.br\/nehilp\/wp-json\/wp\/v2\/users\/1"}],"replies":[{"embeddable":true,"href":"https:\/\/sites.usp.br\/nehilp\/wp-json\/wp\/v2\/comments?post=64"}],"version-history":[{"count":4,"href":"https:\/\/sites.usp.br\/nehilp\/wp-json\/wp\/v2\/pages\/64\/revisions"}],"predecessor-version":[{"id":332,"href":"https:\/\/sites.usp.br\/nehilp\/wp-json\/wp\/v2\/pages\/64\/revisions\/332"}],"wp:attachment":[{"href":"https:\/\/sites.usp.br\/nehilp\/wp-json\/wp\/v2\/media?parent=64"}],"curies":[{"name":"wp","href":"https:\/\/api.w.org\/{rel}","templated":true}]}}