{"id":68,"date":"2014-02-12T11:30:24","date_gmt":"2014-02-12T13:30:24","guid":{"rendered":"http:\/\/sites.usp.br\/nehilp\/?page_id=68"},"modified":"2020-07-13T00:31:43","modified_gmt":"2020-07-13T02:31:43","slug":"pagina-1-1","status":"publish","type":"page","link":"https:\/\/sites.usp.br\/nehilp\/pagina-1-1\/","title":{"rendered":"Descri\u00e7\u00e3o"},"content":{"rendered":"<h3>Descri\u00e7\u00e3o e objetivos gerais<\/h3>\n<p>O\u00a0<em>N\u00facleo de Apoio \u00e0 Pesquisa em Etimologia e Hist\u00f3ria da L\u00edngua Portuguesa,<\/em>\u00a0<strong>NEHiLP<\/strong>, visa promover e divulgar pesquisas acad\u00eamicas brasileiras sobre Lingu\u00edstica Hist\u00f3rica, Filologia e Etimologia.\u00a0Para isso, estamos dedicados\u00a0\u00e0 pesquisa em documentos antigos e atuais, com vistas \u00e0 organiza\u00e7\u00e3o da informa\u00e7\u00e3o lingu\u00edstica e \u00e0 gera\u00e7\u00e3o de dados de qualidade para a consulta tanto de especialistas em lingu\u00edstica como de outros setores da sociedade que se interessem pela etimologia e hist\u00f3ria da l\u00edngua portuguesa &#8211;\u00a0inclu\u00edndo-se a\u00ed\u00a0cientistas das mais variadas \u00e1reas, educadores, jornalistas, e o p\u00fablico mais amplo.<\/p>\n<h3>Frentes de pesquisa<\/h3>\n<p>O NEHiLP est\u00e1 concebido como uma inst\u00e2ncia interdisciplinar, e congrega hoje pesquisadores\u00a0dedicados\u00a0\u00e0 pesquisa e prepara\u00e7\u00e3o de fontes documentais (especialistas em hist\u00f3ria e filologia), pesquisadores dedicados\u00a0ao estudo das estruturas lingu\u00edsticas (especialistas em diferentes \u00e1reas da lingu\u00edstica, como a morfologia e a lexicologia) e pesquisadores dedicados \u00e0 concep\u00e7\u00e3o e ao desenvolvimento de processos para a organiza\u00e7\u00e3o e o acesso aos dados (especialistas em computa\u00e7\u00e3o e organiza\u00e7\u00e3o da informa\u00e7\u00e3o).\u00a0Este conjunto interdisciplinar de\u00a0colaboradores\u00a0compartilha os m\u00e9todos\u00a0e objetivos amplos do n\u00facleo, e organiza-se em diferentes frentes de pesquisa segundo suas especialidades, metas e formas de trabalho pr\u00f3prias\u00a0(veja\u00a0<a href=\"https:\/\/nehilp.prp.usp.br\/~nehilp\/conteudo\/pesquisadores.php\">aqui<\/a>\u00a0a lista completa dos pesquisadores).<\/p>\n<h3>Objetivos espec\u00edficos<\/h3>\n<ol>\n<li>Revis\u00e3o das data\u00e7\u00f5es mais antigas (<em>termini a quo<\/em>) dos verbetes dispon\u00edveis nos dicion\u00e1rios etimol\u00f3gicos do portugu\u00eas (Jos\u00e9 Pedro Machado, Ant\u00f4nio Geraldo Cunha e Houaiss &amp; Villar), a fim de se atingir um grau de qualidade compar\u00e1vel \u00e0s de outras l\u00ednguas europeias (vide Projetos Retrodata\u00e7\u00e3o e DELPo);<\/li>\n<li>Inser\u00e7\u00e3o de novos verbetes, a partir da produ\u00e7\u00e3o neol\u00f3gica da l\u00edngua portuguesa com sua data\u00e7\u00e3o correspondente;<\/li>\n<li>Data\u00e7\u00f5es para acep\u00e7\u00f5es distintas do significado original dos mesmos verbetes;<\/li>\n<li>Coleta de abona\u00e7\u00f5es comprovat\u00f3rias para cada verbete (sentido principal e acep\u00e7\u00f5es secund\u00e1rias);<\/li>\n<li>Formula\u00e7\u00e3o e avalia\u00e7\u00e3o dos \u00e9timos, da sua trajet\u00f3ria entre sua origem \u00e0 sua introdu\u00e7\u00e3o na l\u00edngua portuguesa;<\/li>\n<li>Investiga\u00e7\u00e3o mais detalhada com respeito \u00e0s inova\u00e7\u00f5es do s\u00e9culo XX, que disp\u00f5em de data\u00e7\u00e3o muito falha, apesar de haver muita documenta\u00e7\u00e3o dispon\u00edvel;<\/li>\n<li>Desenvolvimento de teorias que permitam maior intera\u00e7\u00e3o entre diversas \u00e1reas de conhecimento que lidem com quest\u00f5es como: sincronias pret\u00e9ritas, transmiss\u00e3o vocabular, estrangeirismo, neologia, g\u00edria, arca\u00edsmos, regionalismos e diversos outros aspectos que envolvam a Lexicologia, a Filologia, a Sociolingu\u00edstica e a Lingu\u00edstica Geral;<\/li>\n<li>Cursos de Etimologia abertos \u00e0 comunidade;<\/li>\n<li>Publica\u00e7\u00f5es espec\u00edficas sobre Etimologia e Hist\u00f3ria da L\u00edngua Portuguesa (vide Publica\u00e7\u00f5es);<\/li>\n<li>Participa\u00e7\u00e3o mais ativa da Universidade em debates e posicionamentos promovidos pela m\u00eddia, com a finalidade de apresentar ao p\u00fablico, de maneira cient\u00edfica e equilibrada, quest\u00f5es de Etimologia, Hist\u00f3ria e Normatiza\u00e7\u00e3o da l\u00edngua portuguesa.<\/li>\n<\/ol>\n","protected":false},"excerpt":{"rendered":"<p>Descri\u00e7\u00e3o e objetivos gerais O\u00a0N\u00facleo de Apoio \u00e0 Pesquisa em Etimologia e Hist\u00f3ria da L\u00edngua [&hellip;]<\/p>\n","protected":false},"author":1,"featured_media":0,"parent":0,"menu_order":0,"comment_status":"closed","ping_status":"closed","template":"","meta":{"footnotes":"","_links_to":"","_links_to_target":""},"class_list":["post-68","page","type-page","status-publish","hentry"],"_links":{"self":[{"href":"https:\/\/sites.usp.br\/nehilp\/wp-json\/wp\/v2\/pages\/68","targetHints":{"allow":["GET"]}}],"collection":[{"href":"https:\/\/sites.usp.br\/nehilp\/wp-json\/wp\/v2\/pages"}],"about":[{"href":"https:\/\/sites.usp.br\/nehilp\/wp-json\/wp\/v2\/types\/page"}],"author":[{"embeddable":true,"href":"https:\/\/sites.usp.br\/nehilp\/wp-json\/wp\/v2\/users\/1"}],"replies":[{"embeddable":true,"href":"https:\/\/sites.usp.br\/nehilp\/wp-json\/wp\/v2\/comments?post=68"}],"version-history":[{"count":3,"href":"https:\/\/sites.usp.br\/nehilp\/wp-json\/wp\/v2\/pages\/68\/revisions"}],"predecessor-version":[{"id":315,"href":"https:\/\/sites.usp.br\/nehilp\/wp-json\/wp\/v2\/pages\/68\/revisions\/315"}],"wp:attachment":[{"href":"https:\/\/sites.usp.br\/nehilp\/wp-json\/wp\/v2\/media?parent=68"}],"curies":[{"name":"wp","href":"https:\/\/api.w.org\/{rel}","templated":true}]}}