{"id":121,"date":"2020-11-28T20:43:29","date_gmt":"2020-11-28T22:43:29","guid":{"rendered":"http:\/\/sites.usp.br\/nellpe\/?page_id=121"},"modified":"2025-03-27T19:25:26","modified_gmt":"2025-03-27T21:25:26","slug":"membros","status":"publish","type":"page","link":"https:\/\/sites.usp.br\/nellpe\/membros\/","title":{"rendered":"Membros"},"content":{"rendered":"<h4><b>Coordena\u00e7\u00e3o<\/b><\/h4>\n<p><b>Lilian Jacoto<\/b><b><br \/>\n<\/b><span style=\"font-weight: 400;\">Gradua\u00e7\u00e3o (1988), mestrado (1996) e doutorado (2002) em Letras pela Universidade de S\u00e3o Paulo, onde leciona desde 1998 nos n\u00edveis de gradua\u00e7\u00e3o e p\u00f3s na \u00e1rea de Literatura Portuguesa. P\u00f3s-doutorado em Estudos Rom\u00e2nicos na Faculdade de Letras da Universidade de Lisboa (2016) \u2013 bolsista FAPESP. Pesquisa voltada para a Literatura Portuguesa moderna e contempor\u00e2nea e suas rela\u00e7\u00f5es com a \u00c9tica. Coordenadora do Laborat\u00f3rio de Estudos de Literatura e \u00c9tica na Modernidade (LEPEM), na Universidade de S\u00e3o Paulo. Suas publica\u00e7\u00f5es mais recentes, no \u00e2mbito do projeto axial do NELLPE \u2013\u00a0 Literatura e \u00c9tica \u2013 \u00e9 \u201cLi\u00e7\u00f5es de escrita\u201d, no livro de sua organiza\u00e7\u00e3o <\/span><i><span style=\"font-weight: 400;\">Um Senhor Tavares: ensaios e erros <\/span><\/i><span style=\"font-weight: 400;\">( 2020), \u201cPara ler o s\u00e9culo de Gon\u00e7alo M. Tavares\u201d, na Revista Col\u00f3quio -Letras, vol. 203 (2020) e o artigo \u201cComo a estrada come\u00e7a\u201d, Revista ABRIL, v.15, 2023. (<\/span><a href=\"http:\/\/lattes.cnpq.br\/2836610461089202\"><span style=\"font-weight: 400;\">http:\/\/lattes.cnpq.br\/2836610461089202<\/span><\/a><span style=\"font-weight: 400;\">)<\/span><\/p>\n<p><span style=\"font-weight: 400;\">\u00a0<\/span><\/p>\n<h4><b>Pesquisadores\u00a0<\/b><\/h4>\n<p><b>Doutores<\/b><\/p>\n<p><b>Maria Catarina Rabelo Bozio<\/b><b><br \/>\n<\/b><span style=\"font-weight: 400;\">Doutora em Letras pela Universidade de S\u00e3o Paulo (USP), bacharela em Estudos Liter\u00e1rios pela Universidade Estadual de Campinas (2012) e mestre em Teoria e Hist\u00f3ria Liter\u00e1ria pelo Instituto de Estudos da Linguagem da Universidade Estadual de Campinas (2016). Desenvolveu pesquisa em Teoria Liter\u00e1ria e Fotografia com bolsa de Inicia\u00e7\u00e3o Cient\u00edfica concedida pela Funda\u00e7\u00e3o de Amparo \u00e0 Pesquisa do Estado de S\u00e3o Paulo (FAPESP) e com financiamento da Coordena\u00e7\u00e3o de Aperfei\u00e7oamento de Pessoal de N\u00edvel Superior (CAPES) durante o Mestrado. Atuou como Coordenadora e Professora de Reda\u00e7\u00e3o e Coordenadora Pedag\u00f3gica do Ensino M\u00e9dio no Poliedro Col\u00e9gio de S\u00e3o Jos\u00e9 dos Campos. (<\/span><a href=\"http:\/\/lattes.cnpq.br\/9693364451052436\"><span style=\"font-weight: 400;\">http:\/\/lattes.cnpq.br\/9693364451052436<\/span><\/a><span style=\"font-weight: 400;\">)<\/span><\/p>\n<p><b>Cibele Lopresti Costa<\/b><span style=\"font-weight: 400;\">\u00a0<\/span><\/p>\n<p><span style=\"font-weight: 400;\">Doutora em Literatura Portuguesa pela Universidade de S\u00e3o Paulo com a tese &#8220;A par\u00e1bola do homem estagnado em Nenhum olhar, de Jos\u00e9 Lu\u00eds Peixoto\u201d (2016). Mestre em Literatura e Cr\u00edtica Liter\u00e1ria pela Pontif\u00edcia Universidade de S\u00e3o Paulo &#8211; PUC\/SP &#8211; 2004. Graduada em L\u00edngua e Literatura Portuguesas pela Pontif\u00edcia Universidade Cat\u00f3lica de S\u00e3o Paulo &#8211; PUC\/SP &#8211; 1987. Professora em cursos de P\u00f3s-Gradua\u00e7\u00e3o, em cursos e oficinas para a forma\u00e7\u00e3o de professores. Autora de livros did\u00e1ticos para o ensino fundamental e m\u00e9dio. Mediadora em clubes de leitura. Atua na \u00e1rea de Letras, com \u00eanfase em Literatura Brasileira e Portuguesa, Forma\u00e7\u00e3o de Professoras, Produ\u00e7\u00e3o de material did\u00e1tico. Foi coautora, junto com Greta Marchetti, do volume 6 da cole\u00e7\u00e3o Gera\u00e7\u00e3o Alpha L\u00edngua Portuguesa, e da obra Segue a trilha EJA: Pr\u00e1ticas de Leitura e Escrita, destinada a alunos e professores da Educa\u00e7\u00e3o de Jovens e Adultos. Ambas as obras foram aprovadas no Programa Nacional do Livro Did\u00e1tico (PNLD). (<\/span><span style=\"font-weight: 400;\">http:\/\/lattes.cnpq.br\/5243448514327721<\/span><span style=\"font-weight: 400;\">)<\/span><\/p>\n<p><b>Roberta Almeida Prado de Figueiredo Ferraz<\/b><b><br \/>\n<\/b><span style=\"font-weight: 400;\">Graduada em Letras\/ Portugu\u00eas pela Pontif\u00edcia Universidade Cat\u00f3lica de S\u00e3o Paulo ( 2004) e Hist\u00f3ria pela Universidade de S\u00e3o Paulo ( 2007). \u00c9 mestre em Literatura Portuguesa, pela USP\/SP, tendo defendido a disserta\u00e7\u00e3o \u201cEntre Douro-e-Mundo: mito e literatura na revista Nova Renascen\u00e7a\u201d (2008) e doutora em Literatura Portuguesa, com tese defendida sobre Teixeira de Pascoaes: \u201cTeixeira de Pascoaes revisitado, um ensaio sobre literatura e aus\u00eancia\u201d (USP\/2016), sob a orienta\u00e7\u00e3o da Profa. Dra. Lilian Jacoto. Integra, desde 2017, o grupo de estudos NELLPE\/USP (N\u00facleo de Estudos das Literaturas de L\u00edngua Portuguesa e \u00c9tica) e tamb\u00e9m o laborat\u00f3rio LEPEM\/USP (Laborat\u00f3rio de Estudos de Po\u00e9ticas e \u00c9tica na Modernidade). Fundou e coordenou, entre 2009 e 2010, o Espa\u00e7o Maranus \u2013 cursos e astrologia. Ministra aulas de literatura no Instituto Figueiredo Ferraz (IFF). Autora de livro de contos liter\u00e1rios <\/span><i><span style=\"font-weight: 400;\">Desfiladeiro<\/span><\/i><span style=\"font-weight: 400;\"> (Ed. Nativa, 2003); do livro de poesia <\/span><i><span style=\"font-weight: 400;\">Lacrimat\u00f3rios, en\u00f3coas<\/span><\/i><span style=\"font-weight: 400;\"> (ed. Oficina Raquel, 2009), livro vencedor do Programa Nascente (USP) de 2007; do livro <\/span><i><span style=\"font-weight: 400;\">Dioniso e Ariadne<\/span><\/i><span style=\"font-weight: 400;\"> (2010, edi\u00e7\u00e3o do autor); do livro<\/span><i><span style=\"font-weight: 400;\"> Fio, fenda, fal\u00e9sia<\/span><\/i><span style=\"font-weight: 400;\"> (2010, edi\u00e7\u00e3o de autor) escrito em parceria com \u00c9rica Z\u00edngano e Renata Huber, com apoio do ProAc 2009 | Secretaria da Cultura do Estado de SP; e de uma nova vers\u00e3o, totalmente reescrita, de <\/span><i><span style=\"font-weight: 400;\">Desfiladeiro<\/span><\/i><span style=\"font-weight: 400;\"> (ed. Oficina Raquel, 2011) e de <\/span><i><span style=\"font-weight: 400;\">Satura\u00e7\u00e3o de Saturno<\/span><\/i><span style=\"font-weight: 400;\"> (ed. Oficina Raquel, 2013). (<\/span><span style=\"font-weight: 400;\">http:\/\/lattes.cnpq.br\/1310812269510555<\/span><span style=\"font-weight: 400;\">)<\/span><\/p>\n<h6><b>Doutorandos<\/b><\/h6>\n<p><b>Felipe Marcondes da Costa<\/b><b><br \/>\n<\/b><span style=\"font-weight: 400;\">Tem forma\u00e7\u00e3o em Letras na FFLCH-USP e Dramaturgia na SP Escola de Teatro. \u00c9 mestre pelo Programa de P\u00f3s-Gradua\u00e7\u00e3o em Literatura Portuguesa, com pesquisa sobre o corpo, sob um vi\u00e9s da performance, na obra Antropofagias, de Herberto Helder. Atualmente cursa o doutorado no mesmo Programa, pesquisando o Atlas do Corpo e da Imagina\u00e7\u00e3o, de Gon\u00e7alo M. Tavares. Transita entre a literatura, a performance e as artes visuais, interesses que se desdobram em texto, cr\u00edtica, curadoria e performance. Publicou no Brasil o livro de poemas <\/span><i><span style=\"font-weight: 400;\">Rezar \u00e9 juntar palavra com for\u00e7a<\/span><\/i><span style=\"font-weight: 400;\"> (Dulcineia Catadora, 2017; 2022) e, em Portugal, <\/span><i><span style=\"font-weight: 400;\">Desencapados<\/span><\/i><span style=\"font-weight: 400;\"> (maio-maio, 2022). Em 2022, apresentou uma exposi\u00e7\u00e3o individual no Museu J\u00falio Dinis, em Ovar, Portugal. Foi curador das exposi\u00e7\u00f5es Palestina Viva!, no Al Janiah, em 2024, e Negra Arte Sacra, no Ax\u00e9 Il\u00ea Ob\u00e1, em 2025. Tem textos publicados em peri\u00f3dicos no Brasil e em Portugal.(<\/span><a href=\"http:\/\/lattes.cnpq.br\/2412526775408599\"><span style=\"font-weight: 400;\">http:\/\/lattes.cnpq.br\/2412526775408599<\/span><\/a><span style=\"font-weight: 400;\">)<\/span><\/p>\n<p><b>Fernanda Duduch<\/b><b><br \/>\n<\/b><span style=\"font-weight: 400;\">Bacharelado\u00a0 e licenciatura em Letras Portugu\u00eas \u2013 Hebraico pela Universidade de S\u00e3o Paulo (2017), com per\u00edodo sandu\u00edche (2016) na Faculdade de Letras da Universidade de Coimbra e fomento Santander-Bolsas Ibero-Americana. Mestrado na Universidade de S\u00e3o Paulo, com o projeto \u201cA mem\u00f3ria da Shoah em <\/span><i><span style=\"font-weight: 400;\">Jerusal\u00e9m<\/span><\/i><span style=\"font-weight: 400;\">, de Gon\u00e7alo M. Tavares.\u201d fomentado pela CAPES \u2013 Coordena\u00e7\u00e3o de Aperfei\u00e7oamento de Pessoal de N\u00edvel Superior e orientada pela Profa. Dra. Lilian Jacoto (2023). Cursa o doutorado na UNIFESP, sob orienta\u00e7\u00e3o do Prof. Dr. Leonardo Gandolfi. A atual tese tem nome provis\u00f3rio de &#8216;O dispositivo sexual como ve\u00edculo de poder no &#8220;Reino&#8221; de Gon\u00e7alo M. Tavares.&#8217; Participa, desde 2018, do grupo de pesquisa NELLPE (N\u00facleo de Estudos de Literaturas de L\u00edngua Portuguesa e \u00c9tica), na Faculdade de Filosofia, Letras e Ci\u00eancias Humanas da Universidade de S\u00e3o Paulo. Trabalha como analista educacional, focada em corre\u00e7\u00f5es dos grandes vestibulares e como docente de Jovens e Adultos na Prefeitura de Santo Andr\u00e9.<\/span><span style=\"font-weight: 400;\"><br \/>\n<\/span><span style=\"font-weight: 400;\">(<\/span><a href=\"http:\/\/lattes.cnpq.br\/5712270910369112\"><span style=\"font-weight: 400;\">http:\/\/lattes.cnpq.br\/5712270910369112<\/span><\/a><span style=\"font-weight: 400;\">)<\/span><\/p>\n<p><b>Lucas Rodrigues Negri<\/b><b><br \/>\n<\/b><span style=\"font-weight: 400;\">Mestrado em Literatura Portuguesa pela Faculdade de Filosofia, Letras e Ci\u00eancias Humanas (FFLCH) da Universidade de S\u00e3o Paulo (USP), onde desenvolveu pesquisa sobre a obra de Herberto Helder sob orienta\u00e7\u00e3o da Professora Doutora Lilian Jacoto. Bacharel em Letras pela mesma institui\u00e7\u00e3o (2018), com interc\u00e2mbio na Univerzit\u00e0 Karlova (2016, Praga, Rep\u00fablica Tcheca). Membro do NELLPE\u00a0 e do CEII (C\u00edrculo de Estudos da Ideia e da Ideologia). Tem interesse em literatura e filosofia, pesquisando principalmente as rela\u00e7\u00f5es entre linguagem, verdade e realidade no pensamento contempor\u00e2neo. Em 2023, ingressou no doutorado em Teoria e Hist\u00f3ria Liter\u00e1ria na Unicamp, sob orienta\u00e7\u00e3o do Prof. Dr. Fabio Akcelrud Dur\u00e3o. \u00c9 bolsista Fapesp e pesquisa a obra de Alain Badiou em di\u00e1logo com quest\u00f5es de teoria liter\u00e1ria.<\/span><span style=\"font-weight: 400;\"><br \/>\n<\/span><span style=\"font-weight: 400;\">(<\/span><a href=\"http:\/\/lattes.cnpq.br\/1592319498064689\"><span style=\"font-weight: 400;\">http:\/\/lattes.cnpq.br\/1592319498064689<\/span><\/a><span style=\"font-weight: 400;\">)<\/span><\/p>\n<h6><b>Mestres<\/b><i><span style=\"font-weight: 400;\">\u00a0<\/span><\/i><\/h6>\n<p><b>Luciana D\u2019Ingiullo<\/b><b><br \/>\n<\/b><span style=\"font-weight: 400;\">Licenciada em Letras (2003) pela PUC-SP,\u00a0 Mestrado no Programa de P\u00f3s-Gradua\u00e7\u00e3o de Literatura Portuguesa da USP. O projeto As cartas das tr\u00eas Marias: poesia, erotismo, revolu\u00e7\u00e3o teve financiamento da CAPES e pertence \u00e0 linha de pesquisa Cria\u00e7\u00e3o Liter\u00e1ria e Cr\u00edtica Criativa do referido Programa. Desde 2018, integra o grupo de pesquisa NELLPE (N\u00facleo de Estudos de Literaturas de L\u00edngua Portuguesa e \u00c9tica), coordenado pela professora Dra. Lilian Jacoto.(<\/span><a href=\"http:\/\/lattes.cnpq.br\/7753800230040463\"><span style=\"font-weight: 400;\">http:\/\/lattes.cnpq.br\/7753800230040463<\/span><\/a><span style=\"font-weight: 400;\">)<\/span><\/p>\n<p><b>Luiz Fernando Queiroz Melques<\/b><b><br \/>\n<\/b><span style=\"font-weight: 400;\">Mestre em Letras (Literatura Portuguesa) pela Universidade de S\u00e3o Paulo, seus estudos abarcam principalmente a poesia e a narrativa produzidas por autores de l\u00edngua portuguesa e espanhola nos s\u00e9culos XX e XXI. No in\u00edcio de 2018, defendeu uma disserta\u00e7\u00e3o sobre os efeitos da presen\u00e7a do poeta m\u00edstico San Juan de la Cruz na forma\u00e7\u00e3o de uma comunidade de diferentes nos livros de Maria Gabriela Llansol. Bacharel (2014) e Licenciado (2015) pela mesma institui\u00e7\u00e3o, participa desde 2013 dos eventos e discuss\u00f5es promovidos pelo N\u00facleo de Estudos de Literaturas de L\u00edngua Portuguesa e \u00c9tica (NELLPE) sob a coordena\u00e7\u00e3o da Professora Doutora Lilian Jacoto. Atualmente, tem interesse pelas rela\u00e7\u00f5es entre teoria liter\u00e1ria, cr\u00edtica e cria\u00e7\u00e3o, bem como pelos di\u00e1logos entre literatura e \u00e9tica. Al\u00e9m da pesquisa acad\u00eamica, tem experi\u00eancia nas \u00e1reas de revis\u00e3o, tradu\u00e7\u00e3o e ensino.<\/span><span style=\"font-weight: 400;\"><br \/>\n<\/span><span style=\"font-weight: 400;\">(<\/span><a href=\"http:\/\/lattes.cnpq.br\/5928127214391273\"><span style=\"font-weight: 400;\">http:\/\/lattes.cnpq.br\/5928127214391273<\/span><\/a><span style=\"font-weight: 400;\">)<\/span><\/p>\n<p><b>Natanael Peres Fernandes<\/b><b><br \/>\n<\/b><span style=\"font-weight: 400;\">Graduado em Letras-Portugu\u00eas (2015) pela Faculdade de Filosofia, Letras e Ci\u00eancias Humanas da Universidade de S\u00e3o Paulo (FFLCH\/USP) e licenciado em Letras-Portugu\u00eas (2019) na Faculdade de Educa\u00e7\u00e3o da mesma Universidade (FE\/USP) e Mestre em\u00a0 Literatura Portuguesa pelo Departamento de Letras Cl\u00e1ssicas e Vern\u00e1culas (DLCV) da FFLCH\/USP. \u00c9 integrante do grupo de pesquisa NELLPE\/USP (N\u00facleo de Estudos das Literaturas de L\u00edngua Portuguesa e \u00c9tica) e tamb\u00e9m do laborat\u00f3rio LEPEM\/USP (Laborat\u00f3rio de Estudos de Po\u00e9ticas e \u00c9tica na Modernidade). Tem interesse por Literatura Contempor\u00e2nea, focando seu olhar na obra do autor portugu\u00eas Gon\u00e7alo M. Tavares, particularmente nas configura\u00e7\u00f5es do humano que se estabelecem nos textos desse autor, sendo considerados os aspectos s\u00f3cio-hist\u00f3rico-culturais e \u00e9ticos que mediam tais configura\u00e7\u00f5es, bem como suas rela\u00e7\u00f5es com a alteridade. No campo profissional, atua como professor de L\u00edngua Portuguesa (Gram\u00e1tica \/ Literatura \/ Produ\u00e7\u00e3o de Textos) no Ensino M\u00e9dio e trabalha tamb\u00e9m com a forma\u00e7\u00e3o socioemocional de adolescentes.<\/span><span style=\"font-weight: 400;\"><br \/>\n<\/span><span style=\"font-weight: 400;\">(<\/span><a href=\"http:\/\/lattes.cnpq.br\/2808789129898139\"><span style=\"font-weight: 400;\">http:\/\/lattes.cnpq.br\/2808789129898139<\/span><\/a><span style=\"font-weight: 400;\">)<\/span><\/p>\n<h6><b>Mestrando<\/b><\/h6>\n<p><b>Victor \u00c1vila Ferrasso<\/b><b><br \/>\n<\/b><span style=\"font-weight: 400;\">Graduado em Letras pela Faculdade de Filosofia, Letras e Ci\u00eancias Humanas (FFLCH) da Universidade de S\u00e3o Paulo (USP). Concluiu sua Inicia\u00e7\u00e3o Cient\u00edfica, em 2021, orientado pela Profa. Dra. Lilian Jacoto, que recebeu o t\u00edtulo de &#8220;A m\u00e1quina de Walser: entre o colecionismo e a urg\u00eancia de normalidade&#8221;. Em 2023, ingressou no Mestrado no programa de Literatura Portuguesa da Universidade de S\u00e3o Paulo (USP). Orientado pela mesma professora, desenvolve uma disserta\u00e7\u00e3o intitulada &#8220;O arquivo dan\u00e7a: mem\u00f3ria e imagina\u00e7\u00e3o em Gon\u00e7alo M. Tavares&#8221;, com financiamento da Coordena\u00e7\u00e3o de Aperfei\u00e7oamento de Pessoal de N\u00edvel Superior (CAPES), na linha de pesquisa &#8220;Cria\u00e7\u00e3o liter\u00e1ria e cr\u00edtica criativa&#8221;. \u00c9 integrante do grupo de pesquisa NELLPE\/USP (N\u00facleo de Estudos das Literaturas de L\u00edngua Portuguesa e \u00c9tica) e revisor, desde 2023, do peri\u00f3dico Desassossego. \u00c9 professor de Literatura e L\u00edngua Portuguesa em turmas do Ensino Fundamental e M\u00e9dio. (<\/span><a href=\"http:\/\/lattes.cnpq.br\/8509929991234138\"><span style=\"font-weight: 400;\">http:\/\/lattes.cnpq.br\/8509929991234138<\/span><\/a><span style=\"font-weight: 400;\">)<\/span><\/p>\n<p><b>Inicia\u00e7\u00e3o CIent\u00edfica<\/b><\/p>\n<p><b>Raphael Mendon\u00e7a Fortin<\/b><b><br \/>\n<\/b><span style=\"font-weight: 400;\">Mestrando em Letras no Programa de P\u00f3s-Gradua\u00e7\u00e3o de Literatura Portuguesa pela Universidade de S\u00e3o Paulo (USP), onde desenvolve pesquisa intitulada \u201cO fim da epocalidade: imagens escatol\u00f3gicas em Gon\u00e7alo M. Tavares\u201d . Desde 2018, integra o grupo de pesquisa NELLPE (N\u00facleo de Estudos de Literaturas de L\u00edngua Portuguesa e \u00c9tica), coordenado pela professora Dra. Lilian Jacoto. Graduado em Letras \u2013 Portugu\u00eas (2018) pela Faculdade de Filosofia, Letras e Ci\u00eancias Humanas da Universidade de S\u00e3o Paulo.<\/span><span style=\"font-weight: 400;\"><br \/>\n<\/span><span style=\"font-weight: 400;\">(<\/span><a href=\"http:\/\/lattes.cnpq.br\/5024064724932448\"><span style=\"font-weight: 400;\">http:\/\/lattes.cnpq.br\/5024064724932448<\/span><\/a><span style=\"font-weight: 400;\">)<\/span><\/p>\n<p><strong>Raphael Mendon\u00e7a Fortin<br \/>\n<\/strong>Mestrando em Letras no Programa de P\u00f3s-Gradua\u00e7\u00e3o de Literatura Portuguesa pela Universidade de S\u00e3o Paulo (USP), onde desenvolve pesquisa intitulada &#8220;O fim da epocalidade: imagens escatol\u00f3gicas em Gon\u00e7alo M. Tavares&#8221; . Desde 2018, integra o grupo de pesquisa NELLPE (N\u00facleo de Estudos de Literaturas de L\u00edngua Portuguesa e \u00c9tica), coordenado pela professora Dra. Lilian Jacoto. Graduado em Letras &#8211; Portugu\u00eas (2018) pela pela Faculdade de Filosofia, Letras e Ci\u00eancias Humanas da Universidade de S\u00e3o Paulo.<br \/>\n(<a href=\"http:\/\/lattes.cnpq.br\/5024064724932448\">http:\/\/lattes.cnpq.br\/5024064724932448<\/a>)<\/p>\n<h6><b>Inicia\u00e7\u00e3o Cient\u00edfica<br \/>\n<\/b><\/h6>\n<p class=\"nome\" tabindex=\"0\"><strong>Victor \u00c1vila Ferrasso<br \/>\n<\/strong>Graduando em Letras pela Faculdade de Filosofia, Letras e Ci\u00eancias Humanas (FFLCH) da Universidade de S\u00e3o Paulo (USP). \u00c9 professor de Literatura e L\u00edngua Portuguesa em turmas do Ensino Fundamental e M\u00e9dio. Integrante do NELLPE (N\u00facleo de Estudos em Literaturas de L\u00edngua Portuguesa e \u00c9tica). Atualmente desenvolve uma inicia\u00e7\u00e3o cient\u00edfica na \u00e1rea de Literatura Portuguesa Contempor\u00e2nea.<br \/>\n(<a href=\"http:\/\/lattes.cnpq.br\/8509929991234138\">http:\/\/lattes.cnpq.br\/8509929991234138<\/a>)<\/p>\n<h6 class=\"infpessoa\">Egressos<\/h6>\n<p class=\"nome\" tabindex=\"0\"><strong>Luiz Fernando Queiroz Melques<br \/>\n<\/strong>Mestre em Letras (Literatura Portuguesa) pela Universidade de S\u00e3o Paulo, seus estudos abarcam principalmente a poesia e a narrativa produzidas por autores de l\u00edngua portuguesa e espanhola nos s\u00e9culos XX e XXI. No in\u00edcio de 2018, defendeu uma disserta\u00e7\u00e3o sobre os efeitos da presen\u00e7a do poeta m\u00edstico San Juan de la Cruz na forma\u00e7\u00e3o de uma comunidade de diferentes nos livros de Maria Gabriela Llansol. Bacharel (2014) e Licenciado (2015) pela mesma institui\u00e7\u00e3o, participa desde 2013 dos eventos e discuss\u00f5es promovidos pelo N\u00facleo de Estudos de Literaturas de L\u00edngua Portuguesa e \u00c9tica (NELLPE) sob a coordena\u00e7\u00e3o da Professora Doutora Lilian Jacoto. Atualmente, tem interesse pelas rela\u00e7\u00f5es entre teoria liter\u00e1ria, cr\u00edtica e cria\u00e7\u00e3o, bem como pelos di\u00e1logos entre literatura e \u00e9tica. Al\u00e9m da pesquisa acad\u00eamica, tem experi\u00eancia nas \u00e1reas de revis\u00e3o, tradu\u00e7\u00e3o e ensino.<br \/>\n(<a href=\"http:\/\/lattes.cnpq.br\/5928127214391273\">http:\/\/lattes.cnpq.br\/5928127214391273<\/a>)<\/p>\n<div>\n<p>&nbsp;<\/p>\n<p class=\"nome\" tabindex=\"0\"><strong>Roberta Almeida Prado de Figueiredo Ferraz<br \/>\n<\/strong>Graduada em Letras\/ Portugu\u00eas pela Pontif\u00edcia Universidade Cat\u00f3lica de S\u00e3o Paulo (PUC\/SP 2004) e Hist\u00f3ria pela Universidade de S\u00e3o Paulo (USP\/SP 2007). \u00c9 mestre em Literatura Portuguesa, pela USP\/SP, tendo defendido a disserta\u00e7\u00e3o &#8220;Entre Douro-e-Mundo: mito e literatura na revista Nova Renascen\u00e7a&#8221; (2008) e doutora em Literatura Portuguesa, com tese defendida sobre Teixeira de Pascoaes: &#8220;Teixeira de Pascoaes revisitado, um ensaio sobre literatura e aus\u00eancia&#8221; (USP\/2016). Integra o grupo de estudos NELLPE\/USP (N\u00facleo de Estudos das Literaturas de L\u00edngua Portuguesa e \u00c9tica) e tamb\u00e9m o laborat\u00f3rio LEPEM\/USP (Laborat\u00f3rio de Estudos de Po\u00e9ticas e \u00c9tica na Modernidade). Fundou e coordenou, entre 2009 e 2010, o Espa\u00e7o Maranus &#8211; cursos e astrologia. Ministra aulas de literatura no Instituto Figueiredo Ferraz (IFF). Autora de livro de contos liter\u00e1rios &#8220;Desfiladeiro&#8221; (Ed. Nativa, 2003); do livro de poesia &#8220;lacrimat\u00f3rios, en\u00f3coas&#8221; (ed. Oficina Raquel, 2009), livro vencedor do Programa Nascente (USP) de 2007; do livro &#8220;Dioniso e Ariadne&#8221; (2010, edi\u00e7\u00e3o do autor); do livro &#8220;fio, fenda, fal\u00e9sia&#8221; (2010, edi\u00e7\u00e3o de autor) escrito em parceria com \u00c9rica Z\u00edngano e Renata Huber, com apoio do ProAc 2009 | Secretaria da Cultura do Estado de SP; de uma nova vers\u00e3o, totalmente reescrita, de &#8220;desfiladeiro&#8221; (ed. Oficina Raquel, 2011) e de &#8220;Satura\u00e7\u00e3o de Saturno&#8221; (ed. Oficina Raquel, 2013).<\/p>\n<h6 class=\"infpessoa\"><\/h6>\n<p class=\"nome\" tabindex=\"0\"><strong><span class=\"pq6dq46d\"><span class=\"d2edcug0 hpfvmrgz qv66sw1b c1et5uql rrkovp55 a8c37x1j keod5gw0 nxhoafnm aigsh9s9 d9wwppkn fe6kdd0r mau55g9w c8b282yb mdeji52x e9vueds3 j5wam9gi lrazzd5p oo9gr5id\" dir=\"auto\">Cibele Lopresti Costa<br \/>\n<\/span><\/span><\/strong>Mestre em Literatura e Cr\u00edtica Liter\u00e1ria pela Pontif\u00edcia Universidade Cat\u00f3lica de S\u00e3o Paulo (SP) e graduada em Letras pela mesma institui\u00e7\u00e3o. Autora de livros did\u00e1ticos. Atua na forma\u00e7\u00e3o continuada de professores e na assessoria pedag\u00f3gica em escolas da rede p\u00fablica e particular. Atuou ao longo de trinta anos como professora de L\u00edngua Portuguesa e Literatura no Ensino Fundamental Anos Finais e Ensino M\u00e9dio na rede particular de ensino de S\u00e3o Paulo (SP).<\/p>\n<\/div>\n","protected":false},"excerpt":{"rendered":"<p>Coordena\u00e7\u00e3o Lilian Jacoto Gradua\u00e7\u00e3o (1988), mestrado (1996) e doutorado (2002) em Letras pela Universidade de S\u00e3o Paulo, onde leciona desde 1998 nos n\u00edveis de gradua\u00e7\u00e3o e p\u00f3s na \u00e1rea de Literatura Portuguesa. P\u00f3s-doutorado em Estudos Rom\u00e2nicos na Faculdade de Letras da Universidade de Lisboa (2016) \u2013 bolsista FAPESP. Pesquisa voltada para a Literatura Portuguesa moderna [&hellip;]<\/p>\n","protected":false},"author":22137,"featured_media":0,"parent":0,"menu_order":0,"comment_status":"closed","ping_status":"closed","template":"","meta":{"footnotes":"","_links_to":"","_links_to_target":""},"class_list":["post-121","page","type-page","status-publish","hentry"],"_links":{"self":[{"href":"https:\/\/sites.usp.br\/nellpe\/wp-json\/wp\/v2\/pages\/121","targetHints":{"allow":["GET"]}}],"collection":[{"href":"https:\/\/sites.usp.br\/nellpe\/wp-json\/wp\/v2\/pages"}],"about":[{"href":"https:\/\/sites.usp.br\/nellpe\/wp-json\/wp\/v2\/types\/page"}],"author":[{"embeddable":true,"href":"https:\/\/sites.usp.br\/nellpe\/wp-json\/wp\/v2\/users\/22137"}],"replies":[{"embeddable":true,"href":"https:\/\/sites.usp.br\/nellpe\/wp-json\/wp\/v2\/comments?post=121"}],"version-history":[{"count":6,"href":"https:\/\/sites.usp.br\/nellpe\/wp-json\/wp\/v2\/pages\/121\/revisions"}],"predecessor-version":[{"id":444,"href":"https:\/\/sites.usp.br\/nellpe\/wp-json\/wp\/v2\/pages\/121\/revisions\/444"}],"wp:attachment":[{"href":"https:\/\/sites.usp.br\/nellpe\/wp-json\/wp\/v2\/media?parent=121"}],"curies":[{"name":"wp","href":"https:\/\/api.w.org\/{rel}","templated":true}]}}