{"id":127,"date":"2020-11-28T20:44:48","date_gmt":"2020-11-28T22:44:48","guid":{"rendered":"http:\/\/sites.usp.br\/nellpe\/?page_id=127"},"modified":"2021-02-17T23:09:21","modified_gmt":"2021-02-18T01:09:21","slug":"bibliografia-de-referencia","status":"publish","type":"page","link":"https:\/\/sites.usp.br\/nellpe\/bibliografia-de-referencia\/","title":{"rendered":"Guia Bibliogr\u00e1fico"},"content":{"rendered":"<p>Em constru\u00e7\u00e3o.<\/p>\n","protected":false},"excerpt":{"rendered":"<p>Em constru\u00e7\u00e3o.<\/p>\n","protected":false},"author":22137,"featured_media":0,"parent":0,"menu_order":0,"comment_status":"closed","ping_status":"closed","template":"","meta":{"footnotes":"","_links_to":"","_links_to_target":""},"class_list":["post-127","page","type-page","status-publish","hentry"],"_links":{"self":[{"href":"https:\/\/sites.usp.br\/nellpe\/wp-json\/wp\/v2\/pages\/127","targetHints":{"allow":["GET"]}}],"collection":[{"href":"https:\/\/sites.usp.br\/nellpe\/wp-json\/wp\/v2\/pages"}],"about":[{"href":"https:\/\/sites.usp.br\/nellpe\/wp-json\/wp\/v2\/types\/page"}],"author":[{"embeddable":true,"href":"https:\/\/sites.usp.br\/nellpe\/wp-json\/wp\/v2\/users\/22137"}],"replies":[{"embeddable":true,"href":"https:\/\/sites.usp.br\/nellpe\/wp-json\/wp\/v2\/comments?post=127"}],"version-history":[{"count":5,"href":"https:\/\/sites.usp.br\/nellpe\/wp-json\/wp\/v2\/pages\/127\/revisions"}],"predecessor-version":[{"id":390,"href":"https:\/\/sites.usp.br\/nellpe\/wp-json\/wp\/v2\/pages\/127\/revisions\/390"}],"wp:attachment":[{"href":"https:\/\/sites.usp.br\/nellpe\/wp-json\/wp\/v2\/media?parent=127"}],"curies":[{"name":"wp","href":"https:\/\/api.w.org\/{rel}","templated":true}]}}