{"id":147,"date":"2020-11-28T21:54:51","date_gmt":"2020-11-28T23:54:51","guid":{"rendered":"http:\/\/sites.usp.br\/nellpe\/?page_id=147"},"modified":"2020-12-28T22:01:18","modified_gmt":"2020-12-29T00:01:18","slug":"escritas-do-eu-do-outro-escritas-do-comum","status":"publish","type":"page","link":"https:\/\/sites.usp.br\/nellpe\/escritas-do-eu-do-outro-escritas-do-comum\/","title":{"rendered":"Escritas do Eu, do Outro, Escritas do Comum"},"content":{"rendered":"<p>Realizado entre 24.09 e 26.09.2012, o <span class=\"field field--name-title field--type-string field--label-hidden\">1\u00ba Col\u00f3quio LEPEM &#8211; Escritas do Eu, do Outro, Escritas do Comum contou com e<\/span>xposi\u00e7\u00e3o de estudos e debates em torno da subjetividade, da alteridade e da comunidade, tal qual essas inst\u00e2ncias se apresentam nas literaturas de l\u00edngua portuguesa\u00a0 moderna e contempor\u00e2nea. O Col\u00f3quio pretende apresentar os resultados das pesquisas desenvolvidas pelos dois grupos que integram o LEPEM\u00a0 &#8211; o POEM (Grupo de Estudos de Po\u00e9ticas e Est\u00e9ticas da Modernidade) e o NELLPE (N\u00facleo de Estudos de Literaturas de L\u00edngua Portuguesa e \u00c9tica), promovendo o debate desses temas na presen\u00e7a de conferencistas convidados que se destacam na pesquisa, reflex\u00e3o e produ\u00e7\u00e3o da literatura contempor\u00e2nea.<\/p>\n<p>Programa\u00e7\u00e3o:<\/p>\n<p><a href=\"https:\/\/sites.usp.br\/nellpe\/wp-content\/uploads\/sites\/448\/2020\/12\/132179218_3741024742628012_3522060809852199746_n.jpg\"><img loading=\"lazy\" decoding=\"async\" class=\"alignnone size-thumbnail wp-image-254\" src=\"https:\/\/sites.usp.br\/nellpe\/wp-content\/uploads\/sites\/448\/2020\/12\/132179218_3741024742628012_3522060809852199746_n-150x150.jpg\" alt=\"\" width=\"150\" height=\"150\" srcset=\"https:\/\/sites.usp.br\/nellpe\/wp-content\/uploads\/sites\/448\/2020\/12\/132179218_3741024742628012_3522060809852199746_n-150x150.jpg 150w, https:\/\/sites.usp.br\/nellpe\/wp-content\/uploads\/sites\/448\/2020\/12\/132179218_3741024742628012_3522060809852199746_n-45x45.jpg 45w, https:\/\/sites.usp.br\/nellpe\/wp-content\/uploads\/sites\/448\/2020\/12\/132179218_3741024742628012_3522060809852199746_n-200x200.jpg 200w\" sizes=\"auto, (max-width: 150px) 100vw, 150px\" \/><\/a><\/p>\n<p>Mais informa\u00e7\u00f5es podem ser encontradas em: <a href=\"http:\/\/sce.fflch.usp.br\/node\/1039?fbclid=IwAR2jKDK4R1I5PyEZtr9XVTbxZeVkJY3TlgBBA9HLjG03JsVtydNVqfM6kkU\">http:\/\/sce.fflch.usp.br\/node\/1039?fbclid=IwAR2jKDK4R1I5PyEZtr9XVTbxZeVkJY3TlgBBA9HLjG03JsVtydNVqfM6kkU<\/a><\/p>\n","protected":false},"excerpt":{"rendered":"<p>Realizado entre 24.09 e 26.09.2012, o 1\u00ba Col\u00f3quio LEPEM &#8211; Escritas do Eu, do Outro, Escritas do Comum contou com exposi\u00e7\u00e3o de estudos e debates em torno da subjetividade, da alteridade e da comunidade, tal qual essas inst\u00e2ncias se apresentam nas literaturas de l\u00edngua portuguesa\u00a0 moderna e contempor\u00e2nea. O Col\u00f3quio pretende apresentar os resultados das [&hellip;]<\/p>\n","protected":false},"author":22137,"featured_media":0,"parent":0,"menu_order":0,"comment_status":"closed","ping_status":"closed","template":"","meta":{"footnotes":"","_links_to":"","_links_to_target":""},"class_list":["post-147","page","type-page","status-publish","hentry"],"_links":{"self":[{"href":"https:\/\/sites.usp.br\/nellpe\/wp-json\/wp\/v2\/pages\/147","targetHints":{"allow":["GET"]}}],"collection":[{"href":"https:\/\/sites.usp.br\/nellpe\/wp-json\/wp\/v2\/pages"}],"about":[{"href":"https:\/\/sites.usp.br\/nellpe\/wp-json\/wp\/v2\/types\/page"}],"author":[{"embeddable":true,"href":"https:\/\/sites.usp.br\/nellpe\/wp-json\/wp\/v2\/users\/22137"}],"replies":[{"embeddable":true,"href":"https:\/\/sites.usp.br\/nellpe\/wp-json\/wp\/v2\/comments?post=147"}],"version-history":[{"count":4,"href":"https:\/\/sites.usp.br\/nellpe\/wp-json\/wp\/v2\/pages\/147\/revisions"}],"predecessor-version":[{"id":255,"href":"https:\/\/sites.usp.br\/nellpe\/wp-json\/wp\/v2\/pages\/147\/revisions\/255"}],"wp:attachment":[{"href":"https:\/\/sites.usp.br\/nellpe\/wp-json\/wp\/v2\/media?parent=147"}],"curies":[{"name":"wp","href":"https:\/\/api.w.org\/{rel}","templated":true}]}}