{"id":151,"date":"2020-11-28T22:00:17","date_gmt":"2020-11-29T00:00:17","guid":{"rendered":"http:\/\/sites.usp.br\/nellpe\/?page_id=151"},"modified":"2020-11-28T22:00:17","modified_gmt":"2020-11-29T00:00:17","slug":"abraplip-2013","status":"publish","type":"page","link":"https:\/\/sites.usp.br\/nellpe\/abraplip-2013\/","title":{"rendered":"ABRAPLIP 2013"},"content":{"rendered":"<p>O NELLPE participou da Abraplip 2013 com duas mesas de comunica\u00e7\u00e3o. Veja a programa\u00e7\u00e3o abaixo:<\/p>\n<p>NELLPE \u2013 1 (24\/10\/2013 das 14h \u00e0s 15h30m)<br \/>\n1 \u2013 Gon\u00e7alo M. Tavares: a biblioteca como comunidade \u2013 Lilian Jacoto (USP).<br \/>\n2 \u2013 Ir contra o destino favor\u00e1vel: uma an\u00e1lise de \u201cD. Duarte Rei de Portugal\u201d, de Fernando Pessoa \u2013 Alessandra Batista (USP).<br \/>\n3 \u2013 Um pouco do que se pode ver em Nenhum Olhar, de Jos\u00e9 Luis Peixoto \u2013 Cibele Lopreste Costa (USP).<br \/>\n4 \u2013 Al Berto, (mais que) prefaciador de Florbela Espanca \u2013 Leonardo de Barros Sasaki (USP\/FAPESP).<\/p>\n<p>NELLPE \u2013 2 (24\/10\/2013 das 16h \u00e0s 17h30m)<br \/>\n1 \u2013 Uma leitura de tradu\u00e7\u00f5es de Ant\u00f3nio Feij\u00f3 e de Camilo Pessanha \u2013 Fernanda Maria Romano (USP).<br \/>\n2 \u2013 A Saudade em Pascoaes e em Pessoa \u2013 Roberta Ferraz (USP\/FAPESP).<br \/>\n3 \u2013 Gon\u00e7alo M. Tavares: leitor de Borges \u2013 Natanael Peres Fernandes (USP).<br \/>\n4 \u2013 A disposi\u00e7\u00e3o de verdades em duas personagens femininas da cena atual romanesca portuguesa \u2013 Juliana Hampel (USP\/Capes).<\/p>\n<p>&nbsp;<\/p>\n","protected":false},"excerpt":{"rendered":"<p>O NELLPE participou da Abraplip 2013 com duas mesas de comunica\u00e7\u00e3o. Veja a programa\u00e7\u00e3o abaixo: NELLPE \u2013 1 (24\/10\/2013 das 14h \u00e0s 15h30m) 1 \u2013 Gon\u00e7alo M. Tavares: a biblioteca como comunidade \u2013 Lilian Jacoto (USP). 2 \u2013 Ir contra o destino favor\u00e1vel: uma an\u00e1lise de \u201cD. Duarte Rei de Portugal\u201d, de Fernando Pessoa \u2013 [&hellip;]<\/p>\n","protected":false},"author":22137,"featured_media":0,"parent":0,"menu_order":0,"comment_status":"closed","ping_status":"closed","template":"","meta":{"footnotes":"","_links_to":"","_links_to_target":""},"class_list":["post-151","page","type-page","status-publish","hentry"],"_links":{"self":[{"href":"https:\/\/sites.usp.br\/nellpe\/wp-json\/wp\/v2\/pages\/151","targetHints":{"allow":["GET"]}}],"collection":[{"href":"https:\/\/sites.usp.br\/nellpe\/wp-json\/wp\/v2\/pages"}],"about":[{"href":"https:\/\/sites.usp.br\/nellpe\/wp-json\/wp\/v2\/types\/page"}],"author":[{"embeddable":true,"href":"https:\/\/sites.usp.br\/nellpe\/wp-json\/wp\/v2\/users\/22137"}],"replies":[{"embeddable":true,"href":"https:\/\/sites.usp.br\/nellpe\/wp-json\/wp\/v2\/comments?post=151"}],"version-history":[{"count":1,"href":"https:\/\/sites.usp.br\/nellpe\/wp-json\/wp\/v2\/pages\/151\/revisions"}],"predecessor-version":[{"id":152,"href":"https:\/\/sites.usp.br\/nellpe\/wp-json\/wp\/v2\/pages\/151\/revisions\/152"}],"wp:attachment":[{"href":"https:\/\/sites.usp.br\/nellpe\/wp-json\/wp\/v2\/media?parent=151"}],"curies":[{"name":"wp","href":"https:\/\/api.w.org\/{rel}","templated":true}]}}