{"id":276,"date":"2021-01-04T21:47:23","date_gmt":"2021-01-04T23:47:23","guid":{"rendered":"http:\/\/sites.usp.br\/nellpe\/?page_id=276"},"modified":"2021-02-07T21:37:06","modified_gmt":"2021-02-07T23:37:06","slug":"nellpe","status":"publish","type":"page","link":"https:\/\/sites.usp.br\/nellpe\/nellpe\/","title":{"rendered":"Nellpe"},"content":{"rendered":"<p>&nbsp;<\/p>\n<p style=\"text-align: left;\"><a href=\"https:\/\/sites.usp.br\/nellpe\/wp-content\/uploads\/sites\/448\/2020\/12\/Design-sem-nome-1.png\"><img loading=\"lazy\" decoding=\"async\" class=\"wp-image-192 alignleft\" src=\"https:\/\/sites.usp.br\/nellpe\/wp-content\/uploads\/sites\/448\/2020\/12\/Design-sem-nome-1-300x300.png\" alt=\"\" width=\"152\" height=\"152\" srcset=\"https:\/\/sites.usp.br\/nellpe\/wp-content\/uploads\/sites\/448\/2020\/12\/Design-sem-nome-1-300x300.png 300w, https:\/\/sites.usp.br\/nellpe\/wp-content\/uploads\/sites\/448\/2020\/12\/Design-sem-nome-1-150x150.png 150w, https:\/\/sites.usp.br\/nellpe\/wp-content\/uploads\/sites\/448\/2020\/12\/Design-sem-nome-1-45x45.png 45w, https:\/\/sites.usp.br\/nellpe\/wp-content\/uploads\/sites\/448\/2020\/12\/Design-sem-nome-1-200x200.png 200w, https:\/\/sites.usp.br\/nellpe\/wp-content\/uploads\/sites\/448\/2020\/12\/Design-sem-nome-1-400x400.png 400w, https:\/\/sites.usp.br\/nellpe\/wp-content\/uploads\/sites\/448\/2020\/12\/Design-sem-nome-1.png 512w\" sizes=\"auto, (max-width: 152px) 100vw, 152px\" \/><\/a>O<strong> NELLPE (N\u00facleo de Estudos de Literaturas de L\u00edngua Portuguesa e \u00c9tica)<\/strong> \u00e9 um grupo de pesquisa com sede na Faculdade de Filosofia, Letras e Ci\u00eancias Humanas da Universidade de S\u00e3o Paulo e ligado ao Programa de p\u00f3s-gradua\u00e7\u00e3o de Literatura Portuguesa. Coordenado pela Profa. Dra. Lilian Jacoto, \u00e9 composto de pesquisadores e estudantes de p\u00f3s-gradua\u00e7\u00e3o em Literaturas de L\u00edngua Portuguesa, e tem o objetivo de reunir projetos de an\u00e1lise de textos liter\u00e1rios da contemporaneidade no horizonte hermen\u00eautico-simb\u00f3lico da \u00c9tica. S\u00e3o de seu interesse quest\u00f5es relacionadas \u00e0 constitui\u00e7\u00e3o \u00e9tica do sujeito, da autoria e da alteridade na express\u00e3o liter\u00e1ria. Trata-se, portanto, de um grupo de estudos interdisciplinares e transnacionais, uma vez que se abre a uma discuss\u00e3o extensiva a diferentes \u00e1reas das Ci\u00eancias Humanas e acolhe projetos das diversas literaturas da lusofonia.<\/p>\n<p>Fundado em 2007, o grupo desenvolve um projeto desdobrado em fases tem\u00e1ticas:<\/p>\n<p>2007 a 2012: Literatura e \u00c9tica I &#8211; estudos da subjetividade e da alteridade<br \/>\n2013 a 2018: Literatura e \u00c9tica II &#8211; estudos da comunidade<br \/>\n2019 at\u00e9 oa atualidade: Literatura e \u00c9tica III &#8211; estudos do contempor\u00e2neo: cria\u00e7\u00e3o e cr\u00edtica<\/p>\n<p>Em seus 14 anos de exist\u00eancia, o NELLPE concluiu 20 projetos de pesquisa e conta com mais 8 em andamento.<\/p>\n<p>&nbsp;<\/p>\n<p>&nbsp;<\/p>\n<p>&nbsp;<\/p>\n","protected":false},"excerpt":{"rendered":"<p>&nbsp; O NELLPE (N\u00facleo de Estudos de Literaturas de L\u00edngua Portuguesa e \u00c9tica) \u00e9 um grupo de pesquisa com sede na Faculdade de Filosofia, Letras e Ci\u00eancias Humanas da Universidade de S\u00e3o Paulo e ligado ao Programa de p\u00f3s-gradua\u00e7\u00e3o de Literatura Portuguesa. Coordenado pela Profa. Dra. Lilian Jacoto, \u00e9 composto de pesquisadores e estudantes de [&hellip;]<\/p>\n","protected":false},"author":22137,"featured_media":0,"parent":0,"menu_order":0,"comment_status":"closed","ping_status":"closed","template":"","meta":{"footnotes":"","_links_to":"","_links_to_target":""},"class_list":["post-276","page","type-page","status-publish","hentry"],"_links":{"self":[{"href":"https:\/\/sites.usp.br\/nellpe\/wp-json\/wp\/v2\/pages\/276","targetHints":{"allow":["GET"]}}],"collection":[{"href":"https:\/\/sites.usp.br\/nellpe\/wp-json\/wp\/v2\/pages"}],"about":[{"href":"https:\/\/sites.usp.br\/nellpe\/wp-json\/wp\/v2\/types\/page"}],"author":[{"embeddable":true,"href":"https:\/\/sites.usp.br\/nellpe\/wp-json\/wp\/v2\/users\/22137"}],"replies":[{"embeddable":true,"href":"https:\/\/sites.usp.br\/nellpe\/wp-json\/wp\/v2\/comments?post=276"}],"version-history":[{"count":5,"href":"https:\/\/sites.usp.br\/nellpe\/wp-json\/wp\/v2\/pages\/276\/revisions"}],"predecessor-version":[{"id":381,"href":"https:\/\/sites.usp.br\/nellpe\/wp-json\/wp\/v2\/pages\/276\/revisions\/381"}],"wp:attachment":[{"href":"https:\/\/sites.usp.br\/nellpe\/wp-json\/wp\/v2\/media?parent=276"}],"curies":[{"name":"wp","href":"https:\/\/api.w.org\/{rel}","templated":true}]}}