{"id":304,"date":"2021-02-03T21:50:14","date_gmt":"2021-02-03T23:50:14","guid":{"rendered":"http:\/\/sites.usp.br\/nellpe\/?page_id=304"},"modified":"2025-03-27T19:24:08","modified_gmt":"2025-03-27T21:24:08","slug":"membros-2","status":"publish","type":"page","link":"https:\/\/sites.usp.br\/nellpe\/membros-2\/","title":{"rendered":"Membros"},"content":{"rendered":"<h4><b>Publica\u00e7\u00f5es<\/b><\/h4>\n<p><span style=\"font-weight: 400;\">BASTOS, M. C. S.; NEGRI, L. R. Isto \u00e9 um ro\u00e7ar de m\u00e3os? Sobre dois livros (e um artigo) escritos em dupla . &lt;b&gt;Revista Cria\u00e7\u00e3o &amp;amp; Cr\u00edtica&lt;\/b&gt;, &lt;i&gt;[S. l.]&lt;\/i&gt;, n. 28, p. 113-131, 2020. DOI: 10.11606\/issn.1984-1124.i28p113-131. Dispon\u00edvel em: &lt;a href=&#8221;http:\/\/www.revistas.usp.br\/criacaoecritica\/article\/view\/172742&#8243;&gt;http:\/\/www.revistas.usp.br\/criacaoecritica\/article\/view\/172742&lt;\/a&gt;. Acesso em: 3 fev. 2021.<\/span><\/p>\n<p>&nbsp;<\/p>\n<p><span style=\"font-weight: 400;\">BOZIO, M. C. R. Saltos sobre os sentidos da leitura, da escrita e da cr\u00edtica em O senhor Eliot e as confer\u00eancias, de Gon\u00e7alo M. Tavares. In: Flavia Maria Corradin; Carlos Gontijo Rosa; Marina Gialluca Domene; Robin Driver;. (Org.). &lt;strong&gt;A pesquisa em Literatura Portuguesa &#8211; Homenagem ao Prof. Francisco Maciel Silveira&lt;\/strong&gt;. 1ed.S\u00e3o Paulo: Na Raiz, 2020, v. , p. 422-444. Dispon\u00edvel em: &lt;a href=&#8221;https:\/\/drive.google.com\/file\/d\/1cg7tnzfslGpDTNzxd52rUZxLe66bXS92\/view&#8221;&gt;https:\/\/editoranaraiz.wordpress.com\/livros\/&lt;\/a&gt;. Acesso em: 5 fev.2021.<\/span><\/p>\n<p>&nbsp;<\/p>\n<p><span style=\"font-weight: 400;\">COSTA, F. M. da. (2018) T\u00edtulo sujeito a protesto + Informe de rendimentos financeiros. Ensaia: revista de dramaturgia, performance e escritas m\u00faltiplas, n.4 vol.5. Dispon\u00edvel em: &lt;a href=&#8221;https:\/\/www.revistaensaia.com\/titulo-sujeito-a-protesto&#8221;&gt;https:\/\/www.revistaensaia.com\/titulo-sujeito-a-protesto&lt;\/a&gt;. Acesso em: 7 fev.2021.<\/span><\/p>\n<p>&nbsp;<\/p>\n<p><span style=\"font-weight: 400;\">COSTA, F. M. da. (2019) Corpo, voz, cinema e performance no \u201ctexto 1\u201d, de Antropofagias, de Herberto Helder. Magma, 26(15), p. 257-277. Dispon\u00edvel em: &lt;a href=&#8221;https:\/\/www.revistas.usp.br\/magma\/article\/view\/174049&#8243;&gt;https:\/\/www.revistas.usp.br\/magma\/article\/view\/174049&lt;\/a&gt;. Acesso em: 7 fev.2021.<\/span><\/p>\n<p>&nbsp;<\/p>\n<p><span style=\"font-weight: 400;\">COSTA, F. M. da.; TAVELIN, C. M. (2020) Em obras \/ em ru\u00ednas. URBANA: Revista Eletr\u00f4nica do Centro Interdisciplinar de Estudos sobre a Cidade, Campinas, SP, v. 11, n.<\/span><\/p>\n<p>&nbsp;<\/p>\n<p><span style=\"font-weight: 400;\">MELQUES, L. F. Q. Hospedar-se em Um quarto em Atenas: um olhar atento para a poesia de Tatiana Faia. &lt;strong&gt;Converg\u00eancia Lus\u00edada&lt;\/strong&gt;, v. 31, n. 44, p. 379-394, 30 dez. 2020. DOI: https:\/\/doi.org\/10.37508\/rcl.2020.n44a389. Dispon\u00edvel em: &lt;a href=&#8221;https:\/\/www.convergencialusiada.com.br\/rcl\/article\/view\/389&#8243;&gt;https:\/\/www.convergencialusiada.com.br\/rcl\/article\/view\/389&lt;\/a&gt;. Acesso em: 5 fev.2021.<\/span><\/p>\n","protected":false},"excerpt":{"rendered":"<p>Publica\u00e7\u00f5es BASTOS, M. C. S.; NEGRI, L. R. Isto \u00e9 um ro\u00e7ar de m\u00e3os? Sobre dois livros (e um artigo) escritos em dupla . &lt;b&gt;Revista Cria\u00e7\u00e3o &amp;amp; Cr\u00edtica&lt;\/b&gt;, &lt;i&gt;[S. l.]&lt;\/i&gt;, n. 28, p. 113-131, 2020. DOI: 10.11606\/issn.1984-1124.i28p113-131. Dispon\u00edvel em: &lt;a href=&#8221;http:\/\/www.revistas.usp.br\/criacaoecritica\/article\/view\/172742&#8243;&gt;http:\/\/www.revistas.usp.br\/criacaoecritica\/article\/view\/172742&lt;\/a&gt;. Acesso em: 3 fev. 2021. &nbsp; BOZIO, M. C. R. Saltos sobre os sentidos [&hellip;]<\/p>\n","protected":false},"author":22137,"featured_media":0,"parent":0,"menu_order":0,"comment_status":"closed","ping_status":"closed","template":"","meta":{"footnotes":"","_links_to":"","_links_to_target":""},"class_list":["post-304","page","type-page","status-publish","hentry"],"_links":{"self":[{"href":"https:\/\/sites.usp.br\/nellpe\/wp-json\/wp\/v2\/pages\/304","targetHints":{"allow":["GET"]}}],"collection":[{"href":"https:\/\/sites.usp.br\/nellpe\/wp-json\/wp\/v2\/pages"}],"about":[{"href":"https:\/\/sites.usp.br\/nellpe\/wp-json\/wp\/v2\/types\/page"}],"author":[{"embeddable":true,"href":"https:\/\/sites.usp.br\/nellpe\/wp-json\/wp\/v2\/users\/22137"}],"replies":[{"embeddable":true,"href":"https:\/\/sites.usp.br\/nellpe\/wp-json\/wp\/v2\/comments?post=304"}],"version-history":[{"count":6,"href":"https:\/\/sites.usp.br\/nellpe\/wp-json\/wp\/v2\/pages\/304\/revisions"}],"predecessor-version":[{"id":443,"href":"https:\/\/sites.usp.br\/nellpe\/wp-json\/wp\/v2\/pages\/304\/revisions\/443"}],"wp:attachment":[{"href":"https:\/\/sites.usp.br\/nellpe\/wp-json\/wp\/v2\/media?parent=304"}],"curies":[{"name":"wp","href":"https:\/\/api.w.org\/{rel}","templated":true}]}}