{"id":79,"date":"2014-02-24T16:51:20","date_gmt":"2014-02-24T18:51:20","guid":{"rendered":"http:\/\/sites.usp.br\/nellpe\/?page_id=79"},"modified":"2025-03-27T19:30:36","modified_gmt":"2025-03-27T21:30:36","slug":"pagina-inicial","status":"publish","type":"page","link":"https:\/\/sites.usp.br\/nellpe\/","title":{"rendered":"Not\u00edcias"},"content":{"rendered":"<div><\/div>\n<div>\n<h3><a href=\"https:\/\/www.revistas.usp.br\/desassossego\">Chamada de artigos &#8211; Revista Desassosego <\/a><\/h3>\n<\/div>\n<div class=\"container\">\n<div class=\"col-xs-3\">\n<div class=\"media\">\n<h3><a href=\"https:\/\/sites.usp.br\/nellpe\/wp-content\/uploads\/sites\/448\/2025\/03\/Chamada-35.png\"><img loading=\"lazy\" decoding=\"async\" class=\"size-medium wp-image-434 alignleft\" src=\"https:\/\/sites.usp.br\/nellpe\/wp-content\/uploads\/sites\/448\/2025\/03\/Chamada-35-300x300.png\" alt=\"\" width=\"300\" height=\"300\" srcset=\"https:\/\/sites.usp.br\/nellpe\/wp-content\/uploads\/sites\/448\/2025\/03\/Chamada-35-300x300.png 300w, https:\/\/sites.usp.br\/nellpe\/wp-content\/uploads\/sites\/448\/2025\/03\/Chamada-35-1024x1024.png 1024w, https:\/\/sites.usp.br\/nellpe\/wp-content\/uploads\/sites\/448\/2025\/03\/Chamada-35-150x150.png 150w, https:\/\/sites.usp.br\/nellpe\/wp-content\/uploads\/sites\/448\/2025\/03\/Chamada-35-768x768.png 768w, https:\/\/sites.usp.br\/nellpe\/wp-content\/uploads\/sites\/448\/2025\/03\/Chamada-35-45x45.png 45w, https:\/\/sites.usp.br\/nellpe\/wp-content\/uploads\/sites\/448\/2025\/03\/Chamada-35-200x200.png 200w, https:\/\/sites.usp.br\/nellpe\/wp-content\/uploads\/sites\/448\/2025\/03\/Chamada-35-400x400.png 400w, https:\/\/sites.usp.br\/nellpe\/wp-content\/uploads\/sites\/448\/2025\/03\/Chamada-35.png 1080w\" sizes=\"auto, (max-width: 300px) 100vw, 300px\" \/><\/a><\/h3>\n<\/div>\n<\/div>\n<\/div>\n<p>&nbsp;<\/p>\n<p>&nbsp;<\/p>\n<h3><\/h3>\n<h3><\/h3>\n<h3 class=\"media-body\"><span style=\"color: #993366;\">Evento:<\/span><\/h3>\n<p><a href=\"https:\/\/sites.usp.br\/nellpe\/wp-content\/uploads\/sites\/448\/2025\/03\/coloquio.jpeg\"><img loading=\"lazy\" decoding=\"async\" class=\"alignnone size-medium wp-image-445\" src=\"https:\/\/sites.usp.br\/nellpe\/wp-content\/uploads\/sites\/448\/2025\/03\/coloquio-212x300.jpeg\" alt=\"\" width=\"212\" height=\"300\" srcset=\"https:\/\/sites.usp.br\/nellpe\/wp-content\/uploads\/sites\/448\/2025\/03\/coloquio-212x300.jpeg 212w, https:\/\/sites.usp.br\/nellpe\/wp-content\/uploads\/sites\/448\/2025\/03\/coloquio-400x566.jpeg 400w, https:\/\/sites.usp.br\/nellpe\/wp-content\/uploads\/sites\/448\/2025\/03\/coloquio.jpeg 724w\" sizes=\"auto, (max-width: 212px) 100vw, 212px\" \/><\/a><\/p>\n<div class=\"container\">\n<div class=\"col-xs-3\">\n<div class=\"media\">\n<h3 class=\"media-body\"><span style=\"color: #993366;\">Lan\u00e7amento:<\/span><\/h3>\n<h6 class=\"mt-0\"><b><span style=\"color: #000000;\"><a style=\"color: #000000;\" title=\"Um\" href=\"http:\/\/livrariadaimprensa.uc.pt\/catalog_book.php?Idbook=1050\" target=\"_self\" rel=\"noopener noreferrer\">Um Senhor Tavares: ensaios e erros<\/a><\/span><br \/>\n<\/b><span style=\"color: #000000;\"><a style=\"font-family: 'Source Sans Pro', Helvetica, sans-serif; color: #000000;\" href=\"http:\/\/livrariadaimprensa.uc.pt\/authors_info.php?nameauthor=Lilian%20Jacoto\">Lilian Jacoto (org.)<\/a><\/span><\/h6>\n<p><a href=\"https:\/\/sites.usp.br\/nellpe\/wp-content\/uploads\/sites\/448\/2021\/02\/Livro-GMT-capa.png\"><img loading=\"lazy\" decoding=\"async\" class=\"alignnone wp-image-371\" src=\"https:\/\/sites.usp.br\/nellpe\/wp-content\/uploads\/sites\/448\/2021\/02\/Livro-GMT-capa-300x158.png\" alt=\"\" width=\"347\" height=\"183\" srcset=\"https:\/\/sites.usp.br\/nellpe\/wp-content\/uploads\/sites\/448\/2021\/02\/Livro-GMT-capa-300x158.png 300w, https:\/\/sites.usp.br\/nellpe\/wp-content\/uploads\/sites\/448\/2021\/02\/Livro-GMT-capa-400x210.png 400w, https:\/\/sites.usp.br\/nellpe\/wp-content\/uploads\/sites\/448\/2021\/02\/Livro-GMT-capa.png 600w\" sizes=\"auto, (max-width: 347px) 100vw, 347px\" \/><\/a><\/p>\n<p>ISBN:\u00a0978-989-26-1799-2<br \/>\neISBN:\u00a0978-989-26-1800-5<br \/>\nDOI:\u00a0<a title=\"10.14195\/978-989-26-1800-5\" href=\"https:\/\/doi.org\/10.14195\/978-989-26-1800-5\" target=\"_blank\" rel=\"noopener noreferrer\">10.14195\/978-989-26-1800-5<\/a><br \/>\nImprensa da Universidade de Coimbra<br \/>\nS\u00e9rie Investiga\u00e7\u00e3o<br \/>\n264 p.<br \/>\nAcesse o video de lan\u00e7amento<strong><a style=\"font-family: Bitter, Georgia, serif;\" href=\"http:\/\/https:\/\/youtu.be\/ufMR2bDwjrg\">aqui<\/a><\/strong><\/p>\n<\/div>\n<\/div>\n<\/div>\n","protected":false},"excerpt":{"rendered":"<p>Chamada de artigos &#8211; Revista Desassosego &nbsp; &nbsp; Evento: Lan\u00e7amento: Um Senhor Tavares: ensaios e erros Lilian Jacoto (org.) ISBN:\u00a0978-989-26-1799-2 eISBN:\u00a0978-989-26-1800-5 DOI:\u00a010.14195\/978-989-26-1800-5 Imprensa da Universidade de Coimbra S\u00e9rie Investiga\u00e7\u00e3o 264 p. Acesse o video de lan\u00e7amentoaqui<\/p>\n","protected":false},"author":1,"featured_media":184,"parent":0,"menu_order":0,"comment_status":"closed","ping_status":"closed","template":"","meta":{"footnotes":"","_links_to":"","_links_to_target":""},"class_list":["post-79","page","type-page","status-publish","has-post-thumbnail","hentry"],"_links":{"self":[{"href":"https:\/\/sites.usp.br\/nellpe\/wp-json\/wp\/v2\/pages\/79","targetHints":{"allow":["GET"]}}],"collection":[{"href":"https:\/\/sites.usp.br\/nellpe\/wp-json\/wp\/v2\/pages"}],"about":[{"href":"https:\/\/sites.usp.br\/nellpe\/wp-json\/wp\/v2\/types\/page"}],"author":[{"embeddable":true,"href":"https:\/\/sites.usp.br\/nellpe\/wp-json\/wp\/v2\/users\/1"}],"replies":[{"embeddable":true,"href":"https:\/\/sites.usp.br\/nellpe\/wp-json\/wp\/v2\/comments?post=79"}],"version-history":[{"count":5,"href":"https:\/\/sites.usp.br\/nellpe\/wp-json\/wp\/v2\/pages\/79\/revisions"}],"predecessor-version":[{"id":448,"href":"https:\/\/sites.usp.br\/nellpe\/wp-json\/wp\/v2\/pages\/79\/revisions\/448"}],"wp:featuredmedia":[{"embeddable":true,"href":"https:\/\/sites.usp.br\/nellpe\/wp-json\/wp\/v2\/media\/184"}],"wp:attachment":[{"href":"https:\/\/sites.usp.br\/nellpe\/wp-json\/wp\/v2\/media?parent=79"}],"curies":[{"name":"wp","href":"https:\/\/api.w.org\/{rel}","templated":true}]}}