{"id":145,"date":"2023-10-11T18:55:12","date_gmt":"2023-10-11T20:55:12","guid":{"rendered":"https:\/\/sites.usp.br\/nepaids\/?page_id=145"},"modified":"2025-09-01T13:55:53","modified_gmt":"2025-09-01T15:55:53","slug":"ensino","status":"publish","type":"page","link":"https:\/\/sites.usp.br\/nepaids\/ensino\/","title":{"rendered":"Ensino"},"content":{"rendered":"\t\t<div data-elementor-type=\"wp-page\" data-elementor-id=\"145\" class=\"elementor elementor-145\">\n\t\t\t\t\t\t<section class=\"elementor-section elementor-top-section elementor-element elementor-element-1ab2362e elementor-section-boxed elementor-section-height-default elementor-section-height-default\" data-id=\"1ab2362e\" data-element_type=\"section\">\n\t\t\t\t\t\t<div class=\"elementor-container elementor-column-gap-default\">\n\t\t\t\t\t<div class=\"elementor-column elementor-col-100 elementor-top-column elementor-element elementor-element-47fa06a3\" data-id=\"47fa06a3\" data-element_type=\"column\">\n\t\t\t<div class=\"elementor-widget-wrap elementor-element-populated\">\n\t\t\t\t\t\t<div class=\"elementor-element elementor-element-66153022 elementor-widget elementor-widget-text-editor\" data-id=\"66153022\" data-element_type=\"widget\" data-widget_type=\"text-editor.default\">\n\t\t\t\t<div class=\"elementor-widget-container\">\n\t\t\t\t\t\t\t<p><span style=\"color: #000000;\">Professores, ativistas de ONG e profissionais de sa\u00fade, na educa\u00e7\u00e3o e assist\u00eancia social associados a rede do NEPAIDS seguem ensinando em seus lugares de trabalho, por meio de cursos regulares, de f\u00e9rias, de extens\u00e3o cultural e no formato de capacita\u00e7\u00e3o\u00a0 no \u00e2mbito de projetos pesquisa os fundamentos da preven\u00e7\u00e3o no quadro dos direitos humanos e vulnerabilidade, que valorizam a dialogia e a participa\u00e7\u00e3o. Alguns exemplos de cursos realizados nos anos 1990 pelos pesquisadores sediados na USP.<\/span><\/p>\t\t\t\t\t\t<\/div>\n\t\t\t\t<\/div>\n\t\t\t\t\t<\/div>\n\t\t<\/div>\n\t\t\t\t\t<\/div>\n\t\t<\/section>\n\t\t\t\t<\/div>\n\t\t","protected":false},"excerpt":{"rendered":"<p>Professores, ativistas de ONG e profissionais de sa\u00fade, na educa\u00e7\u00e3o e assist\u00eancia social associados a rede do NEPAIDS seguem ensinando em seus lugares de trabalho, por meio de cursos regulares, de f\u00e9rias, de extens\u00e3o cultural e no formato de capacita\u00e7\u00e3o\u00a0 no \u00e2mbito de projetos pesquisa os fundamentos da preven\u00e7\u00e3o no quadro dos direitos humanos e<a href=\"https:\/\/sites.usp.br\/nepaids\/ensino\/\">[&#8230;]<\/a><\/p>\n","protected":false},"author":23812,"featured_media":0,"parent":0,"menu_order":0,"comment_status":"closed","ping_status":"closed","template":"","meta":{"footnotes":"","_links_to":"","_links_to_target":""},"class_list":["post-145","page","type-page","status-publish","hentry"],"_links":{"self":[{"href":"https:\/\/sites.usp.br\/nepaids\/wp-json\/wp\/v2\/pages\/145","targetHints":{"allow":["GET"]}}],"collection":[{"href":"https:\/\/sites.usp.br\/nepaids\/wp-json\/wp\/v2\/pages"}],"about":[{"href":"https:\/\/sites.usp.br\/nepaids\/wp-json\/wp\/v2\/types\/page"}],"author":[{"embeddable":true,"href":"https:\/\/sites.usp.br\/nepaids\/wp-json\/wp\/v2\/users\/23812"}],"replies":[{"embeddable":true,"href":"https:\/\/sites.usp.br\/nepaids\/wp-json\/wp\/v2\/comments?post=145"}],"version-history":[{"count":4,"href":"https:\/\/sites.usp.br\/nepaids\/wp-json\/wp\/v2\/pages\/145\/revisions"}],"predecessor-version":[{"id":517,"href":"https:\/\/sites.usp.br\/nepaids\/wp-json\/wp\/v2\/pages\/145\/revisions\/517"}],"wp:attachment":[{"href":"https:\/\/sites.usp.br\/nepaids\/wp-json\/wp\/v2\/media?parent=145"}],"curies":[{"name":"wp","href":"https:\/\/api.w.org\/{rel}","templated":true}]}}