{"id":150,"date":"2023-10-11T19:15:44","date_gmt":"2023-10-11T21:15:44","guid":{"rendered":"https:\/\/sites.usp.br\/nepaids\/?page_id=150"},"modified":"2025-08-28T11:11:26","modified_gmt":"2025-08-28T13:11:26","slug":"sobre-o-nepaids","status":"publish","type":"page","link":"https:\/\/sites.usp.br\/nepaids\/sobre-o-nepaids\/","title":{"rendered":"Sobre o NEPAIDS"},"content":{"rendered":"\t\t<div data-elementor-type=\"wp-page\" data-elementor-id=\"150\" class=\"elementor elementor-150\">\n\t\t\t\t\t\t<section class=\"elementor-section elementor-top-section elementor-element elementor-element-425fc2e2 elementor-section-boxed elementor-section-height-default elementor-section-height-default\" data-id=\"425fc2e2\" data-element_type=\"section\">\n\t\t\t\t\t\t<div class=\"elementor-container elementor-column-gap-default\">\n\t\t\t\t\t<div class=\"elementor-column elementor-col-100 elementor-top-column elementor-element elementor-element-2236270d\" data-id=\"2236270d\" data-element_type=\"column\">\n\t\t\t<div class=\"elementor-widget-wrap elementor-element-populated\">\n\t\t\t\t\t\t<div class=\"elementor-element elementor-element-23ff6ebc elementor-widget elementor-widget-text-editor\" data-id=\"23ff6ebc\" data-element_type=\"widget\" data-widget_type=\"text-editor.default\">\n\t\t\t\t<div class=\"elementor-widget-container\">\n\t\t\t\t\t\t\t<p><span style=\"color: #000000;\">Desde o in\u00edcio dos anos 1990, as pessoas na rede do NEPAIDS-USP dedicaram-se \u00e0 dissemina\u00e7\u00e3o de informa\u00e7\u00f5es cient\u00edfica e tecnologicamente atualizadas, combatendo a desinforma\u00e7\u00e3o em rede com organiza\u00e7\u00f5es n\u00e3o-governamentais e programas governamentais de Aids.<\/span><\/p><p><span style=\"color: #000000;\">Adotando abordagens baseadas em direitos humanos para a pesquisa e a\u00e7\u00f5es de preven\u00e7\u00e3o examinamos os contextos, as trajet\u00f3rias e cenas que produzem a sinergia entre doen\u00e7as e multiplicam danos, implicadas na desigualdade e a injusti\u00e7a que estruturam a vulnerabilidade pessoal,\u00a0 social e program\u00e1tica\u00a0 \u00e0\u00a0 infec\u00e7\u00e3o por IST\/HIV e ao adoecimento por Aids.<\/span><\/p><p><span style=\"color: #000000;\">Nos dedicamos \u00e0 forma\u00e7\u00e3o no quadro da vulnerabilidade entendida em seus aspectos sociais, program\u00e1ticos e individuais e \u00e0 co-constru\u00e7\u00e3o de compet\u00eancias transversais em a\u00e7\u00f5es de preven\u00e7\u00e3o. Sem perder de vista a constru\u00e7\u00e3o simb\u00f3lica da Aids e processos de estigma e discrimina\u00e7\u00e3o, estimulamos o respeito democr\u00e1tico \u00e0s diferentes cren\u00e7as, identidades de g\u00eanero e sexuais, tradi\u00e7\u00f5es religiosas e identidades \u00e9tnico-raciais, contribuindo para a elabora\u00e7\u00e3o de pol\u00edticas p\u00fablicas intersetoriais no \u00e2mbito do Estado laico e apoiando pr\u00e1ticas adaptadas a diferentes contextos da vida cotidiana.<\/span><\/p><p>\u00a0<\/p>\t\t\t\t\t\t<\/div>\n\t\t\t\t<\/div>\n\t\t\t\t\t<\/div>\n\t\t<\/div>\n\t\t\t\t\t<\/div>\n\t\t<\/section>\n\t\t\t\t<\/div>\n\t\t","protected":false},"excerpt":{"rendered":"<p>Desde o in\u00edcio dos anos 1990, as pessoas na rede do NEPAIDS-USP dedicaram-se \u00e0 dissemina\u00e7\u00e3o de informa\u00e7\u00f5es cient\u00edfica e tecnologicamente atualizadas, combatendo a desinforma\u00e7\u00e3o em rede com organiza\u00e7\u00f5es n\u00e3o-governamentais e programas governamentais de Aids. Adotando abordagens baseadas em direitos humanos para a pesquisa e a\u00e7\u00f5es de preven\u00e7\u00e3o examinamos os contextos, as trajet\u00f3rias e cenas que<a href=\"https:\/\/sites.usp.br\/nepaids\/sobre-o-nepaids\/\">[&#8230;]<\/a><\/p>\n","protected":false},"author":23812,"featured_media":0,"parent":0,"menu_order":0,"comment_status":"closed","ping_status":"closed","template":"","meta":{"footnotes":"","_links_to":"","_links_to_target":""},"class_list":["post-150","page","type-page","status-publish","hentry"],"_links":{"self":[{"href":"https:\/\/sites.usp.br\/nepaids\/wp-json\/wp\/v2\/pages\/150","targetHints":{"allow":["GET"]}}],"collection":[{"href":"https:\/\/sites.usp.br\/nepaids\/wp-json\/wp\/v2\/pages"}],"about":[{"href":"https:\/\/sites.usp.br\/nepaids\/wp-json\/wp\/v2\/types\/page"}],"author":[{"embeddable":true,"href":"https:\/\/sites.usp.br\/nepaids\/wp-json\/wp\/v2\/users\/23812"}],"replies":[{"embeddable":true,"href":"https:\/\/sites.usp.br\/nepaids\/wp-json\/wp\/v2\/comments?post=150"}],"version-history":[{"count":4,"href":"https:\/\/sites.usp.br\/nepaids\/wp-json\/wp\/v2\/pages\/150\/revisions"}],"predecessor-version":[{"id":393,"href":"https:\/\/sites.usp.br\/nepaids\/wp-json\/wp\/v2\/pages\/150\/revisions\/393"}],"wp:attachment":[{"href":"https:\/\/sites.usp.br\/nepaids\/wp-json\/wp\/v2\/media?parent=150"}],"curies":[{"name":"wp","href":"https:\/\/api.w.org\/{rel}","templated":true}]}}