{"id":154,"date":"2023-10-11T19:15:45","date_gmt":"2023-10-11T21:15:45","guid":{"rendered":"https:\/\/sites.usp.br\/nepaids\/?page_id=154"},"modified":"2025-09-01T13:24:06","modified_gmt":"2025-09-01T15:24:06","slug":"cartilhas-e-livretos","status":"publish","type":"page","link":"https:\/\/sites.usp.br\/nepaids\/cartilhas-e-livretos\/","title":{"rendered":"Cartilhas e Livretos"},"content":{"rendered":"\t\t<div data-elementor-type=\"wp-page\" data-elementor-id=\"154\" class=\"elementor elementor-154\">\n\t\t\t\t\t\t<section class=\"elementor-section elementor-top-section elementor-element elementor-element-38bb330d elementor-section-boxed elementor-section-height-default elementor-section-height-default\" data-id=\"38bb330d\" data-element_type=\"section\">\n\t\t\t\t\t\t<div class=\"elementor-container elementor-column-gap-default\">\n\t\t\t\t\t<div class=\"elementor-column elementor-col-100 elementor-top-column elementor-element elementor-element-4a1f5e34\" data-id=\"4a1f5e34\" data-element_type=\"column\">\n\t\t\t<div class=\"elementor-widget-wrap elementor-element-populated\">\n\t\t\t\t\t\t<div class=\"elementor-element elementor-element-41266482 elementor-widget elementor-widget-text-editor\" data-id=\"41266482\" data-element_type=\"widget\" data-widget_type=\"text-editor.default\">\n\t\t\t\t<div class=\"elementor-widget-container\">\n\t\t\t\t\t\t\t<p><span style=\"color: #000000;\">Materiais publicados na primeira d\u00e9cada do NEPAIDS, entre 1996 e 2002.<\/span><\/p><ul><li><strong><span style=\"color: #000000;\">Preven\u00e7\u00e3o ao Abuso de Drogas em A\u00e7\u00f5es de Sa\u00fade e Educa\u00e7\u00e3o<\/span><\/strong><\/li><\/ul><p><span style=\"color: #000000;\">Figueiredo R (Org.). S\u00e3o Paulo: Nepaids, 2002.<\/span> <a href=\"https:\/\/drive.google.com\/file\/d\/1Pyj9-sSVZcQOYtOJxQoAEyYY7jpwuf9M\/view?usp=sharing\" target=\"_blank\" rel=\"noopener\">Dispon\u00edvel para download<\/a>.\u00a0<\/p><p>\u00a0<\/p><ul><li><strong><span style=\"color: #000000;\">T\u00e1 dif\u00edcil de engolir? Experi\u00eancias de ades\u00e3o ao tratamento anti-retroviral em S\u00e3o Paulo<\/span><\/strong><\/li><\/ul><p><span style=\"color: #000000;\">Teixeira PR, Paiva V, Shimma E. S\u00e3o Paulo: Nepaids. 2000.<\/span> <a href=\"https:\/\/drive.google.com\/file\/d\/1-mtq4s3z9otTeKzSvEwEJm6Hwka_fWIR\/view?usp=sharing\" target=\"_blank\" rel=\"noopener\">Dispon\u00edvel para dowload.<\/a>\u00a0<\/p><p>\u00a0<\/p><ul><li><strong><span style=\"color: #000000;\">Crian\u00e7a e Aids: ensaios e experi\u00eancias<\/span><\/strong><\/li><\/ul><p><span style=\"color: #000000;\">Castro e Silva CR (Org.). S\u00e3o Paulo: Nepaids, CRT DTS\/Aids, Unicsul, 1999.<\/span> <a href=\"https:\/\/drive.google.com\/file\/d\/1BzffHLB90eWIdIN7u2L8myuZ9agTCeN5\/view?usp=sharing\" target=\"_blank\" rel=\"noopener\">Dispon\u00edvel para download.<\/a>\u00a0<\/p><p>\u00a0<\/p><ul><li><strong><span style=\"color: #000000;\">Preven\u00e7\u00e3o \u00e0s DST\/AIDS em A\u00e7\u00f5es de Sa\u00fade e Educa\u00e7\u00e3o<\/span><\/strong><\/li><\/ul><p><span style=\"color: #000000;\">Figueiredo R (Org.). S\u00e3o Paulo: Nepaids, 1998.<\/span> <a href=\"https:\/\/drive.google.com\/file\/d\/1mbdfV5RNH6gIyJtwqd3klEJ3ZuTFOL_m\/view?usp=sharing\" target=\"_blank\" rel=\"noopener\">Dispon\u00edvel para download.<\/a>\u00a0<\/p><p>\u00a0<\/p><ul><li><strong><span style=\"color: #000000;\">Homens que fazem sexo com mulheres<\/span><\/strong><\/li><\/ul><p><span style=\"color: #000000;\">Villela W (Org.). S\u00e3o Paulo: Nepaids, 1997.<\/span> <a href=\"https:\/\/drive.google.com\/file\/d\/1UEtL0VtRG1E7IGW-uuqif1N4ze-8VPjk\/view?usp=sharing\" target=\"_blank\" rel=\"noopener\">Dispon\u00edvel para download.<\/a>\u00a0<\/p><p>\u00a0<\/p><ul><li><strong><span style=\"color: #000000;\">Mulheres e Aids: ambiguidades e contradi\u00e7\u00f5es<\/span><\/strong><\/li><\/ul><p><span style=\"color: #000000;\">Villela W (Org.). S\u00e3o Paulo: Nepaids, 1997.<\/span> <a href=\"https:\/\/drive.google.com\/file\/d\/1Vfd1inDcLUtClcLaGILcImLULoi1VjrU\/view?usp=sharing\" target=\"_blank\" rel=\"noopener\">Dispon\u00edvel para download.<\/a>\u00a0<\/p><p>\u00a0<\/p><ul><li><strong><span style=\"color: #000000;\">Fala garota, fala garoto<\/span><\/strong><\/li><\/ul><p><span style=\"color: #000000;\">Programa de DST\/Aids, Secretaria de Sa\u00fade de SP. 1996.<\/span> <a href=\"https:\/\/drive.google.com\/file\/d\/1iAAHz9NTzP2BZ8F82zDeTearoOmni5mg\/view?usp=sharing\" target=\"_blank\" rel=\"noopener\">Dispon\u00edvel para download.<\/a>\u00a0<\/p><p>\u00a0<\/p><ul><li><strong><span style=\"color: #000000;\">Vulnerabilidade e avalia\u00e7\u00e3o de a\u00e7\u00f5es preventivas<\/span><\/strong><\/li><\/ul><p><span style=\"color: #000000;\">Ayres JRCM. S\u00e3o Paulo: Casa de edi\u00e7\u00e3o, 1996.<\/span> <a href=\"https:\/\/drive.google.com\/file\/d\/1gi9KNKRfymYw1Th-n8jl2fayqb_zkmGJ\/view?usp=sharing\" target=\"_blank\" rel=\"noopener\">Dispon\u00edvel para download.<\/a><\/p>\t\t\t\t\t\t<\/div>\n\t\t\t\t<\/div>\n\t\t\t\t\t<\/div>\n\t\t<\/div>\n\t\t\t\t\t<\/div>\n\t\t<\/section>\n\t\t\t\t<\/div>\n\t\t","protected":false},"excerpt":{"rendered":"<p>Materiais publicados na primeira d\u00e9cada do NEPAIDS, entre 1996 e 2002. Preven\u00e7\u00e3o ao Abuso de Drogas em A\u00e7\u00f5es de Sa\u00fade e Educa\u00e7\u00e3o Figueiredo R (Org.). S\u00e3o Paulo: Nepaids, 2002. Dispon\u00edvel para download.\u00a0 \u00a0 T\u00e1 dif\u00edcil de engolir? Experi\u00eancias de ades\u00e3o ao tratamento anti-retroviral em S\u00e3o Paulo Teixeira PR, Paiva V, Shimma E. S\u00e3o Paulo: Nepaids.<a href=\"https:\/\/sites.usp.br\/nepaids\/cartilhas-e-livretos\/\">[&#8230;]<\/a><\/p>\n","protected":false},"author":23812,"featured_media":0,"parent":0,"menu_order":0,"comment_status":"closed","ping_status":"closed","template":"","meta":{"footnotes":"","_links_to":"","_links_to_target":""},"class_list":["post-154","page","type-page","status-publish","hentry"],"_links":{"self":[{"href":"https:\/\/sites.usp.br\/nepaids\/wp-json\/wp\/v2\/pages\/154","targetHints":{"allow":["GET"]}}],"collection":[{"href":"https:\/\/sites.usp.br\/nepaids\/wp-json\/wp\/v2\/pages"}],"about":[{"href":"https:\/\/sites.usp.br\/nepaids\/wp-json\/wp\/v2\/types\/page"}],"author":[{"embeddable":true,"href":"https:\/\/sites.usp.br\/nepaids\/wp-json\/wp\/v2\/users\/23812"}],"replies":[{"embeddable":true,"href":"https:\/\/sites.usp.br\/nepaids\/wp-json\/wp\/v2\/comments?post=154"}],"version-history":[{"count":4,"href":"https:\/\/sites.usp.br\/nepaids\/wp-json\/wp\/v2\/pages\/154\/revisions"}],"predecessor-version":[{"id":491,"href":"https:\/\/sites.usp.br\/nepaids\/wp-json\/wp\/v2\/pages\/154\/revisions\/491"}],"wp:attachment":[{"href":"https:\/\/sites.usp.br\/nepaids\/wp-json\/wp\/v2\/media?parent=154"}],"curies":[{"name":"wp","href":"https:\/\/api.w.org\/{rel}","templated":true}]}}