{"id":454,"date":"2025-09-01T12:52:13","date_gmt":"2025-09-01T14:52:13","guid":{"rendered":"https:\/\/sites.usp.br\/nepaids\/?page_id=454"},"modified":"2025-09-01T13:49:13","modified_gmt":"2025-09-01T15:49:13","slug":"suplementos-de-revistas","status":"publish","type":"page","link":"https:\/\/sites.usp.br\/nepaids\/suplementos-de-revistas\/","title":{"rendered":"Suplementos de Revistas"},"content":{"rendered":"\t\t<div data-elementor-type=\"wp-page\" data-elementor-id=\"454\" class=\"elementor elementor-454\">\n\t\t\t\t\t\t<section class=\"elementor-section elementor-top-section elementor-element elementor-element-3340463 elementor-section-boxed elementor-section-height-default elementor-section-height-default\" data-id=\"3340463\" data-element_type=\"section\">\n\t\t\t\t\t\t<div class=\"elementor-container elementor-column-gap-default\">\n\t\t\t\t\t<div class=\"elementor-column elementor-col-100 elementor-top-column elementor-element elementor-element-41352ba\" data-id=\"41352ba\" data-element_type=\"column\">\n\t\t\t<div class=\"elementor-widget-wrap elementor-element-populated\">\n\t\t\t\t\t\t<div class=\"elementor-element elementor-element-db8bcb4 elementor-widget elementor-widget-text-editor\" data-id=\"db8bcb4\" data-element_type=\"widget\" data-widget_type=\"text-editor.default\">\n\t\t\t\t<div class=\"elementor-widget-container\">\n\t\t\t\t\t\t\t<p><span style=\"color: #000000;\">Os pesquisadores filiados ao NEPAIDS-USP tradicionalmente participam de suplementos e dossi\u00eas especiais de Revistas Cient\u00edficas, com revis\u00e3o de pares acad\u00eamicos, incluindo resultados de pesquisa no \u00e2mbito da resposta \u00e0 aids. Marcaram \u00e9poca pelo ineditismo os primeiros que organizamos ou co-organizamos com resultados de projetos de pesquisa.<\/span><\/p><p><span style=\"color: #000000;\">Temas psicol. vol.21 no.3 Ribeir\u00e3o Preto, dez. 2013.<\/span> <span style=\"color: #000000;\">Dispon\u00edvel em:<br \/><\/span> <a href=\"https:\/\/pepsic.bvsalud.org\/scielo.php?script=sci_issuetoc&amp;pid=1413-389X20130003&amp;lng=pt&amp;nrm=i\" target=\"_blank\" rel=\"noopener\">https:\/\/pepsic.bvsalud.org\/scielo.php?script=sci_issuetoc&amp;pid=1413-389X20130003&amp;lng=pt&amp;nrm=i<\/a>.<\/p><p>\u00a0<\/p>\t\t\t\t\t\t<\/div>\n\t\t\t\t<\/div>\n\t\t\t\t\t<\/div>\n\t\t<\/div>\n\t\t\t\t\t<\/div>\n\t\t<\/section>\n\t\t\t\t<section class=\"elementor-section elementor-top-section elementor-element elementor-element-62469f9 elementor-section-boxed elementor-section-height-default elementor-section-height-default\" data-id=\"62469f9\" data-element_type=\"section\">\n\t\t\t\t\t\t<div class=\"elementor-container elementor-column-gap-default\">\n\t\t\t\t\t<div class=\"elementor-column elementor-col-33 elementor-top-column elementor-element elementor-element-5992984\" data-id=\"5992984\" data-element_type=\"column\">\n\t\t\t<div class=\"elementor-widget-wrap elementor-element-populated\">\n\t\t\t\t\t\t<div class=\"elementor-element elementor-element-919f486 elementor-widget elementor-widget-image\" data-id=\"919f486\" data-element_type=\"widget\" data-widget_type=\"image.default\">\n\t\t\t\t<div class=\"elementor-widget-container\">\n\t\t\t\t\t\t\t\t\t\t\t\t\t<img fetchpriority=\"high\" decoding=\"async\" width=\"640\" height=\"939\" src=\"https:\/\/sites.usp.br\/nepaids\/wp-content\/uploads\/sites\/1371\/2025\/09\/publicacoes_suplemento-img01-698x1024.jpg\" class=\"attachment-large size-large wp-image-501\" alt=\"\" srcset=\"https:\/\/sites.usp.br\/nepaids\/wp-content\/uploads\/sites\/1371\/2025\/09\/publicacoes_suplemento-img01-698x1024.jpg 698w, https:\/\/sites.usp.br\/nepaids\/wp-content\/uploads\/sites\/1371\/2025\/09\/publicacoes_suplemento-img01-205x300.jpg 205w, https:\/\/sites.usp.br\/nepaids\/wp-content\/uploads\/sites\/1371\/2025\/09\/publicacoes_suplemento-img01-768x1127.jpg 768w, https:\/\/sites.usp.br\/nepaids\/wp-content\/uploads\/sites\/1371\/2025\/09\/publicacoes_suplemento-img01-400x587.jpg 400w, https:\/\/sites.usp.br\/nepaids\/wp-content\/uploads\/sites\/1371\/2025\/09\/publicacoes_suplemento-img01.jpg 814w\" sizes=\"(max-width: 640px) 100vw, 640px\" \/>\t\t\t\t\t\t\t\t\t\t\t\t\t<\/div>\n\t\t\t\t<\/div>\n\t\t\t\t\t<\/div>\n\t\t<\/div>\n\t\t\t\t<div class=\"elementor-column elementor-col-66 elementor-top-column elementor-element elementor-element-9cd36f0\" data-id=\"9cd36f0\" data-element_type=\"column\">\n\t\t\t<div class=\"elementor-widget-wrap elementor-element-populated\">\n\t\t\t\t\t\t<div class=\"elementor-element elementor-element-a3ae561 elementor-widget elementor-widget-text-editor\" data-id=\"a3ae561\" data-element_type=\"widget\" data-widget_type=\"text-editor.default\">\n\t\t\t\t<div class=\"elementor-widget-container\">\n\t\t\t\t\t\t\t<p><span style=\"color: #000000;\">Experi\u00eancias no campo de pesquisa com popula\u00e7\u00f5es vulner\u00e1veis ao HIV\/Aids no Brasil. RSP Volume 41, (suppl 2), 2007. Dispon\u00edvel em:<\/span><br \/><a href=\"https:\/\/rsp.fsp.usp.br\/pt-br\/artigos-volume\/?yr=2007&amp;vol=41&amp;issue=suppl%202\" target=\"_blank\" rel=\"noopener\">https:\/\/rsp.fsp.usp.br\/pt-br\/artigos-volume\/?yr=2007&amp;vol=41&amp;issue=suppl%202<\/a>.<\/p>\t\t\t\t\t\t<\/div>\n\t\t\t\t<\/div>\n\t\t\t\t\t<\/div>\n\t\t<\/div>\n\t\t\t\t\t<\/div>\n\t\t<\/section>\n\t\t\t\t<section class=\"elementor-section elementor-top-section elementor-element elementor-element-4b5ebe6 elementor-section-boxed elementor-section-height-default elementor-section-height-default\" data-id=\"4b5ebe6\" data-element_type=\"section\">\n\t\t\t\t\t\t<div class=\"elementor-container elementor-column-gap-default\">\n\t\t\t\t\t<div class=\"elementor-column elementor-col-33 elementor-top-column elementor-element elementor-element-99aed73\" data-id=\"99aed73\" data-element_type=\"column\">\n\t\t\t<div class=\"elementor-widget-wrap elementor-element-populated\">\n\t\t\t\t\t\t<div class=\"elementor-element elementor-element-e9e2326 elementor-widget elementor-widget-image\" data-id=\"e9e2326\" data-element_type=\"widget\" data-widget_type=\"image.default\">\n\t\t\t\t<div class=\"elementor-widget-container\">\n\t\t\t\t\t\t\t\t\t\t\t\t\t<img decoding=\"async\" width=\"640\" height=\"895\" src=\"https:\/\/sites.usp.br\/nepaids\/wp-content\/uploads\/sites\/1371\/2025\/09\/publicacoes_suplemento-img02-732x1024.jpg\" class=\"attachment-large size-large wp-image-505\" alt=\"\" srcset=\"https:\/\/sites.usp.br\/nepaids\/wp-content\/uploads\/sites\/1371\/2025\/09\/publicacoes_suplemento-img02-732x1024.jpg 732w, https:\/\/sites.usp.br\/nepaids\/wp-content\/uploads\/sites\/1371\/2025\/09\/publicacoes_suplemento-img02-214x300.jpg 214w, https:\/\/sites.usp.br\/nepaids\/wp-content\/uploads\/sites\/1371\/2025\/09\/publicacoes_suplemento-img02-768x1075.jpg 768w, https:\/\/sites.usp.br\/nepaids\/wp-content\/uploads\/sites\/1371\/2025\/09\/publicacoes_suplemento-img02-400x560.jpg 400w, https:\/\/sites.usp.br\/nepaids\/wp-content\/uploads\/sites\/1371\/2025\/09\/publicacoes_suplemento-img02.jpg 848w\" sizes=\"(max-width: 640px) 100vw, 640px\" \/>\t\t\t\t\t\t\t\t\t\t\t\t\t<\/div>\n\t\t\t\t<\/div>\n\t\t\t\t\t<\/div>\n\t\t<\/div>\n\t\t\t\t<div class=\"elementor-column elementor-col-66 elementor-top-column elementor-element elementor-element-3d987a7\" data-id=\"3d987a7\" data-element_type=\"column\">\n\t\t\t<div class=\"elementor-widget-wrap elementor-element-populated\">\n\t\t\t\t\t\t<div class=\"elementor-element elementor-element-62c4f0d elementor-widget elementor-widget-text-editor\" data-id=\"62c4f0d\" data-element_type=\"widget\" data-widget_type=\"text-editor.default\">\n\t\t\t\t<div class=\"elementor-widget-container\">\n\t\t\t\t\t\t\t<p><span style=\"color: #000000;\">Declara\u00e7\u00e3o das Na\u00e7\u00f5es Unidas sobre HIV e Aids: balan\u00e7o da resposta brasileira, 2001-2005. RSP Volume 40, (suppl), 2006. Dispon\u00edvel em:<\/span> <br \/><a href=\"https:\/\/rsp.fsp.usp.br\/pt-br\/artigos-volume\/?yr=2006&amp;vol=40&amp;issue=suppl\" target=\"_blank\" rel=\"noopener\">https:\/\/rsp.fsp.usp.br\/pt-br\/artigos-volume\/?yr=2006&amp;vol=40&amp;issue=suppl<\/a>.<\/p>\t\t\t\t\t\t<\/div>\n\t\t\t\t<\/div>\n\t\t\t\t\t<\/div>\n\t\t<\/div>\n\t\t\t\t\t<\/div>\n\t\t<\/section>\n\t\t\t\t<section class=\"elementor-section elementor-top-section elementor-element elementor-element-6739c7f elementor-section-boxed elementor-section-height-default elementor-section-height-default\" data-id=\"6739c7f\" data-element_type=\"section\">\n\t\t\t\t\t\t<div class=\"elementor-container elementor-column-gap-default\">\n\t\t\t\t\t<div class=\"elementor-column elementor-col-33 elementor-top-column elementor-element elementor-element-2c98b9c\" data-id=\"2c98b9c\" data-element_type=\"column\">\n\t\t\t<div class=\"elementor-widget-wrap elementor-element-populated\">\n\t\t\t\t\t\t<div class=\"elementor-element elementor-element-d28b5db elementor-widget elementor-widget-image\" data-id=\"d28b5db\" data-element_type=\"widget\" data-widget_type=\"image.default\">\n\t\t\t\t<div class=\"elementor-widget-container\">\n\t\t\t\t\t\t\t\t\t\t\t\t\t<img decoding=\"async\" width=\"640\" height=\"853\" src=\"https:\/\/sites.usp.br\/nepaids\/wp-content\/uploads\/sites\/1371\/2025\/09\/publicacoes_suplemento-img03-768x1024.jpg\" class=\"attachment-large size-large wp-image-506\" alt=\"\" srcset=\"https:\/\/sites.usp.br\/nepaids\/wp-content\/uploads\/sites\/1371\/2025\/09\/publicacoes_suplemento-img03-768x1024.jpg 768w, https:\/\/sites.usp.br\/nepaids\/wp-content\/uploads\/sites\/1371\/2025\/09\/publicacoes_suplemento-img03-225x300.jpg 225w, https:\/\/sites.usp.br\/nepaids\/wp-content\/uploads\/sites\/1371\/2025\/09\/publicacoes_suplemento-img03-400x533.jpg 400w, https:\/\/sites.usp.br\/nepaids\/wp-content\/uploads\/sites\/1371\/2025\/09\/publicacoes_suplemento-img03.jpg 960w\" sizes=\"(max-width: 640px) 100vw, 640px\" \/>\t\t\t\t\t\t\t\t\t\t\t\t\t<\/div>\n\t\t\t\t<\/div>\n\t\t\t\t\t<\/div>\n\t\t<\/div>\n\t\t\t\t<div class=\"elementor-column elementor-col-66 elementor-top-column elementor-element elementor-element-eb3a44c\" data-id=\"eb3a44c\" data-element_type=\"column\">\n\t\t\t<div class=\"elementor-widget-wrap elementor-element-populated\">\n\t\t\t\t\t\t<div class=\"elementor-element elementor-element-265dfe2 elementor-widget elementor-widget-text-editor\" data-id=\"265dfe2\" data-element_type=\"widget\" data-widget_type=\"text-editor.default\">\n\t\t\t\t<div class=\"elementor-widget-container\">\n\t\t\t\t\t\t\t<p><span style=\"color: #000000;\">A resposta brasileira ao HIV\/Aids: analisando sua transferibilidade. Divulga\u00e7\u00e3o em Sa\u00fade para Debate, n.27, 2003.<\/span><\/p>\t\t\t\t\t\t<\/div>\n\t\t\t\t<\/div>\n\t\t\t\t\t<\/div>\n\t\t<\/div>\n\t\t\t\t\t<\/div>\n\t\t<\/section>\n\t\t\t\t<section class=\"elementor-section elementor-top-section elementor-element elementor-element-fd1bb05 elementor-section-boxed elementor-section-height-default elementor-section-height-default\" data-id=\"fd1bb05\" data-element_type=\"section\">\n\t\t\t\t\t\t<div class=\"elementor-container elementor-column-gap-default\">\n\t\t\t\t\t<div class=\"elementor-column elementor-col-33 elementor-top-column elementor-element elementor-element-8d03e30\" data-id=\"8d03e30\" data-element_type=\"column\">\n\t\t\t<div class=\"elementor-widget-wrap elementor-element-populated\">\n\t\t\t\t\t\t<div class=\"elementor-element elementor-element-cba1aa5 elementor-widget elementor-widget-image\" data-id=\"cba1aa5\" data-element_type=\"widget\" data-widget_type=\"image.default\">\n\t\t\t\t<div class=\"elementor-widget-container\">\n\t\t\t\t\t\t\t\t\t\t\t\t\t<img loading=\"lazy\" decoding=\"async\" width=\"640\" height=\"906\" src=\"https:\/\/sites.usp.br\/nepaids\/wp-content\/uploads\/sites\/1371\/2025\/09\/publicacoes_suplemento-img04-723x1024.jpg\" class=\"attachment-large size-large wp-image-507\" alt=\"\" srcset=\"https:\/\/sites.usp.br\/nepaids\/wp-content\/uploads\/sites\/1371\/2025\/09\/publicacoes_suplemento-img04-723x1024.jpg 723w, https:\/\/sites.usp.br\/nepaids\/wp-content\/uploads\/sites\/1371\/2025\/09\/publicacoes_suplemento-img04-212x300.jpg 212w, https:\/\/sites.usp.br\/nepaids\/wp-content\/uploads\/sites\/1371\/2025\/09\/publicacoes_suplemento-img04-768x1087.jpg 768w, https:\/\/sites.usp.br\/nepaids\/wp-content\/uploads\/sites\/1371\/2025\/09\/publicacoes_suplemento-img04-400x566.jpg 400w, https:\/\/sites.usp.br\/nepaids\/wp-content\/uploads\/sites\/1371\/2025\/09\/publicacoes_suplemento-img04.jpg 770w\" sizes=\"(max-width: 640px) 100vw, 640px\" \/>\t\t\t\t\t\t\t\t\t\t\t\t\t<\/div>\n\t\t\t\t<\/div>\n\t\t\t\t\t<\/div>\n\t\t<\/div>\n\t\t\t\t<div class=\"elementor-column elementor-col-66 elementor-top-column elementor-element elementor-element-6b579cc\" data-id=\"6b579cc\" data-element_type=\"column\">\n\t\t\t<div class=\"elementor-widget-wrap elementor-element-populated\">\n\t\t\t\t\t\t<div class=\"elementor-element elementor-element-59c7923 elementor-widget elementor-widget-text-editor\" data-id=\"59c7923\" data-element_type=\"widget\" data-widget_type=\"text-editor.default\">\n\t\t\t\t<div class=\"elementor-widget-container\">\n\t\t\t\t\t\t\t<p><span style=\"color: #000000;\">Preven\u00e7\u00e3o do HIV em contexto de vulnerabilidade social. RSP Volume 36, (4 suppl), 2002. Dispon\u00edvel em:<br \/><\/span> <a href=\"https:\/\/rsp.fsp.usp.br\/pt-br\/artigos-volume\/?yr=2002&amp;vol=36&amp;issue=4%20suppl\" target=\"_blank\" rel=\"noopener\">https:\/\/rsp.fsp.usp.br\/pt-br\/artigos-volume\/?yr=2002&amp;vol=36&amp;issue=4%20suppl<\/a>.<\/p>\t\t\t\t\t\t<\/div>\n\t\t\t\t<\/div>\n\t\t\t\t\t<\/div>\n\t\t<\/div>\n\t\t\t\t\t<\/div>\n\t\t<\/section>\n\t\t\t\t<\/div>\n\t\t","protected":false},"excerpt":{"rendered":"<p>Os pesquisadores filiados ao NEPAIDS-USP tradicionalmente participam de suplementos e dossi\u00eas especiais de Revistas Cient\u00edficas, com revis\u00e3o de pares acad\u00eamicos, incluindo resultados de pesquisa no \u00e2mbito da resposta \u00e0 aids. Marcaram \u00e9poca pelo ineditismo os primeiros que organizamos ou co-organizamos com resultados de projetos de pesquisa. Temas psicol. vol.21 no.3 Ribeir\u00e3o Preto, dez. 2013. Dispon\u00edvel<a href=\"https:\/\/sites.usp.br\/nepaids\/suplementos-de-revistas\/\">[&#8230;]<\/a><\/p>\n","protected":false},"author":22212,"featured_media":0,"parent":0,"menu_order":0,"comment_status":"closed","ping_status":"closed","template":"","meta":{"footnotes":"","_links_to":"","_links_to_target":""},"class_list":["post-454","page","type-page","status-publish","hentry"],"_links":{"self":[{"href":"https:\/\/sites.usp.br\/nepaids\/wp-json\/wp\/v2\/pages\/454","targetHints":{"allow":["GET"]}}],"collection":[{"href":"https:\/\/sites.usp.br\/nepaids\/wp-json\/wp\/v2\/pages"}],"about":[{"href":"https:\/\/sites.usp.br\/nepaids\/wp-json\/wp\/v2\/types\/page"}],"author":[{"embeddable":true,"href":"https:\/\/sites.usp.br\/nepaids\/wp-json\/wp\/v2\/users\/22212"}],"replies":[{"embeddable":true,"href":"https:\/\/sites.usp.br\/nepaids\/wp-json\/wp\/v2\/comments?post=454"}],"version-history":[{"count":4,"href":"https:\/\/sites.usp.br\/nepaids\/wp-json\/wp\/v2\/pages\/454\/revisions"}],"predecessor-version":[{"id":513,"href":"https:\/\/sites.usp.br\/nepaids\/wp-json\/wp\/v2\/pages\/454\/revisions\/513"}],"wp:attachment":[{"href":"https:\/\/sites.usp.br\/nepaids\/wp-json\/wp\/v2\/media?parent=454"}],"curies":[{"name":"wp","href":"https:\/\/api.w.org\/{rel}","templated":true}]}}