{"id":64,"date":"2014-02-12T11:28:54","date_gmt":"2014-02-12T13:28:54","guid":{"rendered":"http:\/\/sites.usp.br\/nepaids\/?page_id=64"},"modified":"2025-09-01T11:14:28","modified_gmt":"2025-09-01T13:14:28","slug":"pesquisas","status":"publish","type":"page","link":"https:\/\/sites.usp.br\/nepaids\/pesquisas\/","title":{"rendered":"Pesquisas"},"content":{"rendered":"\t\t<div data-elementor-type=\"wp-page\" data-elementor-id=\"64\" class=\"elementor elementor-64\">\n\t\t\t\t\t\t<section class=\"elementor-section elementor-top-section elementor-element elementor-element-37d0a2c0 elementor-section-boxed elementor-section-height-default elementor-section-height-default\" data-id=\"37d0a2c0\" data-element_type=\"section\">\n\t\t\t\t\t\t<div class=\"elementor-container elementor-column-gap-default\">\n\t\t\t\t\t<div class=\"elementor-column elementor-col-100 elementor-top-column elementor-element elementor-element-70702676\" data-id=\"70702676\" data-element_type=\"column\">\n\t\t\t<div class=\"elementor-widget-wrap elementor-element-populated\">\n\t\t\t\t\t\t<div class=\"elementor-element elementor-element-cd13215 elementor-widget elementor-widget-text-editor\" data-id=\"cd13215\" data-element_type=\"widget\" data-widget_type=\"text-editor.default\">\n\t\t\t\t<div class=\"elementor-widget-container\">\n\t\t\t\t\t\t\t<p><span style=\"color: #000000;\">Pesquisadores filiados ao NEPAIDS, desde sua funda\u00e7\u00e3o, dedicam-se \u00e0 descri\u00e7\u00e3o e an\u00e1lise dos rumos da epidemia de Aids, em sinergia sind\u00eamica com outras Infec\u00e7\u00f5es Sexualmente Transmiss\u00edveis e agravos de sa\u00fade mental associados ao estigma e discrimina\u00e7\u00e3o que afetam especialmente as pessoas vivendo com Aids. Sempre em intera\u00e7\u00e3o com outros grupos de pesquisa no campo dos estudos de g\u00eanero e sexualidade e da promo\u00e7\u00e3o da sa\u00fade, como pesquisadores da preven\u00e7\u00e3o participamos da resposta \u00e0 pandemia de Covid-19 e aos surtos de Mpox em S\u00e3o Paulo desde 2020, sustentando uma abordagem baseada em direitos humanos.<\/span><\/p><p><span style=\"color: #000000;\">O desenho das pr\u00e1ticas de preven\u00e7\u00e3o neste campo \u00e9 precedido da an\u00e1lise da vulnerabilidade coletiva de cada grupo e comunidade ao agravo em foco. A an\u00e1lise da vulnerabilidade program\u00e1tica, social e individual, baseada na compreens\u00e3o da din\u00e2mica de viola\u00e7\u00e3o\/prote\u00e7\u00e3o de direitos humanos e em an\u00e1lise interseccional, derivar\u00e1 pr\u00e1ticas de preven\u00e7\u00e3o que enfatizam sua intersetorialidade e uma abordagem que considere o princ\u00edpio da integralidade do cuidado e da preven\u00e7\u00e3o.<\/span><\/p><p><span style=\"color: #000000;\">Consideramos projetos do NEPAIDS os que resultaram do debate coletivo entre pesquisadores filiados. Listamos como pesquisadores filiados as pessoas articuladas \u00e0 hist\u00f3ria do NEPAIDS, part\u00edcipes de projetos e coautores de publica\u00e7\u00f5es.<\/span><\/p>\t\t\t\t\t\t<\/div>\n\t\t\t\t<\/div>\n\t\t\t\t\t<\/div>\n\t\t<\/div>\n\t\t\t\t\t<\/div>\n\t\t<\/section>\n\t\t\t\t<\/div>\n\t\t","protected":false},"excerpt":{"rendered":"<p>Pesquisadores filiados ao NEPAIDS, desde sua funda\u00e7\u00e3o, dedicam-se \u00e0 descri\u00e7\u00e3o e an\u00e1lise dos rumos da epidemia de Aids, em sinergia sind\u00eamica com outras Infec\u00e7\u00f5es Sexualmente Transmiss\u00edveis e agravos de sa\u00fade mental associados ao estigma e discrimina\u00e7\u00e3o que afetam especialmente as pessoas vivendo com Aids. Sempre em intera\u00e7\u00e3o com outros grupos de pesquisa no campo dos<a href=\"https:\/\/sites.usp.br\/nepaids\/pesquisas\/\">[&#8230;]<\/a><\/p>\n","protected":false},"author":1,"featured_media":0,"parent":0,"menu_order":0,"comment_status":"closed","ping_status":"closed","template":"","meta":{"footnotes":"","_links_to":"","_links_to_target":""},"class_list":["post-64","page","type-page","status-publish","hentry"],"_links":{"self":[{"href":"https:\/\/sites.usp.br\/nepaids\/wp-json\/wp\/v2\/pages\/64","targetHints":{"allow":["GET"]}}],"collection":[{"href":"https:\/\/sites.usp.br\/nepaids\/wp-json\/wp\/v2\/pages"}],"about":[{"href":"https:\/\/sites.usp.br\/nepaids\/wp-json\/wp\/v2\/types\/page"}],"author":[{"embeddable":true,"href":"https:\/\/sites.usp.br\/nepaids\/wp-json\/wp\/v2\/users\/1"}],"replies":[{"embeddable":true,"href":"https:\/\/sites.usp.br\/nepaids\/wp-json\/wp\/v2\/comments?post=64"}],"version-history":[{"count":4,"href":"https:\/\/sites.usp.br\/nepaids\/wp-json\/wp\/v2\/pages\/64\/revisions"}],"predecessor-version":[{"id":436,"href":"https:\/\/sites.usp.br\/nepaids\/wp-json\/wp\/v2\/pages\/64\/revisions\/436"}],"wp:attachment":[{"href":"https:\/\/sites.usp.br\/nepaids\/wp-json\/wp\/v2\/media?parent=64"}],"curies":[{"name":"wp","href":"https:\/\/api.w.org\/{rel}","templated":true}]}}