{"id":79,"date":"2014-02-24T16:51:20","date_gmt":"2014-02-24T18:51:20","guid":{"rendered":"http:\/\/sites.usp.br\/nepaids\/?page_id=79"},"modified":"2025-08-29T17:54:28","modified_gmt":"2025-08-29T19:54:28","slug":"pagina-inicial","status":"publish","type":"page","link":"https:\/\/sites.usp.br\/nepaids\/","title":{"rendered":"P\u00e1gina Inicial"},"content":{"rendered":"\t\t<div data-elementor-type=\"wp-page\" data-elementor-id=\"79\" class=\"elementor elementor-79\">\n\t\t\t\t\t\t<section class=\"elementor-section elementor-top-section elementor-element elementor-element-5a858c2 elementor-section-boxed elementor-section-height-default elementor-section-height-default\" data-id=\"5a858c2\" data-element_type=\"section\">\n\t\t\t\t\t\t<div class=\"elementor-container elementor-column-gap-default\">\n\t\t\t\t\t<div class=\"elementor-column elementor-col-100 elementor-top-column elementor-element elementor-element-244b9425\" data-id=\"244b9425\" data-element_type=\"column\">\n\t\t\t<div class=\"elementor-widget-wrap elementor-element-populated\">\n\t\t\t\t\t\t<div class=\"elementor-element elementor-element-98b963c elementor-widget elementor-widget-image\" data-id=\"98b963c\" data-element_type=\"widget\" data-widget_type=\"image.default\">\n\t\t\t\t<div class=\"elementor-widget-container\">\n\t\t\t\t\t\t\t\t\t\t\t\t\t<img fetchpriority=\"high\" decoding=\"async\" width=\"837\" height=\"240\" src=\"https:\/\/sites.usp.br\/nepaids\/wp-content\/uploads\/sites\/1371\/2023\/10\/bannernepaids.jpg\" class=\"attachment-full size-full wp-image-194\" alt=\"\" srcset=\"https:\/\/sites.usp.br\/nepaids\/wp-content\/uploads\/sites\/1371\/2023\/10\/bannernepaids.jpg 837w, https:\/\/sites.usp.br\/nepaids\/wp-content\/uploads\/sites\/1371\/2023\/10\/bannernepaids-300x86.jpg 300w, https:\/\/sites.usp.br\/nepaids\/wp-content\/uploads\/sites\/1371\/2023\/10\/bannernepaids-768x220.jpg 768w, https:\/\/sites.usp.br\/nepaids\/wp-content\/uploads\/sites\/1371\/2023\/10\/bannernepaids-400x115.jpg 400w\" sizes=\"(max-width: 837px) 100vw, 837px\" \/>\t\t\t\t\t\t\t\t\t\t\t\t\t<\/div>\n\t\t\t\t<\/div>\n\t\t\t\t<div class=\"elementor-element elementor-element-1ccb9de0 elementor-widget elementor-widget-text-editor\" data-id=\"1ccb9de0\" data-element_type=\"widget\" data-widget_type=\"text-editor.default\">\n\t\t\t\t<div class=\"elementor-widget-container\">\n\t\t\t\t\t\t\t<p><span style=\"color: #000000;\">O N\u00facleo de Estudos para a Preven\u00e7\u00e3o da AIDS foi fundado para agregar pesquisadores, professores, alunos de gradua\u00e7\u00e3o e p\u00f3s, servidores p\u00fablicos e de ONG\u2019s para analisar as tend\u00eancias da epidemia e produzir pesquisas e tecnologias inovadoras de preven\u00e7\u00e3o da infec\u00e7\u00e3o pelo HIV ou do adoecimento pela Aids. Reunido desde 1991, o grupo tem se dedicado a pesquisas informadas por abordagens de direitos humanos em sa\u00fade e pelo quadro da vulnerabilidade, entendida em seus aspectos sociais, program\u00e1ticos e individuais. As atividades de debates e dissemina\u00e7\u00e3o de informa\u00e7\u00f5es t\u00eam o compromisso de promover a autonomia cidad\u00e3 de seus participantes, estimular o debate sobre a \u00e9tica e a promo\u00e7\u00e3o dos Direitos Humanos. Uma de suas preocupa\u00e7\u00f5es centrais tem sido combater o processo de estigmatiza\u00e7\u00e3o e estimular o respeito democr\u00e1tico \u00e0s diferentes cren\u00e7as, religiosidades e identidades sexuais e de g\u00eanero, e contribuir para a elabora\u00e7\u00e3o de pol\u00edticas p\u00fablicas no \u00e2mbito do Estado Laico.<\/span><\/p>\t\t\t\t\t\t<\/div>\n\t\t\t\t<\/div>\n\t\t\t\t\t<\/div>\n\t\t<\/div>\n\t\t\t\t\t<\/div>\n\t\t<\/section>\n\t\t\t\t<section class=\"elementor-section elementor-top-section elementor-element elementor-element-2f65dd7 elementor-section-boxed elementor-section-height-default elementor-section-height-default\" data-id=\"2f65dd7\" data-element_type=\"section\">\n\t\t\t\t\t\t<div class=\"elementor-container elementor-column-gap-default\">\n\t\t\t\t\t<div class=\"elementor-column elementor-col-100 elementor-top-column elementor-element elementor-element-6f715b4\" data-id=\"6f715b4\" data-element_type=\"column\">\n\t\t\t<div class=\"elementor-widget-wrap elementor-element-populated\">\n\t\t\t\t\t\t<div class=\"elementor-element elementor-element-12bbed5 elementor-widget elementor-widget-heading\" data-id=\"12bbed5\" data-element_type=\"widget\" data-widget_type=\"heading.default\">\n\t\t\t\t<div class=\"elementor-widget-container\">\n\t\t\t<h2 class=\"elementor-heading-title elementor-size-default\">Destaques<\/h2>\t\t<\/div>\n\t\t\t\t<\/div>\n\t\t\t\t<div class=\"elementor-element elementor-element-f4cbf90 elementor-widget elementor-widget-text-editor\" data-id=\"f4cbf90\" data-element_type=\"widget\" data-widget_type=\"text-editor.default\">\n\t\t\t\t<div class=\"elementor-widget-container\">\n\t\t\t\t\t\t\t<p style=\"text-align: center;\"><span style=\"color: #000000;\"><strong>Festival \u201cFazendo Arte com Preven\u00e7\u00e3o\u201d<\/strong><\/span><\/p><p><span style=\"color: #000000;\">O festival Fazendo Arte com Preven\u00e7\u00e3o buscou marcar o Dezembro Vermelho na USP, retomando o debate sobre a luta e preven\u00e7\u00e3o da Aids, bastante abandonado com a ilus\u00e3o do \u201cfim a Aids\u201d. Como em 1992<strong><a href=\"https:\/\/iptv.usp.br\/portal\/transmisao\/video.action;jsessionid=00F075D8BF9EEB54F38267EB0895707F?idItem=6999\" target=\"_blank\" rel=\"noopener\"><sup>[1]<\/sup><\/a><\/strong>, criamos um momento de dissemina\u00e7\u00e3o da preven\u00e7\u00e3o mobilizando o tema de modo prazeroso, estimulando que se \u201cfa\u00e7a arte\u201d, no duplo sentido, usando a criatividade mas sem adoecer ou morrer: usando insumos de preven\u00e7\u00e3o!<\/span><\/p><p><a href=\"https:\/\/iptv.usp.br\/portal\/transmisao\/video.action;jsessionid=00F075D8BF9EEB54F38267EB0895707F?idItem=6999\" target=\"_blank\" rel=\"noopener\"><sup>[1]<\/sup> Link do v\u00eddeo do Festival Fazendo Arte com Camisinha<\/a>.<\/p>\t\t\t\t\t\t<\/div>\n\t\t\t\t<\/div>\n\t\t\t\t\t<\/div>\n\t\t<\/div>\n\t\t\t\t\t<\/div>\n\t\t<\/section>\n\t\t\t\t<section class=\"elementor-section elementor-top-section elementor-element elementor-element-698ea35 elementor-section-boxed elementor-section-height-default elementor-section-height-default\" data-id=\"698ea35\" data-element_type=\"section\">\n\t\t\t\t\t\t<div class=\"elementor-container elementor-column-gap-default\">\n\t\t\t\t\t<div class=\"elementor-column elementor-col-100 elementor-top-column elementor-element elementor-element-7f15da2\" data-id=\"7f15da2\" data-element_type=\"column\">\n\t\t\t<div class=\"elementor-widget-wrap elementor-element-populated\">\n\t\t\t\t\t\t<div class=\"elementor-element elementor-element-e858718 elementor-widget elementor-widget-image\" data-id=\"e858718\" data-element_type=\"widget\" data-widget_type=\"image.default\">\n\t\t\t\t<div class=\"elementor-widget-container\">\n\t\t\t\t\t\t\t\t\t\t\t\t\t<img decoding=\"async\" width=\"898\" height=\"1600\" src=\"https:\/\/sites.usp.br\/nepaids\/wp-content\/uploads\/sites\/1371\/2025\/08\/home_cartaz_img1.jpg\" class=\"attachment-full size-full wp-image-359\" alt=\"\" srcset=\"https:\/\/sites.usp.br\/nepaids\/wp-content\/uploads\/sites\/1371\/2025\/08\/home_cartaz_img1.jpg 898w, https:\/\/sites.usp.br\/nepaids\/wp-content\/uploads\/sites\/1371\/2025\/08\/home_cartaz_img1-168x300.jpg 168w, https:\/\/sites.usp.br\/nepaids\/wp-content\/uploads\/sites\/1371\/2025\/08\/home_cartaz_img1-575x1024.jpg 575w, https:\/\/sites.usp.br\/nepaids\/wp-content\/uploads\/sites\/1371\/2025\/08\/home_cartaz_img1-768x1368.jpg 768w, https:\/\/sites.usp.br\/nepaids\/wp-content\/uploads\/sites\/1371\/2025\/08\/home_cartaz_img1-862x1536.jpg 862w, https:\/\/sites.usp.br\/nepaids\/wp-content\/uploads\/sites\/1371\/2025\/08\/home_cartaz_img1-337x600.jpg 337w\" sizes=\"(max-width: 898px) 100vw, 898px\" \/>\t\t\t\t\t\t\t\t\t\t\t\t\t<\/div>\n\t\t\t\t<\/div>\n\t\t\t\t<div class=\"elementor-element elementor-element-183dc4d elementor-widget elementor-widget-text-editor\" data-id=\"183dc4d\" data-element_type=\"widget\" data-widget_type=\"text-editor.default\">\n\t\t\t\t<div class=\"elementor-widget-container\">\n\t\t\t\t\t\t\t<p><span style=\"color: #000000;\">Como se pode acompanhar neste v\u00eddeo<strong><a href=\"https:\/\/www.instagram.com\/p\/DDZu0u_xiUd\/\" target=\"_blank\" rel=\"noopener\"><sup>[2]<\/sup><\/a><\/strong> disseminado no canal do Instagram e TikTok, projeto resultante da colabora\u00e7\u00e3o somada da USC, no dia 4 de Dezembro de 2024, mais de 300 jovens, e 276 estudantes e educadores de escolas de Ensino M\u00e9dio e uma pequena participa\u00e7\u00e3o de funcion\u00e1rios da USP, concorreram com 143 obras de arte, inscritas no Festival, todas abordando preven\u00e7\u00e3o.<\/span><\/p><p><a href=\"https:\/\/www.instagram.com\/p\/DDZu0u_xiUd\/\" target=\"_blank\" rel=\"noopener\"><sup>[2]<\/sup> \u00a0Link do v\u00eddeo no Instagram<\/a>.<\/p>\t\t\t\t\t\t<\/div>\n\t\t\t\t<\/div>\n\t\t\t\t\t<\/div>\n\t\t<\/div>\n\t\t\t\t\t<\/div>\n\t\t<\/section>\n\t\t\t\t<section class=\"elementor-section elementor-top-section elementor-element elementor-element-bd8eebd elementor-section-boxed elementor-section-height-default elementor-section-height-default\" data-id=\"bd8eebd\" data-element_type=\"section\">\n\t\t\t\t\t\t<div class=\"elementor-container elementor-column-gap-default\">\n\t\t\t\t\t<div class=\"elementor-column elementor-col-100 elementor-top-column elementor-element elementor-element-40fac7a\" data-id=\"40fac7a\" data-element_type=\"column\">\n\t\t\t<div class=\"elementor-widget-wrap\">\n\t\t\t\t\t\t\t<\/div>\n\t\t<\/div>\n\t\t\t\t\t<\/div>\n\t\t<\/section>\n\t\t\t\t<section class=\"elementor-section elementor-top-section elementor-element elementor-element-4c108f0 elementor-section-boxed elementor-section-height-default elementor-section-height-default\" data-id=\"4c108f0\" data-element_type=\"section\">\n\t\t\t\t\t\t<div class=\"elementor-container elementor-column-gap-default\">\n\t\t\t\t\t<div class=\"elementor-column elementor-col-100 elementor-top-column elementor-element elementor-element-f2e8d0a\" data-id=\"f2e8d0a\" data-element_type=\"column\">\n\t\t\t<div class=\"elementor-widget-wrap elementor-element-populated\">\n\t\t\t\t\t\t<div class=\"elementor-element elementor-element-d1baa94 elementor-widget elementor-widget-text-editor\" data-id=\"d1baa94\" data-element_type=\"widget\" data-widget_type=\"text-editor.default\">\n\t\t\t\t<div class=\"elementor-widget-container\">\n\t\t\t\t\t\t\t<div style=\"overflow-wrap: break-word;\"><p style=\"text-align: center;\"><span style=\"color: #000000;\"><strong>Dia Mundial de Luta contra a Aids e homenagem a Jorge Beloqui<\/strong><\/span><\/p><p><span style=\"color: #000000;\">Ocorreu nos dias 30 de novembro e 1\u00ba de dezembro de 2023, no Instituto de Matem\u00e1tica e Estat\u00edstica da USP (IME-USP) a celebra\u00e7\u00e3o do Dia Mundial de Luta contra a Aids e homenagem ao nosso querido amigo e companheiro Jorge Beloqui, que faleceu no in\u00edcio deste ano. No dia 30 foram discutidos os desafios da preven\u00e7\u00e3o das IST e da AIDS e os aprendizados da resposta \u00e0 Aids para a prepara\u00e7\u00e3o para futuras pandemias. Na sexta-feira, dia 1\u00ba, reconhecemos a contribui\u00e7\u00e3o acad\u00eamica e pol\u00edtica do Jorge: da universidade \u00e0 resposta \u00e0 Aids e \u00e0 defesa do direito \u00e0 sa\u00fade. Tamb\u00e9m plantamos uma \u00e1rvore no IME em sua mem\u00f3ria, como uma forma de homenagear o seu legado como professor do IME-USP e membro fundador do NEPAIDS \u2013 N\u00facleo de Estudos para a Preven\u00e7\u00e3o da AIDS da USP. Este evento foi uma iniciativa conjunta do NEPAIDS, do Programa Estadual de IST\/AIDS, do IME-USP e do MOPAIDS (Movimento Paulistano de Luta contra a Aids), representando as organiza\u00e7\u00f5es n\u00e3o-governamentais que Jorge ajudou a fundar e com as quais colaborou.<\/span><\/p><\/div>\t\t\t\t\t\t<\/div>\n\t\t\t\t<\/div>\n\t\t\t\t<div class=\"elementor-element elementor-element-93b5f74 elementor-widget elementor-widget-video\" data-id=\"93b5f74\" data-element_type=\"widget\" data-settings=\"{&quot;youtube_url&quot;:&quot;https:\\\/\\\/www.youtube.com\\\/watch?v=yf2Qnm9kQS8&quot;,&quot;start&quot;:1,&quot;video_type&quot;:&quot;youtube&quot;,&quot;controls&quot;:&quot;yes&quot;}\" data-widget_type=\"video.default\">\n\t\t\t\t<div class=\"elementor-widget-container\">\n\t\t\t\t\t<div class=\"elementor-wrapper elementor-open-inline\">\n\t\t\t<div class=\"elementor-video\"><\/div>\t\t<\/div>\n\t\t\t\t<\/div>\n\t\t\t\t<\/div>\n\t\t\t\t\t<\/div>\n\t\t<\/div>\n\t\t\t\t\t<\/div>\n\t\t<\/section>\n\t\t\t\t<section class=\"elementor-section elementor-top-section elementor-element elementor-element-150eadf elementor-section-boxed elementor-section-height-default elementor-section-height-default\" data-id=\"150eadf\" data-element_type=\"section\">\n\t\t\t\t\t\t<div class=\"elementor-container elementor-column-gap-default\">\n\t\t\t\t\t<div class=\"elementor-column elementor-col-100 elementor-top-column elementor-element elementor-element-845965b\" data-id=\"845965b\" data-element_type=\"column\">\n\t\t\t<div class=\"elementor-widget-wrap elementor-element-populated\">\n\t\t\t\t\t\t<div class=\"elementor-element elementor-element-f5c1ac8 elementor-widget elementor-widget-image\" data-id=\"f5c1ac8\" data-element_type=\"widget\" data-widget_type=\"image.default\">\n\t\t\t\t<div class=\"elementor-widget-container\">\n\t\t\t\t\t\t\t\t\t\t\t\t\t\t<a href=\"https:\/\/youtu.be\/LPcEYtK-qM4?si=kVBW7jJQLmQU3fst\" target=\"_blank\">\n\t\t\t\t\t\t\t<img decoding=\"async\" width=\"801\" height=\"451\" src=\"https:\/\/sites.usp.br\/nepaids\/wp-content\/uploads\/sites\/1371\/2023\/12\/arvore.jpg\" class=\"attachment-full size-full wp-image-350\" alt=\"\" srcset=\"https:\/\/sites.usp.br\/nepaids\/wp-content\/uploads\/sites\/1371\/2023\/12\/arvore.jpg 801w, https:\/\/sites.usp.br\/nepaids\/wp-content\/uploads\/sites\/1371\/2023\/12\/arvore-300x169.jpg 300w, https:\/\/sites.usp.br\/nepaids\/wp-content\/uploads\/sites\/1371\/2023\/12\/arvore-768x432.jpg 768w, https:\/\/sites.usp.br\/nepaids\/wp-content\/uploads\/sites\/1371\/2023\/12\/arvore-310x174.jpg 310w, https:\/\/sites.usp.br\/nepaids\/wp-content\/uploads\/sites\/1371\/2023\/12\/arvore-400x225.jpg 400w\" sizes=\"(max-width: 801px) 100vw, 801px\" \/>\t\t\t\t\t\t\t\t<\/a>\n\t\t\t\t\t\t\t\t\t\t\t\t\t<\/div>\n\t\t\t\t<\/div>\n\t\t\t\t\t<\/div>\n\t\t<\/div>\n\t\t\t\t\t<\/div>\n\t\t<\/section>\n\t\t\t\t<section class=\"elementor-section elementor-top-section elementor-element elementor-element-119e087 elementor-section-boxed elementor-section-height-default elementor-section-height-default\" data-id=\"119e087\" data-element_type=\"section\">\n\t\t\t\t\t\t<div class=\"elementor-container elementor-column-gap-default\">\n\t\t\t\t\t<div class=\"elementor-column elementor-col-100 elementor-top-column elementor-element elementor-element-5f6eb64\" data-id=\"5f6eb64\" data-element_type=\"column\">\n\t\t\t<div class=\"elementor-widget-wrap\">\n\t\t\t\t\t\t\t<\/div>\n\t\t<\/div>\n\t\t\t\t\t<\/div>\n\t\t<\/section>\n\t\t\t\t<\/div>\n\t\t","protected":false},"excerpt":{"rendered":"<p>O N\u00facleo de Estudos para a Preven\u00e7\u00e3o da AIDS foi fundado para agregar pesquisadores, professores, alunos de gradua\u00e7\u00e3o e p\u00f3s, servidores p\u00fablicos e de ONG\u2019s para analisar as tend\u00eancias da epidemia e produzir pesquisas e tecnologias inovadoras de preven\u00e7\u00e3o da infec\u00e7\u00e3o pelo HIV ou do adoecimento pela Aids. Reunido desde 1991, o grupo tem se<a href=\"https:\/\/sites.usp.br\/nepaids\/\">[&#8230;]<\/a><\/p>\n","protected":false},"author":1,"featured_media":0,"parent":0,"menu_order":0,"comment_status":"closed","ping_status":"closed","template":"","meta":{"footnotes":"","_links_to":"","_links_to_target":""},"class_list":["post-79","page","type-page","status-publish","hentry"],"_links":{"self":[{"href":"https:\/\/sites.usp.br\/nepaids\/wp-json\/wp\/v2\/pages\/79","targetHints":{"allow":["GET"]}}],"collection":[{"href":"https:\/\/sites.usp.br\/nepaids\/wp-json\/wp\/v2\/pages"}],"about":[{"href":"https:\/\/sites.usp.br\/nepaids\/wp-json\/wp\/v2\/types\/page"}],"author":[{"embeddable":true,"href":"https:\/\/sites.usp.br\/nepaids\/wp-json\/wp\/v2\/users\/1"}],"replies":[{"embeddable":true,"href":"https:\/\/sites.usp.br\/nepaids\/wp-json\/wp\/v2\/comments?post=79"}],"version-history":[{"count":4,"href":"https:\/\/sites.usp.br\/nepaids\/wp-json\/wp\/v2\/pages\/79\/revisions"}],"predecessor-version":[{"id":421,"href":"https:\/\/sites.usp.br\/nepaids\/wp-json\/wp\/v2\/pages\/79\/revisions\/421"}],"wp:attachment":[{"href":"https:\/\/sites.usp.br\/nepaids\/wp-json\/wp\/v2\/media?parent=79"}],"curies":[{"name":"wp","href":"https:\/\/api.w.org\/{rel}","templated":true}]}}