{"id":356,"date":"2017-08-30T14:36:24","date_gmt":"2017-08-30T17:36:24","guid":{"rendered":"http:\/\/sites.usp.br\/nepeciss\/?page_id=356"},"modified":"2024-05-24T16:33:17","modified_gmt":"2024-05-24T19:33:17","slug":"eventos","status":"publish","type":"page","link":"https:\/\/sites.usp.br\/nepeciss\/en\/eventos\/","title":{"rendered":"Events"},"content":{"rendered":"<p><strong>Events with the participation of the members NEPECISS<\/strong><\/p>\n<ul>\n<li><a href=\"https:\/\/tropicalfusarium.weebly.com\/\">\u00a0Trpical Fusarium Workshop 2019<\/a><\/li>\n<li><a href=\"https:\/\/sbcec.com.br\/br\/index.php\/congresso-cursos-eventos\/51-congresso-sbcec-sociedade-brasileira-extracorporea-cirurgia\">37 \u00ba Congresso Brasileiro de Circula\u00e7\u00e3o Extracorp\u00f3rea<\/a><\/li>\n<li><a href=\"http:\/\/condepe.com.br\/\">2 \u00ba Congresso de Desenvolvimento Profissional em Enfermagem<\/a><\/li>\n<li><a href=\"http:\/\/www.sobrasp2019.com.br\/\">1\u00ba Congresso da Sociedade Brasileira para a Qualidade do Cuidado e Seguran\u00e7a do Paciente<\/a><\/li>\n<li><a href=\"http:\/\/www.abennacional.org.br\/site\/2018\/03\/01\/20o-senpe\/\">20 \u00ba Semin\u00e1rio Nacional de Pesquisa em Enfermagem<\/a><\/li>\n<li><a href=\"http:\/\/fundibioeventos.ibb.unesp.br\/eventos\/cursopreparoturma1\/#pag50\">Curso de extens\u00e3o: Preparo e an\u00e1lise de amostras biol\u00f3gicas em Microscopia Eletr\u00f4nica<\/a><\/li>\n<li><a href=\"https:\/\/sbmicrobiologia.org.br\/30cbm2019\/\">30 \u00ba Congresso Brasileiro de Microbiologia<\/a><\/li>\n<li><a href=\"https:\/\/eem.ufam.edu.br\/instituicao\/434-manaus-sera-sede-do-71-congresso-brasileiro-de-enfermagem-em-2019\">71 \u00ba CBEN Congresso Brasileiro de Enfermagem<\/a><\/li>\n<li><a href=\"http:\/\/www.abrapecnet.org.br\/enpec\/xii-enpec\/\">XII Encontro Nacional de Pesquisa em Educa\u00e7\u00e3o em Ci\u00eancias<\/a><\/li>\n<\/ul>\n<p><\/p>","protected":false},"excerpt":{"rendered":"<p>Events with the participation of the members NEPECISS \u00a0Trpical Fusarium Workshop 2019 37 \u00ba Congresso [&hellip;]<\/p>\n","protected":false},"author":575,"featured_media":0,"parent":0,"menu_order":0,"comment_status":"closed","ping_status":"closed","template":"","meta":{"footnotes":"","_links_to":"","_links_to_target":""},"class_list":["post-356","page","type-page","status-publish","hentry"],"_links":{"self":[{"href":"https:\/\/sites.usp.br\/nepeciss\/en\/wp-json\/wp\/v2\/pages\/356","targetHints":{"allow":["GET"]}}],"collection":[{"href":"https:\/\/sites.usp.br\/nepeciss\/en\/wp-json\/wp\/v2\/pages"}],"about":[{"href":"https:\/\/sites.usp.br\/nepeciss\/en\/wp-json\/wp\/v2\/types\/page"}],"author":[{"embeddable":true,"href":"https:\/\/sites.usp.br\/nepeciss\/en\/wp-json\/wp\/v2\/users\/575"}],"replies":[{"embeddable":true,"href":"https:\/\/sites.usp.br\/nepeciss\/en\/wp-json\/wp\/v2\/comments?post=356"}],"version-history":[{"count":4,"href":"https:\/\/sites.usp.br\/nepeciss\/en\/wp-json\/wp\/v2\/pages\/356\/revisions"}],"predecessor-version":[{"id":694,"href":"https:\/\/sites.usp.br\/nepeciss\/en\/wp-json\/wp\/v2\/pages\/356\/revisions\/694"}],"wp:attachment":[{"href":"https:\/\/sites.usp.br\/nepeciss\/en\/wp-json\/wp\/v2\/media?parent=356"}],"curies":[{"name":"wp","href":"https:\/\/api.w.org\/{rel}","templated":true}]}}