{"id":338,"date":"2017-08-30T14:28:46","date_gmt":"2017-08-30T17:28:46","guid":{"rendered":"http:\/\/sites.usp.br\/nepeciss\/?page_id=338"},"modified":"2017-10-30T14:53:16","modified_gmt":"2017-10-30T16:53:16","slug":"missao","status":"publish","type":"page","link":"https:\/\/sites.usp.br\/nepeciss\/missao\/","title":{"rendered":"Vis\u00e3o"},"content":{"rendered":"<p>Analisar a problem\u00e1tica da infec\u00e7\u00e3o relacionada \u00e0 assist\u00eancia \u00e1 sa\u00fade na perspectiva multicausal e da tr\u00edade agente\/hospedeiro\/ambiente, bem como, refletir sobre os seguintes desafios: multirresist\u00eancia microbiana; forma\u00e7\u00e3o de biofilme, medidas antimicrobianas (limpeza, desinfec\u00e7\u00e3o, esteriliza\u00e7\u00e3o, antibi\u00f3ticos), biomateriais, processo de vigil\u00e2ncia epidemiol\u00f3gica; legisla\u00e7\u00e3o nacional e internacional; higiene das m\u00e3os, manuseio e reprocessamento de material, e promover a compreens\u00e3o do comportamento do indiv\u00edduo na \u00f3tica social-cognitivo.<\/p>","protected":false},"excerpt":{"rendered":"<p>Analisar a problem\u00e1tica da infec\u00e7\u00e3o relacionada \u00e0 assist\u00eancia \u00e1 sa\u00fade na perspectiva multicausal e da [&hellip;]<\/p>\n","protected":false},"author":575,"featured_media":0,"parent":0,"menu_order":0,"comment_status":"closed","ping_status":"closed","template":"","meta":{"footnotes":"","_links_to":"","_links_to_target":""},"class_list":["post-338","page","type-page","status-publish","hentry"],"_links":{"self":[{"href":"https:\/\/sites.usp.br\/nepeciss\/wp-json\/wp\/v2\/pages\/338","targetHints":{"allow":["GET"]}}],"collection":[{"href":"https:\/\/sites.usp.br\/nepeciss\/wp-json\/wp\/v2\/pages"}],"about":[{"href":"https:\/\/sites.usp.br\/nepeciss\/wp-json\/wp\/v2\/types\/page"}],"author":[{"embeddable":true,"href":"https:\/\/sites.usp.br\/nepeciss\/wp-json\/wp\/v2\/users\/575"}],"replies":[{"embeddable":true,"href":"https:\/\/sites.usp.br\/nepeciss\/wp-json\/wp\/v2\/comments?post=338"}],"version-history":[{"count":3,"href":"https:\/\/sites.usp.br\/nepeciss\/wp-json\/wp\/v2\/pages\/338\/revisions"}],"predecessor-version":[{"id":546,"href":"https:\/\/sites.usp.br\/nepeciss\/wp-json\/wp\/v2\/pages\/338\/revisions\/546"}],"wp:attachment":[{"href":"https:\/\/sites.usp.br\/nepeciss\/wp-json\/wp\/v2\/media?parent=338"}],"curies":[{"name":"wp","href":"https:\/\/api.w.org\/{rel}","templated":true}]}}