{"id":342,"date":"2017-08-30T14:30:58","date_gmt":"2017-08-30T17:30:58","guid":{"rendered":"http:\/\/sites.usp.br\/nepeciss\/?page_id=342"},"modified":"2020-03-18T14:47:41","modified_gmt":"2020-03-18T17:47:41","slug":"historico","status":"publish","type":"page","link":"https:\/\/sites.usp.br\/nepeciss\/historico\/","title":{"rendered":"Hist\u00f3rico"},"content":{"rendered":"<p><\/p>\n<p style=\"text-align: left;\">O grupo de pesquisa NEPECISS foi criado em 2001 e est\u00e1 subsidiado na abordagem MULTIPROFISSIONAL constitu\u00eddo por alunos de gradua\u00e7\u00e3o, p\u00f3s-gradua\u00e7\u00e3o, profissionais da sa\u00fade, professores universit\u00e1rios e pesquisadores nas diversas \u00e1reas do conhecimento. Tem como meta principal analisar, refletir e debater aspectos relacionados \u00e0 cadeia de infec\u00e7\u00e3o com a finalidade de compreender a relev\u00e2ncia das medidas de vigil\u00e2ncia, e assim propor medidas efetivas de preven\u00e7\u00e3o e controle.\u00a0 Cabe destacar que o controle efetivo se constitui no principal indicador da qualidade da assist\u00eancia do cuidado, e representa um desafio de ordem social e econ\u00f4mica no mundo inteiro.<br \/>\nA ideia inicial para a cria\u00e7\u00e3o do N\u00facleo de Estudos emergiu da vontade de responder \u00e0s necessidades detectadas na pr\u00e1tica dos profissionais de sa\u00fade, de minimizar ou anular as possibilidades de infec\u00e7\u00f5es, visando \u00e0 qualidade do cuidado \u00e0 sa\u00fade.<\/p>\n<p>Neste sentido idealizamos como propostas:<\/p>\n<ul>\n<li>Analisar a problem\u00e1tica das infec\u00e7\u00f5es associadas ao cuidado de sa\u00fade numa vis\u00e3o multicausal enfocando a tr\u00edade agente\/hospedeiro\/ambiente;<\/li>\n<li>Discutir e analisar o processo de vigil\u00e2ncia epidemiol\u00f3gica das infec\u00e7\u00f5es;<\/li>\n<li>Avaliar aspectos institucionais e individuais dos profissionais de sa\u00fade (conhecimento, comportamento, atitudes e cren\u00e7as);<\/li>\n<li>Discutir e analisar a legisla\u00e7\u00e3o que normatiza a pr\u00e1tica de controle das infec\u00e7\u00f5es;<\/li>\n<li>Analisar e refletir sobre as medidas antimicrobianas (antibi\u00f3ticoterapia, procedimento de desinfec\u00e7\u00e3o, limpeza, dedetiza\u00e7\u00e3o e esteriliza\u00e7\u00e3o);<\/li>\n<li>Compreender o desenvolvimento da multiresist\u00eancia das cepas.<\/li>\n<\/ul>\n<p><\/p>","protected":false},"excerpt":{"rendered":"<p>O grupo de pesquisa NEPECISS foi criado em 2001 e est\u00e1 subsidiado na abordagem MULTIPROFISSIONAL [&hellip;]<\/p>\n","protected":false},"author":575,"featured_media":0,"parent":0,"menu_order":0,"comment_status":"closed","ping_status":"closed","template":"","meta":{"footnotes":"","_links_to":"","_links_to_target":""},"class_list":["post-342","page","type-page","status-publish","hentry"],"_links":{"self":[{"href":"https:\/\/sites.usp.br\/nepeciss\/wp-json\/wp\/v2\/pages\/342","targetHints":{"allow":["GET"]}}],"collection":[{"href":"https:\/\/sites.usp.br\/nepeciss\/wp-json\/wp\/v2\/pages"}],"about":[{"href":"https:\/\/sites.usp.br\/nepeciss\/wp-json\/wp\/v2\/types\/page"}],"author":[{"embeddable":true,"href":"https:\/\/sites.usp.br\/nepeciss\/wp-json\/wp\/v2\/users\/575"}],"replies":[{"embeddable":true,"href":"https:\/\/sites.usp.br\/nepeciss\/wp-json\/wp\/v2\/comments?post=342"}],"version-history":[{"count":4,"href":"https:\/\/sites.usp.br\/nepeciss\/wp-json\/wp\/v2\/pages\/342\/revisions"}],"predecessor-version":[{"id":638,"href":"https:\/\/sites.usp.br\/nepeciss\/wp-json\/wp\/v2\/pages\/342\/revisions\/638"}],"wp:attachment":[{"href":"https:\/\/sites.usp.br\/nepeciss\/wp-json\/wp\/v2\/media?parent=342"}],"curies":[{"name":"wp","href":"https:\/\/api.w.org\/{rel}","templated":true}]}}