{"id":354,"date":"2017-08-30T14:36:24","date_gmt":"2017-08-30T17:36:24","guid":{"rendered":"http:\/\/sites.usp.br\/nepeciss\/?page_id=354"},"modified":"2023-06-21T13:43:31","modified_gmt":"2023-06-21T16:43:31","slug":"linhas-de-pesquisa","status":"publish","type":"page","link":"https:\/\/sites.usp.br\/nepeciss\/linhas-de-pesquisa\/","title":{"rendered":"Linhas de pesquisa"},"content":{"rendered":"<p><strong>Linha 1 &#8211; O cuidar de adulto e idosos<\/strong><\/p>\n<p>Ementa: estudos relativos ao cuidar de adultos e idosos no continuum sa\u00fade-doen\u00e7a com \u00eanfase na preven\u00e7\u00e3o, recupera\u00e7\u00e3o, reabilita\u00e7\u00e3o, e promo\u00e7\u00e3o da sa\u00fade.<\/p>\n<p>&nbsp;<\/p>\n<p><strong>Linha 2 \u2013 Fundamenta\u00e7\u00e3o te\u00f3rica, metodol\u00f3gica e tecnol\u00f3gica do processo de cuidar<\/strong><\/p>\n<p>Ementa: estudos sobre o desenvolvimento, utiliza\u00e7\u00e3o e avalia\u00e7\u00e3o de recursos tecnol\u00f3gicos, inova\u00e7\u00e3o t\u00e9cnica, modelos e artefatos que sustentam a aplica\u00e7\u00e3o do conhecimento produzido.<\/p>\n<p>&nbsp;<\/p>\n<p><strong>Linha 3 &#8211; Forma\u00e7\u00e3o de profissionais e de professores na \u00e1rea da sa\u00fade<\/strong><\/p>\n<p>Ementa: estudos com foco na educa\u00e7\u00e3o superior e na educa\u00e7\u00e3o profissional t\u00e9cnica de n\u00edvel m\u00e9dio, na modalidade educa\u00e7\u00e3o b\u00e1sica, envolvendo pol\u00edticas, o curr\u00edculo, o planejamento, a metodologia, a tecnologia de ensino e avalia\u00e7\u00e3o do processo ensino-aprendizagem.<\/p>\n<p>&nbsp;<\/p>\n<p><strong>Linha 4 \u2013 Gest\u00e3o e gerenciamento de servi\u00e7os de sa\u00fade e enfermagem\u00a0<\/strong><\/p>\n<p>Ementa: estudos que abrangem concep\u00e7\u00f5es te\u00f3ricas, pr\u00e1ticas, metodol\u00f3gicas e tecnol\u00f3gicas sobre gest\u00e3o e gerenciamento de servi\u00e7os de sa\u00fade e enfermagem.<\/p>\n<p>&nbsp;<\/p>\n<p><strong>Linha 5 &#8211; Sa\u00fade do trabalhador<\/strong><\/p>\n<p>Ementa: estudos da rela\u00e7\u00e3o sa\u00fade e trabalho com \u00eanfase na promo\u00e7\u00e3o e manuten\u00e7\u00e3o do bem-estar biopsicossocial do trabalhador.<\/p>","protected":false},"excerpt":{"rendered":"<p>Linha 1 &#8211; O cuidar de adulto e idosos Ementa: estudos relativos ao cuidar de [&hellip;]<\/p>\n","protected":false},"author":575,"featured_media":0,"parent":0,"menu_order":0,"comment_status":"closed","ping_status":"closed","template":"","meta":{"footnotes":"","_links_to":"","_links_to_target":""},"class_list":["post-354","page","type-page","status-publish","hentry"],"_links":{"self":[{"href":"https:\/\/sites.usp.br\/nepeciss\/wp-json\/wp\/v2\/pages\/354","targetHints":{"allow":["GET"]}}],"collection":[{"href":"https:\/\/sites.usp.br\/nepeciss\/wp-json\/wp\/v2\/pages"}],"about":[{"href":"https:\/\/sites.usp.br\/nepeciss\/wp-json\/wp\/v2\/types\/page"}],"author":[{"embeddable":true,"href":"https:\/\/sites.usp.br\/nepeciss\/wp-json\/wp\/v2\/users\/575"}],"replies":[{"embeddable":true,"href":"https:\/\/sites.usp.br\/nepeciss\/wp-json\/wp\/v2\/comments?post=354"}],"version-history":[{"count":4,"href":"https:\/\/sites.usp.br\/nepeciss\/wp-json\/wp\/v2\/pages\/354\/revisions"}],"predecessor-version":[{"id":692,"href":"https:\/\/sites.usp.br\/nepeciss\/wp-json\/wp\/v2\/pages\/354\/revisions\/692"}],"wp:attachment":[{"href":"https:\/\/sites.usp.br\/nepeciss\/wp-json\/wp\/v2\/media?parent=354"}],"curies":[{"name":"wp","href":"https:\/\/api.w.org\/{rel}","templated":true}]}}