{"id":507,"date":"2017-09-26T15:07:49","date_gmt":"2017-09-26T18:07:49","guid":{"rendered":"http:\/\/sites.usp.br\/nepeciss\/?page_id=507"},"modified":"2017-10-30T15:17:19","modified_gmt":"2017-10-30T17:17:19","slug":"nupbioss","status":"publish","type":"page","link":"https:\/\/sites.usp.br\/nepeciss\/nupbioss\/","title":{"rendered":"NUPBios"},"content":{"rendered":"<p><\/p>\n<h3 class=\"widgettitle\">N\u00facleo de Pesquisa em Biosseguran\u00e7a em Sa\u00fade<\/h3>\n<div class=\"textwidget\">Miss\u00e3o: Atuar visando as mudan\u00e7as comportamentais em Biosseguran\u00e7a em Odontologia.<\/div>\n<div class=\"textwidget\"><\/div>\n<div class=\"textwidget\">Site:\u00a0<a href=\"http:\/\/sites.usp.br\/nupbios\/\">http:\/\/sites.usp.br\/nupbios\/<\/a><\/div>\n<p><\/p>","protected":false},"excerpt":{"rendered":"<p>N\u00facleo de Pesquisa em Biosseguran\u00e7a em Sa\u00fade Miss\u00e3o: Atuar visando as mudan\u00e7as comportamentais em Biosseguran\u00e7a [&hellip;]<\/p>\n","protected":false},"author":574,"featured_media":0,"parent":0,"menu_order":0,"comment_status":"closed","ping_status":"closed","template":"","meta":{"footnotes":"","_links_to":"","_links_to_target":""},"class_list":["post-507","page","type-page","status-publish","hentry"],"_links":{"self":[{"href":"https:\/\/sites.usp.br\/nepeciss\/wp-json\/wp\/v2\/pages\/507","targetHints":{"allow":["GET"]}}],"collection":[{"href":"https:\/\/sites.usp.br\/nepeciss\/wp-json\/wp\/v2\/pages"}],"about":[{"href":"https:\/\/sites.usp.br\/nepeciss\/wp-json\/wp\/v2\/types\/page"}],"author":[{"embeddable":true,"href":"https:\/\/sites.usp.br\/nepeciss\/wp-json\/wp\/v2\/users\/574"}],"replies":[{"embeddable":true,"href":"https:\/\/sites.usp.br\/nepeciss\/wp-json\/wp\/v2\/comments?post=507"}],"version-history":[{"count":4,"href":"https:\/\/sites.usp.br\/nepeciss\/wp-json\/wp\/v2\/pages\/507\/revisions"}],"predecessor-version":[{"id":563,"href":"https:\/\/sites.usp.br\/nepeciss\/wp-json\/wp\/v2\/pages\/507\/revisions\/563"}],"wp:attachment":[{"href":"https:\/\/sites.usp.br\/nepeciss\/wp-json\/wp\/v2\/media?parent=507"}],"curies":[{"name":"wp","href":"https:\/\/api.w.org\/{rel}","templated":true}]}}