{"id":513,"date":"2017-09-26T15:20:06","date_gmt":"2017-09-26T18:20:06","guid":{"rendered":"http:\/\/sites.usp.br\/nepeciss\/?page_id=513"},"modified":"2023-06-21T10:03:23","modified_gmt":"2023-06-21T13:03:23","slug":"projetos-em-andamento","status":"publish","type":"page","link":"https:\/\/sites.usp.br\/nepeciss\/projetos-em-andamento\/","title":{"rendered":"Projetos em andamento"},"content":{"rendered":"<p>&gt; Biosseguran\u00e7a na \u00e1rea da sa\u00fade: desenvolvimento de prot\u00f3tipo nanotecnol\u00f3gico natural, sustent\u00e1vel e antimicrobiano de luva cir\u00fargica (Marinila Buzanelo Machado, bolsista CAPES &#8211; DOUTORADO)<\/p>\n<p>&gt; Terapia com bacteri\u00f3fagos para o enfrentamento de infec\u00e7\u00f5es respirat\u00f3rias bacterianas: revis\u00e3o sistem\u00e1tica (Felipe Lazarini Bim, bolsista CAPES &#8211; DOUTORADO)<\/p>\n<p>&gt; Sintomatologia da infodemia da covid-19 na sa\u00fade mental da popula\u00e7\u00e3o: revis\u00e3o sistem\u00e1tica (Lucas Lazarini Bim, bolsista CNPq &#8211; DOUTORADO)<\/p>\n<p>&gt; Enfrentamento de <em>Candida spp<\/em>. isoladas em pacientes cr\u00edticos com e sem diabetes mellitus: associa\u00e7\u00f5es cl\u00ednicas e microbiol\u00f3gicas\u00a0(Pedro Castania Amadio Domingues, bolsista CAPES &#8211; DOUTORADO)<\/p>\n<p>&nbsp;<\/p>","protected":false},"excerpt":{"rendered":"<p>&gt; Biosseguran\u00e7a na \u00e1rea da sa\u00fade: desenvolvimento de prot\u00f3tipo nanotecnol\u00f3gico natural, sustent\u00e1vel e antimicrobiano de [&hellip;]<\/p>\n","protected":false},"author":574,"featured_media":0,"parent":0,"menu_order":0,"comment_status":"closed","ping_status":"closed","template":"","meta":{"footnotes":"","_links_to":"","_links_to_target":""},"class_list":["post-513","page","type-page","status-publish","hentry"],"_links":{"self":[{"href":"https:\/\/sites.usp.br\/nepeciss\/wp-json\/wp\/v2\/pages\/513","targetHints":{"allow":["GET"]}}],"collection":[{"href":"https:\/\/sites.usp.br\/nepeciss\/wp-json\/wp\/v2\/pages"}],"about":[{"href":"https:\/\/sites.usp.br\/nepeciss\/wp-json\/wp\/v2\/types\/page"}],"author":[{"embeddable":true,"href":"https:\/\/sites.usp.br\/nepeciss\/wp-json\/wp\/v2\/users\/574"}],"replies":[{"embeddable":true,"href":"https:\/\/sites.usp.br\/nepeciss\/wp-json\/wp\/v2\/comments?post=513"}],"version-history":[{"count":5,"href":"https:\/\/sites.usp.br\/nepeciss\/wp-json\/wp\/v2\/pages\/513\/revisions"}],"predecessor-version":[{"id":687,"href":"https:\/\/sites.usp.br\/nepeciss\/wp-json\/wp\/v2\/pages\/513\/revisions\/687"}],"wp:attachment":[{"href":"https:\/\/sites.usp.br\/nepeciss\/wp-json\/wp\/v2\/media?parent=513"}],"curies":[{"name":"wp","href":"https:\/\/api.w.org\/{rel}","templated":true}]}}