{"id":1246,"date":"2022-09-17T08:08:16","date_gmt":"2022-09-17T11:08:16","guid":{"rendered":"https:\/\/sites.usp.br\/neper\/?page_id=1246"},"modified":"2026-02-09T11:37:03","modified_gmt":"2026-02-09T14:37:03","slug":"home-2","status":"publish","type":"page","link":"https:\/\/sites.usp.br\/neper\/","title":{"rendered":"Home"},"content":{"rendered":"\t\t<div data-elementor-type=\"wp-page\" data-elementor-id=\"1246\" class=\"elementor elementor-1246\" data-elementor-post-type=\"page\">\n\t\t\t\t\t\t<section class=\"elementor-section elementor-top-section elementor-element elementor-element-f50121b elementor-section-boxed elementor-section-height-default elementor-section-height-default\" data-id=\"f50121b\" data-element_type=\"section\">\n\t\t\t\t\t\t<div class=\"elementor-container elementor-column-gap-default\">\n\t\t\t\t\t<div class=\"elementor-column elementor-col-100 elementor-top-column elementor-element elementor-element-3d5edb0\" data-id=\"3d5edb0\" data-element_type=\"column\">\n\t\t\t<div class=\"elementor-widget-wrap elementor-element-populated\">\n\t\t\t\t\t\t<div class=\"elementor-element elementor-element-7c36e33 elementor-widget elementor-widget-text-editor\" data-id=\"7c36e33\" data-element_type=\"widget\" data-widget_type=\"text-editor.default\">\n\t\t\t\t<div class=\"elementor-widget-container\">\n\t\t\t\t\t\t\t<p><strong>Bem-vinda(o) ao <\/strong><img decoding=\"async\" class=\"alignnone wp-image-1012\" src=\"https:\/\/sites.usp.br\/neper\/wp-content\/uploads\/sites\/898\/2021\/01\/logo_novo-300x72.png\" alt=\"\" width=\"83\" height=\"20\" data-id=\"1012\" srcset=\"https:\/\/sites.usp.br\/neper\/wp-content\/uploads\/sites\/898\/2021\/01\/logo_novo-300x72.png 300w, https:\/\/sites.usp.br\/neper\/wp-content\/uploads\/sites\/898\/2021\/01\/logo_novo-768x185.png 768w, https:\/\/sites.usp.br\/neper\/wp-content\/uploads\/sites\/898\/2021\/01\/logo_novo-400x96.png 400w, https:\/\/sites.usp.br\/neper\/wp-content\/uploads\/sites\/898\/2021\/01\/logo_novo.png 893w\" sizes=\"(max-width: 83px) 100vw, 83px\" \/>!\u00a0<\/p>\t\t\t\t\t\t<\/div>\n\t\t\t\t<\/div>\n\t\t\t\t<div class=\"elementor-element elementor-element-c6200c7 elementor-widget elementor-widget-text-editor\" data-id=\"c6200c7\" data-element_type=\"widget\" data-widget_type=\"text-editor.default\">\n\t\t\t\t<div class=\"elementor-widget-container\">\n\t\t\t\t\t\t\t<p>O N\u00facleo de Estrat\u00e9gias em Planejamento Experimental e Reprodutibilidade (NEPER) foi criado para oferecer \u00e0 comunidade de nosso Instituto um suporte ao planejamento de protocolos experimentais, incluindo aspectos de seu delineamento e respectiva an\u00e1lise dos dados.<\/p><h1><strong>\u00a0\u00a0\u00a0\u00a0\u00a0\u00a0 <a href=\"https:\/\/docs.google.com\/document\/d\/1FqsipE9GTn3mq9wWEKJEvc2L4zcr4mIO\/edit\" target=\"_blank\" rel=\"noopener\"><span style=\"text-decoration: underline;\">Acesse aqui o Manifesto do NEPER<\/span><\/a><\/strong><\/h1>\t\t\t\t\t\t<\/div>\n\t\t\t\t<\/div>\n\t\t\t\t<div class=\"elementor-element elementor-element-a0f0b4b elementor--h-position-center elementor--v-position-middle elementor-arrows-position-inside elementor-pagination-position-inside elementor-widget elementor-widget-slides\" data-id=\"a0f0b4b\" data-element_type=\"widget\" data-settings=\"{&quot;navigation&quot;:&quot;both&quot;,&quot;autoplay&quot;:&quot;yes&quot;,&quot;pause_on_hover&quot;:&quot;yes&quot;,&quot;pause_on_interaction&quot;:&quot;yes&quot;,&quot;autoplay_speed&quot;:5000,&quot;infinite&quot;:&quot;yes&quot;,&quot;transition&quot;:&quot;slide&quot;,&quot;transition_speed&quot;:500}\" data-widget_type=\"slides.default\">\n\t\t\t\t<div class=\"elementor-widget-container\">\n\t\t\t\t\t<div class=\"elementor-swiper\">\n\t\t\t<div class=\"elementor-slides-wrapper elementor-main-swiper swiper\" dir=\"ltr\" data-animation=\"fadeInUp\">\n\t\t\t\t<div class=\"swiper-wrapper elementor-slides\">\n\t\t\t\t\t\t\t\t\t\t<div class=\"elementor-repeater-item-e1e2e0a swiper-slide\"><div class=\"swiper-slide-bg\" role=\"img\"><\/div><a class=\"swiper-slide-inner\" href=\"https:\/\/sites.usp.br\/neper\/agendamento-2\/\" target=\"_blank\"><div class=\"swiper-slide-contents\"><div class=\"elementor-slide-heading\">Agendamento<\/div><div class=\"elementor-slide-description\">Solicite o agendamento de uma consultoria<\/div><div  class=\"elementor-button elementor-slide-button elementor-size-sm\">Clique aqui<\/div><\/div><\/a><\/div><div class=\"elementor-repeater-item-10abeaf swiper-slide\"><div class=\"swiper-slide-bg\" role=\"img\"><\/div><div class=\"swiper-slide-inner\" ><div class=\"swiper-slide-contents\"><div class=\"elementor-slide-heading\">Sobre o NEPER<\/div><a href=\"https:\/\/sites.usp.br\/neper\/sobre\/\" target=\"_blank\" class=\"elementor-button elementor-slide-button elementor-size-sm\">Clique aqui<\/a><\/div><\/div><\/div><div class=\"elementor-repeater-item-ccb32a8 swiper-slide\"><div class=\"swiper-slide-bg\" role=\"img\"><\/div><div class=\"swiper-slide-inner\" ><div class=\"swiper-slide-contents\"><div class=\"elementor-slide-heading\">Encontros do NEPER<\/div><div class=\"elementor-slide-description\">Saiba mais sobre os encontros do NEPER<\/div><a href=\"https:\/\/sites.usp.br\/neper\/encontros\/\" target=\"_blank\" class=\"elementor-button elementor-slide-button elementor-size-sm\">Clique aqui<\/a><\/div><\/div><\/div>\t\t\t\t<\/div>\n\t\t\t\t\t\t\t\t\t\t\t\t\t\t\t<div class=\"swiper-pagination\"><\/div>\n\t\t\t\t\t\t\t\t\t\t\t\t\t\t\t\t<div class=\"elementor-swiper-button elementor-swiper-button-prev\" role=\"button\" tabindex=\"0\">\n\t\t\t\t\t\t\t<i aria-hidden=\"true\" class=\"eicon-chevron-left\"><\/i>\t\t\t\t\t\t\t<span class=\"elementor-screen-only\">Previous slide<\/span>\n\t\t\t\t\t\t<\/div>\n\t\t\t\t\t\t<div class=\"elementor-swiper-button elementor-swiper-button-next\" role=\"button\" tabindex=\"0\">\n\t\t\t\t\t\t\t<i aria-hidden=\"true\" class=\"eicon-chevron-right\"><\/i>\t\t\t\t\t\t\t<span class=\"elementor-screen-only\">Next slide<\/span>\n\t\t\t\t\t\t<\/div>\n\t\t\t\t\t\t\t\t\t\t\t\t<\/div>\n\t\t<\/div>\n\t\t\t\t<\/div>\n\t\t\t\t<\/div>\n\t\t\t\t<section class=\"elementor-section elementor-inner-section elementor-element elementor-element-f51ed91 elementor-section-boxed elementor-section-height-default elementor-section-height-default\" data-id=\"f51ed91\" data-element_type=\"section\">\n\t\t\t\t\t\t<div class=\"elementor-container elementor-column-gap-default\">\n\t\t\t\t\t<div class=\"elementor-column elementor-col-100 elementor-inner-column elementor-element elementor-element-cb2da9d\" data-id=\"cb2da9d\" data-element_type=\"column\" data-settings=\"{&quot;background_background&quot;:&quot;classic&quot;}\">\n\t\t\t<div class=\"elementor-widget-wrap elementor-element-populated\">\n\t\t\t\t\t\t<div class=\"elementor-element elementor-element-d6b8b11 elementor-widget elementor-widget-text-editor\" data-id=\"d6b8b11\" data-element_type=\"widget\" data-widget_type=\"text-editor.default\">\n\t\t\t\t<div class=\"elementor-widget-container\">\n\t\t\t\t\t\t\t<h2>Manifesto do NEPER<\/h2>\t\t\t\t\t\t<\/div>\n\t\t\t\t<\/div>\n\t\t\t\t\t<\/div>\n\t\t<\/div>\n\t\t\t\t\t<\/div>\n\t\t<\/section>\n\t\t\t\t<div class=\"elementor-element elementor-element-3bd31d8 elementor-widget elementor-widget-spacer\" data-id=\"3bd31d8\" data-element_type=\"widget\" data-widget_type=\"spacer.default\">\n\t\t\t\t<div class=\"elementor-widget-container\">\n\t\t\t\t\t<div class=\"elementor-spacer\">\n\t\t\t<div class=\"elementor-spacer-inner\"><\/div>\n\t\t<\/div>\n\t\t\t\t<\/div>\n\t\t\t\t<\/div>\n\t\t\t\t\t<\/div>\n\t\t<\/div>\n\t\t\t\t\t<\/div>\n\t\t<\/section>\n\t\t\t\t<\/div>\n\t\t","protected":false},"excerpt":{"rendered":"<p>Bem-vinda(o) ao !\u00a0 O N\u00facleo de Estrat\u00e9gias em Planejamento Experimental e Reprodutibilidade (NEPER) foi criado para oferecer \u00e0 comunidade de nosso Instituto um suporte ao planejamento de protocolos experimentais, incluindo aspectos de seu delineamento e respectiva an\u00e1lise dos dados. \u00a0\u00a0\u00a0\u00a0\u00a0\u00a0 Acesse aqui o Manifesto do NEPER AgendamentoSolicite o agendamento de uma consultoriaClique aquiSobre o NEPERClique&hellip;<\/p>\n","protected":false},"author":22663,"featured_media":0,"parent":0,"menu_order":0,"comment_status":"closed","ping_status":"closed","template":"elementor_header_footer","meta":{"_monsterinsights_skip_tracking":false,"_monsterinsights_sitenote_active":false,"_monsterinsights_sitenote_note":"","_monsterinsights_sitenote_category":0,"footnotes":"","_links_to":"","_links_to_target":""},"class_list":["post-1246","page","type-page","status-publish","hentry","post"],"_links":{"self":[{"href":"https:\/\/sites.usp.br\/neper\/wp-json\/wp\/v2\/pages\/1246","targetHints":{"allow":["GET"]}}],"collection":[{"href":"https:\/\/sites.usp.br\/neper\/wp-json\/wp\/v2\/pages"}],"about":[{"href":"https:\/\/sites.usp.br\/neper\/wp-json\/wp\/v2\/types\/page"}],"author":[{"embeddable":true,"href":"https:\/\/sites.usp.br\/neper\/wp-json\/wp\/v2\/users\/22663"}],"replies":[{"embeddable":true,"href":"https:\/\/sites.usp.br\/neper\/wp-json\/wp\/v2\/comments?post=1246"}],"version-history":[{"count":4,"href":"https:\/\/sites.usp.br\/neper\/wp-json\/wp\/v2\/pages\/1246\/revisions"}],"predecessor-version":[{"id":1606,"href":"https:\/\/sites.usp.br\/neper\/wp-json\/wp\/v2\/pages\/1246\/revisions\/1606"}],"wp:attachment":[{"href":"https:\/\/sites.usp.br\/neper\/wp-json\/wp\/v2\/media?parent=1246"}],"curies":[{"name":"wp","href":"https:\/\/api.w.org\/{rel}","templated":true}]}}