{"id":1286,"date":"2022-10-02T14:55:17","date_gmt":"2022-10-02T17:55:17","guid":{"rendered":"https:\/\/sites.usp.br\/neper\/?page_id=1286"},"modified":"2022-10-02T16:33:18","modified_gmt":"2022-10-02T19:33:18","slug":"sobre","status":"publish","type":"page","link":"https:\/\/sites.usp.br\/neper\/sobre\/","title":{"rendered":"Sobre"},"content":{"rendered":"\t\t<div data-elementor-type=\"wp-page\" data-elementor-id=\"1286\" class=\"elementor elementor-1286\" data-elementor-post-type=\"page\">\n\t\t\t\t\t\t<section class=\"elementor-section elementor-top-section elementor-element elementor-element-4373440 elementor-section-boxed elementor-section-height-default elementor-section-height-default\" data-id=\"4373440\" data-element_type=\"section\">\n\t\t\t\t\t\t<div class=\"elementor-container elementor-column-gap-default\">\n\t\t\t\t\t<div class=\"elementor-column elementor-col-100 elementor-top-column elementor-element elementor-element-b8a1825\" data-id=\"b8a1825\" data-element_type=\"column\">\n\t\t\t<div class=\"elementor-widget-wrap elementor-element-populated\">\n\t\t\t\t\t\t<div class=\"elementor-element elementor-element-ef729f5 elementor-widget elementor-widget-heading\" data-id=\"ef729f5\" data-element_type=\"widget\" data-widget_type=\"heading.default\">\n\t\t\t\t<div class=\"elementor-widget-container\">\n\t\t\t<h2 class=\"elementor-heading-title elementor-size-default\">Sobre o NEPER<\/h2>\t\t<\/div>\n\t\t\t\t<\/div>\n\t\t\t\t\t<\/div>\n\t\t<\/div>\n\t\t\t\t\t<\/div>\n\t\t<\/section>\n\t\t\t\t<section class=\"elementor-section elementor-top-section elementor-element elementor-element-6dc564f elementor-section-boxed elementor-section-height-default elementor-section-height-default\" data-id=\"6dc564f\" data-element_type=\"section\">\n\t\t\t\t\t\t<div class=\"elementor-container elementor-column-gap-default\">\n\t\t\t\t\t<div class=\"elementor-column elementor-col-100 elementor-top-column elementor-element elementor-element-56f061a\" data-id=\"56f061a\" data-element_type=\"column\">\n\t\t\t<div class=\"elementor-widget-wrap elementor-element-populated\">\n\t\t\t\t\t\t<div class=\"elementor-element elementor-element-24eadce elementor-widget elementor-widget-text-editor\" data-id=\"24eadce\" data-element_type=\"widget\" data-widget_type=\"text-editor.default\">\n\t\t\t\t<div class=\"elementor-widget-container\">\n\t\t\t\t\t\t\t<p>O N\u00facleo de Estrat\u00e9gias em Planejamento Experimental e Reprodutibilidade teve sua estrutura\u00e7\u00e3o iniciada em meados de 2019, sendo sua cria\u00e7\u00e3o e seu estatuto aprovados em vota\u00e7\u00e3o durante a 419a. Reuni\u00e3o da Congrega\u00e7\u00e3o do ICB-USP, cuja <span style=\"text-decoration-line: underline;\"><a href=\"https:\/\/sites.usp.br\/neper\/wp-content\/uploads\/sites\/898\/2021\/01\/ATA-DA-419a-REUNIAO-DA-COLENDA-CONGREGACAO.pdf\" target=\"_blank\" rel=\"noopener noreferrer\">ata<\/a><\/span> foi aprovada (com retifica\u00e7\u00f5es) pela mesma Congrega\u00e7\u00e3o em sua 420a. reuni\u00e3o, realizada em 25\/11\/2020.<\/p><p>O objetivo central do <a href=\"https:\/\/sites.usp.br\/neper\/wp-content\/uploads\/sites\/898\/2021\/01\/logo_novo.png\"><img decoding=\"async\" class=\"alignnone wp-image-1012\" src=\"https:\/\/sites.usp.br\/neper\/wp-content\/uploads\/sites\/898\/2021\/01\/logo_novo.png\" alt=\"\" width=\"45\" height=\"11\" data-id=\"1012\" srcset=\"https:\/\/sites.usp.br\/neper\/wp-content\/uploads\/sites\/898\/2021\/01\/logo_novo.png 893w, https:\/\/sites.usp.br\/neper\/wp-content\/uploads\/sites\/898\/2021\/01\/logo_novo-300x72.png 300w, https:\/\/sites.usp.br\/neper\/wp-content\/uploads\/sites\/898\/2021\/01\/logo_novo-768x185.png 768w, https:\/\/sites.usp.br\/neper\/wp-content\/uploads\/sites\/898\/2021\/01\/logo_novo-400x96.png 400w\" sizes=\"(max-width: 45px) 100vw, 45px\" \/><\/a> \u00e9 fomentar a discuss\u00e3o e a dissemina\u00e7\u00e3o dos princ\u00edpios b\u00e1sicos do planejamento experimental, os quais s\u00e3o indispens\u00e1veis a uma atividade cient\u00edfica que almeje ser ao mesmo tempo \u00e9tica, eficaz e reprodut\u00edvel.<\/p><p>Para tanto, o <a href=\"https:\/\/sites.usp.br\/neper\/wp-content\/uploads\/sites\/898\/2021\/01\/logo_novo.png\"><img decoding=\"async\" class=\"alignnone wp-image-1012\" src=\"https:\/\/sites.usp.br\/neper\/wp-content\/uploads\/sites\/898\/2021\/01\/logo_novo.png\" alt=\"\" width=\"46\" height=\"11\" data-id=\"1012\" srcset=\"https:\/\/sites.usp.br\/neper\/wp-content\/uploads\/sites\/898\/2021\/01\/logo_novo.png 893w, https:\/\/sites.usp.br\/neper\/wp-content\/uploads\/sites\/898\/2021\/01\/logo_novo-300x72.png 300w, https:\/\/sites.usp.br\/neper\/wp-content\/uploads\/sites\/898\/2021\/01\/logo_novo-768x185.png 768w, https:\/\/sites.usp.br\/neper\/wp-content\/uploads\/sites\/898\/2021\/01\/logo_novo-400x96.png 400w\" sizes=\"(max-width: 46px) 100vw, 46px\" \/><\/a> se prop\u00f5e a oferecer uma assessoria em planejamento experimental, a ser requisitada de forma opcional e volunt\u00e1ria, e que esteja \u00e0 disposi\u00e7\u00e3o de toda a comunidade de nosso Instituto. Adicionalmente, prop\u00f5e-se a articular de forma mais eficiente as atividades de ensino de gradua\u00e7\u00e3o, p\u00f3s-gradua\u00e7\u00e3o e extens\u00e3o universit\u00e1ria j\u00e1 existentes em nosso Instituto, ou a serem eventualmente criadas, as quais envolvam o planejamento de um delineamento experimental, os m\u00e9todos cient\u00edficos inerentes \u00e0 sua execu\u00e7\u00e3o ou as t\u00e9cnicas de an\u00e1lise dos dados coletados.<\/p><p>A <span style=\"text-decoration-line: underline;\"><a href=\"https:\/\/sites.usp.br\/neper\/equipe2\/\">equipe<\/a><\/span> do <a href=\"https:\/\/sites.usp.br\/neper\/wp-content\/uploads\/sites\/898\/2021\/01\/logo_novo.png\"><img decoding=\"async\" class=\"alignnone wp-image-1012\" src=\"https:\/\/sites.usp.br\/neper\/wp-content\/uploads\/sites\/898\/2021\/01\/logo_novo.png\" alt=\"\" width=\"49\" height=\"12\" data-id=\"1012\" srcset=\"https:\/\/sites.usp.br\/neper\/wp-content\/uploads\/sites\/898\/2021\/01\/logo_novo.png 893w, https:\/\/sites.usp.br\/neper\/wp-content\/uploads\/sites\/898\/2021\/01\/logo_novo-300x72.png 300w, https:\/\/sites.usp.br\/neper\/wp-content\/uploads\/sites\/898\/2021\/01\/logo_novo-768x185.png 768w, https:\/\/sites.usp.br\/neper\/wp-content\/uploads\/sites\/898\/2021\/01\/logo_novo-400x96.png 400w\" sizes=\"(max-width: 49px) 100vw, 49px\" \/><\/a>, al\u00e9m de um corpo consultivo, \u00e9 composta por treze membros, incluindo representantes discentes de gradua\u00e7\u00e3o e p\u00f3s-gradua\u00e7\u00e3o, uma estat\u00edstica, e um corpo de docentes que concretiza uma colabora\u00e7\u00e3o entre quatro diferentes unidades de nossa Universidade: Instituto de Ci\u00eancias Biom\u00e9dicas (ICB), Instituto de Matem\u00e1tica e Estat\u00edstica (IME), Instituto de F\u00edsica (IF) e Instituto de Bioci\u00eancias (IB).<\/p>\t\t\t\t\t\t<\/div>\n\t\t\t\t<\/div>\n\t\t\t\t\t<\/div>\n\t\t<\/div>\n\t\t\t\t\t<\/div>\n\t\t<\/section>\n\t\t\t\t<section class=\"elementor-section elementor-top-section elementor-element elementor-element-eca3340 elementor-section-boxed elementor-section-height-default elementor-section-height-default\" data-id=\"eca3340\" data-element_type=\"section\">\n\t\t\t\t\t\t<div class=\"elementor-container elementor-column-gap-default\">\n\t\t\t\t\t<div class=\"elementor-column elementor-col-100 elementor-top-column elementor-element elementor-element-961cce2\" data-id=\"961cce2\" data-element_type=\"column\">\n\t\t\t<div class=\"elementor-widget-wrap elementor-element-populated\">\n\t\t\t\t\t\t<div class=\"elementor-element elementor-element-7e2cd19 elementor-widget elementor-widget-spacer\" data-id=\"7e2cd19\" data-element_type=\"widget\" data-widget_type=\"spacer.default\">\n\t\t\t\t<div class=\"elementor-widget-container\">\n\t\t\t\t\t<div class=\"elementor-spacer\">\n\t\t\t<div class=\"elementor-spacer-inner\"><\/div>\n\t\t<\/div>\n\t\t\t\t<\/div>\n\t\t\t\t<\/div>\n\t\t\t\t\t<\/div>\n\t\t<\/div>\n\t\t\t\t\t<\/div>\n\t\t<\/section>\n\t\t\t\t<\/div>\n\t\t","protected":false},"excerpt":{"rendered":"<p>Sobre o NEPER O N\u00facleo de Estrat\u00e9gias em Planejamento Experimental e Reprodutibilidade teve sua estrutura\u00e7\u00e3o iniciada em meados de 2019, sendo sua cria\u00e7\u00e3o e seu estatuto aprovados em vota\u00e7\u00e3o durante a 419a. Reuni\u00e3o da Congrega\u00e7\u00e3o do ICB-USP, cuja ata foi aprovada (com retifica\u00e7\u00f5es) pela mesma Congrega\u00e7\u00e3o em sua 420a. reuni\u00e3o, realizada em 25\/11\/2020. O objetivo&hellip;<\/p>\n","protected":false},"author":22663,"featured_media":0,"parent":0,"menu_order":0,"comment_status":"closed","ping_status":"closed","template":"elementor_header_footer","meta":{"_monsterinsights_skip_tracking":false,"_monsterinsights_sitenote_active":false,"_monsterinsights_sitenote_note":"","_monsterinsights_sitenote_category":0,"footnotes":"","_links_to":"","_links_to_target":""},"class_list":["post-1286","page","type-page","status-publish","hentry","post"],"_links":{"self":[{"href":"https:\/\/sites.usp.br\/neper\/wp-json\/wp\/v2\/pages\/1286","targetHints":{"allow":["GET"]}}],"collection":[{"href":"https:\/\/sites.usp.br\/neper\/wp-json\/wp\/v2\/pages"}],"about":[{"href":"https:\/\/sites.usp.br\/neper\/wp-json\/wp\/v2\/types\/page"}],"author":[{"embeddable":true,"href":"https:\/\/sites.usp.br\/neper\/wp-json\/wp\/v2\/users\/22663"}],"replies":[{"embeddable":true,"href":"https:\/\/sites.usp.br\/neper\/wp-json\/wp\/v2\/comments?post=1286"}],"version-history":[{"count":4,"href":"https:\/\/sites.usp.br\/neper\/wp-json\/wp\/v2\/pages\/1286\/revisions"}],"predecessor-version":[{"id":1344,"href":"https:\/\/sites.usp.br\/neper\/wp-json\/wp\/v2\/pages\/1286\/revisions\/1344"}],"wp:attachment":[{"href":"https:\/\/sites.usp.br\/neper\/wp-json\/wp\/v2\/media?parent=1286"}],"curies":[{"name":"wp","href":"https:\/\/api.w.org\/{rel}","templated":true}]}}