{"id":1576,"date":"2021-04-03T18:28:48","date_gmt":"2021-04-03T21:28:48","guid":{"rendered":"https:\/\/sites.usp.br\/netiusp\/?page_id=1576"},"modified":"2021-04-03T18:36:34","modified_gmt":"2021-04-03T21:36:34","slug":"about-neti","status":"publish","type":"page","link":"https:\/\/sites.usp.br\/netiusp\/en\/neti\/about-neti\/","title":{"rendered":"About NETI"},"content":{"rendered":"\t\t<div data-elementor-type=\"wp-page\" data-elementor-id=\"1576\" class=\"elementor elementor-1576\" data-elementor-post-type=\"page\">\n\t\t\t\t\t\t<section class=\"elementor-section elementor-top-section elementor-element elementor-element-18d5ac6 elementor-section-boxed elementor-section-height-default elementor-section-height-default\" data-id=\"18d5ac6\" data-element_type=\"section\">\n\t\t\t\t\t\t<div class=\"elementor-container elementor-column-gap-default\">\n\t\t\t\t\t<div class=\"elementor-column elementor-col-100 elementor-top-column elementor-element elementor-element-2cec429\" data-id=\"2cec429\" data-element_type=\"column\">\n\t\t\t<div class=\"elementor-widget-wrap elementor-element-populated\">\n\t\t\t\t\t\t<div class=\"elementor-element elementor-element-7d21b70 elementor-widget elementor-widget-spacer\" data-id=\"7d21b70\" data-element_type=\"widget\" data-widget_type=\"spacer.default\">\n\t\t\t\t<div class=\"elementor-widget-container\">\n\t\t\t\t\t<div class=\"elementor-spacer\">\n\t\t\t<div class=\"elementor-spacer-inner\"><\/div>\n\t\t<\/div>\n\t\t\t\t<\/div>\n\t\t\t\t<\/div>\n\t\t\t\t\t<\/div>\n\t\t<\/div>\n\t\t\t\t\t<\/div>\n\t\t<\/section>\n\t\t\t\t<section class=\"elementor-section elementor-top-section elementor-element elementor-element-629c119 elementor-section-boxed elementor-section-height-default elementor-section-height-default\" data-id=\"629c119\" data-element_type=\"section\">\n\t\t\t\t\t\t<div class=\"elementor-container elementor-column-gap-default\">\n\t\t\t\t\t<div class=\"elementor-column elementor-col-50 elementor-top-column elementor-element elementor-element-e55a37d\" data-id=\"e55a37d\" data-element_type=\"column\">\n\t\t\t<div class=\"elementor-widget-wrap elementor-element-populated\">\n\t\t\t\t\t\t<div class=\"elementor-element elementor-element-749e72d elementor-widget elementor-widget-heading\" data-id=\"749e72d\" data-element_type=\"widget\" data-widget_type=\"heading.default\">\n\t\t\t\t<div class=\"elementor-widget-container\">\n\t\t\t<h2 class=\"elementor-heading-title elementor-size-default\">About NETI-USP<\/h2>\t\t<\/div>\n\t\t\t\t<\/div>\n\t\t\t\t<section class=\"elementor-section elementor-inner-section elementor-element elementor-element-8cdb543 elementor-section-boxed elementor-section-height-default elementor-section-height-default\" data-id=\"8cdb543\" data-element_type=\"section\">\n\t\t\t\t\t\t<div class=\"elementor-container elementor-column-gap-default\">\n\t\t\t\t\t<div class=\"elementor-column elementor-col-50 elementor-inner-column elementor-element elementor-element-fdfaee7\" data-id=\"fdfaee7\" data-element_type=\"column\">\n\t\t\t<div class=\"elementor-widget-wrap elementor-element-populated\">\n\t\t\t\t\t\t<div class=\"elementor-element elementor-element-5a39f509 elementor-widget elementor-widget-text-editor\" data-id=\"5a39f509\" data-element_type=\"widget\" data-widget_type=\"text-editor.default\">\n\t\t\t\t<div class=\"elementor-widget-container\">\n\t\t\t\t\t\t\t<div class=\"_2cuy _3dgx _2vxa\">The Centre for the Study of International Courts at University of S\u00e3o Paulo&#8217;s Faculty of Law (NETI-USP) is a permanent study and research group formed by academics, professors and researchers who meet periodically to discuss the jurisprudential and normative activity of the courts and tribunals international agreements, as well as the extension of their jurisdiction internationally.<\/div>\t\t\t\t\t\t<\/div>\n\t\t\t\t<\/div>\n\t\t\t\t\t<\/div>\n\t\t<\/div>\n\t\t\t\t<div class=\"elementor-column elementor-col-50 elementor-inner-column elementor-element elementor-element-9fcf839\" data-id=\"9fcf839\" data-element_type=\"column\">\n\t\t\t<div class=\"elementor-widget-wrap elementor-element-populated\">\n\t\t\t\t\t\t<div class=\"elementor-element elementor-element-bec1a2c elementor-widget elementor-widget-image\" data-id=\"bec1a2c\" data-element_type=\"widget\" data-widget_type=\"image.default\">\n\t\t\t\t<div class=\"elementor-widget-container\">\n\t\t\t\t\t\t\t\t\t\t\t\t\t<img fetchpriority=\"high\" decoding=\"async\" width=\"1045\" height=\"884\" src=\"https:\/\/sites.usp.br\/netiusp\/wp-content\/uploads\/sites\/920\/2021\/03\/40295211_2363900980499617_51392380368060416_o.jpg\" class=\"attachment-1536x1536 size-1536x1536 wp-image-824\" alt=\"\" srcset=\"https:\/\/sites.usp.br\/netiusp\/wp-content\/uploads\/sites\/920\/2021\/03\/40295211_2363900980499617_51392380368060416_o.jpg 1045w, https:\/\/sites.usp.br\/netiusp\/wp-content\/uploads\/sites\/920\/2021\/03\/40295211_2363900980499617_51392380368060416_o-300x254.jpg 300w, https:\/\/sites.usp.br\/netiusp\/wp-content\/uploads\/sites\/920\/2021\/03\/40295211_2363900980499617_51392380368060416_o-1024x866.jpg 1024w, https:\/\/sites.usp.br\/netiusp\/wp-content\/uploads\/sites\/920\/2021\/03\/40295211_2363900980499617_51392380368060416_o-768x650.jpg 768w, https:\/\/sites.usp.br\/netiusp\/wp-content\/uploads\/sites\/920\/2021\/03\/40295211_2363900980499617_51392380368060416_o-400x338.jpg 400w\" sizes=\"(max-width: 1045px) 100vw, 1045px\" \/>\t\t\t\t\t\t\t\t\t\t\t\t\t<\/div>\n\t\t\t\t<\/div>\n\t\t\t\t\t<\/div>\n\t\t<\/div>\n\t\t\t\t\t<\/div>\n\t\t<\/section>\n\t\t\t\t<section class=\"elementor-section elementor-inner-section elementor-element elementor-element-ffb6996 elementor-section-boxed elementor-section-height-default elementor-section-height-default\" data-id=\"ffb6996\" data-element_type=\"section\">\n\t\t\t\t\t\t<div class=\"elementor-container elementor-column-gap-default\">\n\t\t\t\t\t<div class=\"elementor-column elementor-col-50 elementor-inner-column elementor-element elementor-element-168aab6\" data-id=\"168aab6\" data-element_type=\"column\">\n\t\t\t<div class=\"elementor-widget-wrap elementor-element-populated\">\n\t\t\t\t\t\t<div class=\"elementor-element elementor-element-d79a19d elementor-widget elementor-widget-text-editor\" data-id=\"d79a19d\" data-element_type=\"widget\" data-widget_type=\"text-editor.default\">\n\t\t\t\t<div class=\"elementor-widget-container\">\n\t\t\t\t\t\t\t<div class=\"_2cuy _3dgx _2vxa\">The research group is led by Associate Professor Wagner Menezes (FDUSP), with approved by the Department of International and Comparative Law, and is institutionalized within the scope of the Research Committee of the Largo de S\u00e3o Francisco Law Faculty of the University of S\u00e3o Paulo, as well as registered with the National Council for Scientific and Technological Development (CNPq).<\/div>\t\t\t\t\t\t<\/div>\n\t\t\t\t<\/div>\n\t\t\t\t\t<\/div>\n\t\t<\/div>\n\t\t\t\t<div class=\"elementor-column elementor-col-50 elementor-inner-column elementor-element elementor-element-4e39886\" data-id=\"4e39886\" data-element_type=\"column\">\n\t\t\t<div class=\"elementor-widget-wrap elementor-element-populated\">\n\t\t\t\t\t\t<div class=\"elementor-element elementor-element-4205d62 elementor-widget elementor-widget-text-editor\" data-id=\"4205d62\" data-element_type=\"widget\" data-widget_type=\"text-editor.default\">\n\t\t\t\t<div class=\"elementor-widget-container\">\n\t\t\t\t\t\t\t<div class=\"_2cuy _3dgx _2vxa\">NETI-USP has the social purpose of promoting studies on International Courts and International Law, monitoring the activity of International Courts and disseminating knowledge related to such topics, through events, publications and other means.<\/div>\t\t\t\t\t\t<\/div>\n\t\t\t\t<\/div>\n\t\t\t\t\t<\/div>\n\t\t<\/div>\n\t\t\t\t\t<\/div>\n\t\t<\/section>\n\t\t\t\t<div class=\"elementor-element elementor-element-6bc88d9 elementor-widget elementor-widget-spacer\" data-id=\"6bc88d9\" data-element_type=\"widget\" data-widget_type=\"spacer.default\">\n\t\t\t\t<div class=\"elementor-widget-container\">\n\t\t\t\t\t<div class=\"elementor-spacer\">\n\t\t\t<div class=\"elementor-spacer-inner\"><\/div>\n\t\t<\/div>\n\t\t\t\t<\/div>\n\t\t\t\t<\/div>\n\t\t\t\t<div class=\"elementor-element elementor-element-5086d8c elementor-widget elementor-widget-heading\" data-id=\"5086d8c\" data-element_type=\"widget\" data-widget_type=\"heading.default\">\n\t\t\t\t<div class=\"elementor-widget-container\">\n\t\t\t<h2 class=\"elementor-heading-title elementor-size-default\">Group's objetives<\/h2>\t\t<\/div>\n\t\t\t\t<\/div>\n\t\t\t\t<div class=\"elementor-element elementor-element-b6c0ee8 elementor-widget elementor-widget-text-editor\" data-id=\"b6c0ee8\" data-element_type=\"widget\" data-widget_type=\"text-editor.default\">\n\t\t\t\t<div class=\"elementor-widget-container\">\n\t\t\t\t\t\t\t<p>The study and research group has as its general objective the development of scientific materials about the performance of international courts in contemporary international law, with a view to academic improvement of members, scientific production and the publication of the results of these activities.<\/p><p>The specific objectives of the group are:<\/p><ol><li>Monitor the judicial decisions of international courts and tribunals;<\/li><li>Doctrinally analyse the positions of international courts and tribunals;<\/li><li>Examine the internal procedures developed within the scope of international courts and tribunals;<\/li><li>Discuss procedural and normative procedures in the processing of cases before international courts and tribunals;<\/li><li>Analyse the disputes in which Brazil is involved;<\/li><li>To analyze historically the phenomenon of the jurisdiction of international law;<\/li><li>Classify and typologically analyse international courts and tribunals;<\/li><li>Publish and disseminate in a consolidated manner the jurisprudence of international courts and tribunals; and<\/li><li>Disseminate knowledge on the activities of international courts and tribunals.<\/li><\/ol>\t\t\t\t\t\t<\/div>\n\t\t\t\t<\/div>\n\t\t\t\t\t<\/div>\n\t\t<\/div>\n\t\t\t\t<div class=\"elementor-column elementor-col-50 elementor-top-column elementor-element elementor-element-014f68c\" data-id=\"014f68c\" data-element_type=\"column\">\n\t\t\t<div class=\"elementor-widget-wrap elementor-element-populated\">\n\t\t\t\t\t\t<div class=\"elementor-element elementor-element-458cacb elementor-widget elementor-widget-heading\" data-id=\"458cacb\" data-element_type=\"widget\" data-widget_type=\"heading.default\">\n\t\t\t\t<div class=\"elementor-widget-container\">\n\t\t\t<h2 class=\"elementor-heading-title elementor-size-default\">Publica\u00e7\u00f5es recentes<\/h2>\t\t<\/div>\n\t\t\t\t<\/div>\n\t\t\t\t<div class=\"elementor-element elementor-element-9d9ad1b elementor-grid-1 elementor-posts--thumbnail-none elementor-grid-tablet-2 elementor-grid-mobile-1 elementor-card-shadow-yes elementor-posts__hover-gradient elementor-widget elementor-widget-posts\" data-id=\"9d9ad1b\" data-element_type=\"widget\" data-settings=\"{&quot;cards_columns&quot;:&quot;1&quot;,&quot;cards_columns_tablet&quot;:&quot;2&quot;,&quot;cards_columns_mobile&quot;:&quot;1&quot;,&quot;cards_row_gap&quot;:{&quot;unit&quot;:&quot;px&quot;,&quot;size&quot;:35,&quot;sizes&quot;:[]},&quot;cards_row_gap_tablet&quot;:{&quot;unit&quot;:&quot;px&quot;,&quot;size&quot;:&quot;&quot;,&quot;sizes&quot;:[]},&quot;cards_row_gap_mobile&quot;:{&quot;unit&quot;:&quot;px&quot;,&quot;size&quot;:&quot;&quot;,&quot;sizes&quot;:[]}}\" data-widget_type=\"posts.cards\">\n\t\t\t\t<div class=\"elementor-widget-container\">\n\t\t\t\t\t<div class=\"elementor-posts-container elementor-posts elementor-posts--skin-cards elementor-grid\">\n\t\t\t\t<article class=\"elementor-post elementor-grid-item post-6923 post type-post status-publish format-standard has-post-thumbnail hentry category-posts tag-a-omc-balzaquiana-danielle-denny entry has-media\">\n\t\t\t<div class=\"elementor-post__card\">\n\t\t\t\t<div class=\"elementor-post__text\">\n\t\t\t\t<h3 class=\"elementor-post__title\">\n\t\t\t<a href=\"https:\/\/sites.usp.br\/netiusp\/pt\/a-omc-balzaquiana\/\" >\n\t\t\t\tA OMC Balzaquiana\t\t\t<\/a>\n\t\t<\/h3>\n\t\t\t\t<\/div>\n\t\t\t\t<div class=\"elementor-post__meta-data\">\n\t\t\t\t\t<span class=\"elementor-post-author\">\n\t\t\tNETI-USP\t\t<\/span>\n\t\t\t\t<span class=\"elementor-post-date\">\n\t\t\t15 de setembro de 2025\t\t<\/span>\n\t\t\t\t<\/div>\n\t\t\t\t\t<\/div>\n\t\t<\/article>\n\t\t\t\t<article class=\"elementor-post elementor-grid-item post-6887 post type-post status-publish format-standard has-post-thumbnail hentry category-posts category-uncategorized-pt entry has-media\">\n\t\t\t<div class=\"elementor-post__card\">\n\t\t\t\t<div class=\"elementor-post__text\">\n\t\t\t\t<h3 class=\"elementor-post__title\">\n\t\t\t<a href=\"https:\/\/sites.usp.br\/netiusp\/pt\/rascunho-automatico\/\" >\n\t\t\t\tCaso Beatriz e outros vs. El Salvador: Viola\u00e7\u00e3o dos Direitos Sexuais e Reprodutivo das Mulheres na Am\u00e9rica Latina e Caribe\t\t\t<\/a>\n\t\t<\/h3>\n\t\t\t\t<\/div>\n\t\t\t\t<div class=\"elementor-post__meta-data\">\n\t\t\t\t\t<span class=\"elementor-post-author\">\n\t\t\tNETI-USP\t\t<\/span>\n\t\t\t\t<span class=\"elementor-post-date\">\n\t\t\t10 de junho de 2025\t\t<\/span>\n\t\t\t\t<\/div>\n\t\t\t\t\t<\/div>\n\t\t<\/article>\n\t\t\t\t<article class=\"elementor-post elementor-grid-item post-6869 post type-post status-publish format-standard has-post-thumbnail hentry category-posts tag-corte-internacional-de-justica-sibele-walkiria-lopes-opiniao-consultiva-mudancas-climaticas entry has-media\">\n\t\t\t<div class=\"elementor-post__card\">\n\t\t\t\t<div class=\"elementor-post__text\">\n\t\t\t\t<h3 class=\"elementor-post__title\">\n\t\t\t<a href=\"https:\/\/sites.usp.br\/netiusp\/pt\/elementor-6869\/\" >\n\t\t\t\tOPINI\u00c3O CONSULTIVA SOBRE AS OBRIGA\u00c7\u00d5ES DOS ESTADOS EM RELA\u00c7\u00c3O \u00c0S MUDAN\u00c7AS CLIM\u00c1TICAS: ASPECTOS PROCEDIMENTAIS PARA O EXERC\u00cdCIO DA COMPET\u00caNCIA CONSULTIVA PELA CORTE INTERNACIONAL DE JUSTI\u00c7A\t\t\t<\/a>\n\t\t<\/h3>\n\t\t\t\t<\/div>\n\t\t\t\t<div class=\"elementor-post__meta-data\">\n\t\t\t\t\t<span class=\"elementor-post-author\">\n\t\t\tNETI-USP\t\t<\/span>\n\t\t\t\t<span class=\"elementor-post-date\">\n\t\t\t3 de junho de 2025\t\t<\/span>\n\t\t\t\t<\/div>\n\t\t\t\t\t<\/div>\n\t\t<\/article>\n\t\t\t\t<article class=\"elementor-post elementor-grid-item post-6854 post type-post status-publish format-standard has-post-thumbnail hentry category-posts tag-caso-israel-x-hamas-no-tribunal-penal-internacional-maria-luisa-mercurio-paloma-gerzeli-pitre entry has-media\">\n\t\t\t<div class=\"elementor-post__card\">\n\t\t\t\t<div class=\"elementor-post__text\">\n\t\t\t\t<h3 class=\"elementor-post__title\">\n\t\t\t<a href=\"https:\/\/sites.usp.br\/netiusp\/pt\/caso-israel-x-hamas-historico-do-caso-no-tribunal-penal-internacional-e-a-nova-decisao-capaz-de-alterar-o-rumo-do-processo\/\" >\n\t\t\t\tCaso Israel x Hamas: hist\u00f3rico do caso no Tribunal Penal Internacional e a nova decis\u00e3o capaz de alterar o rumo do processo\t\t\t<\/a>\n\t\t<\/h3>\n\t\t\t\t<\/div>\n\t\t\t\t<div class=\"elementor-post__meta-data\">\n\t\t\t\t\t<span class=\"elementor-post-author\">\n\t\t\tNETI-USP\t\t<\/span>\n\t\t\t\t<span class=\"elementor-post-date\">\n\t\t\t21 de maio de 2025\t\t<\/span>\n\t\t\t\t<\/div>\n\t\t\t\t\t<\/div>\n\t\t<\/article>\n\t\t\t\t<article class=\"elementor-post elementor-grid-item post-6792 post type-post status-publish format-standard has-post-thumbnail hentry category-posts entry has-media\">\n\t\t\t<div class=\"elementor-post__card\">\n\t\t\t\t<div class=\"elementor-post__text\">\n\t\t\t\t<h3 class=\"elementor-post__title\">\n\t\t\t<a href=\"https:\/\/sites.usp.br\/netiusp\/pt\/elementor-6792\/\" >\n\t\t\t\tOpini\u00e3o Consultiva sobre as obriga\u00e7\u00f5es dos Estados em rela\u00e7\u00e3o \u00e0s Mudan\u00e7as Clim\u00e1ticas: As contribui\u00e7\u00f5es do Brasil apresentadas \u00e0 Corte Internacional de Justi\u00e7a\t\t\t<\/a>\n\t\t<\/h3>\n\t\t\t\t<\/div>\n\t\t\t\t<div class=\"elementor-post__meta-data\">\n\t\t\t\t\t<span class=\"elementor-post-author\">\n\t\t\tNETI-USP\t\t<\/span>\n\t\t\t\t<span class=\"elementor-post-date\">\n\t\t\t30 de abril de 2025\t\t<\/span>\n\t\t\t\t<\/div>\n\t\t\t\t\t<\/div>\n\t\t<\/article>\n\t\t\t\t<article class=\"elementor-post elementor-grid-item post-6774 post type-post status-publish format-standard has-post-thumbnail hentry category-posts category-uncategorized-pt tag-corte-internacional-de-justica-nathalia-penha-cardoso-de-franca entry has-media\">\n\t\t\t<div class=\"elementor-post__card\">\n\t\t\t\t<div class=\"elementor-post__text\">\n\t\t\t\t<h3 class=\"elementor-post__title\">\n\t\t\t<a href=\"https:\/\/sites.usp.br\/netiusp\/pt\/elementor-6774\/\" >\n\t\t\t\tOpini\u00e3o Consultiva sobre as Obriga\u00e7\u00f5es dos Estados em rela\u00e7\u00e3o \u00e0s Mudan\u00e7as Clim\u00e1ticas: A Relev\u00e2ncia da Resolu\u00e7\u00e3o da Assembleia Geral na Corte Internacional de Justi\u00e7a\t\t\t<\/a>\n\t\t<\/h3>\n\t\t\t\t<\/div>\n\t\t\t\t<div class=\"elementor-post__meta-data\">\n\t\t\t\t\t<span class=\"elementor-post-author\">\n\t\t\tNETI-USP\t\t<\/span>\n\t\t\t\t<span class=\"elementor-post-date\">\n\t\t\t23 de abril de 2025\t\t<\/span>\n\t\t\t\t<\/div>\n\t\t\t\t\t<\/div>\n\t\t<\/article>\n\t\t\t\t<\/div>\n\t\t\n\t\t\t\t<\/div>\n\t\t\t\t<\/div>\n\t\t\t\t\t<\/div>\n\t\t<\/div>\n\t\t\t\t\t<\/div>\n\t\t<\/section>\n\t\t\t\t<\/div>\n\t\t","protected":false},"excerpt":{"rendered":"<p>About NETI-USP The Centre for the Study of International Courts at University of S\u00e3o Paulo&#8217;s Faculty of Law (NETI-USP) is a permanent study and research<\/p>\n","protected":false},"author":22322,"featured_media":0,"parent":1509,"menu_order":0,"comment_status":"closed","ping_status":"closed","template":"elementor_header_footer","meta":{"footnotes":"","_links_to":"","_links_to_target":""},"class_list":["post-1576","page","type-page","status-publish","hentry","entry","has-media"],"_links":{"self":[{"href":"https:\/\/sites.usp.br\/netiusp\/wp-json\/wp\/v2\/pages\/1576","targetHints":{"allow":["GET"]}}],"collection":[{"href":"https:\/\/sites.usp.br\/netiusp\/wp-json\/wp\/v2\/pages"}],"about":[{"href":"https:\/\/sites.usp.br\/netiusp\/wp-json\/wp\/v2\/types\/page"}],"author":[{"embeddable":true,"href":"https:\/\/sites.usp.br\/netiusp\/wp-json\/wp\/v2\/users\/22322"}],"replies":[{"embeddable":true,"href":"https:\/\/sites.usp.br\/netiusp\/wp-json\/wp\/v2\/comments?post=1576"}],"version-history":[{"count":3,"href":"https:\/\/sites.usp.br\/netiusp\/wp-json\/wp\/v2\/pages\/1576\/revisions"}],"predecessor-version":[{"id":1579,"href":"https:\/\/sites.usp.br\/netiusp\/wp-json\/wp\/v2\/pages\/1576\/revisions\/1579"}],"up":[{"embeddable":true,"href":"https:\/\/sites.usp.br\/netiusp\/wp-json\/wp\/v2\/pages\/1509"}],"wp:attachment":[{"href":"https:\/\/sites.usp.br\/netiusp\/wp-json\/wp\/v2\/media?parent=1576"}],"curies":[{"name":"wp","href":"https:\/\/api.w.org\/{rel}","templated":true}]}}