{"id":617,"date":"2021-03-19T01:20:40","date_gmt":"2021-03-19T03:20:40","guid":{"rendered":"https:\/\/sites.usp.br\/netiusp\/?page_id=617"},"modified":"2021-05-26T11:24:41","modified_gmt":"2021-05-26T14:24:41","slug":"historia","status":"publish","type":"page","link":"https:\/\/sites.usp.br\/netiusp\/pt\/o-neti\/historia\/","title":{"rendered":"Hist\u00f3ria"},"content":{"rendered":"\t\t<div data-elementor-type=\"wp-page\" data-elementor-id=\"617\" class=\"elementor elementor-617\" data-elementor-post-type=\"page\">\n\t\t\t\t\t\t<section class=\"elementor-section elementor-top-section elementor-element elementor-element-0846ef2 elementor-section-boxed elementor-section-height-default elementor-section-height-default\" data-id=\"0846ef2\" data-element_type=\"section\">\n\t\t\t\t\t\t<div class=\"elementor-container elementor-column-gap-default\">\n\t\t\t\t\t<div class=\"elementor-column elementor-col-100 elementor-top-column elementor-element elementor-element-7755eb8\" data-id=\"7755eb8\" data-element_type=\"column\">\n\t\t\t<div class=\"elementor-widget-wrap elementor-element-populated\">\n\t\t\t\t\t\t<div class=\"elementor-element elementor-element-dfeb1ee elementor-widget elementor-widget-spacer\" data-id=\"dfeb1ee\" data-element_type=\"widget\" data-widget_type=\"spacer.default\">\n\t\t\t\t<div class=\"elementor-widget-container\">\n\t\t\t\t\t<div class=\"elementor-spacer\">\n\t\t\t<div class=\"elementor-spacer-inner\"><\/div>\n\t\t<\/div>\n\t\t\t\t<\/div>\n\t\t\t\t<\/div>\n\t\t\t\t\t<\/div>\n\t\t<\/div>\n\t\t\t\t\t<\/div>\n\t\t<\/section>\n\t\t\t\t<section class=\"elementor-section elementor-top-section elementor-element elementor-element-b384598 elementor-section-boxed elementor-section-height-default elementor-section-height-default\" data-id=\"b384598\" data-element_type=\"section\">\n\t\t\t\t\t\t<div class=\"elementor-container elementor-column-gap-default\">\n\t\t\t\t\t<div class=\"elementor-column elementor-col-100 elementor-top-column elementor-element elementor-element-f5d7ba6\" data-id=\"f5d7ba6\" data-element_type=\"column\">\n\t\t\t<div class=\"elementor-widget-wrap elementor-element-populated\">\n\t\t\t\t\t\t<div class=\"elementor-element elementor-element-2f5302c elementor-widget elementor-widget-heading\" data-id=\"2f5302c\" data-element_type=\"widget\" data-widget_type=\"heading.default\">\n\t\t\t\t<div class=\"elementor-widget-container\">\n\t\t\t<h2 class=\"elementor-heading-title elementor-size-default\">O NETI<\/h2>\t\t<\/div>\n\t\t\t\t<\/div>\n\t\t\t\t\t<\/div>\n\t\t<\/div>\n\t\t\t\t\t<\/div>\n\t\t<\/section>\n\t\t\t\t<section class=\"elementor-section elementor-top-section elementor-element elementor-element-693f977 elementor-section-boxed elementor-section-height-default elementor-section-height-default\" data-id=\"693f977\" data-element_type=\"section\">\n\t\t\t\t\t\t<div class=\"elementor-container elementor-column-gap-default\">\n\t\t\t\t\t<div class=\"elementor-column elementor-col-100 elementor-top-column elementor-element elementor-element-9f11bb7\" data-id=\"9f11bb7\" data-element_type=\"column\">\n\t\t\t<div class=\"elementor-widget-wrap elementor-element-populated\">\n\t\t\t\t\t\t<div class=\"elementor-element elementor-element-93b8825 elementor-widget elementor-widget-spacer\" data-id=\"93b8825\" data-element_type=\"widget\" data-widget_type=\"spacer.default\">\n\t\t\t\t<div class=\"elementor-widget-container\">\n\t\t\t\t\t<div class=\"elementor-spacer\">\n\t\t\t<div class=\"elementor-spacer-inner\"><\/div>\n\t\t<\/div>\n\t\t\t\t<\/div>\n\t\t\t\t<\/div>\n\t\t\t\t\t<\/div>\n\t\t<\/div>\n\t\t\t\t\t<\/div>\n\t\t<\/section>\n\t\t\t\t<section class=\"elementor-section elementor-top-section elementor-element elementor-element-9e78684 elementor-section-boxed elementor-section-height-default elementor-section-height-default\" data-id=\"9e78684\" data-element_type=\"section\">\n\t\t\t\t\t\t<div class=\"elementor-container elementor-column-gap-default\">\n\t\t\t\t\t<div class=\"elementor-column elementor-col-100 elementor-top-column elementor-element elementor-element-8674e0c\" data-id=\"8674e0c\" data-element_type=\"column\">\n\t\t\t<div class=\"elementor-widget-wrap elementor-element-populated\">\n\t\t\t\t\t\t<div class=\"elementor-element elementor-element-feb61e3 elementor-widget elementor-widget-heading\" data-id=\"feb61e3\" data-element_type=\"widget\" data-widget_type=\"heading.default\">\n\t\t\t\t<div class=\"elementor-widget-container\">\n\t\t\t<h2 class=\"elementor-heading-title elementor-size-default\">Hist\u00f3ria do NETI<\/h2>\t\t<\/div>\n\t\t\t\t<\/div>\n\t\t\t\t\t<\/div>\n\t\t<\/div>\n\t\t\t\t\t<\/div>\n\t\t<\/section>\n\t\t\t\t<section class=\"elementor-section elementor-top-section elementor-element elementor-element-86fe4ee elementor-section-boxed elementor-section-height-default elementor-section-height-default\" data-id=\"86fe4ee\" data-element_type=\"section\">\n\t\t\t\t\t\t<div class=\"elementor-container elementor-column-gap-default\">\n\t\t\t\t\t<div class=\"elementor-column elementor-col-100 elementor-top-column elementor-element elementor-element-9b20cbc\" data-id=\"9b20cbc\" data-element_type=\"column\">\n\t\t\t<div class=\"elementor-widget-wrap elementor-element-populated\">\n\t\t\t\t\t\t<div class=\"elementor-element elementor-element-52d86d4 elementor-widget elementor-widget-image\" data-id=\"52d86d4\" data-element_type=\"widget\" data-widget_type=\"image.default\">\n\t\t\t\t<div class=\"elementor-widget-container\">\n\t\t\t\t\t\t\t\t\t\t\t\t\t<img fetchpriority=\"high\" decoding=\"async\" width=\"1024\" height=\"332\" src=\"https:\/\/sites.usp.br\/netiusp\/wp-content\/uploads\/sites\/920\/2021\/03\/159377832_3152948154928225_8657174839959763631_o-1024x332.jpg\" class=\"attachment-large size-large wp-image-815\" alt=\"\" srcset=\"https:\/\/sites.usp.br\/netiusp\/wp-content\/uploads\/sites\/920\/2021\/03\/159377832_3152948154928225_8657174839959763631_o-1024x332.jpg 1024w, https:\/\/sites.usp.br\/netiusp\/wp-content\/uploads\/sites\/920\/2021\/03\/159377832_3152948154928225_8657174839959763631_o-300x97.jpg 300w, https:\/\/sites.usp.br\/netiusp\/wp-content\/uploads\/sites\/920\/2021\/03\/159377832_3152948154928225_8657174839959763631_o-768x249.jpg 768w, https:\/\/sites.usp.br\/netiusp\/wp-content\/uploads\/sites\/920\/2021\/03\/159377832_3152948154928225_8657174839959763631_o-400x130.jpg 400w, https:\/\/sites.usp.br\/netiusp\/wp-content\/uploads\/sites\/920\/2021\/03\/159377832_3152948154928225_8657174839959763631_o.jpg 1347w\" sizes=\"(max-width: 1024px) 100vw, 1024px\" \/>\t\t\t\t\t\t\t\t\t\t\t\t\t<\/div>\n\t\t\t\t<\/div>\n\t\t\t\t\t<\/div>\n\t\t<\/div>\n\t\t\t\t\t<\/div>\n\t\t<\/section>\n\t\t\t\t<section class=\"elementor-section elementor-top-section elementor-element elementor-element-e69fdfb elementor-section-boxed elementor-section-height-default elementor-section-height-default\" data-id=\"e69fdfb\" data-element_type=\"section\" data-settings=\"{&quot;background_background&quot;:&quot;classic&quot;}\">\n\t\t\t\t\t\t<div class=\"elementor-container elementor-column-gap-default\">\n\t\t\t\t\t<div class=\"elementor-column elementor-col-100 elementor-top-column elementor-element elementor-element-0bfad1c\" data-id=\"0bfad1c\" data-element_type=\"column\">\n\t\t\t<div class=\"elementor-widget-wrap elementor-element-populated\">\n\t\t\t\t\t\t<div class=\"elementor-element elementor-element-a0ee990 elementor-view-default elementor-position-top elementor-mobile-position-top elementor-widget elementor-widget-icon-box\" data-id=\"a0ee990\" data-element_type=\"widget\" data-widget_type=\"icon-box.default\">\n\t\t\t\t<div class=\"elementor-widget-container\">\n\t\t\t\t\t<div class=\"elementor-icon-box-wrapper\">\n\n\t\t\t\t\t\t<div class=\"elementor-icon-box-icon\">\n\t\t\t\t<a href=\"https:\/\/sites.usp.br\/netiusp\/pesquisadores\/egressos\/\" class=\"elementor-icon elementor-animation-\" tabindex=\"-1\">\n\t\t\t\t<i aria-hidden=\"true\" class=\"fas fa-graduation-cap\"><\/i>\t\t\t\t<\/a>\n\t\t\t<\/div>\n\t\t\t\n\t\t\t\t\t\t<div class=\"elementor-icon-box-content\">\n\n\t\t\t\t\t\t\t\t\t<h3 class=\"elementor-icon-box-title\">\n\t\t\t\t\t\t<a href=\"https:\/\/sites.usp.br\/netiusp\/pesquisadores\/egressos\/\" >\n\t\t\t\t\t\t\tConhe\u00e7a os pesquisadores que ajudaram a construir a hist\u00f3ria do NETI\t\t\t\t\t\t<\/a>\n\t\t\t\t\t<\/h3>\n\t\t\t\t\n\t\t\t\t\n\t\t\t<\/div>\n\t\t\t\n\t\t<\/div>\n\t\t\t\t<\/div>\n\t\t\t\t<\/div>\n\t\t\t\t\t<\/div>\n\t\t<\/div>\n\t\t\t\t\t<\/div>\n\t\t<\/section>\n\t\t\t\t<section class=\"elementor-section elementor-top-section elementor-element elementor-element-6a369d6 elementor-section-boxed elementor-section-height-default elementor-section-height-default\" data-id=\"6a369d6\" data-element_type=\"section\">\n\t\t\t\t\t\t<div class=\"elementor-container elementor-column-gap-default\">\n\t\t\t\t\t<div class=\"elementor-column elementor-col-100 elementor-top-column elementor-element elementor-element-5d47c6c\" data-id=\"5d47c6c\" data-element_type=\"column\">\n\t\t\t<div class=\"elementor-widget-wrap elementor-element-populated\">\n\t\t\t\t\t\t<div class=\"elementor-element elementor-element-457f598 elementor-widget elementor-widget-text-editor\" data-id=\"457f598\" data-element_type=\"widget\" data-widget_type=\"text-editor.default\">\n\t\t\t\t<div class=\"elementor-widget-container\">\n\t\t\t\t\t\t\t<p>Nos dias atuais, presenciamos a din\u00e2mica transforma\u00e7\u00e3o da sociedade globalizada, em decorr\u00eancia da inexor\u00e1vel intensifica\u00e7\u00e3o e massifica\u00e7\u00e3o das rela\u00e7\u00f5es desenvolvidas no plano internacional, de sorte que tais transforma\u00e7\u00f5es geram direitos e obriga\u00e7\u00f5es a todos os sujeitos de Direito Internacional, que convivem e estabelecem suas rela\u00e7\u00f5es sob a \u00e9gide de um ideal de solidariedade e paz internacional.<\/p><p>Aquilo que em dezembro de 2009 ainda era uma ideia embrion\u00e1ria, em 2010 concretizou-se com a cria\u00e7\u00e3o do N\u00facleo de Estudos em Tribunais Internacionais da Faculdade de Direito da Universidade de S\u00e3o Paulo (NETI-USP), que foi um dos primeiros \u2013 sen\u00e3o o primeiro \u2013 grupos de estudos brasileiros voltados para a compreens\u00e3o dos\u00a0Tribunais Internacionais em sua l\u00f3gica hist\u00f3rica e sist\u00eamica.<\/p><p>Se, no in\u00edcio, como era de se esperar, o grupo tinha atua\u00e7\u00e3o t\u00edmida e acanhada, buscando primeiramente estabelecer os contornos te\u00f3ricos de seu objeto de estudo, o NETI-USP tem se consolidado, nos dias de hoje \u2013 com metodologia pr\u00f3pria e com linha de pesquisa arrojada e concatenada com as discuss\u00f5es contempor\u00e2neas \u2013 como um dos maiores grupos de estudos de Direito Internacional do pa\u00eds, congregando aproximadamente 70 pesquisadores, de diferentes origens e forma\u00e7\u00f5es, de graduandos a doutores, de norte a sul do pa\u00eds.<\/p><p>Durante os anos 2010 e 2011, o grupo dedicou-se ao estudo dos fundamentos da atua\u00e7\u00e3o dos Tribunais Internacionais, para, ent\u00e3o, em 2012 e 2013 debru\u00e7ar-se sobre uma instigante investiga\u00e7\u00e3o a respeito da exist\u00eancia ou n\u00e3o de conflito de compet\u00eancia dos mais diversos Tribunais existentes, por ocasi\u00e3o do exerc\u00edcio concomitante de sua jurisdi\u00e7\u00e3o, interpretada sob um ponto de vista sist\u00eamico, a par da harmonia e da coopera\u00e7\u00e3o internacional estabelecida entre os Tribunais Internacionais.<\/p><p>J\u00e1 nos anos 2014 e 2015, o NETI-USP buscou reconhecer par\u00e2metros para a interpreta\u00e7\u00e3o da efetividade dos Tribunais Internacionais, tendo conclu\u00eddo que a efetividade de suas decis\u00f5es n\u00e3o se resume nos aspectos quantitativos do cumprimento de provimentos jurisdicionais, vez que a efetividade dos Tribunais Internacionais, que contribui verdadeiramente para o Direito Internacional, tamb\u00e9m considera outros elementos, como o acesso \u00e0 justi\u00e7a, a reafirma\u00e7\u00e3o da jurisdi\u00e7\u00e3o internacional e tamb\u00e9m a releitura cr\u00edtica da identifica\u00e7\u00e3o das fontes do Direito Internacional nos Tribunais Internacionais.<\/p><p>Em 2016, o N\u00facleo dedicou seus trabalhos \u00e0 investiga\u00e7\u00e3o do acesso do indiv\u00edduo, enquanto sujeito de um Direito Internacional que se desenvolve cada vez mais pautado na promo\u00e7\u00e3o e na garantia dos Direitos Humanos, \u00e0s Cortes e Tribunais Internacionais e aos \u00f3rg\u00e3os jurisdicionais de Organiza\u00e7\u00f5es Internacionais, para, no ano de 2017, direcionar o recorte tem\u00e1tico central sobre a investiga\u00e7\u00e3o dos impactos da atua\u00e7\u00e3o destes Tribunais Internacionais no Direito Interno, com os estudos voltados sobre as consequ\u00eancias da atua\u00e7\u00e3o e tomadas de decis\u00f5es de cada uma das Cortes acompanhadas pelo N\u00facleo, no direito interno dos pa\u00edses que a elas se submetem.<\/p><p>Em 2018, sob o tema central da \u201cImplementa\u00e7\u00e3o Procedimental das Decis\u00f5es de Tribunais Internacionais\u201d o N\u00facleo se debru\u00e7ou sobre a an\u00e1lise de como s\u00e3o postas em pr\u00e1tica estas decis\u00f5es nas jurisdi\u00e7\u00f5es nacionais.<\/p><p>No ano de 2019, o NETI-USP comemorou os dez anos de sua funda\u00e7\u00e3o. Esses dez anos fora marcados pelos esfor\u00e7os ininterruptos de sua grande equipe de pesquisadores, que trabalharam, desde o in\u00edcio de suas atividades, com foco nos objetivos da divulga\u00e7\u00e3o jurisprudencial, difus\u00e3o das atividades dos tribunais e cortes internacionais acompanhados, al\u00e9m da an\u00e1lise cr\u00edtica de suas atua\u00e7\u00f5es perante o Direito Internacional.<\/p>\t\t\t\t\t\t<\/div>\n\t\t\t\t<\/div>\n\t\t\t\t\t<\/div>\n\t\t<\/div>\n\t\t\t\t\t<\/div>\n\t\t<\/section>\n\t\t\t\t<section class=\"elementor-section elementor-top-section elementor-element elementor-element-6cde9d4 elementor-section-boxed elementor-section-height-default elementor-section-height-default\" data-id=\"6cde9d4\" data-element_type=\"section\">\n\t\t\t\t\t\t<div class=\"elementor-container elementor-column-gap-default\">\n\t\t\t\t\t<div class=\"elementor-column elementor-col-100 elementor-top-column elementor-element elementor-element-4ccac53\" data-id=\"4ccac53\" data-element_type=\"column\">\n\t\t\t<div class=\"elementor-widget-wrap elementor-element-populated\">\n\t\t\t\t\t\t<div class=\"elementor-element elementor-element-9bedfe0 elementor-widget elementor-widget-spacer\" data-id=\"9bedfe0\" data-element_type=\"widget\" data-widget_type=\"spacer.default\">\n\t\t\t\t<div class=\"elementor-widget-container\">\n\t\t\t\t\t<div class=\"elementor-spacer\">\n\t\t\t<div class=\"elementor-spacer-inner\"><\/div>\n\t\t<\/div>\n\t\t\t\t<\/div>\n\t\t\t\t<\/div>\n\t\t\t\t\t<\/div>\n\t\t<\/div>\n\t\t\t\t\t<\/div>\n\t\t<\/section>\n\t\t\t\t<\/div>\n\t\t","protected":false},"excerpt":{"rendered":"<p>O NETI Hist\u00f3ria do NETI Conhe\u00e7a os pesquisadores que ajudaram a construir a hist\u00f3ria do NETI Nos dias atuais, presenciamos a din\u00e2mica transforma\u00e7\u00e3o da sociedade globalizada, em decorr\u00eancia da inexor\u00e1vel intensifica\u00e7\u00e3o e massifica\u00e7\u00e3o das rela\u00e7\u00f5es desenvolvidas no plano internacional, de sorte que tais transforma\u00e7\u00f5es geram direitos e obriga\u00e7\u00f5es a todos os sujeitos de Direito Internacional, [&hellip;]<\/p>\n","protected":false},"author":22322,"featured_media":0,"parent":612,"menu_order":1,"comment_status":"closed","ping_status":"closed","template":"elementor_header_footer","meta":{"footnotes":"","_links_to":"","_links_to_target":""},"class_list":["post-617","page","type-page","status-publish","hentry","entry"],"_links":{"self":[{"href":"https:\/\/sites.usp.br\/netiusp\/wp-json\/wp\/v2\/pages\/617","targetHints":{"allow":["GET"]}}],"collection":[{"href":"https:\/\/sites.usp.br\/netiusp\/wp-json\/wp\/v2\/pages"}],"about":[{"href":"https:\/\/sites.usp.br\/netiusp\/wp-json\/wp\/v2\/types\/page"}],"author":[{"embeddable":true,"href":"https:\/\/sites.usp.br\/netiusp\/wp-json\/wp\/v2\/users\/22322"}],"replies":[{"embeddable":true,"href":"https:\/\/sites.usp.br\/netiusp\/wp-json\/wp\/v2\/comments?post=617"}],"version-history":[{"count":4,"href":"https:\/\/sites.usp.br\/netiusp\/wp-json\/wp\/v2\/pages\/617\/revisions"}],"predecessor-version":[{"id":2960,"href":"https:\/\/sites.usp.br\/netiusp\/wp-json\/wp\/v2\/pages\/617\/revisions\/2960"}],"up":[{"embeddable":true,"href":"https:\/\/sites.usp.br\/netiusp\/wp-json\/wp\/v2\/pages\/612"}],"wp:attachment":[{"href":"https:\/\/sites.usp.br\/netiusp\/wp-json\/wp\/v2\/media?parent=617"}],"curies":[{"name":"wp","href":"https:\/\/api.w.org\/{rel}","templated":true}]}}