{"id":1430,"date":"2025-06-30T15:06:16","date_gmt":"2025-06-30T17:06:16","guid":{"rendered":"https:\/\/sites.usp.br\/neuroreplab\/?page_id=1430"},"modified":"2025-06-30T18:13:09","modified_gmt":"2025-06-30T20:13:09","slug":"showcase","status":"publish","type":"page","link":"https:\/\/sites.usp.br\/neuroreplab\/en\/showcase\/","title":{"rendered":"Showcase"},"content":{"rendered":"\t\t<div data-elementor-type=\"wp-page\" data-elementor-id=\"1430\" class=\"elementor elementor-1430\" data-elementor-post-type=\"page\">\n\t\t\t\t\t\t<section class=\"elementor-section elementor-top-section elementor-element elementor-element-e734156 elementor-section-boxed elementor-section-height-default elementor-section-height-default\" data-id=\"e734156\" data-element_type=\"section\" data-settings=\"{&quot;background_background&quot;:&quot;classic&quot;}\">\n\t\t\t\t\t\t<div class=\"elementor-container elementor-column-gap-default\">\n\t\t\t\t\t<div class=\"elementor-column elementor-col-100 elementor-top-column elementor-element elementor-element-f88f64a\" data-id=\"f88f64a\" data-element_type=\"column\">\n\t\t\t<div class=\"elementor-widget-wrap elementor-element-populated\">\n\t\t\t\t\t\t<div class=\"elementor-element elementor-element-12b0eda elementor-widget elementor-widget-spacer\" data-id=\"12b0eda\" data-element_type=\"widget\" data-widget_type=\"spacer.default\">\n\t\t\t\t<div class=\"elementor-widget-container\">\n\t\t\t\t\t<div class=\"elementor-spacer\">\n\t\t\t<div class=\"elementor-spacer-inner\"><\/div>\n\t\t<\/div>\n\t\t\t\t<\/div>\n\t\t\t\t<\/div>\n\t\t\t\t<div class=\"elementor-element elementor-element-3dd3b41 elementor-widget elementor-widget-heading\" data-id=\"3dd3b41\" data-element_type=\"widget\" data-widget_type=\"heading.default\">\n\t\t\t\t<div class=\"elementor-widget-container\">\n\t\t\t<h2 class=\"elementor-heading-title elementor-size-default\"><p data-start=\"200\" data-end=\"230\"><strong data-start=\"205\" data-end=\"230\">Laboratory Highlights<\/strong><\/p><\/h2>\t\t<\/div>\n\t\t\t\t<\/div>\n\t\t\t\t<div class=\"elementor-element elementor-element-e77b7c9 elementor-widget elementor-widget-spacer\" data-id=\"e77b7c9\" data-element_type=\"widget\" data-widget_type=\"spacer.default\">\n\t\t\t\t<div class=\"elementor-widget-container\">\n\t\t\t\t\t<div class=\"elementor-spacer\">\n\t\t\t<div class=\"elementor-spacer-inner\"><\/div>\n\t\t<\/div>\n\t\t\t\t<\/div>\n\t\t\t\t<\/div>\n\t\t\t\t\t<\/div>\n\t\t<\/div>\n\t\t\t\t\t<\/div>\n\t\t<\/section>\n\t\t<div class=\"elementor-element elementor-element-86fe484 e-flex e-con-boxed e-con e-parent\" data-id=\"86fe484\" data-element_type=\"container\">\n\t\t\t\t\t<div class=\"e-con-inner\">\n\t\t\t\t<div class=\"elementor-element elementor-element-e60dd0b elementor-widget elementor-widget-spacer\" data-id=\"e60dd0b\" data-element_type=\"widget\" data-widget_type=\"spacer.default\">\n\t\t\t\t<div class=\"elementor-widget-container\">\n\t\t\t\t\t<div class=\"elementor-spacer\">\n\t\t\t<div class=\"elementor-spacer-inner\"><\/div>\n\t\t<\/div>\n\t\t\t\t<\/div>\n\t\t\t\t<\/div>\n\t\t\t\t\t<\/div>\n\t\t\t\t<\/div>\n\t\t<div class=\"elementor-element elementor-element-b83bf55 e-con-full e-flex e-con e-parent\" data-id=\"b83bf55\" data-element_type=\"container\">\n\t\t<div class=\"elementor-element elementor-element-879e890 e-con-full e-flex e-con e-child\" data-id=\"879e890\" data-element_type=\"container\">\n\t\t\t\t<div class=\"elementor-element elementor-element-6ec4ec0 elementor-widget elementor-widget-image\" data-id=\"6ec4ec0\" data-element_type=\"widget\" data-widget_type=\"image.default\">\n\t\t\t\t<div class=\"elementor-widget-container\">\n\t\t\t\t\t\t\t\t\t\t\t\t\t<img fetchpriority=\"high\" decoding=\"async\" width=\"900\" height=\"506\" src=\"https:\/\/sites.usp.br\/neuroreplab\/wp-content\/uploads\/sites\/1629\/2025\/05\/Captura-de-tela-de-2025-05-20-02-55-13-1024x576.png\" class=\"attachment-large size-large wp-image-935\" alt=\"\" srcset=\"https:\/\/sites.usp.br\/neuroreplab\/wp-content\/uploads\/sites\/1629\/2025\/05\/Captura-de-tela-de-2025-05-20-02-55-13-1024x576.png 1024w, https:\/\/sites.usp.br\/neuroreplab\/wp-content\/uploads\/sites\/1629\/2025\/05\/Captura-de-tela-de-2025-05-20-02-55-13-300x169.png 300w, https:\/\/sites.usp.br\/neuroreplab\/wp-content\/uploads\/sites\/1629\/2025\/05\/Captura-de-tela-de-2025-05-20-02-55-13-768x432.png 768w, https:\/\/sites.usp.br\/neuroreplab\/wp-content\/uploads\/sites\/1629\/2025\/05\/Captura-de-tela-de-2025-05-20-02-55-13-1536x864.png 1536w, https:\/\/sites.usp.br\/neuroreplab\/wp-content\/uploads\/sites\/1629\/2025\/05\/Captura-de-tela-de-2025-05-20-02-55-13-800x450.png 800w, https:\/\/sites.usp.br\/neuroreplab\/wp-content\/uploads\/sites\/1629\/2025\/05\/Captura-de-tela-de-2025-05-20-02-55-13-310x174.png 310w, https:\/\/sites.usp.br\/neuroreplab\/wp-content\/uploads\/sites\/1629\/2025\/05\/Captura-de-tela-de-2025-05-20-02-55-13-400x225.png 400w, https:\/\/sites.usp.br\/neuroreplab\/wp-content\/uploads\/sites\/1629\/2025\/05\/Captura-de-tela-de-2025-05-20-02-55-13.png 1920w\" sizes=\"(max-width: 900px) 100vw, 900px\" \/>\t\t\t\t\t\t\t\t\t\t\t\t\t<\/div>\n\t\t\t\t<\/div>\n\t\t\t\t<div class=\"elementor-element elementor-element-5912009 elementor-widget elementor-widget-heading\" data-id=\"5912009\" data-element_type=\"widget\" data-widget_type=\"heading.default\">\n\t\t\t\t<div class=\"elementor-widget-container\">\n\t\t\t<h2 class=\"elementor-heading-title elementor-size-default\">PANS Newsletter - December 2024<\/h2>\t\t<\/div>\n\t\t\t\t<\/div>\n\t\t\t\t<div class=\"elementor-element elementor-element-3b2b315 elementor-align-left elementor-widget elementor-widget-button\" data-id=\"3b2b315\" data-element_type=\"widget\" data-widget_type=\"button.default\">\n\t\t\t\t<div class=\"elementor-widget-container\">\n\t\t\t\t\t\t\t<div class=\"elementor-button-wrapper\">\n\t\t\t\t\t<a class=\"elementor-button elementor-button-link elementor-size-sm\" href=\"https:\/\/sites.usp.br\/neuroreplab\/wp-content\/uploads\/sites\/1629\/2025\/05\/PANS-Newsletter-December-2024-FINAL.pdf\">\n\t\t\t\t\t\t<span class=\"elementor-button-content-wrapper\">\n\t\t\t\t\t\t<span class=\"elementor-button-icon\">\n\t\t\t\t<i aria-hidden=\"true\" class=\"fas fa-external-link-alt\"><\/i>\t\t\t<\/span>\n\t\t\t\t\t\t\t\t\t<span class=\"elementor-button-text\">Download Newsletter<\/span>\n\t\t\t\t\t<\/span>\n\t\t\t\t\t<\/a>\n\t\t\t\t<\/div>\n\t\t\t\t\t\t<\/div>\n\t\t\t\t<\/div>\n\t\t\t\t<\/div>\n\t\t<div class=\"elementor-element elementor-element-d8e51bf e-con-full e-flex e-con e-child\" data-id=\"d8e51bf\" data-element_type=\"container\">\n\t\t\t\t<div class=\"elementor-element elementor-element-1555f87 elementor-widget elementor-widget-heading\" data-id=\"1555f87\" data-element_type=\"widget\" data-widget_type=\"heading.default\">\n\t\t\t\t<div class=\"elementor-widget-container\">\n\t\t\t<h2 class=\"elementor-heading-title elementor-size-default\">PANS Newsletter - May 2024<\/h2>\t\t<\/div>\n\t\t\t\t<\/div>\n\t\t\t\t<div class=\"elementor-element elementor-element-3ad8d3b elementor-align-left elementor-widget elementor-widget-button\" data-id=\"3ad8d3b\" data-element_type=\"widget\" data-widget_type=\"button.default\">\n\t\t\t\t<div class=\"elementor-widget-container\">\n\t\t\t\t\t\t\t<div class=\"elementor-button-wrapper\">\n\t\t\t\t\t<a class=\"elementor-button elementor-button-link elementor-size-sm\" href=\"https:\/\/sites.usp.br\/neuroreplab\/wp-content\/uploads\/sites\/1629\/2025\/05\/PANS-Newsletter-May-2024-1-1.pdf\">\n\t\t\t\t\t\t<span class=\"elementor-button-content-wrapper\">\n\t\t\t\t\t\t<span class=\"elementor-button-icon\">\n\t\t\t\t<i aria-hidden=\"true\" class=\"fas fa-external-link-alt\"><\/i>\t\t\t<\/span>\n\t\t\t\t\t\t\t\t\t<span class=\"elementor-button-text\">Download Newsletter<\/span>\n\t\t\t\t\t<\/span>\n\t\t\t\t\t<\/a>\n\t\t\t\t<\/div>\n\t\t\t\t\t\t<\/div>\n\t\t\t\t<\/div>\n\t\t\t\t<\/div>\n\t\t<div class=\"elementor-element elementor-element-b29bca5 e-con-full e-flex e-con e-child\" data-id=\"b29bca5\" data-element_type=\"container\">\n\t\t\t\t<div class=\"elementor-element elementor-element-a2ad4f3 elementor-widget elementor-widget-image\" data-id=\"a2ad4f3\" data-element_type=\"widget\" data-widget_type=\"image.default\">\n\t\t\t\t<div class=\"elementor-widget-container\">\n\t\t\t\t\t\t\t\t\t\t\t\t\t<img decoding=\"async\" width=\"768\" height=\"220\" src=\"https:\/\/sites.usp.br\/neuroreplab\/wp-content\/uploads\/sites\/1629\/2025\/06\/Foto-768x220.png\" class=\"attachment-medium_large size-medium_large wp-image-1164\" alt=\"\" srcset=\"https:\/\/sites.usp.br\/neuroreplab\/wp-content\/uploads\/sites\/1629\/2025\/06\/Foto-768x220.png 768w, https:\/\/sites.usp.br\/neuroreplab\/wp-content\/uploads\/sites\/1629\/2025\/06\/Foto-300x86.png 300w, https:\/\/sites.usp.br\/neuroreplab\/wp-content\/uploads\/sites\/1629\/2025\/06\/Foto-1024x293.png 1024w, https:\/\/sites.usp.br\/neuroreplab\/wp-content\/uploads\/sites\/1629\/2025\/06\/Foto-400x114.png 400w, https:\/\/sites.usp.br\/neuroreplab\/wp-content\/uploads\/sites\/1629\/2025\/06\/Foto.png 1087w\" sizes=\"(max-width: 768px) 100vw, 768px\" \/>\t\t\t\t\t\t\t\t\t\t\t\t\t<\/div>\n\t\t\t\t<\/div>\n\t\t\t\t<div class=\"elementor-element elementor-element-d2197d8 elementor-widget elementor-widget-heading\" data-id=\"d2197d8\" data-element_type=\"widget\" data-widget_type=\"heading.default\">\n\t\t\t\t<div class=\"elementor-widget-container\">\n\t\t\t<h2 class=\"elementor-heading-title elementor-size-default\">PANS Newsletter - May 2023<\/h2>\t\t<\/div>\n\t\t\t\t<\/div>\n\t\t\t\t<div class=\"elementor-element elementor-element-8c10b7f elementor-align-left elementor-widget elementor-widget-button\" data-id=\"8c10b7f\" data-element_type=\"widget\" data-widget_type=\"button.default\">\n\t\t\t\t<div class=\"elementor-widget-container\">\n\t\t\t\t\t\t\t<div class=\"elementor-button-wrapper\">\n\t\t\t\t\t<a class=\"elementor-button elementor-button-link elementor-size-sm\" href=\"https:\/\/sites.usp.br\/neuroreplab\/wp-content\/uploads\/sites\/1629\/2025\/05\/PANS-Newsletter-May-2023-1.pdf\">\n\t\t\t\t\t\t<span class=\"elementor-button-content-wrapper\">\n\t\t\t\t\t\t<span class=\"elementor-button-icon\">\n\t\t\t\t<i aria-hidden=\"true\" class=\"fas fa-external-link-alt\"><\/i>\t\t\t<\/span>\n\t\t\t\t\t\t\t\t\t<span class=\"elementor-button-text\">Download Newsletter<\/span>\n\t\t\t\t\t<\/span>\n\t\t\t\t\t<\/a>\n\t\t\t\t<\/div>\n\t\t\t\t\t\t<\/div>\n\t\t\t\t<\/div>\n\t\t\t\t<\/div>\n\t\t<div class=\"elementor-element elementor-element-be61ee3 e-con-full e-flex e-con e-child\" data-id=\"be61ee3\" data-element_type=\"container\">\n\t\t\t\t<div class=\"elementor-element elementor-element-8dbda17 elementor-widget elementor-widget-image\" data-id=\"8dbda17\" data-element_type=\"widget\" data-widget_type=\"image.default\">\n\t\t\t\t<div class=\"elementor-widget-container\">\n\t\t\t\t\t\t\t\t\t\t\t\t\t<img decoding=\"async\" width=\"150\" height=\"200\" src=\"https:\/\/sites.usp.br\/neuroreplab\/wp-content\/uploads\/sites\/1629\/2025\/06\/Naira-225x300.jpg\" class=\"attachment-medium size-medium wp-image-1201\" alt=\"\" srcset=\"https:\/\/sites.usp.br\/neuroreplab\/wp-content\/uploads\/sites\/1629\/2025\/06\/Naira-225x300.jpg 225w, https:\/\/sites.usp.br\/neuroreplab\/wp-content\/uploads\/sites\/1629\/2025\/06\/Naira-400x533.jpg 400w, https:\/\/sites.usp.br\/neuroreplab\/wp-content\/uploads\/sites\/1629\/2025\/06\/Naira.jpg 750w\" sizes=\"(max-width: 150px) 100vw, 150px\" \/>\t\t\t\t\t\t\t\t\t\t\t\t\t<\/div>\n\t\t\t\t<\/div>\n\t\t\t\t<div class=\"elementor-element elementor-element-f0d1018 elementor-widget elementor-widget-heading\" data-id=\"f0d1018\" data-element_type=\"widget\" data-widget_type=\"heading.default\">\n\t\t\t\t<div class=\"elementor-widget-container\">\n\t\t\t<h2 class=\"elementor-heading-title elementor-size-default\">PANS Newsletter - NOV 2022<\/h2>\t\t<\/div>\n\t\t\t\t<\/div>\n\t\t\t\t<div class=\"elementor-element elementor-element-a7e933b elementor-align-left elementor-widget elementor-widget-button\" data-id=\"a7e933b\" data-element_type=\"widget\" data-widget_type=\"button.default\">\n\t\t\t\t<div class=\"elementor-widget-container\">\n\t\t\t\t\t\t\t<div class=\"elementor-button-wrapper\">\n\t\t\t\t\t<a class=\"elementor-button elementor-button-link elementor-size-sm\" href=\"https:\/\/sites.usp.br\/neuroreplab\/wp-content\/uploads\/sites\/1629\/2025\/05\/PANS-Newsletter-NOV-2022.pdf\">\n\t\t\t\t\t\t<span class=\"elementor-button-content-wrapper\">\n\t\t\t\t\t\t<span class=\"elementor-button-icon\">\n\t\t\t\t<i aria-hidden=\"true\" class=\"fas fa-external-link-alt\"><\/i>\t\t\t<\/span>\n\t\t\t\t\t\t\t\t\t<span class=\"elementor-button-text\">Download Newsletter<\/span>\n\t\t\t\t\t<\/span>\n\t\t\t\t\t<\/a>\n\t\t\t\t<\/div>\n\t\t\t\t\t\t<\/div>\n\t\t\t\t<\/div>\n\t\t\t\t<\/div>\n\t\t\t\t<\/div>\n\t\t<div class=\"elementor-element elementor-element-28f6cd0 e-flex e-con-boxed e-con e-parent\" data-id=\"28f6cd0\" data-element_type=\"container\">\n\t\t\t\t\t<div class=\"e-con-inner\">\n\t\t\t\t<div class=\"elementor-element elementor-element-dc857b7 elementor-widget elementor-widget-spacer\" data-id=\"dc857b7\" data-element_type=\"widget\" data-widget_type=\"spacer.default\">\n\t\t\t\t<div class=\"elementor-widget-container\">\n\t\t\t\t\t<div class=\"elementor-spacer\">\n\t\t\t<div class=\"elementor-spacer-inner\"><\/div>\n\t\t<\/div>\n\t\t\t\t<\/div>\n\t\t\t\t<\/div>\n\t\t\t\t\t<\/div>\n\t\t\t\t<\/div>\n\t\t<div class=\"elementor-element elementor-element-3bd8a8b e-flex e-con-boxed e-con e-parent\" data-id=\"3bd8a8b\" data-element_type=\"container\">\n\t\t\t\t\t<div class=\"e-con-inner\">\n\t\t\t\t<div class=\"elementor-element elementor-element-8f25810 elementor-widget elementor-widget-spacer\" data-id=\"8f25810\" data-element_type=\"widget\" data-widget_type=\"spacer.default\">\n\t\t\t\t<div class=\"elementor-widget-container\">\n\t\t\t\t\t<div class=\"elementor-spacer\">\n\t\t\t<div class=\"elementor-spacer-inner\"><\/div>\n\t\t<\/div>\n\t\t\t\t<\/div>\n\t\t\t\t<\/div>\n\t\t\t\t\t<\/div>\n\t\t\t\t<\/div>\n\t\t<div class=\"elementor-element elementor-element-8d28eac e-flex e-con-boxed e-con e-parent\" data-id=\"8d28eac\" data-element_type=\"container\">\n\t\t\t\t\t<div class=\"e-con-inner\">\n\t\t\t\t<div class=\"elementor-element elementor-element-50d32ba elementor-widget elementor-widget-image\" data-id=\"50d32ba\" data-element_type=\"widget\" data-widget_type=\"image.default\">\n\t\t\t\t<div class=\"elementor-widget-container\">\n\t\t\t\t\t\t\t\t\t\t\t\t\t<img loading=\"lazy\" decoding=\"async\" width=\"300\" height=\"300\" src=\"https:\/\/sites.usp.br\/neuroreplab\/wp-content\/uploads\/sites\/1629\/2025\/05\/Entrevistada-300x300-1.png\" class=\"attachment-large size-large wp-image-930\" alt=\"\" srcset=\"https:\/\/sites.usp.br\/neuroreplab\/wp-content\/uploads\/sites\/1629\/2025\/05\/Entrevistada-300x300-1.png 300w, https:\/\/sites.usp.br\/neuroreplab\/wp-content\/uploads\/sites\/1629\/2025\/05\/Entrevistada-300x300-1-150x150.png 150w, https:\/\/sites.usp.br\/neuroreplab\/wp-content\/uploads\/sites\/1629\/2025\/05\/Entrevistada-300x300-1-45x45.png 45w, https:\/\/sites.usp.br\/neuroreplab\/wp-content\/uploads\/sites\/1629\/2025\/05\/Entrevistada-300x300-1-200x200.png 200w\" sizes=\"(max-width: 300px) 100vw, 300px\" \/>\t\t\t\t\t\t\t\t\t\t\t\t\t<\/div>\n\t\t\t\t<\/div>\n\t\t<div class=\"elementor-element elementor-element-5dfdf02 e-con-full e-flex e-con e-child\" data-id=\"5dfdf02\" data-element_type=\"container\">\n\t\t\t\t<div class=\"elementor-element elementor-element-c778903 elementor-widget elementor-widget-heading\" data-id=\"c778903\" data-element_type=\"widget\" data-widget_type=\"heading.default\">\n\t\t\t\t<div class=\"elementor-widget-container\">\n\t\t\t<h2 class=\"elementor-heading-title elementor-size-default\">Growth hormone acts in reproduction but does not determine the onset of puberty<\/h2>\t\t<\/div>\n\t\t\t\t<\/div>\n\t\t\t\t<div class=\"elementor-element elementor-element-fd4bf97 elementor-widget elementor-widget-text-editor\" data-id=\"fd4bf97\" data-element_type=\"widget\" data-widget_type=\"text-editor.default\">\n\t\t\t\t<div class=\"elementor-widget-container\">\n\t\t\t\t\t\t\t<p>Research conducted at the Institute of Biomedical Sciences of USP shows that growth hormone (GH) plays a role in reproduction but is not decisive for the onset of puberty.<\/p>\t\t\t\t\t\t<\/div>\n\t\t\t\t<\/div>\n\t\t\t\t<div class=\"elementor-element elementor-element-7c7091a elementor-widget elementor-widget-button\" data-id=\"7c7091a\" data-element_type=\"widget\" data-widget_type=\"button.default\">\n\t\t\t\t<div class=\"elementor-widget-container\">\n\t\t\t\t\t\t\t<div class=\"elementor-button-wrapper\">\n\t\t\t\t\t<a class=\"elementor-button elementor-button-link elementor-size-sm\" href=\"\">\n\t\t\t\t\t\t<span class=\"elementor-button-content-wrapper\">\n\t\t\t\t\t\t<span class=\"elementor-button-icon\">\n\t\t\t\t<i aria-hidden=\"true\" class=\"fas fa-external-link-alt\"><\/i>\t\t\t<\/span>\n\t\t\t\t\t\t\t\t\t<span class=\"elementor-button-text\">Read the full article<\/span>\n\t\t\t\t\t<\/span>\n\t\t\t\t\t<\/a>\n\t\t\t\t<\/div>\n\t\t\t\t\t\t<\/div>\n\t\t\t\t<\/div>\n\t\t\t\t<\/div>\n\t\t\t\t\t<\/div>\n\t\t\t\t<\/div>\n\t\t<div class=\"elementor-element elementor-element-0f2c22a e-flex e-con-boxed e-con e-parent\" data-id=\"0f2c22a\" data-element_type=\"container\">\n\t\t\t\t\t<div class=\"e-con-inner\">\n\t\t\t\t<div class=\"elementor-element elementor-element-38f2f11 elementor-widget elementor-widget-spacer\" data-id=\"38f2f11\" data-element_type=\"widget\" data-widget_type=\"spacer.default\">\n\t\t\t\t<div class=\"elementor-widget-container\">\n\t\t\t\t\t<div class=\"elementor-spacer\">\n\t\t\t<div class=\"elementor-spacer-inner\"><\/div>\n\t\t<\/div>\n\t\t\t\t<\/div>\n\t\t\t\t<\/div>\n\t\t\t\t\t<\/div>\n\t\t\t\t<\/div>\n\t\t\t\t<\/div>\n\t\t","protected":false},"excerpt":{"rendered":"<p>Laboratory Highlights PANS Newsletter &#8211; December 2024 Download Newsletter PANS Newsletter &#8211; May 2024 Download Newsletter PANS Newsletter &#8211; May 2023 Download Newsletter PANS Newsletter &#8211; NOV 2022 Download Newsletter Growth hormone acts in reproduction but does not determine the onset of puberty Research conducted at the Institute of Biomedical Sciences of USP shows that [&hellip;]<\/p>\n","protected":false},"author":24540,"featured_media":0,"parent":0,"menu_order":0,"comment_status":"closed","ping_status":"closed","template":"","meta":{"footnotes":"","_links_to":"","_links_to_target":""},"class_list":["post-1430","page","type-page","status-publish","hentry","entry"],"yoast_head":"<!-- This site is optimized with the Yoast SEO plugin v27.5 - https:\/\/yoast.com\/product\/yoast-seo-wordpress\/ -->\n<title>Showcase - Neurofisiologia da Reprodu\u00e7\u00e3o<\/title>\n<meta name=\"robots\" content=\"index, follow, max-snippet:-1, max-image-preview:large, max-video-preview:-1\" \/>\n<link rel=\"canonical\" href=\"https:\/\/sites.usp.br\/neuroreplab\/en\/showcase\/\" \/>\n<script type=\"application\/ld+json\" class=\"yoast-schema-graph\">{\"@context\":\"https:\\\/\\\/schema.org\",\"@graph\":[{\"@type\":\"WebPage\",\"@id\":\"https:\\\/\\\/sites.usp.br\\\/neuroreplab\\\/en\\\/showcase\\\/\",\"url\":\"https:\\\/\\\/sites.usp.br\\\/neuroreplab\\\/en\\\/showcase\\\/\",\"name\":\"Showcase - Neurofisiologia da Reprodu\u00e7\u00e3o\",\"isPartOf\":{\"@id\":\"https:\\\/\\\/sites.usp.br\\\/neuroreplab\\\/#website\"},\"primaryImageOfPage\":{\"@id\":\"https:\\\/\\\/sites.usp.br\\\/neuroreplab\\\/en\\\/showcase\\\/#primaryimage\"},\"image\":{\"@id\":\"https:\\\/\\\/sites.usp.br\\\/neuroreplab\\\/en\\\/showcase\\\/#primaryimage\"},\"thumbnailUrl\":\"https:\\\/\\\/sites.usp.br\\\/neuroreplab\\\/wp-content\\\/uploads\\\/sites\\\/1629\\\/2025\\\/05\\\/Captura-de-tela-de-2025-05-20-02-55-13-1024x576.png\",\"datePublished\":\"2025-06-30T17:06:16+00:00\",\"dateModified\":\"2025-06-30T20:13:09+00:00\",\"inLanguage\":\"pt-BR\",\"potentialAction\":[{\"@type\":\"ReadAction\",\"target\":[\"https:\\\/\\\/sites.usp.br\\\/neuroreplab\\\/en\\\/showcase\\\/\"]}]},{\"@type\":\"ImageObject\",\"inLanguage\":\"pt-BR\",\"@id\":\"https:\\\/\\\/sites.usp.br\\\/neuroreplab\\\/en\\\/showcase\\\/#primaryimage\",\"url\":\"https:\\\/\\\/sites.usp.br\\\/neuroreplab\\\/wp-content\\\/uploads\\\/sites\\\/1629\\\/2025\\\/05\\\/Captura-de-tela-de-2025-05-20-02-55-13.png\",\"contentUrl\":\"https:\\\/\\\/sites.usp.br\\\/neuroreplab\\\/wp-content\\\/uploads\\\/sites\\\/1629\\\/2025\\\/05\\\/Captura-de-tela-de-2025-05-20-02-55-13.png\",\"width\":1920,\"height\":1080},{\"@type\":\"WebSite\",\"@id\":\"https:\\\/\\\/sites.usp.br\\\/neuroreplab\\\/#website\",\"url\":\"https:\\\/\\\/sites.usp.br\\\/neuroreplab\\\/\",\"name\":\"Neurofisiologia da Reprodu\u00e7\u00e3o\",\"description\":\"Universidade de S\u00e3o Paulo\",\"publisher\":{\"@id\":\"https:\\\/\\\/sites.usp.br\\\/neuroreplab\\\/#organization\"},\"potentialAction\":[{\"@type\":\"SearchAction\",\"target\":{\"@type\":\"EntryPoint\",\"urlTemplate\":\"https:\\\/\\\/sites.usp.br\\\/neuroreplab\\\/?s={search_term_string}\"},\"query-input\":{\"@type\":\"PropertyValueSpecification\",\"valueRequired\":true,\"valueName\":\"search_term_string\"}}],\"inLanguage\":\"pt-BR\"},{\"@type\":\"Organization\",\"@id\":\"https:\\\/\\\/sites.usp.br\\\/neuroreplab\\\/#organization\",\"name\":\"Neurofisiologia da Reprodu\u00e7\u00e3o\",\"url\":\"https:\\\/\\\/sites.usp.br\\\/neuroreplab\\\/\",\"logo\":{\"@type\":\"ImageObject\",\"inLanguage\":\"pt-BR\",\"@id\":\"https:\\\/\\\/sites.usp.br\\\/neuroreplab\\\/#\\\/schema\\\/logo\\\/image\\\/\",\"url\":\"https:\\\/\\\/sites.usp.br\\\/neuroreplab\\\/wp-content\\\/uploads\\\/sites\\\/1629\\\/2025\\\/02\\\/usp-logo-png-300x225-1.png\",\"contentUrl\":\"https:\\\/\\\/sites.usp.br\\\/neuroreplab\\\/wp-content\\\/uploads\\\/sites\\\/1629\\\/2025\\\/02\\\/usp-logo-png-300x225-1.png\",\"width\":300,\"height\":225,\"caption\":\"Neurofisiologia da Reprodu\u00e7\u00e3o\"},\"image\":{\"@id\":\"https:\\\/\\\/sites.usp.br\\\/neuroreplab\\\/#\\\/schema\\\/logo\\\/image\\\/\"}}]}<\/script>\n<!-- \/ Yoast SEO plugin. -->","yoast_head_json":{"title":"Showcase - Neurofisiologia da Reprodu\u00e7\u00e3o","robots":{"index":"index","follow":"follow","max-snippet":"max-snippet:-1","max-image-preview":"max-image-preview:large","max-video-preview":"max-video-preview:-1"},"canonical":"https:\/\/sites.usp.br\/neuroreplab\/en\/showcase\/","schema":{"@context":"https:\/\/schema.org","@graph":[{"@type":"WebPage","@id":"https:\/\/sites.usp.br\/neuroreplab\/en\/showcase\/","url":"https:\/\/sites.usp.br\/neuroreplab\/en\/showcase\/","name":"Showcase - Neurofisiologia da Reprodu\u00e7\u00e3o","isPartOf":{"@id":"https:\/\/sites.usp.br\/neuroreplab\/#website"},"primaryImageOfPage":{"@id":"https:\/\/sites.usp.br\/neuroreplab\/en\/showcase\/#primaryimage"},"image":{"@id":"https:\/\/sites.usp.br\/neuroreplab\/en\/showcase\/#primaryimage"},"thumbnailUrl":"https:\/\/sites.usp.br\/neuroreplab\/wp-content\/uploads\/sites\/1629\/2025\/05\/Captura-de-tela-de-2025-05-20-02-55-13-1024x576.png","datePublished":"2025-06-30T17:06:16+00:00","dateModified":"2025-06-30T20:13:09+00:00","inLanguage":"pt-BR","potentialAction":[{"@type":"ReadAction","target":["https:\/\/sites.usp.br\/neuroreplab\/en\/showcase\/"]}]},{"@type":"ImageObject","inLanguage":"pt-BR","@id":"https:\/\/sites.usp.br\/neuroreplab\/en\/showcase\/#primaryimage","url":"https:\/\/sites.usp.br\/neuroreplab\/wp-content\/uploads\/sites\/1629\/2025\/05\/Captura-de-tela-de-2025-05-20-02-55-13.png","contentUrl":"https:\/\/sites.usp.br\/neuroreplab\/wp-content\/uploads\/sites\/1629\/2025\/05\/Captura-de-tela-de-2025-05-20-02-55-13.png","width":1920,"height":1080},{"@type":"WebSite","@id":"https:\/\/sites.usp.br\/neuroreplab\/#website","url":"https:\/\/sites.usp.br\/neuroreplab\/","name":"Neurofisiologia da Reprodu\u00e7\u00e3o","description":"Universidade de S\u00e3o Paulo","publisher":{"@id":"https:\/\/sites.usp.br\/neuroreplab\/#organization"},"potentialAction":[{"@type":"SearchAction","target":{"@type":"EntryPoint","urlTemplate":"https:\/\/sites.usp.br\/neuroreplab\/?s={search_term_string}"},"query-input":{"@type":"PropertyValueSpecification","valueRequired":true,"valueName":"search_term_string"}}],"inLanguage":"pt-BR"},{"@type":"Organization","@id":"https:\/\/sites.usp.br\/neuroreplab\/#organization","name":"Neurofisiologia da Reprodu\u00e7\u00e3o","url":"https:\/\/sites.usp.br\/neuroreplab\/","logo":{"@type":"ImageObject","inLanguage":"pt-BR","@id":"https:\/\/sites.usp.br\/neuroreplab\/#\/schema\/logo\/image\/","url":"https:\/\/sites.usp.br\/neuroreplab\/wp-content\/uploads\/sites\/1629\/2025\/02\/usp-logo-png-300x225-1.png","contentUrl":"https:\/\/sites.usp.br\/neuroreplab\/wp-content\/uploads\/sites\/1629\/2025\/02\/usp-logo-png-300x225-1.png","width":300,"height":225,"caption":"Neurofisiologia da Reprodu\u00e7\u00e3o"},"image":{"@id":"https:\/\/sites.usp.br\/neuroreplab\/#\/schema\/logo\/image\/"}}]}},"_links":{"self":[{"href":"https:\/\/sites.usp.br\/neuroreplab\/wp-json\/wp\/v2\/pages\/1430","targetHints":{"allow":["GET"]}}],"collection":[{"href":"https:\/\/sites.usp.br\/neuroreplab\/wp-json\/wp\/v2\/pages"}],"about":[{"href":"https:\/\/sites.usp.br\/neuroreplab\/wp-json\/wp\/v2\/types\/page"}],"author":[{"embeddable":true,"href":"https:\/\/sites.usp.br\/neuroreplab\/wp-json\/wp\/v2\/users\/24540"}],"replies":[{"embeddable":true,"href":"https:\/\/sites.usp.br\/neuroreplab\/wp-json\/wp\/v2\/comments?post=1430"}],"version-history":[{"count":4,"href":"https:\/\/sites.usp.br\/neuroreplab\/wp-json\/wp\/v2\/pages\/1430\/revisions"}],"predecessor-version":[{"id":1516,"href":"https:\/\/sites.usp.br\/neuroreplab\/wp-json\/wp\/v2\/pages\/1430\/revisions\/1516"}],"wp:attachment":[{"href":"https:\/\/sites.usp.br\/neuroreplab\/wp-json\/wp\/v2\/media?parent=1430"}],"curies":[{"name":"wp","href":"https:\/\/api.w.org\/{rel}","templated":true}]}}