{"id":1019,"date":"2021-04-20T12:14:16","date_gmt":"2021-04-20T14:14:16","guid":{"rendered":"https:\/\/sites.usp.br\/niephe\/?page_id=1019"},"modified":"2021-04-20T12:18:27","modified_gmt":"2021-04-20T14:18:27","slug":"links","status":"publish","type":"page","link":"https:\/\/sites.usp.br\/niephe\/links\/","title":{"rendered":"Links"},"content":{"rendered":"<p class=\"font_8\" style=\"text-align: center;\"><span class=\"wixGuard\">\u200b<\/span><a href=\"http:\/\/www5.usp.br\/\" target=\"_blank\" rel=\"nofollow noopener noreferrer\"><span class=\"backcolor_11\">Universidade de S\u00e3o Paulo<\/span><\/a><\/p>\n<p class=\"font_8\" style=\"text-align: center;\"><span class=\"wixGuard\">\u200b<\/span><a href=\"http:\/\/www4.fe.usp.br\/\" target=\"_blank\" rel=\"nofollow noopener noreferrer\"><span class=\"backcolor_11\">Faculdade de Educa\u00e7\u00e3o | FEUSP\u00a0<\/span><\/a><\/p>\n<p style=\"text-align: center;\"><a href=\"http:\/\/www.usp.br\/niephe\/\" target=\"_blank\" rel=\"nofollow noopener noreferrer\"><span class=\"backcolor_11\">N\u00facleo Interdisciplinar de Estudos e Pesquisas em Hist\u00f3ria da Educa\u00e7\u00e3o | NIEPHE<\/span><\/a><\/p>\n<p class=\"font_8\" style=\"text-align: center;\"><a href=\"http:\/\/www.sorbonne-paris-cite.fr\/\" target=\"_blank\" rel=\"nofollow noopener noreferrer\"><span class=\"backcolor_11\">Universit\u00e9\u00a0Sorbonne Paris Cit\u00e9 | USPC<\/span><\/a><\/p>\n<p class=\"font_8\" style=\"text-align: center;\"><span class=\"wixGuard\">\u200b<\/span><a href=\"https:\/\/www.univ-paris5.fr\/\" target=\"_blank\" rel=\"nofollow noopener noreferrer\"><span class=\"backcolor_11\">Universit\u00e9 Paris Descartes<\/span><\/a><\/p>\n<p class=\"font_8\" style=\"text-align: center;\"><span class=\"wixGuard\">\u200b<\/span><a href=\"https:\/\/www.bbm.usp.br\/\"><span class=\"backcolor_11\">Biblioteca Brasiliana\u00a0<\/span>| USP<\/a><\/p>\n<p class=\"font_8\" style=\"text-align: center;\"><span class=\"wixGuard\">\u200b<\/span><a href=\"http:\/\/memoria.bn.br\/hdb\/uf.aspx\" target=\"_blank\" rel=\"nofollow noopener noreferrer\"><span class=\"backcolor_11\">Hemeroteca Digital Brasileira<\/span><\/a><\/p>\n<p class=\"font_8\" style=\"text-align: center;\"><span class=\"backcolor_11\"><span class=\"wixGuard\">\u200b<\/span><\/span><a href=\"http:\/\/www.crmariocovas.sp.gov.br\/memorial.php\" target=\"_blank\" rel=\"nofollow noopener noreferrer\"><span class=\"backcolor_11\">Centro de Mem\u00f3ria e Acervo Hist\u00f3rico | CRE M\u00e1rio Covas<\/span><\/a><\/p>\n<p class=\"font_8\" style=\"text-align: center;\"><span class=\"backcolor_11\"><span class=\"wixGuard\">\u200b<\/span><\/span><a href=\"http:\/\/www.cinemateca.gov.br\/\" target=\"_blank\" rel=\"nofollow noopener noreferrer\"><span class=\"backcolor_11\">Cinemateca Brasileira\u00a0<\/span><\/a><\/p>\n<p class=\"font_8\" style=\"text-align: center;\"><span class=\"backcolor_11\"><span class=\"wixGuard\">\u200b<\/span><\/span><a href=\"http:\/\/www.butantan.gov.br\/cultura\/nucleos\/ndoc\/Paginas\/default.aspx\" target=\"_blank\" rel=\"nofollow noopener noreferrer\"><span class=\"backcolor_11\">N\u00facleo de Documenta\u00e7\u00e3o do Instituto Butantan<\/span><\/a><\/p>\n<p class=\"font_8\" style=\"text-align: center;\"><span class=\"wixGuard\">\u200b<\/span><a href=\"http:\/\/www.arquivoestado.sp.gov.br\/site\/\" target=\"_blank\" rel=\"nofollow noopener noreferrer\"><span class=\"backcolor_11\">Arquivo P\u00fablico do Estado de S\u00e3o Paulo<\/span><\/a><\/p>\n<p class=\"font_8\" style=\"text-align: center;\"><a href=\"https:\/\/citegenre.hypotheses.org\/\" target=\"_blank\" rel=\"nofollow noopener noreferrer\"><span class=\"backcolor_11\">La Cit\u00e9 du Genre<\/span><\/a><\/p>\n<p class=\"font_8\" style=\"text-align: center;\"><a href=\"http:\/\/www.bnf.fr\/\" target=\"_blank\" rel=\"nofollow noopener noreferrer\"><span class=\"backcolor_11\">Bibliot\u00e8que Nationale de\u00a0France<\/span><\/a><\/p>\n<p style=\"text-align: center;\"><a href=\"http:\/\/www.ische.org\/\" target=\"_blank\" rel=\"nofollow noopener noreferrer\"><span class=\"backcolor_11\">International Standing Conference for the History of Education | ISCHE<\/span><\/a><\/p>\n","protected":false},"excerpt":{"rendered":"<p>\u200bUniversidade de S\u00e3o Paulo \u200bFaculdade de Educa\u00e7\u00e3o | FEUSP\u00a0 N\u00facleo Interdisciplinar de Estudos e Pesquisas em Hist\u00f3ria da Educa\u00e7\u00e3o | NIEPHE Universit\u00e9\u00a0Sorbonne Paris Cit\u00e9 | USPC \u200bUniversit\u00e9 Paris Descartes \u200bBiblioteca Brasiliana\u00a0| USP \u200bHemeroteca Digital Brasileira \u200bCentro de Mem\u00f3ria e Acervo Hist\u00f3rico | CRE M\u00e1rio Covas \u200bCinemateca Brasileira\u00a0 \u200bN\u00facleo de Documenta\u00e7\u00e3o do Instituto Butantan \u200bArquivo P\u00fablico&hellip;<\/p>\n","protected":false},"author":22153,"featured_media":0,"parent":0,"menu_order":0,"comment_status":"closed","ping_status":"closed","template":"","meta":{"footnotes":"","_links_to":"","_links_to_target":""},"class_list":["post-1019","page","type-page","status-publish","hentry","post"],"_links":{"self":[{"href":"https:\/\/sites.usp.br\/niephe\/wp-json\/wp\/v2\/pages\/1019","targetHints":{"allow":["GET"]}}],"collection":[{"href":"https:\/\/sites.usp.br\/niephe\/wp-json\/wp\/v2\/pages"}],"about":[{"href":"https:\/\/sites.usp.br\/niephe\/wp-json\/wp\/v2\/types\/page"}],"author":[{"embeddable":true,"href":"https:\/\/sites.usp.br\/niephe\/wp-json\/wp\/v2\/users\/22153"}],"replies":[{"embeddable":true,"href":"https:\/\/sites.usp.br\/niephe\/wp-json\/wp\/v2\/comments?post=1019"}],"version-history":[{"count":2,"href":"https:\/\/sites.usp.br\/niephe\/wp-json\/wp\/v2\/pages\/1019\/revisions"}],"predecessor-version":[{"id":1025,"href":"https:\/\/sites.usp.br\/niephe\/wp-json\/wp\/v2\/pages\/1019\/revisions\/1025"}],"wp:attachment":[{"href":"https:\/\/sites.usp.br\/niephe\/wp-json\/wp\/v2\/media?parent=1019"}],"curies":[{"name":"wp","href":"https:\/\/api.w.org\/{rel}","templated":true}]}}