{"id":238,"date":"2020-10-16T13:09:38","date_gmt":"2020-10-16T15:09:38","guid":{"rendered":"https:\/\/sites.usp.br\/niephe\/?page_id=238"},"modified":"2020-10-30T18:57:52","modified_gmt":"2020-10-30T20:57:52","slug":"mulher-inovadoras","status":"publish","type":"page","link":"https:\/\/sites.usp.br\/niephe\/mulher-inovadoras\/","title":{"rendered":"Mulheres inovadoras"},"content":{"rendered":"<div id=\"WRchTxt1-m84\" class=\"txtNew\" data-packed=\"false\" data-vertical-text=\"false\" data-min-height=\"194\">\n<h4><strong>Mulheres e inova\u00e7\u00e3o docente (S\u00e3o Paulo e Fran\u00e7a, nas d\u00e9cadas de 1860 a 1960)<\/strong><\/h4>\n<p class=\"font_9\">O projeto, que integra Faculdade de Educa\u00e7\u00e3o da USP (Universidade de S\u00e3o Paulo) e universidades francesas associadas \u00e0 USPC (Universit\u00e9 Sorbonne Paris Cit\u00e9), objetiva a elabora\u00e7\u00e3o de biografias de professoras que inovaram a pr\u00e1tica docente e que permanecem praticamente desconhecidas ainda nos dias de hoje. A maioria dessas mulheres construiu sua trajet\u00f3ria em sala de aula. Foram professoras de escolas prim\u00e1rias e secund\u00e1rias em zonas urbanas e rurais, criaram metodologias para o ensino de jovens e adultos ou para alunos especiais. No seu conjunto, estas biografias exibem as m\u00faltiplas formas de ser mulher e professora em S\u00e3o Paulo e na Fran\u00e7a nos s\u00e9culos XIX e XX. <a href=\"https:\/\/histeduc.wixsite.com\/genre-genero\">Saiba mais<\/a>.<\/p>\n<p>&nbsp;<\/p>\n<\/div>\n<div class=\"txtNew\" data-packed=\"false\" data-vertical-text=\"false\" data-min-height=\"194\">\n<p><iframe title=\"Mulheres e inova\u00e7\u00e3o docente - Profa Iracema da Silveira\" width=\"1140\" height=\"641\" src=\"https:\/\/www.youtube.com\/embed\/JhRB28Ed1XQ?start=50&#038;feature=oembed\" frameborder=\"0\" allow=\"accelerometer; autoplay; clipboard-write; encrypted-media; gyroscope; picture-in-picture\" allowfullscreen><\/iframe><\/p>\n<p><iframe title=\"Professora Noemia Cruz\" width=\"1140\" height=\"641\" src=\"https:\/\/www.youtube.com\/embed\/8u7j12-quQM?feature=oembed\" frameborder=\"0\" allow=\"accelerometer; autoplay; clipboard-write; encrypted-media; gyroscope; picture-in-picture\" allowfullscreen><\/iframe><\/p>\n<\/div>\n<p>&nbsp;<\/p>\n","protected":false},"excerpt":{"rendered":"<p>Mulheres e inova\u00e7\u00e3o docente (S\u00e3o Paulo e Fran\u00e7a, nas d\u00e9cadas de 1860 a 1960) O projeto, que integra Faculdade de Educa\u00e7\u00e3o da USP (Universidade de S\u00e3o Paulo) e universidades francesas associadas \u00e0 USPC (Universit\u00e9 Sorbonne Paris Cit\u00e9), objetiva a elabora\u00e7\u00e3o de biografias de professoras que inovaram a pr\u00e1tica docente e que permanecem praticamente desconhecidas ainda&hellip;<\/p>\n","protected":false},"author":21860,"featured_media":0,"parent":0,"menu_order":14,"comment_status":"closed","ping_status":"closed","template":"","meta":{"footnotes":"","_links_to":"","_links_to_target":""},"class_list":["post-238","page","type-page","status-publish","hentry","post"],"_links":{"self":[{"href":"https:\/\/sites.usp.br\/niephe\/wp-json\/wp\/v2\/pages\/238","targetHints":{"allow":["GET"]}}],"collection":[{"href":"https:\/\/sites.usp.br\/niephe\/wp-json\/wp\/v2\/pages"}],"about":[{"href":"https:\/\/sites.usp.br\/niephe\/wp-json\/wp\/v2\/types\/page"}],"author":[{"embeddable":true,"href":"https:\/\/sites.usp.br\/niephe\/wp-json\/wp\/v2\/users\/21860"}],"replies":[{"embeddable":true,"href":"https:\/\/sites.usp.br\/niephe\/wp-json\/wp\/v2\/comments?post=238"}],"version-history":[{"count":4,"href":"https:\/\/sites.usp.br\/niephe\/wp-json\/wp\/v2\/pages\/238\/revisions"}],"predecessor-version":[{"id":675,"href":"https:\/\/sites.usp.br\/niephe\/wp-json\/wp\/v2\/pages\/238\/revisions\/675"}],"wp:attachment":[{"href":"https:\/\/sites.usp.br\/niephe\/wp-json\/wp\/v2\/media?parent=238"}],"curies":[{"name":"wp","href":"https:\/\/api.w.org\/{rel}","templated":true}]}}