{"id":676,"date":"2020-10-30T18:59:25","date_gmt":"2020-10-30T20:59:25","guid":{"rendered":"https:\/\/sites.usp.br\/niephe\/?page_id=676"},"modified":"2021-04-20T12:17:56","modified_gmt":"2021-04-20T14:17:56","slug":"biografias","status":"publish","type":"page","link":"https:\/\/sites.usp.br\/niephe\/biografias\/","title":{"rendered":"Biografias"},"content":{"rendered":"<p style=\"text-align: center;\"><span style=\"color: #000080;\"><a style=\"color: #000080;\" href=\"https:\/\/sites.usp.br\/niephe\/mulher-inovadoras\/alice-meirelles-reis\/\"><strong>\u200bAlice Meirelles Reis<\/strong><\/a><\/span><\/p>\n<p style=\"text-align: center;\"><span style=\"color: #000080;\"><a style=\"color: #000080;\" href=\"https:\/\/sites.usp.br\/niephe\/mulher-inovadoras\/amelia-americano-franco-domingues-de-castro\/\"><strong>Am\u00e9lia Americano Franco Domingues de Castro<\/strong><\/a><\/span><\/p>\n<p style=\"text-align: center;\"><span style=\"color: #000080;\"><a style=\"color: #000080;\" href=\"https:\/\/sites.usp.br\/niephe\/mulher-inovadoras\/benedicta-da-trindade-do-lado-de-christo\/\"><strong>Benedicta da Trindade do Lado de Christo<\/strong><\/a><\/span><\/p>\n<p style=\"text-align: center;\"><span style=\"color: #000080;\"><a style=\"color: #000080;\" href=\"https:\/\/sites.usp.br\/niephe\/mulher-inovadoras\/botyra-camorim\/\"><strong>Botyra Camorim<\/strong><\/a><\/span><\/p>\n<p style=\"text-align: center;\"><span style=\"color: #000080;\"><a style=\"color: #000080;\" href=\"https:\/\/sites.usp.br\/niephe\/mulher-inovadoras\/carolina-ribeiro\/\"><strong>Carolina Ribeiro<\/strong><\/a><\/span><\/p>\n<p style=\"text-align: center;\"><span style=\"color: #000080;\"><a style=\"color: #000080;\" href=\"https:\/\/sites.usp.br\/niephe\/mulher-inovadoras\/denise-leroux\/\"><strong>Denise Leroux\u00a0<\/strong><\/a><\/span><\/p>\n<p style=\"text-align: center;\"><span style=\"color: #000080;\"><a style=\"color: #000080;\" href=\"https:\/\/sites.usp.br\/niephe\/mulher-inovadoras\/%e2%80%8bdeolinda-de-paula-machado-fagundes\/\"><strong>\u200bDeolinda de Paula Machado Fagundes<\/strong><\/a><\/span><\/p>\n<p style=\"text-align: center;\"><span style=\"color: #000080;\"><a style=\"color: #000080;\" href=\"https:\/\/sites.usp.br\/niephe\/mulher-inovadoras\/gabrielle-bouet-nee-dechezelles\/\"><strong>Gabrielle Bou\u00ebt, n\u00e9e Dech\u00e9zelles<\/strong><\/a><\/span><\/p>\n<p style=\"text-align: center;\"><span style=\"color: #000080;\"><a style=\"color: #000080;\" href=\"https:\/\/sites.usp.br\/niephe\/mulher-inovadoras\/ilka-brunhilde-laurito\/\"><strong>Ilka Brunhilde Laurito<\/strong><\/a><\/span><\/p>\n<p style=\"text-align: center;\"><span style=\"color: #000080;\"><a style=\"color: #000080;\" href=\"https:\/\/sites.usp.br\/niephe\/mulher-inovadoras\/iracema-marques-da-silveira\/\"><strong>Iracema Marques da Silveira<\/strong><\/a><\/span><\/p>\n<p style=\"text-align: center;\"><span style=\"color: #000080;\"><a style=\"color: #000080;\" href=\"https:\/\/sites.usp.br\/niephe\/mulher-inovadoras\/josephine-cornec-dite-josette-nee-maze\/\"><strong>Jos\u00e9phine Cornec<\/strong><\/a><\/span><\/p>\n<p style=\"text-align: center;\"><span style=\"color: #000080;\"><a style=\"color: #000080;\" href=\"https:\/\/sites.usp.br\/niephe\/mulher-inovadoras\/madre-ninetta-jonata\/\"><strong>Madre Ninetta Jonata<\/strong><\/a><\/span><\/p>\n<p style=\"text-align: center;\"><span style=\"color: #000080;\"><a style=\"color: #000080;\" href=\"https:\/\/sites.usp.br\/niephe\/mulher-inovadoras\/maria-antonieta-de-castro\/\"><strong>Maria Antonieta de Castro\u00a0\u00a0<\/strong><\/a><\/span><\/p>\n<p style=\"text-align: center;\"><span style=\"color: #000080;\"><a style=\"color: #000080;\" href=\"https:\/\/sites.usp.br\/niephe\/mulher-inovadoras\/maria-jose-tristao-parise\/\"><strong>Maria Jos\u00e9 Trist\u00e3o Parise<\/strong><\/a><\/span><\/p>\n<p style=\"text-align: center;\"><span style=\"color: #000080;\"><a style=\"color: #000080;\" href=\"https:\/\/sites.usp.br\/niephe\/mulher-inovadoras\/mathilde-salomon\/\"><strong>Mathilde Salomon<\/strong><\/a><\/span><\/p>\n<p style=\"text-align: center;\"><span style=\"color: #000080;\"><a style=\"color: #000080;\" href=\"https:\/\/sites.usp.br\/niephe\/mulher-inovadoras\/noemia-saraiva-de-mattos-cruz\/\"><strong>No\u00eamia Saraiva de Mattos Cruz<\/strong><\/a><\/span><\/p>\n<p style=\"text-align: center;\"><span style=\"color: #000080;\"><a style=\"color: #000080;\" href=\"https:\/\/sites.usp.br\/niephe\/mulher-inovadoras\/noemy-da-silveira-rudolfer\/\"><strong>Noemy da Silveira Rudolfer<\/strong><\/a><\/span><\/p>\n<p style=\"text-align: center;\"><span style=\"color: #000080;\"><a style=\"color: #000080;\" href=\"https:\/\/sites.usp.br\/niephe\/mulher-inovadoras\/odette-freudenberg-brunschwig\/\"><strong>Odette Freudenberg-Brunschwig<\/strong><\/a><\/span><\/p>\n<p style=\"text-align: center;\"><span style=\"color: #000080;\"><a style=\"color: #000080;\" href=\"https:\/\/sites.usp.br\/niephe\/mulher-inovadoras\/olinda-magarotto-dos-santos\/\"><strong>Olinda Magarotto dos Santos\u00a0<\/strong><\/a><\/span><\/p>\n<p style=\"text-align: center;\"><span style=\"color: #000080;\"><a style=\"color: #000080;\" href=\"https:\/\/sites.usp.br\/niephe\/mulher-inovadoras\/violeta-leme-da-fonseca-dora-lice\/\"><strong>Violeta Leme da Fonseca (Dora Lice)<\/strong><\/a><\/span><\/p>\n<p style=\"text-align: center;\"><span style=\"color: #000080;\"><a style=\"color: #000080;\" href=\"https:\/\/sites.usp.br\/niephe\/mulher-inovadoras\/zuleika-de-barros-martins-ferreira\/\"><strong>Zuleika de Barros Martins Ferreira<\/strong><\/a><\/span><\/p>\n","protected":false},"excerpt":{"rendered":"<p>\u200bAlice Meirelles Reis Am\u00e9lia Americano Franco Domingues de Castro Benedicta da Trindade do Lado de Christo Botyra Camorim Carolina Ribeiro Denise Leroux\u00a0 \u200bDeolinda de Paula Machado Fagundes Gabrielle Bou\u00ebt, n\u00e9e Dech\u00e9zelles Ilka Brunhilde Laurito Iracema Marques da Silveira Jos\u00e9phine Cornec Madre Ninetta Jonata Maria Antonieta de Castro\u00a0\u00a0 Maria Jos\u00e9 Trist\u00e3o Parise Mathilde Salomon No\u00eamia Saraiva&hellip;<\/p>\n","protected":false},"author":21860,"featured_media":0,"parent":0,"menu_order":12,"comment_status":"closed","ping_status":"closed","template":"","meta":{"footnotes":"","_links_to":"","_links_to_target":""},"class_list":["post-676","page","type-page","status-publish","hentry","post"],"_links":{"self":[{"href":"https:\/\/sites.usp.br\/niephe\/wp-json\/wp\/v2\/pages\/676","targetHints":{"allow":["GET"]}}],"collection":[{"href":"https:\/\/sites.usp.br\/niephe\/wp-json\/wp\/v2\/pages"}],"about":[{"href":"https:\/\/sites.usp.br\/niephe\/wp-json\/wp\/v2\/types\/page"}],"author":[{"embeddable":true,"href":"https:\/\/sites.usp.br\/niephe\/wp-json\/wp\/v2\/users\/21860"}],"replies":[{"embeddable":true,"href":"https:\/\/sites.usp.br\/niephe\/wp-json\/wp\/v2\/comments?post=676"}],"version-history":[{"count":3,"href":"https:\/\/sites.usp.br\/niephe\/wp-json\/wp\/v2\/pages\/676\/revisions"}],"predecessor-version":[{"id":1024,"href":"https:\/\/sites.usp.br\/niephe\/wp-json\/wp\/v2\/pages\/676\/revisions\/1024"}],"wp:attachment":[{"href":"https:\/\/sites.usp.br\/niephe\/wp-json\/wp\/v2\/media?parent=676"}],"curies":[{"name":"wp","href":"https:\/\/api.w.org\/{rel}","templated":true}]}}