{"id":79,"date":"2014-02-24T16:51:20","date_gmt":"2014-02-24T18:51:20","guid":{"rendered":"http:\/\/sites.usp.br\/niephe\/?page_id=79"},"modified":"2026-04-16T17:43:04","modified_gmt":"2026-04-16T19:43:04","slug":"pagina-inicial","status":"publish","type":"page","link":"https:\/\/sites.usp.br\/niephe\/","title":{"rendered":"N\u00facleo Interdisciplinar de Estudos e Pesquisas em Hist\u00f3ria da Educa\u00e7\u00e3o"},"content":{"rendered":"<p>O N\u00facleo Interdisciplinar de Estudos e Pesquisas em Hist\u00f3ria Educa\u00e7\u00e3o (NIEPHE) <b>\u00a0<\/b>organiza-se a partir de projetos que tematizam a hist\u00f3ria da educa\u00e7\u00e3o no Brasil, abordando prioritariamente a constitui\u00e7\u00e3o dos processos educativos escolares e n\u00e3o escolares nos s\u00e9culos XIX e XX, a partir de an\u00e1lises historiogr\u00e1ficas de vertente nacional e transnacional.<\/p>\n<p>Comp\u00f5e-se por professores da Faculdade de Educa\u00e7\u00e3o e pesquisadores provenientes das \u00e1reas de Educa\u00e7\u00e3o, Hist\u00f3ria e Psicologia, que atuam em diferentes n\u00edveis: Inicia\u00e7\u00e3o Cient\u00edfica, Mestrado, Doutorado e P\u00f3s-Doutorado. A experi\u00eancia do grupo se consolida a partir dos semin\u00e1rios internos e sistem\u00e1ticos de pesquisa e discuss\u00e3o te\u00f3rico-metodol\u00f3gica, da organiza\u00e7\u00e3o de eventos e de parcerias com outras institui\u00e7\u00f5es no Brasil e no exterior, contando com o apoio das ag\u00eancias financiadoras nacionais (CAPES, FAPESP e CNPq) e estrangeiras (Fundaci\u00f3n Carolina, FCT\/Portugal, DEA-Fondation Maison des Sciences de l&#8217;Homme).<\/p>\n<p>As investiga\u00e7\u00f5es realizadas materializam-se em disserta\u00e7\u00f5es, teses, bancos de dados de fontes historiogr\u00e1ficas, artigos de revista, cap\u00edtulos de livros e livros. Criado em 1996, est\u00e1 certificado pela Faculdade de Educa\u00e7\u00e3o da Universidade de S\u00e3o Paulo (FEUSP) e inscrito no\u00a0<a href=\"http:\/\/dgp.cnpq.br\/dgp\/espelhogrupo\/2510312886184511\">Diret\u00f3rio dos Grupos de Pesquisa no Brasil (CNPq)<\/a>.<\/p>\n<p><iframe loading=\"lazy\" title=\"Niephe 20 anos v3\" width=\"1140\" height=\"641\" src=\"https:\/\/www.youtube.com\/embed\/BYlcdy82Zzs?feature=oembed\" frameborder=\"0\" allow=\"accelerometer; autoplay; clipboard-write; encrypted-media; gyroscope; picture-in-picture; web-share\" referrerpolicy=\"strict-origin-when-cross-origin\" allowfullscreen><\/iframe><\/p>\n<p>&nbsp;<\/p>\n","protected":false},"excerpt":{"rendered":"<p>O N\u00facleo Interdisciplinar de Estudos e Pesquisas em Hist\u00f3ria Educa\u00e7\u00e3o (NIEPHE) \u00a0organiza-se a partir de projetos que tematizam a hist\u00f3ria da educa\u00e7\u00e3o no Brasil, abordando prioritariamente a constitui\u00e7\u00e3o dos processos educativos escolares e n\u00e3o escolares nos s\u00e9culos XIX e XX, a partir de an\u00e1lises historiogr\u00e1ficas de vertente nacional e transnacional. Comp\u00f5e-se por professores da Faculdade&hellip;<\/p>\n","protected":false},"author":1,"featured_media":0,"parent":0,"menu_order":26,"comment_status":"closed","ping_status":"closed","template":"","meta":{"footnotes":"","_links_to":"","_links_to_target":""},"class_list":["post-79","page","type-page","status-publish","hentry","post"],"_links":{"self":[{"href":"https:\/\/sites.usp.br\/niephe\/wp-json\/wp\/v2\/pages\/79","targetHints":{"allow":["GET"]}}],"collection":[{"href":"https:\/\/sites.usp.br\/niephe\/wp-json\/wp\/v2\/pages"}],"about":[{"href":"https:\/\/sites.usp.br\/niephe\/wp-json\/wp\/v2\/types\/page"}],"author":[{"embeddable":true,"href":"https:\/\/sites.usp.br\/niephe\/wp-json\/wp\/v2\/users\/1"}],"replies":[{"embeddable":true,"href":"https:\/\/sites.usp.br\/niephe\/wp-json\/wp\/v2\/comments?post=79"}],"version-history":[{"count":4,"href":"https:\/\/sites.usp.br\/niephe\/wp-json\/wp\/v2\/pages\/79\/revisions"}],"predecessor-version":[{"id":904,"href":"https:\/\/sites.usp.br\/niephe\/wp-json\/wp\/v2\/pages\/79\/revisions\/904"}],"wp:attachment":[{"href":"https:\/\/sites.usp.br\/niephe\/wp-json\/wp\/v2\/media?parent=79"}],"curies":[{"name":"wp","href":"https:\/\/api.w.org\/{rel}","templated":true}]}}