{"id":908,"date":"2020-11-24T15:54:50","date_gmt":"2020-11-24T17:54:50","guid":{"rendered":"https:\/\/sites.usp.br\/niephe\/?page_id=908"},"modified":"2020-11-24T15:59:18","modified_gmt":"2020-11-24T17:59:18","slug":"disciplinas","status":"publish","type":"page","link":"https:\/\/sites.usp.br\/niephe\/disciplinas\/","title":{"rendered":"Disciplinas"},"content":{"rendered":"<div><strong>DISCIPLINAS DE GRADUA\u00c7\u00c3O<\/strong><\/div>\n<div>A) Licenciatura<\/div>\n<div>Introdu\u00e7\u00e3o aos Estudos da Educa\u00e7\u00e3o: enfoque hist\u00f3rico<\/div>\n<div><a href=\"http:\/\/ieehis.blogspot.com\/\" target=\"_blank\" rel=\"noopener noreferrer\" data-saferedirecturl=\"https:\/\/www.google.com\/url?q=http:\/\/ieehis.blogspot.com\/&amp;source=gmail&amp;ust=1606326391932000&amp;usg=AOvVaw2zY1fF1kN8gNLNu5RE5u_s\">http:\/\/ieehis.blogspot.com\/<\/a><\/div>\n<div>B) Pedagogia<\/div>\n<div>1) Educa\u00e7\u00e3o Comparada<\/div>\n<div><a href=\"https:\/\/educompusp.blogspot.com\/\" target=\"_blank\" rel=\"noopener noreferrer\" data-saferedirecturl=\"https:\/\/www.google.com\/url?q=https:\/\/educompusp.blogspot.com\/&amp;source=gmail&amp;ust=1606326391932000&amp;usg=AOvVaw28U2CVgh4oQSF0xZNF47Oa\">https:\/\/educompusp.blogspot.<wbr \/>com\/<\/a><\/div>\n<div>2) Hist\u00f3ria da Educa\u00e7\u00e3o Brasileira: 1940 aos dias Atuais<\/div>\n<div><a href=\"https:\/\/his1940aosatuais.blogspot.com\/\" target=\"_blank\" rel=\"noopener noreferrer\" data-saferedirecturl=\"https:\/\/www.google.com\/url?q=https:\/\/his1940aosatuais.blogspot.com\/&amp;source=gmail&amp;ust=1606326391933000&amp;usg=AOvVaw1W6fbRJW2AQt2221grqY98\">https:\/\/his1940aosatuais.<wbr \/>blogspot.com\/<\/a><\/div>\n<div>3) Historia da Educa\u00e7\u00e3o de Pessoas Jovens e Adultos: tempos, espa\u00e7os, pr\u00e1ticas e discursos<\/div>\n<div><a href=\"https:\/\/hisjovensadultos.blogspot.com\/\" target=\"_blank\" rel=\"noopener noreferrer\" data-saferedirecturl=\"https:\/\/www.google.com\/url?q=https:\/\/hisjovensadultos.blogspot.com\/&amp;source=gmail&amp;ust=1606326391933000&amp;usg=AOvVaw0KghO35S25ZYhJ4Y-pE72_\">https:\/\/hisjovensadultos.<wbr \/>blogspot.com\/<\/a><\/div>\n<div>4) Educa\u00e7\u00e3o e Pesquisa: hist\u00f3ria da Educa\u00e7\u00e3o<\/div>\n<div><a href=\"https:\/\/educapesquisa.blogspot.com\/\" target=\"_blank\" rel=\"noopener noreferrer\" data-saferedirecturl=\"https:\/\/www.google.com\/url?q=https:\/\/educapesquisa.blogspot.com\/&amp;source=gmail&amp;ust=1606326391933000&amp;usg=AOvVaw3YUwcWvkt2ycrULtQQ0hUc\">https:\/\/educapesquisa.<wbr \/>blogspot.com\/<\/a><\/div>\n<div>5) Hist\u00f3ria da Inf\u00e2ncia e da Fam\u00edlia<\/div>\n<div><a href=\"https:\/\/hisinfancia.blogspot.com\/\" target=\"_blank\" rel=\"noopener noreferrer\" data-saferedirecturl=\"https:\/\/www.google.com\/url?q=https:\/\/hisinfancia.blogspot.com\/&amp;source=gmail&amp;ust=1606326391933000&amp;usg=AOvVaw1KqCue4p9R2o8iQRJ2PNpQ\">https:\/\/hisinfancia.blogspot.<wbr \/>com\/<\/a><\/div>\n<div><\/div>\n<div><strong>DISCIPLINAS DE P\u00d3S-GRADUA\u00c7\u00c3O<\/strong><\/div>\n<div>1) Historia da Educa\u00e7\u00e3o Arquivos e Fontes<\/div>\n<div><a href=\"https:\/\/hisarquivosfontes.blogspot.com\/\" target=\"_blank\" rel=\"noopener noreferrer\" data-saferedirecturl=\"https:\/\/www.google.com\/url?q=https:\/\/hisarquivosfontes.blogspot.com\/&amp;source=gmail&amp;ust=1606326391933000&amp;usg=AOvVaw1Oh-nZplmt9ATmkF9C17_T\">https:\/\/hisarquivosfontes.<wbr \/>blogspot.com\/<\/a><\/div>\n<div><\/div>\n","protected":false},"excerpt":{"rendered":"<p>DISCIPLINAS DE GRADUA\u00c7\u00c3O A) Licenciatura Introdu\u00e7\u00e3o aos Estudos da Educa\u00e7\u00e3o: enfoque hist\u00f3rico http:\/\/ieehis.blogspot.com\/ B) Pedagogia 1) Educa\u00e7\u00e3o Comparada https:\/\/educompusp.blogspot.com\/ 2) Hist\u00f3ria da Educa\u00e7\u00e3o Brasileira: 1940 aos dias Atuais https:\/\/his1940aosatuais.blogspot.com\/ 3) Historia da Educa\u00e7\u00e3o de Pessoas Jovens e Adultos: tempos, espa\u00e7os, pr\u00e1ticas e discursos https:\/\/hisjovensadultos.blogspot.com\/ 4) Educa\u00e7\u00e3o e Pesquisa: hist\u00f3ria da Educa\u00e7\u00e3o https:\/\/educapesquisa.blogspot.com\/ 5) Hist\u00f3ria da&hellip;<\/p>\n","protected":false},"author":21860,"featured_media":0,"parent":0,"menu_order":12,"comment_status":"closed","ping_status":"closed","template":"","meta":{"footnotes":"","_links_to":"","_links_to_target":""},"class_list":["post-908","page","type-page","status-publish","hentry","post"],"_links":{"self":[{"href":"https:\/\/sites.usp.br\/niephe\/wp-json\/wp\/v2\/pages\/908","targetHints":{"allow":["GET"]}}],"collection":[{"href":"https:\/\/sites.usp.br\/niephe\/wp-json\/wp\/v2\/pages"}],"about":[{"href":"https:\/\/sites.usp.br\/niephe\/wp-json\/wp\/v2\/types\/page"}],"author":[{"embeddable":true,"href":"https:\/\/sites.usp.br\/niephe\/wp-json\/wp\/v2\/users\/21860"}],"replies":[{"embeddable":true,"href":"https:\/\/sites.usp.br\/niephe\/wp-json\/wp\/v2\/comments?post=908"}],"version-history":[{"count":4,"href":"https:\/\/sites.usp.br\/niephe\/wp-json\/wp\/v2\/pages\/908\/revisions"}],"predecessor-version":[{"id":919,"href":"https:\/\/sites.usp.br\/niephe\/wp-json\/wp\/v2\/pages\/908\/revisions\/919"}],"wp:attachment":[{"href":"https:\/\/sites.usp.br\/niephe\/wp-json\/wp\/v2\/media?parent=908"}],"curies":[{"name":"wp","href":"https:\/\/api.w.org\/{rel}","templated":true}]}}