{"id":207,"date":"2026-02-12T13:11:02","date_gmt":"2026-02-12T15:11:02","guid":{"rendered":"https:\/\/sites.usp.br\/ninalab\/?page_id=207"},"modified":"2026-03-06T19:21:47","modified_gmt":"2026-03-06T21:21:47","slug":"floreah","status":"publish","type":"page","link":"https:\/\/sites.usp.br\/ninalab\/floreah\/","title":{"rendered":"Floreah"},"content":{"rendered":"<p><span style=\"font-size: 14pt;\">Um estudo longitudinal prospectivo de <strong>252 beb\u00eas<\/strong> com hist\u00f3rico familiar de <strong>autismo e\/ou TDAH<\/strong> no Brasil, incorporando um ensaio cl\u00ednico randomizado avaliando a efic\u00e1cia da interven\u00e7\u00e3o preemptiva iBASIS para apoiar o desenvolvimento de beb\u00eas neurodivergentes. Financiado por um aux\u00edlio de Jovem Pesquisador da FAPESP (2020\/05964-1). O projeto \u00e9 liderado pela Profa. Dra. Lizzie Shephard em colabora\u00e7\u00e3o com pesquisadores internacionais &#8211; Professor Tony Charman e Professora Emily Jones do King&#8217;s College London, Professor Jonathan Green da University of Manchester, Professora Erica Salomone da University of Milan-Bicocca, Professor Rog\u00e9rio Lerner no IP-USP. Os dados do projeto tamb\u00e9m est\u00e3o inclu\u00eddos nas redes internacionais para pesquisa sobre o desenvolvimento inicial de autismo (o Baby Siblings Research Consortium) e TDAH (o Early ADHD Research Consortium).<\/span><\/p>\n<p style=\"text-align: center;\"><strong>OSF<\/strong>:<span style=\"color: #000000;\"> <a style=\"color: #000000;\" href=\"https:\/\/osf.io\/ef8vz\/overview?view_only=21bc84e2fdff402eba6baee4f0e3c9b1\">https:\/\/osf.io\/ef8vz\/overview?view_only=21bc84e2fdff402eba6baee4f0e3c9b1<\/a><\/span><\/p>\n<p style=\"text-align: center;\"><strong>INSTAGRAM:<\/strong><span style=\"color: #000000;\">\u00a0<a style=\"color: #000000;\" href=\"https:\/\/www.instagram.com\/projetofloreah\/\">https:\/\/www.instagram.com\/projetofloreah\/<\/a><\/span><\/p>\n<p style=\"text-align: center;\"><span style=\"font-size: 14pt;\"><a href=\"https:\/\/sites.usp.br\/ninalab\/wp-content\/uploads\/sites\/1686\/2026\/02\/Ativo-17PNG.png\"><img loading=\"lazy\" decoding=\"async\" class=\"alignnone wp-image-179\" src=\"https:\/\/sites.usp.br\/ninalab\/wp-content\/uploads\/sites\/1686\/2026\/02\/Ativo-17PNG-300x86.png\" alt=\"\" width=\"394\" height=\"113\" srcset=\"https:\/\/sites.usp.br\/ninalab\/wp-content\/uploads\/sites\/1686\/2026\/02\/Ativo-17PNG-300x86.png 300w, https:\/\/sites.usp.br\/ninalab\/wp-content\/uploads\/sites\/1686\/2026\/02\/Ativo-17PNG-1024x294.png 1024w, https:\/\/sites.usp.br\/ninalab\/wp-content\/uploads\/sites\/1686\/2026\/02\/Ativo-17PNG-768x220.png 768w, https:\/\/sites.usp.br\/ninalab\/wp-content\/uploads\/sites\/1686\/2026\/02\/Ativo-17PNG-1536x441.png 1536w, https:\/\/sites.usp.br\/ninalab\/wp-content\/uploads\/sites\/1686\/2026\/02\/Ativo-17PNG-2048x588.png 2048w, https:\/\/sites.usp.br\/ninalab\/wp-content\/uploads\/sites\/1686\/2026\/02\/Ativo-17PNG-400x115.png 400w\" sizes=\"auto, (max-width: 394px) 100vw, 394px\" \/><\/a>\u00a0<a href=\"https:\/\/sites.usp.br\/ninalab\/wp-content\/uploads\/sites\/1686\/2026\/02\/ipusp-scaled.png\">\u00a0<\/a><\/span><\/p>\n","protected":false},"excerpt":{"rendered":"<p>Um estudo longitudinal prospectivo de 252 beb\u00eas com hist\u00f3rico familiar de autismo e\/ou TDAH no Brasil, incorporando um ensaio cl\u00ednico randomizado avaliando a efic\u00e1cia da interven\u00e7\u00e3o preemptiva iBASIS para apoiar o desenvolvimento de beb\u00eas neurodivergentes. Financiado por um aux\u00edlio de Jovem Pesquisador da FAPESP (2020\/05964-1). O projeto \u00e9 liderado pela Profa. Dra. Lizzie Shephard em [&hellip;]<\/p>\n","protected":false},"author":24780,"featured_media":0,"parent":0,"menu_order":0,"comment_status":"closed","ping_status":"closed","template":"","meta":{"footnotes":"","_links_to":"","_links_to_target":""},"class_list":["post-207","page","type-page","status-publish","hentry"],"_links":{"self":[{"href":"https:\/\/sites.usp.br\/ninalab\/wp-json\/wp\/v2\/pages\/207","targetHints":{"allow":["GET"]}}],"collection":[{"href":"https:\/\/sites.usp.br\/ninalab\/wp-json\/wp\/v2\/pages"}],"about":[{"href":"https:\/\/sites.usp.br\/ninalab\/wp-json\/wp\/v2\/types\/page"}],"author":[{"embeddable":true,"href":"https:\/\/sites.usp.br\/ninalab\/wp-json\/wp\/v2\/users\/24780"}],"replies":[{"embeddable":true,"href":"https:\/\/sites.usp.br\/ninalab\/wp-json\/wp\/v2\/comments?post=207"}],"version-history":[{"count":4,"href":"https:\/\/sites.usp.br\/ninalab\/wp-json\/wp\/v2\/pages\/207\/revisions"}],"predecessor-version":[{"id":538,"href":"https:\/\/sites.usp.br\/ninalab\/wp-json\/wp\/v2\/pages\/207\/revisions\/538"}],"wp:attachment":[{"href":"https:\/\/sites.usp.br\/ninalab\/wp-json\/wp\/v2\/media?parent=207"}],"curies":[{"name":"wp","href":"https:\/\/api.w.org\/{rel}","templated":true}]}}