{"id":208,"date":"2026-02-12T13:11:02","date_gmt":"2026-02-12T15:11:02","guid":{"rendered":"https:\/\/sites.usp.br\/ninalab\/?page_id=208"},"modified":"2026-03-02T17:13:26","modified_gmt":"2026-03-02T19:13:26","slug":"pipa","status":"publish","type":"page","link":"https:\/\/sites.usp.br\/ninalab\/pipa\/","title":{"rendered":"PIPA"},"content":{"rendered":"<p><span style=\"font-weight: 400; font-size: 14pt;\">Um programa de pesquisa de cinco anos entre o <strong>Brasil<\/strong> (Lizzie Shephard no IP-USP), o <strong>Reino Unido<\/strong> (Philip Shaw no King\u2019s College London, Georgina Krebs no University College London) e a <strong>Su\u00e9cia<\/strong> (David Mataix-Cols no Instituto Karolinska) que tem como foco aprimorar a previs\u00e3o e a preven\u00e7\u00e3o do <strong>transtorno obsessivo-compulsivo em crian\u00e7as<\/strong>. Financiado por um Mental Health Award do Wellcome Trust.<\/span><\/p>\n<p style=\"text-align: center;\"><strong>INSTAGRAM:\u00a0<\/strong><span style=\"color: #000000;\"><a style=\"color: #000000;\" href=\"https:\/\/www.instagram.com\/estudopipa\/\">https:\/\/www.instagram.com\/estudopipa\/<\/a><\/span><a href=\"https:\/\/sites.usp.br\/ninalab\/wp-content\/uploads\/sites\/1686\/2026\/02\/Pipa-1.jpg\"><img loading=\"lazy\" decoding=\"async\" class=\"size-medium wp-image-244 aligncenter\" src=\"https:\/\/sites.usp.br\/ninalab\/wp-content\/uploads\/sites\/1686\/2026\/02\/Pipa-1-300x300.jpg\" alt=\"\" width=\"300\" height=\"300\" srcset=\"https:\/\/sites.usp.br\/ninalab\/wp-content\/uploads\/sites\/1686\/2026\/02\/Pipa-1-300x300.jpg 300w, https:\/\/sites.usp.br\/ninalab\/wp-content\/uploads\/sites\/1686\/2026\/02\/Pipa-1-150x150.jpg 150w, https:\/\/sites.usp.br\/ninalab\/wp-content\/uploads\/sites\/1686\/2026\/02\/Pipa-1-200x200.jpg 200w, https:\/\/sites.usp.br\/ninalab\/wp-content\/uploads\/sites\/1686\/2026\/02\/Pipa-1-400x400.jpg 400w, https:\/\/sites.usp.br\/ninalab\/wp-content\/uploads\/sites\/1686\/2026\/02\/Pipa-1.jpg 640w\" sizes=\"auto, (max-width: 300px) 100vw, 300px\" \/><\/a><\/p>\n","protected":false},"excerpt":{"rendered":"<p>Um programa de pesquisa de cinco anos entre o Brasil (Lizzie Shephard no IP-USP), o Reino Unido (Philip Shaw no King\u2019s College London, Georgina Krebs no University College London) e a Su\u00e9cia (David Mataix-Cols no Instituto Karolinska) que tem como foco aprimorar a previs\u00e3o e a preven\u00e7\u00e3o do transtorno obsessivo-compulsivo em crian\u00e7as. Financiado por um [&hellip;]<\/p>\n","protected":false},"author":24780,"featured_media":0,"parent":0,"menu_order":0,"comment_status":"closed","ping_status":"closed","template":"","meta":{"footnotes":"","_links_to":"","_links_to_target":""},"class_list":["post-208","page","type-page","status-publish","hentry"],"_links":{"self":[{"href":"https:\/\/sites.usp.br\/ninalab\/wp-json\/wp\/v2\/pages\/208","targetHints":{"allow":["GET"]}}],"collection":[{"href":"https:\/\/sites.usp.br\/ninalab\/wp-json\/wp\/v2\/pages"}],"about":[{"href":"https:\/\/sites.usp.br\/ninalab\/wp-json\/wp\/v2\/types\/page"}],"author":[{"embeddable":true,"href":"https:\/\/sites.usp.br\/ninalab\/wp-json\/wp\/v2\/users\/24780"}],"replies":[{"embeddable":true,"href":"https:\/\/sites.usp.br\/ninalab\/wp-json\/wp\/v2\/comments?post=208"}],"version-history":[{"count":4,"href":"https:\/\/sites.usp.br\/ninalab\/wp-json\/wp\/v2\/pages\/208\/revisions"}],"predecessor-version":[{"id":468,"href":"https:\/\/sites.usp.br\/ninalab\/wp-json\/wp\/v2\/pages\/208\/revisions\/468"}],"wp:attachment":[{"href":"https:\/\/sites.usp.br\/ninalab\/wp-json\/wp\/v2\/media?parent=208"}],"curies":[{"name":"wp","href":"https:\/\/api.w.org\/{rel}","templated":true}]}}