{"id":211,"date":"2026-02-12T13:11:02","date_gmt":"2026-02-12T15:11:02","guid":{"rendered":"https:\/\/sites.usp.br\/ninalab\/?page_id=211"},"modified":"2026-02-12T14:22:00","modified_gmt":"2026-02-12T16:22:00","slug":"cat-q-br","status":"publish","type":"page","link":"https:\/\/sites.usp.br\/ninalab\/cat-q-br\/","title":{"rendered":"CAT-Q-BR"},"content":{"rendered":"<p><span style=\"font-weight: 400; font-size: 14pt;\">Um projeto liderado pela <strong>Dra. Tally Tafla<\/strong> que se concentra em quest\u00f5es relacionadas \u00e0 sa\u00fade mental e ao bem-estar de adultos autistas no Brasil, incluindo <strong>camuflagem e maternidade,<\/strong> bem como a adapta\u00e7\u00e3o e implementa\u00e7\u00e3o de m\u00e9todos de pesquisa participativa em estudos sobre autismo no Brasil. Financiado por uma bolsa de p\u00f3s-doutorado da <strong>FAPESP<\/strong> (2024\/06303-0).\u00a0<\/span><\/p>\n<p><a href=\"https:\/\/sites.usp.br\/ninalab\/wp-content\/uploads\/sites\/1686\/2026\/02\/Photo-from-Lizzie-Shephard.jpg\"><img loading=\"lazy\" decoding=\"async\" class=\"alignnone wp-image-261 size-medium\" src=\"https:\/\/sites.usp.br\/ninalab\/wp-content\/uploads\/sites\/1686\/2026\/02\/Photo-from-Lizzie-Shephard-e1770912885923-300x283.jpg\" alt=\"\" width=\"300\" height=\"283\" srcset=\"https:\/\/sites.usp.br\/ninalab\/wp-content\/uploads\/sites\/1686\/2026\/02\/Photo-from-Lizzie-Shephard-e1770912885923-300x283.jpg 300w, https:\/\/sites.usp.br\/ninalab\/wp-content\/uploads\/sites\/1686\/2026\/02\/Photo-from-Lizzie-Shephard-e1770912885923-400x377.jpg 400w, https:\/\/sites.usp.br\/ninalab\/wp-content\/uploads\/sites\/1686\/2026\/02\/Photo-from-Lizzie-Shephard-e1770912885923.jpg 764w\" sizes=\"auto, (max-width: 300px) 100vw, 300px\" \/><\/a><\/p>\n","protected":false},"excerpt":{"rendered":"<p>Um projeto liderado pela Dra. Tally Tafla que se concentra em quest\u00f5es relacionadas \u00e0 sa\u00fade mental e ao bem-estar de adultos autistas no Brasil, incluindo camuflagem e maternidade, bem como a adapta\u00e7\u00e3o e implementa\u00e7\u00e3o de m\u00e9todos de pesquisa participativa em estudos sobre autismo no Brasil. Financiado por uma bolsa de p\u00f3s-doutorado da FAPESP (2024\/06303-0).\u00a0<\/p>\n","protected":false},"author":24780,"featured_media":0,"parent":0,"menu_order":0,"comment_status":"closed","ping_status":"closed","template":"","meta":{"footnotes":"","_links_to":"","_links_to_target":""},"class_list":["post-211","page","type-page","status-publish","hentry"],"_links":{"self":[{"href":"https:\/\/sites.usp.br\/ninalab\/wp-json\/wp\/v2\/pages\/211","targetHints":{"allow":["GET"]}}],"collection":[{"href":"https:\/\/sites.usp.br\/ninalab\/wp-json\/wp\/v2\/pages"}],"about":[{"href":"https:\/\/sites.usp.br\/ninalab\/wp-json\/wp\/v2\/types\/page"}],"author":[{"embeddable":true,"href":"https:\/\/sites.usp.br\/ninalab\/wp-json\/wp\/v2\/users\/24780"}],"replies":[{"embeddable":true,"href":"https:\/\/sites.usp.br\/ninalab\/wp-json\/wp\/v2\/comments?post=211"}],"version-history":[{"count":4,"href":"https:\/\/sites.usp.br\/ninalab\/wp-json\/wp\/v2\/pages\/211\/revisions"}],"predecessor-version":[{"id":266,"href":"https:\/\/sites.usp.br\/ninalab\/wp-json\/wp\/v2\/pages\/211\/revisions\/266"}],"wp:attachment":[{"href":"https:\/\/sites.usp.br\/ninalab\/wp-json\/wp\/v2\/media?parent=211"}],"curies":[{"name":"wp","href":"https:\/\/api.w.org\/{rel}","templated":true}]}}