{"id":212,"date":"2026-02-12T13:11:02","date_gmt":"2026-02-12T15:11:02","guid":{"rendered":"https:\/\/sites.usp.br\/ninalab\/?page_id=212"},"modified":"2026-02-12T14:27:37","modified_gmt":"2026-02-12T16:27:37","slug":"empower-autism","status":"publish","type":"page","link":"https:\/\/sites.usp.br\/ninalab\/empower-autism\/","title":{"rendered":"Empower-Autism"},"content":{"rendered":"<p><span style=\"font-weight: 400; font-size: 14pt;\">Adapta\u00e7\u00e3o e valida\u00e7\u00e3o da interven\u00e7\u00e3o Empower-Autism para melhorar a sa\u00fade mental e o bem-estar de cuidadores de crian\u00e7as rec\u00e9m-diagnosticadas com autismo.<\/span><\/p>\n<p>&nbsp;<\/p>\n","protected":false},"excerpt":{"rendered":"<p>Adapta\u00e7\u00e3o e valida\u00e7\u00e3o da interven\u00e7\u00e3o Empower-Autism para melhorar a sa\u00fade mental e o bem-estar de cuidadores de crian\u00e7as rec\u00e9m-diagnosticadas com autismo. &nbsp;<\/p>\n","protected":false},"author":24780,"featured_media":0,"parent":0,"menu_order":0,"comment_status":"closed","ping_status":"closed","template":"","meta":{"footnotes":"","_links_to":"","_links_to_target":""},"class_list":["post-212","page","type-page","status-publish","hentry"],"_links":{"self":[{"href":"https:\/\/sites.usp.br\/ninalab\/wp-json\/wp\/v2\/pages\/212","targetHints":{"allow":["GET"]}}],"collection":[{"href":"https:\/\/sites.usp.br\/ninalab\/wp-json\/wp\/v2\/pages"}],"about":[{"href":"https:\/\/sites.usp.br\/ninalab\/wp-json\/wp\/v2\/types\/page"}],"author":[{"embeddable":true,"href":"https:\/\/sites.usp.br\/ninalab\/wp-json\/wp\/v2\/users\/24780"}],"replies":[{"embeddable":true,"href":"https:\/\/sites.usp.br\/ninalab\/wp-json\/wp\/v2\/comments?post=212"}],"version-history":[{"count":4,"href":"https:\/\/sites.usp.br\/ninalab\/wp-json\/wp\/v2\/pages\/212\/revisions"}],"predecessor-version":[{"id":273,"href":"https:\/\/sites.usp.br\/ninalab\/wp-json\/wp\/v2\/pages\/212\/revisions\/273"}],"wp:attachment":[{"href":"https:\/\/sites.usp.br\/ninalab\/wp-json\/wp\/v2\/media?parent=212"}],"curies":[{"name":"wp","href":"https:\/\/api.w.org\/{rel}","templated":true}]}}