{"id":546,"date":"2026-03-20T14:03:08","date_gmt":"2026-03-20T16:03:08","guid":{"rendered":"https:\/\/sites.usp.br\/ninalab\/?page_id=546"},"modified":"2026-03-20T18:19:21","modified_gmt":"2026-03-20T20:19:21","slug":"iniciacao-cientifica","status":"publish","type":"page","link":"https:\/\/sites.usp.br\/ninalab\/iniciacao-cientifica\/","title":{"rendered":"Inicia\u00e7\u00e3o Cient\u00edfica"},"content":{"rendered":"<div dir=\"ltr\">\n<div style=\"text-align: left;\"><div class=\"su-divider su-divider-style-dotted\" style=\"margin:5px 0;border-width:1px;border-color:#999999\"><\/div><\/div>\n<\/div>\n<div>\n<div><span style=\"font-size: 18.6667px;\"><b><a href=\"https:\/\/sites.usp.br\/ninalab\/wp-content\/uploads\/sites\/1686\/2026\/03\/WhatsApp-Image-2026-02-21-at-16.08.21-e1772490199708.jpeg\"><img loading=\"lazy\" decoding=\"async\" class=\" wp-image-487 alignleft\" src=\"https:\/\/sites.usp.br\/ninalab\/wp-content\/uploads\/sites\/1686\/2026\/03\/WhatsApp-Image-2026-02-21-at-16.08.21-e1772490199708-231x300.jpeg\" alt=\"\" width=\"220\" height=\"286\" srcset=\"https:\/\/sites.usp.br\/ninalab\/wp-content\/uploads\/sites\/1686\/2026\/03\/WhatsApp-Image-2026-02-21-at-16.08.21-e1772490199708-231x300.jpeg 231w, https:\/\/sites.usp.br\/ninalab\/wp-content\/uploads\/sites\/1686\/2026\/03\/WhatsApp-Image-2026-02-21-at-16.08.21-e1772490199708-400x520.jpeg 400w, https:\/\/sites.usp.br\/ninalab\/wp-content\/uploads\/sites\/1686\/2026\/03\/WhatsApp-Image-2026-02-21-at-16.08.21-e1772490199708.jpeg 560w\" sizes=\"auto, (max-width: 220px) 100vw, 220px\" \/><\/a>Vitoria Dias Quinteiro<\/b><\/span><\/div>\n<div><span style=\"color: #3366ff;\"><strong><span style=\"font-size: 14pt;\">Aluna de Inicia\u00e7\u00e3o Cient\u00edfica<\/span><\/strong><\/span><\/div>\n<p>Psic\u00f3loga cl\u00ednica rec\u00e9m-formada pelo Centro Universit\u00e1rio S\u00e3o Camilo, e atuo h\u00e1 mais de 4 anos com indiv\u00edduos neurodivergentes. Ao longo da minha trajet\u00f3ria, realizei diversos cursos sobre autismo e An\u00e1lise do Comportamento e, atualmente, aprofundo meus estudos em terapias contextuais, com foco em DBT e ACT, especialmente em regula\u00e7\u00e3o emocional. Tenho um grande apre\u00e7o pela pesquisa acad\u00eamica, porque acredito que ela \u00e9 essencial para oferecer um cuidado \u00e9tico, atualizado para a comunidade. Estou concluindo minha inicia\u00e7\u00e3o cient\u00edfica, com apoio da FAPESP e orienta\u00e7\u00e3o da Dra. Elizabeth Shephard, e estamos investigando como a DBT e a RO-DBT podem contribuir para a regula\u00e7\u00e3o emocional e a sa\u00fade mental de indiv\u00edduos autistas. Um valor que guia minha pr\u00e1tica \u00e9 o respeito \u00e0 neurodiversidade. Busco compreender e acolher diferentes formas de existir e aprender, e atrav\u00e9s da pesquisa espero contribuir com interven\u00e7\u00f5es que promovam autonomia, bem-estar e qualidade de vida.<\/p>\n<\/div>\n<div><div class=\"su-divider su-divider-style-dotted\" style=\"margin:5px 0;border-width:1px;border-color:#999999\"><\/div><\/div>\n<div style=\"text-align: right;\"><\/div>\n<div dir=\"ltr\">\n<div><img loading=\"lazy\" decoding=\"async\" class=\" wp-image-420 alignleft\" src=\"https:\/\/sites.usp.br\/ninalab\/wp-content\/uploads\/sites\/1686\/2026\/02\/ane-e1771971371857-225x300.jpeg\" alt=\"\" width=\"219\" height=\"292\" srcset=\"https:\/\/sites.usp.br\/ninalab\/wp-content\/uploads\/sites\/1686\/2026\/02\/ane-e1771971371857-225x300.jpeg 225w, https:\/\/sites.usp.br\/ninalab\/wp-content\/uploads\/sites\/1686\/2026\/02\/ane-e1771971371857-400x533.jpeg 400w, https:\/\/sites.usp.br\/ninalab\/wp-content\/uploads\/sites\/1686\/2026\/02\/ane-e1771971371857.jpeg 620w\" sizes=\"auto, (max-width: 219px) 100vw, 219px\" \/><\/div>\n<\/div>\n<div dir=\"ltr\">\n<div><strong><span style=\"font-size: 14pt;\">Anelisa Veiga<\/span><\/strong><\/div>\n<div><span style=\"color: #3366ff;\"><strong><span style=\"font-size: 14pt;\">Aluna de Inicia\u00e7\u00e3o Cient\u00edfica<\/span><\/strong><\/span><\/div>\n<\/div>\n<div>\n<div dir=\"ltr\">Estudante de Psicologia na Universidade S\u00e3o Judas Tadeu (9\u00ba semestre), com s\u00f3lida trajet\u00f3ria em An\u00e1lise do Comportamento Aplicada (ABA) e Terapia Cognitivo-Comportamental (TCC). Atualmente, \u00e9 pesquisadora de Inicia\u00e7\u00e3o Cient\u00edfica (FAPESP) no IPq-HC FMUSP (PROTOC), onde atua com coleta de eletroencefalografia (EEG) em estudos sobre marcadores de reatividade emocional no Transtorno Obsessivo-Compulsivo. Possui experi\u00eancia como Assistente Terap\u00eautica e Acompanhante Terap\u00eautica (AT) escolar e domiciliar, focada em desenvolvimento at\u00edpico e neurodiverg\u00eancias. Atua tamb\u00e9m como Diretora de Pesquisa na Liga Acad\u00eamica de An\u00e1lise do Comportamento (LAC) e como psic\u00f3loga volunt\u00e1ria na ONG FAADTEA.<\/div>\n<div>\n<div class=\"ajR h4\"><div class=\"su-divider su-divider-style-dotted\" style=\"margin:5px 0;border-width:1px;border-color:#999999\"><\/div><\/div>\n<\/div>\n<div>\n<div><span style=\"font-size: 18.6667px;\"><b><a href=\"https:\/\/sites.usp.br\/ninalab\/wp-content\/uploads\/sites\/1686\/2026\/02\/WhatsApp-Image-2026-02-19-at-19.05.53-e1771972085425.jpeg\"><img loading=\"lazy\" decoding=\"async\" class=\"alignleft wp-image-424 size-medium\" src=\"https:\/\/sites.usp.br\/ninalab\/wp-content\/uploads\/sites\/1686\/2026\/02\/WhatsApp-Image-2026-02-19-at-19.05.53-e1772489012638-220x300.jpeg\" alt=\"\" width=\"220\" height=\"300\" srcset=\"https:\/\/sites.usp.br\/ninalab\/wp-content\/uploads\/sites\/1686\/2026\/02\/WhatsApp-Image-2026-02-19-at-19.05.53-e1772489012638-220x300.jpeg 220w, https:\/\/sites.usp.br\/ninalab\/wp-content\/uploads\/sites\/1686\/2026\/02\/WhatsApp-Image-2026-02-19-at-19.05.53-e1772489012638-751x1024.jpeg 751w, https:\/\/sites.usp.br\/ninalab\/wp-content\/uploads\/sites\/1686\/2026\/02\/WhatsApp-Image-2026-02-19-at-19.05.53-e1772489012638-768x1048.jpeg 768w, https:\/\/sites.usp.br\/ninalab\/wp-content\/uploads\/sites\/1686\/2026\/02\/WhatsApp-Image-2026-02-19-at-19.05.53-e1772489012638-400x546.jpeg 400w, https:\/\/sites.usp.br\/ninalab\/wp-content\/uploads\/sites\/1686\/2026\/02\/WhatsApp-Image-2026-02-19-at-19.05.53-e1772489012638.jpeg 774w\" sizes=\"auto, (max-width: 220px) 100vw, 220px\" \/><\/a>Karen Fernandes<\/b><\/span><\/div>\n<div><span style=\"color: #3366ff;\"><strong><span style=\"font-size: 14pt;\">Aluna de Inicia\u00e7\u00e3o Cient\u00edfica<\/span><\/strong><\/span><\/div>\n<div>Sou estudante do 10\u00ba per\u00edodo de Psicologia, fa\u00e7o est\u00e1gio e estudo na \u00e1rea de Neuropsicologia, com interesse especial nos processos cognitivos e no desenvolvimento. Participo ativamente de pesquisas em um projeto voltado para cogni\u00e7\u00e3o e desenvolvimento, investigando comportamentos e fun\u00e7\u00f5es executivas de beb\u00eas. Me interesso pela interface entre psicologia, neuroci\u00eancia e cultura, buscando compreender como fatores simb\u00f3licos, afetivos e sociais atravessam o funcionamento cognitivo.<\/div>\n<div><div class=\"su-divider su-divider-style-dotted\" style=\"margin:5px 0;border-width:1px;border-color:#999999\"><\/div><\/div>\n<\/div>\n<\/div>\n<div>\n<p><a href=\"https:\/\/sites.usp.br\/ninalab\/wp-content\/uploads\/sites\/1686\/2026\/02\/WhatsApp-Image-2026-02-19-at-12.25.35-e1771972065481.jpeg\"><img loading=\"lazy\" decoding=\"async\" class=\"alignleft wp-image-425 \" src=\"https:\/\/sites.usp.br\/ninalab\/wp-content\/uploads\/sites\/1686\/2026\/02\/WhatsApp-Image-2026-02-19-at-12.25.35-e1771972210894-228x300.jpeg\" alt=\"\" width=\"217\" height=\"285\" srcset=\"https:\/\/sites.usp.br\/ninalab\/wp-content\/uploads\/sites\/1686\/2026\/02\/WhatsApp-Image-2026-02-19-at-12.25.35-e1771972210894-228x300.jpeg 228w, https:\/\/sites.usp.br\/ninalab\/wp-content\/uploads\/sites\/1686\/2026\/02\/WhatsApp-Image-2026-02-19-at-12.25.35-e1771972210894-400x526.jpeg 400w, https:\/\/sites.usp.br\/ninalab\/wp-content\/uploads\/sites\/1686\/2026\/02\/WhatsApp-Image-2026-02-19-at-12.25.35-e1771972210894.jpeg 663w\" sizes=\"auto, (max-width: 217px) 100vw, 217px\" \/><\/a><\/p>\n<div><span style=\"font-size: 18.6667px;\"><b>Beatriz Saraiva<\/b><\/span><\/div>\n<div><span style=\"color: #3366ff;\"><strong><span style=\"font-size: 14pt;\">Aluna de Inicia\u00e7\u00e3o Cient\u00edfica<\/span><\/strong><\/span><\/div>\n<\/div>\n<div>Graduanda de Medicina do 6\u00ba ano. Atualmente estou envolvida em um projeto de inicia\u00e7\u00e3o cient\u00edfica pelo Nina Lab o qual est\u00e1 sendo financiado pela bolsa FAPESP. Minha paix\u00e3o por pesquisa surgiu no primeiro ano da faculdade, quando conheci o Projeto Floreah e o Nina Lab encontrei uma fam\u00edlia que nutria a mesma paix\u00e3o pela ci\u00eancia e pelo neurodesenvolvimento, \u00e1rea pela qual tenho um grande carinho. Pretendo me envolver em mais projetos junto ao Nina Lab, para que possamos, juntos, desenvolver pesquisas que promovam avan\u00e7os significativos.<\/div>\n<div><div class=\"su-divider su-divider-style-dotted\" style=\"margin:5px 0;border-width:1px;border-color:#999999\"><\/div><\/div>\n<div><\/div>\n<div>\n<div><span style=\"font-size: 18.6667px;\"><b><a href=\"https:\/\/sites.usp.br\/ninalab\/wp-content\/uploads\/sites\/1686\/2026\/03\/WhatsApp-Image-2026-02-20-at-18.31.18-e1772490606807.jpeg\"><img loading=\"lazy\" decoding=\"async\" class=\" wp-image-492 alignleft\" src=\"https:\/\/sites.usp.br\/ninalab\/wp-content\/uploads\/sites\/1686\/2026\/03\/WhatsApp-Image-2026-02-20-at-18.31.18-e1772490606807-216x300.jpeg\" alt=\"\" width=\"217\" height=\"302\" srcset=\"https:\/\/sites.usp.br\/ninalab\/wp-content\/uploads\/sites\/1686\/2026\/03\/WhatsApp-Image-2026-02-20-at-18.31.18-e1772490606807-216x300.jpeg 216w, https:\/\/sites.usp.br\/ninalab\/wp-content\/uploads\/sites\/1686\/2026\/03\/WhatsApp-Image-2026-02-20-at-18.31.18-e1772490606807-400x556.jpeg 400w, https:\/\/sites.usp.br\/ninalab\/wp-content\/uploads\/sites\/1686\/2026\/03\/WhatsApp-Image-2026-02-20-at-18.31.18-e1772490606807.jpeg 633w\" sizes=\"auto, (max-width: 217px) 100vw, 217px\" \/><\/a>Julia Durante<\/b><\/span><\/div>\n<div><span style=\"color: #3366ff;\"><strong><span style=\"font-size: 14pt;\">Aluna de Inicia\u00e7\u00e3o Cient\u00edfica<\/span><\/strong><\/span><\/div>\n<p>Graduanda em Psicologia (8\u00ba semestre) pelo Centro Universit\u00e1rio S\u00e3o Camilo (CUSC). Atualmente, realizo Inicia\u00e7\u00e3o Cient\u00edfica no NINA Lab (USP), onde investigo os impactos da exposi\u00e7\u00e3o precoce \u00e0s telas na din\u00e2mica do brincar e na responsividade do cuidador.<br \/>\nMeus interesses de pesquisa concentram-se no desenvolvimento infantil e na primeira inf\u00e2ncia, com foco nos processos socioemocionais iniciais, nas intera\u00e7\u00f5es cuidador-crian\u00e7a e na import\u00e2ncia do brincar para o desenvolvimento saud\u00e1vel.<br \/>\nPretendo seguir na \u00e1rea acad\u00eamica e cl\u00ednica voltada \u00e0 inf\u00e2ncia e \u00e0 adolesc\u00eancia, aprofundando minha forma\u00e7\u00e3o em pesquisa cient\u00edfica e desenvolvimento humano.<\/p>\n<div class=\"su-divider su-divider-style-dotted\" style=\"margin:5px 0;border-width:1px;border-color:#999999\"><\/div>\n<span style=\"font-size: 18.6667px;\"><b><a href=\"https:\/\/sites.usp.br\/ninalab\/wp-content\/uploads\/sites\/1686\/2026\/03\/gustavo.jpeg\"><img loading=\"lazy\" decoding=\"async\" class=\" wp-image-460 alignleft\" src=\"https:\/\/sites.usp.br\/ninalab\/wp-content\/uploads\/sites\/1686\/2026\/03\/gustavo-224x300.jpeg\" alt=\"\" width=\"216\" height=\"289\" srcset=\"https:\/\/sites.usp.br\/ninalab\/wp-content\/uploads\/sites\/1686\/2026\/03\/gustavo-224x300.jpeg 224w, https:\/\/sites.usp.br\/ninalab\/wp-content\/uploads\/sites\/1686\/2026\/03\/gustavo-765x1024.jpeg 765w, https:\/\/sites.usp.br\/ninalab\/wp-content\/uploads\/sites\/1686\/2026\/03\/gustavo-768x1028.jpeg 768w, https:\/\/sites.usp.br\/ninalab\/wp-content\/uploads\/sites\/1686\/2026\/03\/gustavo-400x535.jpeg 400w, https:\/\/sites.usp.br\/ninalab\/wp-content\/uploads\/sites\/1686\/2026\/03\/gustavo.jpeg 951w\" sizes=\"auto, (max-width: 216px) 100vw, 216px\" \/><\/a>Gustavo Souza<\/b><\/span><\/p>\n<\/div>\n<div>\n<div><span style=\"color: #3366ff;\"><strong><span style=\"font-size: 14pt;\">Aluno de Inicia\u00e7\u00e3o Cient\u00edfica<\/span><\/strong><\/span><\/div>\n<div>Sou aluno de gradua\u00e7\u00e3o e pesquisador de inicia\u00e7\u00e3o cient\u00edfica, atuando como colaborador no Projeto Floreah, onde concentro meus interesses no estudo do desenvolvimento infantil precoce. Minha atua\u00e7\u00e3o envolve especialmente a investiga\u00e7\u00e3o de poss\u00edveis marcadores comportamentais de Autismo e TDAH em beb\u00eas, com foco na identifica\u00e7\u00e3o precoce de sinais relacionados \u00e0 desaten\u00e7\u00e3o, hiperatividade e impulsividade. Desenvolvo microan\u00e1lise de v\u00eddeos e realizo codifica\u00e7\u00e3o sistem\u00e1tica de comportamentos, buscando compreender se a presen\u00e7a desses padr\u00f5es nos primeiros anos de vida pode contribuir para a detec\u00e7\u00e3o e o acompanhamento precoce de altera\u00e7\u00f5es no neurodesenvolvimento.<\/div>\n<div><div class=\"su-divider su-divider-style-dotted\" style=\"margin:5px 0;border-width:1px;border-color:#999999\"><\/div><\/div>\n<div>\n<div>\n<div style=\"text-align: left;\">\n<div><\/div>\n<\/div>\n<\/div>\n<\/div>\n<\/div>\n","protected":false},"excerpt":{"rendered":"<p>Vitoria Dias Quinteiro Aluna de Inicia\u00e7\u00e3o Cient\u00edfica Psic\u00f3loga cl\u00ednica rec\u00e9m-formada pelo Centro Universit\u00e1rio S\u00e3o Camilo, e atuo h\u00e1 mais de 4 anos com indiv\u00edduos neurodivergentes. Ao longo da minha trajet\u00f3ria, realizei diversos cursos sobre autismo e An\u00e1lise do Comportamento e, atualmente, aprofundo meus estudos em terapias contextuais, com foco em DBT e ACT, especialmente em [&hellip;]<\/p>\n","protected":false},"author":24780,"featured_media":0,"parent":0,"menu_order":0,"comment_status":"closed","ping_status":"closed","template":"","meta":{"footnotes":"","_links_to":"","_links_to_target":""},"class_list":["post-546","page","type-page","status-publish","hentry"],"_links":{"self":[{"href":"https:\/\/sites.usp.br\/ninalab\/wp-json\/wp\/v2\/pages\/546","targetHints":{"allow":["GET"]}}],"collection":[{"href":"https:\/\/sites.usp.br\/ninalab\/wp-json\/wp\/v2\/pages"}],"about":[{"href":"https:\/\/sites.usp.br\/ninalab\/wp-json\/wp\/v2\/types\/page"}],"author":[{"embeddable":true,"href":"https:\/\/sites.usp.br\/ninalab\/wp-json\/wp\/v2\/users\/24780"}],"replies":[{"embeddable":true,"href":"https:\/\/sites.usp.br\/ninalab\/wp-json\/wp\/v2\/comments?post=546"}],"version-history":[{"count":4,"href":"https:\/\/sites.usp.br\/ninalab\/wp-json\/wp\/v2\/pages\/546\/revisions"}],"predecessor-version":[{"id":625,"href":"https:\/\/sites.usp.br\/ninalab\/wp-json\/wp\/v2\/pages\/546\/revisions\/625"}],"wp:attachment":[{"href":"https:\/\/sites.usp.br\/ninalab\/wp-json\/wp\/v2\/media?parent=546"}],"curies":[{"name":"wp","href":"https:\/\/api.w.org\/{rel}","templated":true}]}}