{"id":548,"date":"2026-03-20T14:03:08","date_gmt":"2026-03-20T16:03:08","guid":{"rendered":"https:\/\/sites.usp.br\/ninalab\/?page_id=548"},"modified":"2026-03-20T18:17:19","modified_gmt":"2026-03-20T20:17:19","slug":"doutorado","status":"publish","type":"page","link":"https:\/\/sites.usp.br\/ninalab\/doutorado\/","title":{"rendered":"Doutorado"},"content":{"rendered":"<div>\n<div><span style=\"font-size: 14pt;\"><strong data-wp-editing=\"1\"><a href=\"https:\/\/sites.usp.br\/ninalab\/wp-content\/uploads\/sites\/1686\/2026\/02\/rafa-e1771964596127.jpeg\"><img loading=\"lazy\" decoding=\"async\" class=\"alignleft wp-image-326 \" src=\"https:\/\/sites.usp.br\/ninalab\/wp-content\/uploads\/sites\/1686\/2026\/02\/rafa-e1771965481509-230x300.jpeg\" alt=\"\" width=\"213\" height=\"277\" srcset=\"https:\/\/sites.usp.br\/ninalab\/wp-content\/uploads\/sites\/1686\/2026\/02\/rafa-e1771965481509-230x300.jpeg 230w, https:\/\/sites.usp.br\/ninalab\/wp-content\/uploads\/sites\/1686\/2026\/02\/rafa-e1771965481509.jpeg 329w\" sizes=\"auto, (max-width: 213px) 100vw, 213px\" \/><\/a><\/strong><\/span><\/div>\n<div><span style=\"font-size: 14pt;\"><strong data-wp-editing=\"1\">Rafael Briet<\/strong><\/span><\/div>\n<div style=\"text-align: left;\"><span style=\"font-size: 18.6667px; color: #3366ff;\"><b>Doutorando<\/b><\/span><\/div>\n<div>Doutorando em Psiquiatria pela Faculdade de Medicina da Universidade de S\u00e3o Paulo (FMUSP) e graduando em Direito pela Faculdade de Direito do Largo S\u00e3o Francisco (FDUSP). \u00c9 Mestre em Ci\u00eancias do Movimento Humano e graduado em Educa\u00e7\u00e3o F\u00edsica pela Universidade Estadual Paulista J\u00falio de Mesquita Filho (UNESP). Possui especializa\u00e7\u00f5es em Linguagens, suas Tecnologias e o Mundo do Trabalho (UFPI), Educa\u00e7\u00e3o Infantil (Faculdade de Educa\u00e7\u00e3o S\u00e3o Lu\u00eds), Anatomia Funcional: Humana e Comparada (ICB-USP) e Psicomotricidade e Fisiologia do Exerc\u00edcio (UNOPAR). Atua como professor universit\u00e1rio nos cursos de Educa\u00e7\u00e3o F\u00edsica no Centro Universit\u00e1rio Senac, e como orientador no curso de especializa\u00e7\u00e3o do Programa de P\u00f3s-Gradua\u00e7\u00e3o em Computa\u00e7\u00e3o Aplicada \u00e0 Educa\u00e7\u00e3o e Tecnologias Educacionais (ICMC USP). Tem interesses em t\u00f3picos de comportamento motor na primeira inf\u00e2ncia (aprendizagem, controle e desenvolvimento motor), educa\u00e7\u00e3o escolar, tecnologias e pol\u00edticas p\u00fablicas.<\/div>\n<\/div>\n<div><div class=\"su-divider su-divider-style-dotted\" style=\"margin:5px 0;border-width:1px;border-color:#999999\"><\/div><\/div>\n<div>\n<div><span style=\"font-size: 14pt;\"><strong><a href=\"https:\/\/sites.usp.br\/ninalab\/wp-content\/uploads\/sites\/1686\/2026\/03\/carol.jpeg\"><img loading=\"lazy\" decoding=\"async\" class=\"wp-image-451 size-medium alignleft\" src=\"https:\/\/sites.usp.br\/ninalab\/wp-content\/uploads\/sites\/1686\/2026\/03\/carol-e1772474076183-215x300.jpeg\" alt=\"\" width=\"215\" height=\"300\" srcset=\"https:\/\/sites.usp.br\/ninalab\/wp-content\/uploads\/sites\/1686\/2026\/03\/carol-e1772474076183-215x300.jpeg 215w, https:\/\/sites.usp.br\/ninalab\/wp-content\/uploads\/sites\/1686\/2026\/03\/carol-e1772474076183-400x559.jpeg 400w, https:\/\/sites.usp.br\/ninalab\/wp-content\/uploads\/sites\/1686\/2026\/03\/carol-e1772474076183.jpeg 435w\" sizes=\"auto, (max-width: 215px) 100vw, 215px\" \/><\/a>Caroline Vecchio<\/strong><\/span><\/div>\n<div><span style=\"font-size: 18.6667px; color: #3366ff;\"><b>Doutoranda<\/b><\/span><\/div>\n<p>Psic\u00f3loga graduada pela Universidade de S\u00e3o Paulo (USP), Doutoranda no Instituto de Psiquiatria da Faculdade de Medicina da USP (Ipq- HCFMUSP), Mestre e Especialista em An\u00e1lise do Comportamento Aplicada pelo Instituto Par. Analista do comportamento certificada \u2013 QBA\u00ae.<\/p>\n<\/div>\n<div><\/div>\n<div><\/div>\n<div><\/div>\n<div>\n<div><\/div>\n<div><div class=\"su-divider su-divider-style-dotted\" style=\"margin:5px 0;border-width:1px;border-color:#999999\"><\/div><\/div>\n<div><\/div>\n<\/div>\n<div class=\"adL\">\n<p><a href=\"https:\/\/sites.usp.br\/ninalab\/wp-content\/uploads\/sites\/1686\/2026\/02\/isa-e1771964220322.jpeg\"><img loading=\"lazy\" decoding=\"async\" class=\" wp-image-324 alignleft\" src=\"https:\/\/sites.usp.br\/ninalab\/wp-content\/uploads\/sites\/1686\/2026\/02\/isa-e1771964220322-240x300.jpeg\" alt=\"\" width=\"211\" height=\"264\" srcset=\"https:\/\/sites.usp.br\/ninalab\/wp-content\/uploads\/sites\/1686\/2026\/02\/isa-e1771964220322-240x300.jpeg 240w, https:\/\/sites.usp.br\/ninalab\/wp-content\/uploads\/sites\/1686\/2026\/02\/isa-e1771964220322-819x1024.jpeg 819w, https:\/\/sites.usp.br\/ninalab\/wp-content\/uploads\/sites\/1686\/2026\/02\/isa-e1771964220322-768x960.jpeg 768w, https:\/\/sites.usp.br\/ninalab\/wp-content\/uploads\/sites\/1686\/2026\/02\/isa-e1771964220322-400x500.jpeg 400w, https:\/\/sites.usp.br\/ninalab\/wp-content\/uploads\/sites\/1686\/2026\/02\/isa-e1771964220322.jpeg 846w\" sizes=\"auto, (max-width: 211px) 100vw, 211px\" \/><\/a><\/p>\n<div><span style=\"font-size: 14pt;\"><strong>Isabela Windlin<\/strong><\/span><\/div>\n<div><span style=\"font-size: 18.6667px; color: #3366ff;\"><b>Doutoranda<\/b><\/span><\/div>\n<div>\n<div dir=\"ltr\">Psic\u00f3loga cl\u00ednica e neuropsic\u00f3loga, casada, m\u00e3e do N\u00edcolas, natural de Jundia\u00ed-SP. Graduada em Psicologia pela UNIFESP, especialista em Psico-oncologia pela UNICAMP, especialista em Neuropsicologia pelo HCFMUSP, mestre em Ci\u00eancias (Neurologia) USP e finalmente, doutoranda do NINA-LAB. Minhas \u00e1reas de interesse s\u00e3o: neurodesenvolvimento infantil, neurodiversidade e interven\u00e7\u00f5es parentais. Na minha trajet\u00f3ria de atua\u00e7\u00e3o com beb\u00eas e crian\u00e7as pequenas, aprendi que o desenvolvimento infantil \u00e9 um processo que acontece em rela\u00e7\u00e3o ao ambiente e \u00e0s pessoas que o constituem. No caso dos transtornos do neurodesenvolvimento, considero essencial ampliar o olhar para al\u00e9m da crian\u00e7a, incluindo a rede familiar e social como parte central do cuidado. Contribuir para a ci\u00eancia a partir dessa perspectiva, integrando pesquisa e pr\u00e1tica cl\u00ednica, \u00e9 o que orienta minha vida acad\u00eamica e profissional.<\/div>\n<\/div>\n<\/div>\n<div dir=\"ltr\"><div class=\"su-divider su-divider-style-dotted\" style=\"margin:5px 0;border-width:1px;border-color:#999999\"><\/div><\/div>\n","protected":false},"excerpt":{"rendered":"<p>Rafael Briet Doutorando Doutorando em Psiquiatria pela Faculdade de Medicina da Universidade de S\u00e3o Paulo (FMUSP) e graduando em Direito pela Faculdade de Direito do Largo S\u00e3o Francisco (FDUSP). \u00c9 Mestre em Ci\u00eancias do Movimento Humano e graduado em Educa\u00e7\u00e3o F\u00edsica pela Universidade Estadual Paulista J\u00falio de Mesquita Filho (UNESP). Possui especializa\u00e7\u00f5es em Linguagens, suas [&hellip;]<\/p>\n","protected":false},"author":24780,"featured_media":0,"parent":0,"menu_order":0,"comment_status":"closed","ping_status":"closed","template":"","meta":{"footnotes":"","_links_to":"","_links_to_target":""},"class_list":["post-548","page","type-page","status-publish","hentry"],"_links":{"self":[{"href":"https:\/\/sites.usp.br\/ninalab\/wp-json\/wp\/v2\/pages\/548","targetHints":{"allow":["GET"]}}],"collection":[{"href":"https:\/\/sites.usp.br\/ninalab\/wp-json\/wp\/v2\/pages"}],"about":[{"href":"https:\/\/sites.usp.br\/ninalab\/wp-json\/wp\/v2\/types\/page"}],"author":[{"embeddable":true,"href":"https:\/\/sites.usp.br\/ninalab\/wp-json\/wp\/v2\/users\/24780"}],"replies":[{"embeddable":true,"href":"https:\/\/sites.usp.br\/ninalab\/wp-json\/wp\/v2\/comments?post=548"}],"version-history":[{"count":4,"href":"https:\/\/sites.usp.br\/ninalab\/wp-json\/wp\/v2\/pages\/548\/revisions"}],"predecessor-version":[{"id":621,"href":"https:\/\/sites.usp.br\/ninalab\/wp-json\/wp\/v2\/pages\/548\/revisions\/621"}],"wp:attachment":[{"href":"https:\/\/sites.usp.br\/ninalab\/wp-json\/wp\/v2\/media?parent=548"}],"curies":[{"name":"wp","href":"https:\/\/api.w.org\/{rel}","templated":true}]}}