{"id":550,"date":"2026-03-20T14:03:08","date_gmt":"2026-03-20T16:03:08","guid":{"rendered":"https:\/\/sites.usp.br\/ninalab\/?page_id=550"},"modified":"2026-03-20T15:29:44","modified_gmt":"2026-03-20T17:29:44","slug":"gerente-de-pesquisa","status":"publish","type":"page","link":"https:\/\/sites.usp.br\/ninalab\/gerente-de-pesquisa\/","title":{"rendered":"Gerente de Pesquisa"},"content":{"rendered":"<div class=\"su-divider su-divider-style-dotted\" style=\"margin:5px 0;border-width:1px;border-color:#999999\"><\/div>\n<p><a href=\"https:\/\/sites.usp.br\/ninalab\/wp-content\/uploads\/sites\/1686\/2026\/03\/unnamed-e1772472564577.jpg\"><img loading=\"lazy\" decoding=\"async\" class=\"alignleft wp-image-441 \" src=\"https:\/\/sites.usp.br\/ninalab\/wp-content\/uploads\/sites\/1686\/2026\/03\/unnamed-e1772474319216-213x300.jpg\" alt=\"\" width=\"220\" height=\"310\" srcset=\"https:\/\/sites.usp.br\/ninalab\/wp-content\/uploads\/sites\/1686\/2026\/03\/unnamed-e1772474319216-213x300.jpg 213w, https:\/\/sites.usp.br\/ninalab\/wp-content\/uploads\/sites\/1686\/2026\/03\/unnamed-e1772474319216-400x563.jpg 400w, https:\/\/sites.usp.br\/ninalab\/wp-content\/uploads\/sites\/1686\/2026\/03\/unnamed-e1772474319216.jpg 644w\" sizes=\"auto, (max-width: 220px) 100vw, 220px\" \/><\/a><\/p>\n<div><span style=\"font-size: 14pt;\"><strong>N\u00e1dia Slwczuk<\/strong><\/span><\/div>\n<div><span style=\"color: #3366ff;\"><strong><span style=\"font-size: 14pt;\">Gerente de pesquisa<\/span><\/strong><\/span><\/div>\n<p>Psic\u00f3loga graduada pela Universidade Anhanguera &#8211; UNIA (2021), p\u00f3s-graduada em Psicologia Cl\u00ednica pelas Faculdades Metropolitanas Unidas &#8211; FMU (2022) e especialista em Neuropsicologia pela Faculdade de Ci\u00eancias M\u00e9dicas da Santa Casa de S\u00e3o Paulo (2025). Atua desde 2023 como Gerente do Projeto Floreah e gerencia o Projeto Conecta Autismo, focado na implementa\u00e7\u00e3o da Paediatric Autism Communication Therapy (PACT) no Sistema \u00danico de Sa\u00fade (SUS).<\/p>\n<p>&nbsp;<\/p>\n<div class=\"su-divider su-divider-style-dotted\" style=\"margin:5px 0;border-width:1px;border-color:#999999\"><\/div>\n","protected":false},"excerpt":{"rendered":"<p>N\u00e1dia Slwczuk Gerente de pesquisa Psic\u00f3loga graduada pela Universidade Anhanguera &#8211; UNIA (2021), p\u00f3s-graduada em Psicologia Cl\u00ednica pelas Faculdades Metropolitanas Unidas &#8211; FMU (2022) e especialista em Neuropsicologia pela Faculdade de Ci\u00eancias M\u00e9dicas da Santa Casa de S\u00e3o Paulo (2025). Atua desde 2023 como Gerente do Projeto Floreah e gerencia o Projeto Conecta Autismo, focado [&hellip;]<\/p>\n","protected":false},"author":24780,"featured_media":0,"parent":0,"menu_order":0,"comment_status":"closed","ping_status":"closed","template":"","meta":{"footnotes":"","_links_to":"","_links_to_target":""},"class_list":["post-550","page","type-page","status-publish","hentry"],"_links":{"self":[{"href":"https:\/\/sites.usp.br\/ninalab\/wp-json\/wp\/v2\/pages\/550","targetHints":{"allow":["GET"]}}],"collection":[{"href":"https:\/\/sites.usp.br\/ninalab\/wp-json\/wp\/v2\/pages"}],"about":[{"href":"https:\/\/sites.usp.br\/ninalab\/wp-json\/wp\/v2\/types\/page"}],"author":[{"embeddable":true,"href":"https:\/\/sites.usp.br\/ninalab\/wp-json\/wp\/v2\/users\/24780"}],"replies":[{"embeddable":true,"href":"https:\/\/sites.usp.br\/ninalab\/wp-json\/wp\/v2\/comments?post=550"}],"version-history":[{"count":3,"href":"https:\/\/sites.usp.br\/ninalab\/wp-json\/wp\/v2\/pages\/550\/revisions"}],"predecessor-version":[{"id":601,"href":"https:\/\/sites.usp.br\/ninalab\/wp-json\/wp\/v2\/pages\/550\/revisions\/601"}],"wp:attachment":[{"href":"https:\/\/sites.usp.br\/ninalab\/wp-json\/wp\/v2\/media?parent=550"}],"curies":[{"name":"wp","href":"https:\/\/api.w.org\/{rel}","templated":true}]}}