{"id":581,"date":"2026-03-20T14:35:14","date_gmt":"2026-03-20T16:35:14","guid":{"rendered":"https:\/\/sites.usp.br\/ninalab\/?page_id=581"},"modified":"2026-03-20T18:50:32","modified_gmt":"2026-03-20T20:50:32","slug":"pesquisadora-responsavel","status":"publish","type":"page","link":"https:\/\/sites.usp.br\/ninalab\/pesquisadora-responsavel\/","title":{"rendered":"Pesquisadora Respons\u00e1vel"},"content":{"rendered":"<div>\n<div><strong><a href=\"https:\/\/sites.usp.br\/ninalab\/wp-content\/uploads\/sites\/1686\/2026\/02\/IMG_7238-scaled-e1771958102157.jpg\"><img loading=\"lazy\" decoding=\"async\" class=\"size-medium wp-image-288 alignleft\" src=\"https:\/\/sites.usp.br\/ninalab\/wp-content\/uploads\/sites\/1686\/2026\/02\/IMG_7238-scaled-e1771958102157-243x300.jpg\" alt=\"\" width=\"243\" height=\"300\" srcset=\"https:\/\/sites.usp.br\/ninalab\/wp-content\/uploads\/sites\/1686\/2026\/02\/IMG_7238-scaled-e1771958102157-243x300.jpg 243w, https:\/\/sites.usp.br\/ninalab\/wp-content\/uploads\/sites\/1686\/2026\/02\/IMG_7238-scaled-e1771958102157-830x1024.jpg 830w, https:\/\/sites.usp.br\/ninalab\/wp-content\/uploads\/sites\/1686\/2026\/02\/IMG_7238-scaled-e1771958102157-768x948.jpg 768w, https:\/\/sites.usp.br\/ninalab\/wp-content\/uploads\/sites\/1686\/2026\/02\/IMG_7238-scaled-e1771958102157-1244x1536.jpg 1244w, https:\/\/sites.usp.br\/ninalab\/wp-content\/uploads\/sites\/1686\/2026\/02\/IMG_7238-scaled-e1771958102157-400x494.jpg 400w, https:\/\/sites.usp.br\/ninalab\/wp-content\/uploads\/sites\/1686\/2026\/02\/IMG_7238-scaled-e1771958102157.jpg 1476w\" sizes=\"auto, (max-width: 243px) 100vw, 243px\" \/><\/a>Profa. Dra. Lizzie Shephard<\/strong><\/div>\n<div><span style=\"color: #0000ff;\"><strong>Pesquisadora Respons\u00e1vel<\/strong><\/span><\/div>\n<p>Sou Professora Doutora do Instituto de Psicologia da Universidade de S\u00e3o Paulo e Jovem Pesquisadora da FAPESP. Eu tenho Doutorado em Psiquiatria pela Universidade de Nottingham, Inglaterra (2014), Mestrado em Neuroci\u00eancia Cognitiva Social (2010) e Gradua\u00e7\u00e3o em Psicologia (2009) pela Universidade de Aberdeen, Esc\u00f3cia. Cheguei no Brasil em 2018 com o objetivo de estabelecer uma carreira acad\u00eamica independente como pesquisadora e professora. Meus interesses de pesquisa s\u00e3o na preven\u00e7\u00e3o de sofrimento e preju\u00edzos causados pelos transtornos psiqui\u00e1tricos e pelas neurodiverg\u00eancias e na promo\u00e7\u00e3o de bem-estar e neurodesenvolvimento saud\u00e1vel em crian\u00e7as e seus cuidadores. Meu grupo de pesquis no Instituto de Psicologia da USP tem como foco a investiga\u00e7\u00e3o de trajet\u00f3rias de neurodesenvolvimento em beb\u00eas e crian\u00e7as vulner\u00e1veis e a implementa\u00e7\u00e3o de interven\u00e7\u00f5es baseadas em evid\u00eancias robustas no sistema de sa\u00fade brasileiro. Participo ativamente em redes internacionais sobre o desenvolvimento de beb\u00eas e crian\u00e7as vulner\u00e1veis e a preven\u00e7\u00e3o de sofrimento devido aos transtornos de desenvolvimento, incluindo o Autism Baby Siblings Research Consortium (BSRC), o Early ADHD Research Network, e o IMPACT (rede internacional para profissionais de Paediatric Autism Communication Therapy, PACT). Desde julho de 2025, sou Editora do peri\u00f3dico internacional Autism (Sage Publication) e uso essa posi\u00e7\u00e3o para promover a integridade e a qualidade da pesquisa sobre autismo no Brasil e tamb\u00e9m a dissemina\u00e7\u00e3o da pesquisa brasileira sobre autismo internacionalmente. Tamb\u00e9m em 2025, iniciei uma colabora\u00e7\u00e3o com um grupo internacional de pesquisadores liderado pelo Professor Philip Shaw, do King\u2019s College London, para desenvolver m\u00e9todos de previs\u00e3o da probabilidade de uma crian\u00e7a com risco de desenvolver TOC (Transtorno Obsessivo-Compulsivo) e implementar interven\u00e7\u00f5es preventivas para as crian\u00e7as com maior risco. Represento o Brasil nesse grupo, que tamb\u00e9m inclui o Professor Gustavo Sudr\u00e9, do King\u2019s College London, a Professora Georgina Krebs, da University College London, e o Professor David Mataix-Cols, do Karolinska Institutet. Desenvolvemos uma proposta para um programa de pesquisa de cinco anos para investigar essas quest\u00f5es e fomos contemplados com o altamente competitivo Wellcome Trust Mental Health Award. Essa pesquisa ter\u00e1 in\u00edcio em mar\u00e7o de 2026.<\/p>\n<div class=\"su-divider su-divider-style-dotted\" style=\"margin:5px 0;border-width:1px;border-color:#999999\"><\/div>\n<\/div>\n","protected":false},"excerpt":{"rendered":"<p>Profa. Dra. Lizzie Shephard Pesquisadora Respons\u00e1vel Sou Professora Doutora do Instituto de Psicologia da Universidade de S\u00e3o Paulo e Jovem Pesquisadora da FAPESP. Eu tenho Doutorado em Psiquiatria pela Universidade de Nottingham, Inglaterra (2014), Mestrado em Neuroci\u00eancia Cognitiva Social (2010) e Gradua\u00e7\u00e3o em Psicologia (2009) pela Universidade de Aberdeen, Esc\u00f3cia. Cheguei no Brasil em 2018 [&hellip;]<\/p>\n","protected":false},"author":24780,"featured_media":0,"parent":0,"menu_order":0,"comment_status":"closed","ping_status":"closed","template":"","meta":{"footnotes":"","_links_to":"","_links_to_target":""},"class_list":["post-581","page","type-page","status-publish","hentry"],"_links":{"self":[{"href":"https:\/\/sites.usp.br\/ninalab\/wp-json\/wp\/v2\/pages\/581","targetHints":{"allow":["GET"]}}],"collection":[{"href":"https:\/\/sites.usp.br\/ninalab\/wp-json\/wp\/v2\/pages"}],"about":[{"href":"https:\/\/sites.usp.br\/ninalab\/wp-json\/wp\/v2\/types\/page"}],"author":[{"embeddable":true,"href":"https:\/\/sites.usp.br\/ninalab\/wp-json\/wp\/v2\/users\/24780"}],"replies":[{"embeddable":true,"href":"https:\/\/sites.usp.br\/ninalab\/wp-json\/wp\/v2\/comments?post=581"}],"version-history":[{"count":4,"href":"https:\/\/sites.usp.br\/ninalab\/wp-json\/wp\/v2\/pages\/581\/revisions"}],"predecessor-version":[{"id":600,"href":"https:\/\/sites.usp.br\/ninalab\/wp-json\/wp\/v2\/pages\/581\/revisions\/600"}],"wp:attachment":[{"href":"https:\/\/sites.usp.br\/ninalab\/wp-json\/wp\/v2\/media?parent=581"}],"curies":[{"name":"wp","href":"https:\/\/api.w.org\/{rel}","templated":true}]}}