{"id":607,"date":"2026-03-20T15:33:23","date_gmt":"2026-03-20T17:33:23","guid":{"rendered":"https:\/\/sites.usp.br\/ninalab\/?page_id=607"},"modified":"2026-03-20T17:43:58","modified_gmt":"2026-03-20T19:43:58","slug":"pos-doutorado","status":"publish","type":"page","link":"https:\/\/sites.usp.br\/ninalab\/pos-doutorado\/","title":{"rendered":"P\u00f3s-Doutorado"},"content":{"rendered":"<div class=\"su-divider su-divider-style-dotted\" style=\"margin:5px 0;border-width:1px;border-color:#999999\"><\/div>\n<div>\n<p><a href=\"https:\/\/sites.usp.br\/ninalab\/wp-content\/uploads\/sites\/1686\/2026\/02\/tally.jpeg\"><img loading=\"lazy\" decoding=\"async\" class=\"alignleft wp-image-306\" src=\"https:\/\/sites.usp.br\/ninalab\/wp-content\/uploads\/sites\/1686\/2026\/02\/tally-242x300.jpeg\" alt=\"\" width=\"232\" height=\"288\" \/><\/a><\/p>\n<\/div>\n<div><span style=\"font-size: 14pt;\"><strong>Dra. Tally Tafla<\/strong><\/span><\/div>\n<div><span style=\"color: #3366ff;\"><strong><span style=\"font-size: 14pt;\">Pesquisadora de P\u00f3s-Doutorado<\/span><\/strong><\/span><\/div>\n<div>\n<p style=\"text-align: left;\">P\u00f3s-doutoranda da Universidade de S\u00e3o Paulo (USP), com per\u00edodo sandu\u00edche na University of Edinburgh (Scotland). Doutora em Ci\u00eancias do Desenvolvimento Humano, mestre em Dist\u00farbios do Desenvolvimento e gradua\u00e7\u00e3o em Psicologia pela Universidade Presbiteriana Mackenzie (UPM). Per\u00edodo de doutorado sandu\u00edche na University of Birmingham no Reino Unido (UK). Foi membro do Grupo de Trabalho da ANPEPP &#8220;Transtornos do Espectro do Autismo: pesquisa em sa\u00fade e educa\u00e7\u00e3o&#8221;. Fellow do Helmut Remschmidt Research Seminar (HRRS) 2023 e membro do IACAPAP (International Association for Child and Adolescent Psychiatry and Allied Professions). Membro tamb\u00e9m do The International Society for Autism Research (INSAR) e do Instituto Brasileiro de Avalia\u00e7\u00e3o Psicol\u00f3gica (IBAP). Tem experi\u00eancia na \u00e1rea de Psicologia, com foco em avalia\u00e7\u00e3o psicol\u00f3gica e comportamental. Os interesses de pesquisa s\u00e3o na \u00e1rea de avalia\u00e7\u00e3o psicol\u00f3gica e autismo adulto.<\/p>\n<p style=\"text-align: left;\"><div class=\"su-divider su-divider-style-dotted\" style=\"margin:5px 0;border-width:1px;border-color:#999999\"><\/div>\n<p style=\"text-align: left;\"><a href=\"https:\/\/sites.usp.br\/ninalab\/wp-content\/uploads\/sites\/1686\/2026\/03\/WhatsApp-Image-2026-03-20-at-15.56.19.jpeg\"><img loading=\"lazy\" decoding=\"async\" class=\"wp-image-612 size-medium alignleft\" src=\"https:\/\/sites.usp.br\/ninalab\/wp-content\/uploads\/sites\/1686\/2026\/03\/WhatsApp-Image-2026-03-20-at-15.56.19-e1774033351311-215x300.jpeg\" alt=\"\" width=\"215\" height=\"300\" srcset=\"https:\/\/sites.usp.br\/ninalab\/wp-content\/uploads\/sites\/1686\/2026\/03\/WhatsApp-Image-2026-03-20-at-15.56.19-e1774033351311-215x300.jpeg 215w, https:\/\/sites.usp.br\/ninalab\/wp-content\/uploads\/sites\/1686\/2026\/03\/WhatsApp-Image-2026-03-20-at-15.56.19-e1774033351311-400x558.jpeg 400w, https:\/\/sites.usp.br\/ninalab\/wp-content\/uploads\/sites\/1686\/2026\/03\/WhatsApp-Image-2026-03-20-at-15.56.19-e1774033351311.jpeg 700w\" sizes=\"auto, (max-width: 215px) 100vw, 215px\" \/><\/a><\/p>\n<div><span style=\"font-size: 14pt;\"><strong>Dra. Priscilla Godoy<\/strong><\/span><\/div>\n<div><span style=\"color: #3366ff;\"><strong><span style=\"font-size: 14pt;\">Pesquisadora de P\u00f3s-Doutorado<\/span><\/strong><\/span><\/div>\n<p><span class=\"wixui-rich-text__text\">Sou psic\u00f3loga e mestre pela Universidade Federal de S\u00e3o Paulo e Doutora pela Faculdade de Medicina da USP. Tamb\u00e9m tenho especializa\u00e7\u00e3o em Neuropsicologia pela Faculdade de Medicina da USP. Atualmente sou pesquisadora de p\u00f3s doutorado no Instituto de Psicologia da USP, trabalhando em estudos de implementa\u00e7\u00e3o da PACT no Brasil. <\/span><span class=\"wixui-rich-text__text\">Acredito fortemente em uma atua\u00e7\u00e3o cl\u00ednica associada a produ\u00e7\u00e3o de conhecimento cient\u00edfico e acad\u00eamico. Tamb\u00e9m acredito que cuidar do desenvolvimento dos primeiros anos de vida das pessoas \u00e9 um dos caminhos para um mundo com melhor sa\u00fade mental e qualidade de vida.<\/span><\/p>\n<\/div>\n<div class=\"su-divider su-divider-style-dotted\" style=\"margin:5px 0;border-width:1px;border-color:#999999\"><\/div>\n","protected":false},"excerpt":{"rendered":"<p>Dra. Tally Tafla Pesquisadora de P\u00f3s-Doutorado P\u00f3s-doutoranda da Universidade de S\u00e3o Paulo (USP), com per\u00edodo sandu\u00edche na University of Edinburgh (Scotland). Doutora em Ci\u00eancias do Desenvolvimento Humano, mestre em Dist\u00farbios do Desenvolvimento e gradua\u00e7\u00e3o em Psicologia pela Universidade Presbiteriana Mackenzie (UPM). Per\u00edodo de doutorado sandu\u00edche na University of Birmingham no Reino Unido (UK). Foi membro [&hellip;]<\/p>\n","protected":false},"author":24780,"featured_media":0,"parent":0,"menu_order":0,"comment_status":"closed","ping_status":"closed","template":"","meta":{"footnotes":"","_links_to":"","_links_to_target":""},"class_list":["post-607","page","type-page","status-publish","hentry"],"_links":{"self":[{"href":"https:\/\/sites.usp.br\/ninalab\/wp-json\/wp\/v2\/pages\/607","targetHints":{"allow":["GET"]}}],"collection":[{"href":"https:\/\/sites.usp.br\/ninalab\/wp-json\/wp\/v2\/pages"}],"about":[{"href":"https:\/\/sites.usp.br\/ninalab\/wp-json\/wp\/v2\/types\/page"}],"author":[{"embeddable":true,"href":"https:\/\/sites.usp.br\/ninalab\/wp-json\/wp\/v2\/users\/24780"}],"replies":[{"embeddable":true,"href":"https:\/\/sites.usp.br\/ninalab\/wp-json\/wp\/v2\/comments?post=607"}],"version-history":[{"count":3,"href":"https:\/\/sites.usp.br\/ninalab\/wp-json\/wp\/v2\/pages\/607\/revisions"}],"predecessor-version":[{"id":613,"href":"https:\/\/sites.usp.br\/ninalab\/wp-json\/wp\/v2\/pages\/607\/revisions\/613"}],"wp:attachment":[{"href":"https:\/\/sites.usp.br\/ninalab\/wp-json\/wp\/v2\/media?parent=607"}],"curies":[{"name":"wp","href":"https:\/\/api.w.org\/{rel}","templated":true}]}}