{"id":102,"date":"2023-03-15T15:45:37","date_gmt":"2023-03-15T18:45:37","guid":{"rendered":"https:\/\/sites.usp.br\/nosseduclima\/?page_id=102"},"modified":"2025-10-08T20:46:17","modified_gmt":"2025-10-08T23:46:17","slug":"equipe","status":"publish","type":"page","link":"https:\/\/sites.usp.br\/nosseduclima\/equipe\/","title":{"rendered":"Equipe"},"content":{"rendered":"\t\t<div data-elementor-type=\"wp-page\" data-elementor-id=\"102\" class=\"elementor elementor-102\" data-elementor-post-type=\"page\">\n\t\t\t\t<div class=\"elementor-element elementor-element-5c021d17 e-flex e-con-boxed e-con e-parent\" data-id=\"5c021d17\" data-element_type=\"container\" data-settings=\"{&quot;background_background&quot;:&quot;slideshow&quot;,&quot;background_slideshow_gallery&quot;:[],&quot;background_slideshow_slide_duration&quot;:5000,&quot;background_slideshow_slide_transition&quot;:&quot;fade&quot;,&quot;background_slideshow_transition_duration&quot;:500}\">\n\t\t\t\t\t<div class=\"e-con-inner\">\n\t\t<div class=\"elementor-element elementor-element-6273a6ea e-con-full e-flex e-con e-child\" data-id=\"6273a6ea\" data-element_type=\"container\">\n\t\t\t\t<div class=\"elementor-element elementor-element-39b6fedd elementor-widget elementor-widget-heading\" data-id=\"39b6fedd\" data-element_type=\"widget\" data-widget_type=\"heading.default\">\n\t\t\t\t<div class=\"elementor-widget-container\">\n\t\t\t<h2 class=\"elementor-heading-title elementor-size-default\">NOSS EDU CLIMA<\/h2>\t\t<\/div>\n\t\t\t\t<\/div>\n\t\t\t\t<div class=\"elementor-element elementor-element-47f1db2f elementor-widget elementor-widget-heading\" data-id=\"47f1db2f\" data-element_type=\"widget\" data-widget_type=\"heading.default\">\n\t\t\t\t<div class=\"elementor-widget-container\">\n\t\t\t<h2 class=\"elementor-heading-title elementor-size-medium\"><b>EDUCA\u00c7\u00c3O PARA JUSTI\u00c7A CLIM\u00c1TICA<\/b> <br> Climate Justice Education<\/h2>\t\t<\/div>\n\t\t\t\t<\/div>\n\t\t\t\t<div class=\"elementor-element elementor-element-212df716 elementor-widget elementor-widget-heading\" data-id=\"212df716\" data-element_type=\"widget\" data-widget_type=\"heading.default\">\n\t\t\t\t<div class=\"elementor-widget-container\">\n\t\t\t<p class=\"elementor-heading-title elementor-size-default\"><b>* Nossos materiais  s\u00e3o de acesso aberto, sendo permitida a reprodu\u00e7\u00e3o parcial ou total, desde que citada a fonte e autoria e respeitando a Licen\u00e7a Creative Commons.<\/b> <br> <br>\n *Our materials are open access and may be partially or fully reproduced, provided the source and authorship are cited and the Creative Commons License is respected.<\/p>\t\t<\/div>\n\t\t\t\t<\/div>\n\t\t\t\t<\/div>\n\t\t\t\t<div class=\"elementor-element elementor-element-21515de4 elementor-widget__width-initial elementor-widget elementor-widget-image\" data-id=\"21515de4\" data-element_type=\"widget\" data-widget_type=\"image.default\">\n\t\t\t\t<div class=\"elementor-widget-container\">\n\t\t\t\t\t\t\t\t\t\t\t\t\t<img decoding=\"async\" width=\"115\" height=\"48\" src=\"https:\/\/sites.usp.br\/nosseduclima\/wp-content\/uploads\/sites\/1100\/2025\/10\/Screenshot-2025-10-02-095729.png\" class=\"attachment-medium_large size-medium_large wp-image-865\" alt=\"\" sizes=\"100vw\" \/>\t\t\t\t\t\t\t\t\t\t\t\t\t<\/div>\n\t\t\t\t<\/div>\n\t\t\t\t<div class=\"elementor-element elementor-element-2ae00b24 elementor-widget__width-initial elementor-widget elementor-widget-image\" data-id=\"2ae00b24\" data-element_type=\"widget\" data-widget_type=\"image.default\">\n\t\t\t\t<div class=\"elementor-widget-container\">\n\t\t\t\t\t\t\t\t\t\t\t\t\t\t<a href=\"https:\/\/noss.each.usp.br\/\">\n\t\t\t\t\t\t\t<img fetchpriority=\"high\" decoding=\"async\" width=\"1536\" height=\"1054\" src=\"https:\/\/sites.usp.br\/nosseduclima\/wp-content\/uploads\/sites\/1100\/2024\/06\/noss-em-cima-1536x1054.png\" class=\"attachment-1536x1536 size-1536x1536 wp-image-584\" alt=\"\" srcset=\"https:\/\/sites.usp.br\/nosseduclima\/wp-content\/uploads\/sites\/1100\/2024\/06\/noss-em-cima-1536x1054.png 1536w, https:\/\/sites.usp.br\/nosseduclima\/wp-content\/uploads\/sites\/1100\/2024\/06\/noss-em-cima-300x206.png 300w, https:\/\/sites.usp.br\/nosseduclima\/wp-content\/uploads\/sites\/1100\/2024\/06\/noss-em-cima-1024x702.png 1024w, https:\/\/sites.usp.br\/nosseduclima\/wp-content\/uploads\/sites\/1100\/2024\/06\/noss-em-cima-768x527.png 768w, https:\/\/sites.usp.br\/nosseduclima\/wp-content\/uploads\/sites\/1100\/2024\/06\/noss-em-cima-2048x1405.png 2048w\" sizes=\"100vw\" \/>\t\t\t\t\t\t\t\t<\/a>\n\t\t\t\t\t\t\t\t\t\t\t\t\t<\/div>\n\t\t\t\t<\/div>\n\t\t\t\t<div class=\"elementor-element elementor-element-282cd466 elementor-shape-circle elementor-grid-1 elementor-widget__width-initial e-grid-align-center elementor-widget elementor-widget-social-icons\" data-id=\"282cd466\" data-element_type=\"widget\" data-widget_type=\"social-icons.default\">\n\t\t\t\t<div class=\"elementor-widget-container\">\n\t\t\t\t\t<div class=\"elementor-social-icons-wrapper elementor-grid\">\n\t\t\t\t\t\t\t<span class=\"elementor-grid-item\">\n\t\t\t\t\t<a class=\"elementor-icon elementor-social-icon elementor-social-icon-youtube elementor-animation-grow elementor-repeater-item-9051c05\" href=\"https:\/\/www.youtube.com\/channel\/UC_yYAiqCo8IeNiVIA4f2WHQ\" target=\"_blank\">\n\t\t\t\t\t\t<span class=\"elementor-screen-only\">Youtube<\/span>\n\t\t\t\t\t\t<i class=\"fab fa-youtube\"><\/i>\t\t\t\t\t<\/a>\n\t\t\t\t<\/span>\n\t\t\t\t\t<\/div>\n\t\t\t\t<\/div>\n\t\t\t\t<\/div>\n\t\t\t\t\t<\/div>\n\t\t\t\t<\/div>\n\t\t<div class=\"elementor-element elementor-element-3e77147e e-flex e-con-boxed e-con e-parent\" data-id=\"3e77147e\" data-element_type=\"container\">\n\t\t\t\t\t<div class=\"e-con-inner\">\n\t\t<div class=\"elementor-element elementor-element-602e7792 e-con-full e-flex e-con e-child\" data-id=\"602e7792\" data-element_type=\"container\">\n\t\t\t\t<div class=\"elementor-element elementor-element-17656953 elementor-align-center elementor-widget elementor-widget-button\" data-id=\"17656953\" data-element_type=\"widget\" data-widget_type=\"button.default\">\n\t\t\t\t<div class=\"elementor-widget-container\">\n\t\t\t\t\t\t\t<div class=\"elementor-button-wrapper\">\n\t\t\t\t\t<a class=\"elementor-button elementor-button-link elementor-size-xs\" href=\"https:\/\/sites.usp.br\/nosseduclima\/\">\n\t\t\t\t\t\t<span class=\"elementor-button-content-wrapper\">\n\t\t\t\t\t\t\t\t\t<span class=\"elementor-button-text\">in\u00edcio\/ home<\/span>\n\t\t\t\t\t<\/span>\n\t\t\t\t\t<\/a>\n\t\t\t\t<\/div>\n\t\t\t\t\t\t<\/div>\n\t\t\t\t<\/div>\n\t\t\t\t<\/div>\n\t\t<div class=\"elementor-element elementor-element-6037f30f e-con-full e-flex e-con e-child\" data-id=\"6037f30f\" data-element_type=\"container\">\n\t\t\t\t<div class=\"elementor-element elementor-element-622eb1a5 elementor-align-center elementor-widget elementor-widget-button\" data-id=\"622eb1a5\" data-element_type=\"widget\" data-widget_type=\"button.default\">\n\t\t\t\t<div class=\"elementor-widget-container\">\n\t\t\t\t\t\t\t<div class=\"elementor-button-wrapper\">\n\t\t\t\t\t<a class=\"elementor-button elementor-button-link elementor-size-xs\" href=\"https:\/\/sites.usp.br\/nosseduclima\/noss-edu-clima\/\">\n\t\t\t\t\t\t<span class=\"elementor-button-content-wrapper\">\n\t\t\t\t\t\t\t\t\t<span class=\"elementor-button-text\">NOSS EDU CLIMA<\/span>\n\t\t\t\t\t<\/span>\n\t\t\t\t\t<\/a>\n\t\t\t\t<\/div>\n\t\t\t\t\t\t<\/div>\n\t\t\t\t<\/div>\n\t\t\t\t<\/div>\n\t\t<div class=\"elementor-element elementor-element-7c2c98cc e-con-full e-flex e-con e-child\" data-id=\"7c2c98cc\" data-element_type=\"container\">\n\t\t\t\t<div class=\"elementor-element elementor-element-28d317ce elementor-align-center elementor-widget elementor-widget-button\" data-id=\"28d317ce\" data-element_type=\"widget\" data-widget_type=\"button.default\">\n\t\t\t\t<div class=\"elementor-widget-container\">\n\t\t\t\t\t\t\t<div class=\"elementor-button-wrapper\">\n\t\t\t\t\t<a class=\"elementor-button elementor-button-link elementor-size-xs\" href=\"https:\/\/sites.usp.br\/nosseduclima\/saibamais\/\">\n\t\t\t\t\t\t<span class=\"elementor-button-content-wrapper\">\n\t\t\t\t\t\t\t\t\t<span class=\"elementor-button-text\">saiba mais\/ about<\/span>\n\t\t\t\t\t<\/span>\n\t\t\t\t\t<\/a>\n\t\t\t\t<\/div>\n\t\t\t\t\t\t<\/div>\n\t\t\t\t<\/div>\n\t\t\t\t<\/div>\n\t\t<div class=\"elementor-element elementor-element-3ee4f754 e-con-full e-flex e-con e-child\" data-id=\"3ee4f754\" data-element_type=\"container\">\n\t\t\t\t<div class=\"elementor-element elementor-element-7c1a19d4 elementor-align-center elementor-widget elementor-widget-button\" data-id=\"7c1a19d4\" data-element_type=\"widget\" data-widget_type=\"button.default\">\n\t\t\t\t<div class=\"elementor-widget-container\">\n\t\t\t\t\t\t\t<div class=\"elementor-button-wrapper\">\n\t\t\t\t\t<a class=\"elementor-button elementor-button-link elementor-size-xs\" href=\"https:\/\/sites.usp.br\/nosseduclima\/equipe\/\">\n\t\t\t\t\t\t<span class=\"elementor-button-content-wrapper\">\n\t\t\t\t\t\t\t\t\t<span class=\"elementor-button-text\">equipe\/ researchers<\/span>\n\t\t\t\t\t<\/span>\n\t\t\t\t\t<\/a>\n\t\t\t\t<\/div>\n\t\t\t\t\t\t<\/div>\n\t\t\t\t<\/div>\n\t\t\t\t<\/div>\n\t\t<div class=\"elementor-element elementor-element-7600cb74 e-con-full e-flex e-con e-child\" data-id=\"7600cb74\" data-element_type=\"container\">\n\t\t\t\t<div class=\"elementor-element elementor-element-3ba4d1f2 elementor-align-center elementor-widget elementor-widget-button\" data-id=\"3ba4d1f2\" data-element_type=\"widget\" data-widget_type=\"button.default\">\n\t\t\t\t<div class=\"elementor-widget-container\">\n\t\t\t\t\t\t\t<div class=\"elementor-button-wrapper\">\n\t\t\t\t\t<a class=\"elementor-button elementor-button-link elementor-size-xs\" href=\"https:\/\/sites.usp.br\/nosseduclima\/o-detetive-climatico\/\">\n\t\t\t\t\t\t<span class=\"elementor-button-content-wrapper\">\n\t\t\t\t\t\t\t\t\t<span class=\"elementor-button-text\">Detetive Clim\u00e1tico\/ Results<\/span>\n\t\t\t\t\t<\/span>\n\t\t\t\t\t<\/a>\n\t\t\t\t<\/div>\n\t\t\t\t\t\t<\/div>\n\t\t\t\t<\/div>\n\t\t\t\t<\/div>\n\t\t\t\t\t<\/div>\n\t\t\t\t<\/div>\n\t\t<div class=\"elementor-element elementor-element-dc0a14a e-flex e-con-boxed e-con e-parent\" data-id=\"dc0a14a\" data-element_type=\"container\">\n\t\t\t\t\t<div class=\"e-con-inner\">\n\t\t\t\t<div class=\"elementor-element elementor-element-6bd44bb elementor-widget-divider--view-line elementor-widget elementor-widget-divider\" data-id=\"6bd44bb\" data-element_type=\"widget\" data-widget_type=\"divider.default\">\n\t\t\t\t<div class=\"elementor-widget-container\">\n\t\t\t\t\t<div class=\"elementor-divider\">\n\t\t\t<span class=\"elementor-divider-separator\">\n\t\t\t\t\t\t<\/span>\n\t\t<\/div>\n\t\t\t\t<\/div>\n\t\t\t\t<\/div>\n\t\t\t\t<div class=\"elementor-element elementor-element-69ce07f elementor-widget elementor-widget-heading\" data-id=\"69ce07f\" data-element_type=\"widget\" data-widget_type=\"heading.default\">\n\t\t\t\t<div class=\"elementor-widget-container\">\n\t\t\t<h2 class=\"elementor-heading-title elementor-size-xl\">Pesquisadores NOSS EDU CLIMA<\/h2>\t\t<\/div>\n\t\t\t\t<\/div>\n\t\t\t\t<div class=\"elementor-element elementor-element-197c7cf elementor-widget elementor-widget-heading\" data-id=\"197c7cf\" data-element_type=\"widget\" data-widget_type=\"heading.default\">\n\t\t\t\t<div class=\"elementor-widget-container\">\n\t\t\t<h2 class=\"elementor-heading-title elementor-size-xl\">Researchers<\/h2>\t\t<\/div>\n\t\t\t\t<\/div>\n\t\t\t\t\t<\/div>\n\t\t\t\t<\/div>\n\t\t<div class=\"elementor-element elementor-element-3982f50 e-flex e-con-boxed e-con e-parent\" data-id=\"3982f50\" data-element_type=\"container\">\n\t\t\t\t\t<div class=\"e-con-inner\">\n\t\t\t\t<div class=\"elementor-element elementor-element-1e4cdd6 elementor-widget elementor-widget-image\" data-id=\"1e4cdd6\" data-element_type=\"widget\" data-widget_type=\"image.default\">\n\t\t\t\t<div class=\"elementor-widget-container\">\n\t\t\t\t\t\t\t\t\t\t\t\t\t<img decoding=\"async\" width=\"1020\" height=\"672\" src=\"https:\/\/sites.usp.br\/nosseduclima\/wp-content\/uploads\/sites\/1100\/2024\/06\/pesquisadores_2024.jpg\" class=\"attachment-full size-full wp-image-636\" alt=\"\" srcset=\"https:\/\/sites.usp.br\/nosseduclima\/wp-content\/uploads\/sites\/1100\/2024\/06\/pesquisadores_2024.jpg 1020w, https:\/\/sites.usp.br\/nosseduclima\/wp-content\/uploads\/sites\/1100\/2024\/06\/pesquisadores_2024-300x198.jpg 300w, https:\/\/sites.usp.br\/nosseduclima\/wp-content\/uploads\/sites\/1100\/2024\/06\/pesquisadores_2024-768x506.jpg 768w\" sizes=\"100vw\" \/>\t\t\t\t\t\t\t\t\t\t\t\t\t<\/div>\n\t\t\t\t<\/div>\n\t\t\t\t\t<\/div>\n\t\t\t\t<\/div>\n\t\t<div class=\"elementor-element elementor-element-bbeff80 e-flex e-con-boxed e-con e-parent\" data-id=\"bbeff80\" data-element_type=\"container\">\n\t\t\t\t\t<div class=\"e-con-inner\">\n\t\t\t\t<div class=\"elementor-element elementor-element-98d9e35 elementor-widget elementor-widget-image\" data-id=\"98d9e35\" data-element_type=\"widget\" data-widget_type=\"image.default\">\n\t\t\t\t<div class=\"elementor-widget-container\">\n\t\t\t\t\t\t\t\t\t\t\t\t\t<img loading=\"lazy\" decoding=\"async\" width=\"1330\" height=\"728\" src=\"https:\/\/sites.usp.br\/nosseduclima\/wp-content\/uploads\/sites\/1100\/2023\/10\/pesquisadoras-noss-2.png\" class=\"attachment-full size-full wp-image-329\" alt=\"\" srcset=\"https:\/\/sites.usp.br\/nosseduclima\/wp-content\/uploads\/sites\/1100\/2023\/10\/pesquisadoras-noss-2.png 1330w, https:\/\/sites.usp.br\/nosseduclima\/wp-content\/uploads\/sites\/1100\/2023\/10\/pesquisadoras-noss-2-300x164.png 300w, https:\/\/sites.usp.br\/nosseduclima\/wp-content\/uploads\/sites\/1100\/2023\/10\/pesquisadoras-noss-2-1024x561.png 1024w, https:\/\/sites.usp.br\/nosseduclima\/wp-content\/uploads\/sites\/1100\/2023\/10\/pesquisadoras-noss-2-768x420.png 768w\" sizes=\"100vw\" \/>\t\t\t\t\t\t\t\t\t\t\t\t\t<\/div>\n\t\t\t\t<\/div>\n\t\t\t\t<div class=\"elementor-element elementor-element-58d3030 elementor-widget-divider--view-line elementor-widget elementor-widget-divider\" data-id=\"58d3030\" data-element_type=\"widget\" data-widget_type=\"divider.default\">\n\t\t\t\t<div class=\"elementor-widget-container\">\n\t\t\t\t\t<div class=\"elementor-divider\">\n\t\t\t<span class=\"elementor-divider-separator\">\n\t\t\t\t\t\t<\/span>\n\t\t<\/div>\n\t\t\t\t<\/div>\n\t\t\t\t<\/div>\n\t\t\t\t\t<\/div>\n\t\t\t\t<\/div>\n\t\t<div class=\"elementor-element elementor-element-6357099c e-flex e-con-boxed e-con e-parent\" data-id=\"6357099c\" data-element_type=\"container\">\n\t\t\t\t\t<div class=\"e-con-inner\">\n\t\t<div class=\"elementor-element elementor-element-1f9b79a5 e-con-full e-flex e-con e-child\" data-id=\"1f9b79a5\" data-element_type=\"container\">\n\t\t\t\t<div class=\"elementor-element elementor-element-544952ac elementor-widget elementor-widget-image\" data-id=\"544952ac\" data-element_type=\"widget\" data-widget_type=\"image.default\">\n\t\t\t\t<div class=\"elementor-widget-container\">\n\t\t\t\t\t\t\t\t\t\t\t\t\t<img loading=\"lazy\" decoding=\"async\" width=\"225\" height=\"87\" src=\"https:\/\/sites.usp.br\/nosseduclima\/wp-content\/uploads\/sites\/1100\/2023\/09\/nosslogover-1-e1724818206525.png\" class=\"attachment-large size-large wp-image-255\" alt=\"\" sizes=\"100vw\" \/>\t\t\t\t\t\t\t\t\t\t\t\t\t<\/div>\n\t\t\t\t<\/div>\n\t\t\t\t<\/div>\n\t\t<div class=\"elementor-element elementor-element-7505de7b e-con-full e-flex e-con e-child\" data-id=\"7505de7b\" data-element_type=\"container\">\n\t\t\t\t<div class=\"elementor-element elementor-element-40a79c4c elementor-widget elementor-widget-image\" data-id=\"40a79c4c\" data-element_type=\"widget\" data-widget_type=\"image.default\">\n\t\t\t\t<div class=\"elementor-widget-container\">\n\t\t\t\t\t\t\t\t\t\t\t\t\t<img loading=\"lazy\" decoding=\"async\" width=\"525\" height=\"194\" src=\"https:\/\/sites.usp.br\/nosseduclima\/wp-content\/uploads\/sites\/1100\/2023\/09\/logo-each-com-nome-corte-1-e1724818307956-1024x378.jpg\" class=\"attachment-large size-large wp-image-257\" alt=\"\" srcset=\"https:\/\/sites.usp.br\/nosseduclima\/wp-content\/uploads\/sites\/1100\/2023\/09\/logo-each-com-nome-corte-1-e1724818307956-1024x378.jpg 1024w, https:\/\/sites.usp.br\/nosseduclima\/wp-content\/uploads\/sites\/1100\/2023\/09\/logo-each-com-nome-corte-1-e1724818307956-300x111.jpg 300w, https:\/\/sites.usp.br\/nosseduclima\/wp-content\/uploads\/sites\/1100\/2023\/09\/logo-each-com-nome-corte-1-e1724818307956-768x283.jpg 768w, https:\/\/sites.usp.br\/nosseduclima\/wp-content\/uploads\/sites\/1100\/2023\/09\/logo-each-com-nome-corte-1-e1724818307956.jpg 1277w\" sizes=\"100vw\" \/>\t\t\t\t\t\t\t\t\t\t\t\t\t<\/div>\n\t\t\t\t<\/div>\n\t\t\t\t<\/div>\n\t\t<div class=\"elementor-element elementor-element-2398eeb4 e-con-full e-flex e-con e-child\" data-id=\"2398eeb4\" data-element_type=\"container\">\n\t\t\t\t<div class=\"elementor-element elementor-element-969a306 elementor-widget__width-initial elementor-widget elementor-widget-image\" data-id=\"969a306\" data-element_type=\"widget\" data-widget_type=\"image.default\">\n\t\t\t\t<div class=\"elementor-widget-container\">\n\t\t\t\t\t\t\t\t\t\t\t\t\t\t<a href=\"https:\/\/www.climate-uni.com\/about\">\n\t\t\t\t\t\t\t<img loading=\"lazy\" decoding=\"async\" width=\"300\" height=\"111\" src=\"https:\/\/sites.usp.br\/nosseduclima\/wp-content\/uploads\/sites\/1100\/2023\/01\/logo_climate-u-300x111.png\" class=\"attachment-medium size-medium wp-image-31\" alt=\"\" srcset=\"https:\/\/sites.usp.br\/nosseduclima\/wp-content\/uploads\/sites\/1100\/2023\/01\/logo_climate-u-300x111.png 300w, https:\/\/sites.usp.br\/nosseduclima\/wp-content\/uploads\/sites\/1100\/2023\/01\/logo_climate-u.png 412w\" sizes=\"100vw\" \/>\t\t\t\t\t\t\t\t<\/a>\n\t\t\t\t\t\t\t\t\t\t\t\t\t<\/div>\n\t\t\t\t<\/div>\n\t\t\t\t<\/div>\n\t\t<div class=\"elementor-element elementor-element-53c42aa8 e-con-full e-flex e-con e-child\" data-id=\"53c42aa8\" data-element_type=\"container\">\n\t\t\t\t<div class=\"elementor-element elementor-element-794685e5 elementor-widget elementor-widget-image\" data-id=\"794685e5\" data-element_type=\"widget\" data-widget_type=\"image.default\">\n\t\t\t\t<div class=\"elementor-widget-container\">\n\t\t\t\t\t\t\t\t\t\t\t\t\t<img loading=\"lazy\" decoding=\"async\" width=\"130\" height=\"130\" src=\"https:\/\/sites.usp.br\/nosseduclima\/wp-content\/uploads\/sites\/1100\/2023\/09\/logo-incline.png\" class=\"attachment-thumbnail size-thumbnail wp-image-232\" alt=\"\" srcset=\"https:\/\/sites.usp.br\/nosseduclima\/wp-content\/uploads\/sites\/1100\/2023\/09\/logo-incline.png 130w, https:\/\/sites.usp.br\/nosseduclima\/wp-content\/uploads\/sites\/1100\/2023\/09\/logo-incline-100x100.png 100w, https:\/\/sites.usp.br\/nosseduclima\/wp-content\/uploads\/sites\/1100\/2023\/09\/logo-incline-45x45.png 45w\" sizes=\"100vw\" \/>\t\t\t\t\t\t\t\t\t\t\t\t\t<\/div>\n\t\t\t\t<\/div>\n\t\t\t\t<\/div>\n\t\t<div class=\"elementor-element elementor-element-2a47d839 e-con-full e-flex e-con e-child\" data-id=\"2a47d839\" data-element_type=\"container\">\n\t\t\t\t<div class=\"elementor-element elementor-element-7b8fe1df elementor-widget elementor-widget-image\" data-id=\"7b8fe1df\" data-element_type=\"widget\" data-widget_type=\"image.default\">\n\t\t\t\t<div class=\"elementor-widget-container\">\n\t\t\t\t\t\t\t\t\t\t\t\t\t<img loading=\"lazy\" decoding=\"async\" width=\"300\" height=\"218\" src=\"https:\/\/sites.usp.br\/nosseduclima\/wp-content\/uploads\/sites\/1100\/2024\/08\/Novo-Logo_PRCEU_Vertical_2-nv_pb-png-300x218.png\" class=\"attachment-medium size-medium wp-image-726\" alt=\"\" srcset=\"https:\/\/sites.usp.br\/nosseduclima\/wp-content\/uploads\/sites\/1100\/2024\/08\/Novo-Logo_PRCEU_Vertical_2-nv_pb-png-300x218.png 300w, https:\/\/sites.usp.br\/nosseduclima\/wp-content\/uploads\/sites\/1100\/2024\/08\/Novo-Logo_PRCEU_Vertical_2-nv_pb-png-1024x746.png 1024w, https:\/\/sites.usp.br\/nosseduclima\/wp-content\/uploads\/sites\/1100\/2024\/08\/Novo-Logo_PRCEU_Vertical_2-nv_pb-png-768x559.png 768w, https:\/\/sites.usp.br\/nosseduclima\/wp-content\/uploads\/sites\/1100\/2024\/08\/Novo-Logo_PRCEU_Vertical_2-nv_pb-png-1536x1118.png 1536w, https:\/\/sites.usp.br\/nosseduclima\/wp-content\/uploads\/sites\/1100\/2024\/08\/Novo-Logo_PRCEU_Vertical_2-nv_pb-png.png 1541w\" sizes=\"100vw\" \/>\t\t\t\t\t\t\t\t\t\t\t\t\t<\/div>\n\t\t\t\t<\/div>\n\t\t\t\t<\/div>\n\t\t\t\t\t<\/div>\n\t\t\t\t<\/div>\n\t\t<div class=\"elementor-element elementor-element-428cee8d e-flex e-con-boxed e-con e-parent\" data-id=\"428cee8d\" data-element_type=\"container\">\n\t\t\t\t\t<div class=\"e-con-inner\">\n\t\t\t\t<div class=\"elementor-element elementor-element-10c568b0 elementor-widget elementor-widget-text-editor\" data-id=\"10c568b0\" data-element_type=\"widget\" data-widget_type=\"text-editor.default\">\n\t\t\t\t<div class=\"elementor-widget-container\">\n\t\t\t\t\t\t\t<p><img decoding=\"async\" class=\"aligncenter\" style=\"color: var( --e-global-color-text ); text-align: var(--text-align);\" src=\"data:image\/png;base64,iVBORw0KGgoAAAANSUhEUgAAALQAAAAeCAYAAACFSjS6AAAAAXNSR0IArs4c6QAAAARnQU1BAACxjwv8YQUAAAAJcEhZcwAADsMAAA7DAcdvqGQAAArjSURBVHhe7ZsLcFTVGcf\/m80+8thkCdm4miAhgYqhMuExbZxoGEfQdtSOTNMoE0dFOqRoQNFaYMDoKFiIsUZFAj6IdYDRkU5FghEYp8SBilaHjG1Cm+ZFsmk22d3sM\/venH733sMmPPIAgzLr\/c3scL773XPPd77vO+d+505QMAIyMjFCHP9XRiYmkBNaJqaQE1omppATWiamkBNaJqaQE1omppATWiamkBNaJqaIqYS21i5G1wkXly4TdwO6HtoJKxdhOYqux6vR7+byFcLTfhSmyjJ0lj+Mzsel35nKvbBY+A0\/CAFY967GmY\/aRMlz4gV01DaL7auV2Nqhh0xg7iAXLhO\/G8zP2wKJOdDcVgBNIpcnm4gL\/TVlsDXooFu7C9nb30X2q9Lv2pXzEHlvNbo+NyHMb\/9+0UA9ZxE0s7NEKeLuJx9\/R\/9eYeSSYzyScnHNvQVIVXJ5khl4fw18M55B5nIaQ8UvctT6PBifqoK2cRv6u\/nF75mU\/GIYZ2u4dPWjfI7g7VHxnNyG3i+TMdT1Z\/RvXQ\/7x1\/Co86DamYazsbA1bgXfVUbMPBOLZynvQjOXIikFK4cbIN557Ow7ngS9kNfw+XIRtxPjdDQcvK218FcWYGBt6rhaGjH4HULkWjUiCst7G6G+dVNsNY8DcdhMwanDeuEnc32cSUsVRuj9ijd+xBOeQT6mYkY+EsZrK5FSM06G4xm9JTvhv\/WW5AkXgpg4NOX0f\/Sc7B\/8AFcrUBo9lwksRY4P3FB\/RsaS7jN3wjTM8cRXpyHBCpE+ipfxqAOsL\/0GAbe2weXKQuK+fFwvvE0LK9vg+PvFgTn3oLkZKEz+aWpDpadL8L21nqaw3\/gSaUxpqdIc3AcheXjG6BfKY3l\/fd+9G6tJB99BNeQEb5DDQjcPA+GLC8GDgeRPN8o9gv2NKC3ej1sO3aSryMITXNhYMsJRO6YO+k2Oj7dBIt1oejHQGs9fO75mEJ2XIywrRH\/qyK7xOdQvHTTEZ9NOULx73v3T7C+9ijN7Z9wD+VCOcsAtegEIS51COQ0w7qR8mP\/J3CF8hB\/vQWWbav5HJWILJyLRLU4zNgIf5w0Ho76ctZe+hDrOm5hAZID9i9Y14qlzNQi6b3\/qmEdq15hff2S7G77kHU++Dwz2wXJz\/q3F7LOA91iXxb2M8fXx5jVQ20fPae0nPWYBAVjoaCF9R9vYoOCEG5iplXlzNTmZCFR7ma9FQ9Fx7QfWMnaKz5kNpckO4+\/wjpKb2Cd9RZRtrw93JY4xbpLylkvt9Fx+Cmxv1W0kTFXyxFmbvEz1n+QdZbUsGjPc2QL691YyNo3H2T2MIlkUw\/JHY89z3q7\/KKd9gPkqxePMbd4v5\/ZGo7QGJIu5BL8tjI6X3fD8+xMg1Nsh3ppnFU1rJ\/PR9C1r\/mQDYhSE+uuOMgcQtMj+Oy+aCxCrlbWs\/l21n6FbBzpRzEP3j4lti\/ARzaukuzy0rhiLOu\/IJvJnorbWef+VuYW7bGwvu33sY49TVJcxbiQfbtPiXppfNKvJ18IsQk7Wf+Opayd7p8I4hqZEHOWY0phOoRFotYXQLugGeEO4egUgPuzasTd\/wgyDOKdSM4pRlLRYfhPSvohlxUKPd+VlBqkLliEqUnUDgXAQhmI5zt5vCodhsI8cbfy\/eMggrNLkZaTgnhBqcxC+tJ8BI8LhxITvJ9ZoH6gGGm0EwmkFD4AbbbUHh8TBg+1Q72sGFP10hXdrCW4ZtZEXq0ZUJfcDb1QgpBNSbSDsjn3IH2aRrRT\/7M7Edd0GlIZrkFa0RIaQ9LF6wqQcHMDhmyiEv62JiivlSbv+mw34h5cDgOfT\/KN8xCXmwWtKJHvpooNeL45ivCcVdFYxOtycV1JqaSMMnk2ThRf40GEMldAT3Yl0LhiLH9BZVT3Mfh7SqH7dS6SRXvSkVHyABT1n8MRkfoCdyKhOF\/UC+NrFzRCccvdMAixUaZgys1FQEsPJnLcn3hCZ6SCv6FEFII3h4SWG0N0VoijhB2JKnMehnpM1ErB1OXvIu7YSnT\/Vji518Lc5JIOOToqCdYa4Pv9Xegop8PPe3WwcUcGHdT3253o4yd+4WeqpYmKEbZiyJwJJU9GiXTEz+DNceH9eZJcGueNS0GIm5ElLToBIWghqSkglGJdG1bjzDppDp7PuUJgSBudT7AlE6rc4QUV7mkFy8yiEoLwmxChGkJ4dMRLzj4vFtAbzgvkJNo4QcR4GQ3g63EYuxWMrgtDRjFkQRlqQniAyyD9iI5CbimnSQdRgfg4clKENj8uj8XEE3pU1FDQbsu8AS5LRGw9tCuni+14YwGyKt7HjF27kF6ag9AbD6Pvv6IKqQW\/w\/RdhzDtlS1IyW2Fe10thHkqEzOABU8gi5\/4o79leaSlMXW0kEZ+jaD1G6FYjwrtBsMOuVj\/K4DtKOxVJmg3vY7p2yT7kwq4jlAZdeQnoUWLMfs0Qh3chxETrH\/dT36V9mdvYwMY7bJCEqv1FGizhbaRYcI2i7S3XA7j2DhRxHgN+uHjcpQEWqRu\/7n2uZ0kZyHuguz\/7kxCQqcgsbAU4bqD0VdI2N2AwXoq+guEVRaAo9MKn6CjciMpswCa3H4w4evPoAl2c0DcreNVKdDn02vWTyUKyclzi6A8uQfWHhI4YbcJth4h6HRAu82PQN1JePiYwfYj8DdJbQFV5hIMtbTCy2Xn0T0jPn1d2F94tl1IrjRyNE4hOBlfFYbOXeRhcx28J7hApP5kPiLfUulGbf0v14G9WYauN6vRtW4nsHQ9UFcN05t0KPvbfKTeKr0BE\/Lvgaqnhg5XzXCT7V7hgLj9HVF3WYxj40iSjLnA6VbYuc+Eg\/nAN21wkSzG66u9sI+Il6uTSsOcn0Md2kelEn8rEwP1+xApWgSdtF4nlehbaCwUcaPUlnw56Ir+gKB5I+xl++GgXYUNaqAqfwkZmZI+8tVWmDebpB3HT9vinC2YMpsUfhe8NWVwmA3Sq9evgXLlMxDflvpFSH\/WDdsfF6ODVrMCFjB1ERLWPiFokXbvFvhfWwNLmQFWekMospdDc1s6gvwonHrrCrjrytFXNhMKFZn6q2KoVMeiNqfdX0VvihdgeaQaVhqQReYhYR09e2o+UlYYMLDhLnTeuAr6NTqx\/yVx9n7DEuhKTsL56P3o1NMEjaXQFlLScDVm3QPtnq2wmqtgNC7B9buKMEgrUKXTiPUxXl0CD7lLmyTVtyLaPBhfqEDfOzWwHXFDkVsM3ZPr4d4glHeXwARtjKPxzvos\/qZiJEx5GI6yOrhLNuP6mQ1wVZ6CdkcVUqZSvDaZYHmW4qWlePktUBRtQdqD+bim4nH0Vi5Ddy3FOURxpFilrqFaXXrsxKDNUMGbY8IPh5PGoEc6LV8Mr8cpnoAvIOxnnjH6hYJO5gly4TwE3eDFnskJ+EYZ8yzC2D7eHgldH+u5l8RoYxCh3iPszNrhL0TnQCd824HdzGzl8iiE2vawjugXkctkDBvPJ+DzS1+sRmE0n48Xq8lA\/j+FVwFhdxustZXw23KolqZaVCBEB8FvnVAuewIZhVnSji3SDFNZDZUktFveNA9K75fwvL0Nkdvfx\/Q7pDPLjxk5oa8m6CTviR6uqew4W3qcRzhkhfPEMfg6hKOhDurFdyBtGv+8+SNHTmiZmGISvnLIyFw9yAktE1PICS0TU8gJLRNTyAktE1PICS0TU8gJLRNDAP8Hn\/\/I5Ip2BHgAAAAASUVORK5CYII=\" alt=\"\" \/><\/p>\t\t\t\t\t\t<\/div>\n\t\t\t\t<\/div>\n\t\t\t\t\t<\/div>\n\t\t\t\t<\/div>\n\t\t\t\t<\/div>\n\t\t","protected":false},"excerpt":{"rendered":"<p>NOSS EDU CLIMA EDUCA\u00c7\u00c3O PARA JUSTI\u00c7A CLIM\u00c1TICA Climate Justice Education * Nossos materiais s\u00e3o de acesso aberto, sendo permitida a reprodu\u00e7\u00e3o parcial ou total, desde que citada a fonte e autoria e respeitando a Licen\u00e7a Creative Commons. *Our materials are open access and may be partially or fully reproduced, provided the source and authorship are &hellip; <\/p>\n<p class=\"link-more\"><a href=\"https:\/\/sites.usp.br\/nosseduclima\/equipe\/\" class=\"more-link\">Continue lendo<span class=\"screen-reader-text\"> &#8220;Equipe&#8221;<\/span><\/a><\/p>\n","protected":false},"author":23429,"featured_media":0,"parent":0,"menu_order":0,"comment_status":"closed","ping_status":"closed","template":"elementor_canvas","meta":{"footnotes":"","_links_to":"","_links_to_target":""},"class_list":["post-102","page","type-page","status-publish","hentry"],"jetpack_sharing_enabled":true,"_links":{"self":[{"href":"https:\/\/sites.usp.br\/nosseduclima\/wp-json\/wp\/v2\/pages\/102","targetHints":{"allow":["GET"]}}],"collection":[{"href":"https:\/\/sites.usp.br\/nosseduclima\/wp-json\/wp\/v2\/pages"}],"about":[{"href":"https:\/\/sites.usp.br\/nosseduclima\/wp-json\/wp\/v2\/types\/page"}],"author":[{"embeddable":true,"href":"https:\/\/sites.usp.br\/nosseduclima\/wp-json\/wp\/v2\/users\/23429"}],"replies":[{"embeddable":true,"href":"https:\/\/sites.usp.br\/nosseduclima\/wp-json\/wp\/v2\/comments?post=102"}],"version-history":[{"count":4,"href":"https:\/\/sites.usp.br\/nosseduclima\/wp-json\/wp\/v2\/pages\/102\/revisions"}],"predecessor-version":[{"id":923,"href":"https:\/\/sites.usp.br\/nosseduclima\/wp-json\/wp\/v2\/pages\/102\/revisions\/923"}],"wp:attachment":[{"href":"https:\/\/sites.usp.br\/nosseduclima\/wp-json\/wp\/v2\/media?parent=102"}],"curies":[{"name":"wp","href":"https:\/\/api.w.org\/{rel}","templated":true}]}}