{"id":423,"date":"2023-10-01T19:45:27","date_gmt":"2023-10-01T22:45:27","guid":{"rendered":"https:\/\/sites.usp.br\/nosseduclima\/?page_id=423"},"modified":"2024-12-30T12:28:25","modified_gmt":"2024-12-30T15:28:25","slug":"bem-vindo","status":"publish","type":"page","link":"https:\/\/sites.usp.br\/nosseduclima\/","title":{"rendered":"Bem Vindo"},"content":{"rendered":"\t\t<div data-elementor-type=\"wp-page\" data-elementor-id=\"423\" class=\"elementor elementor-423\" data-elementor-post-type=\"page\">\n\t\t\t\t<div class=\"elementor-element elementor-element-45f0df00 e-con-full e-flex e-con e-parent\" data-id=\"45f0df00\" data-element_type=\"container\" data-settings=\"{&quot;background_background&quot;:&quot;slideshow&quot;,&quot;background_slideshow_gallery&quot;:[],&quot;background_slideshow_slide_duration&quot;:5000,&quot;background_slideshow_slide_transition&quot;:&quot;fade&quot;,&quot;background_slideshow_transition_duration&quot;:500}\">\n\t\t<div class=\"elementor-element elementor-element-1e5685b6 e-con-full e-flex e-con e-child\" data-id=\"1e5685b6\" data-element_type=\"container\">\n\t\t\t\t<div class=\"elementor-element elementor-element-4b1c22aa elementor-widget elementor-widget-heading\" data-id=\"4b1c22aa\" data-element_type=\"widget\" data-widget_type=\"heading.default\">\n\t\t\t\t<div class=\"elementor-widget-container\">\n\t\t\t<h2 class=\"elementor-heading-title elementor-size-default\">NOSS EDU CLIMA<\/h2>\t\t<\/div>\n\t\t\t\t<\/div>\n\t\t\t\t<div class=\"elementor-element elementor-element-17d43e59 elementor-widget elementor-widget-heading\" data-id=\"17d43e59\" data-element_type=\"widget\" data-widget_type=\"heading.default\">\n\t\t\t\t<div class=\"elementor-widget-container\">\n\t\t\t<h2 class=\"elementor-heading-title elementor-size-medium\">EDUCA\u00c7\u00c3O PARA JUSTI\u00c7A CLIM\u00c1TICA NO VALE DO RIBEIRA: um projeto de pesquisa, ensino e extens\u00e3o<\/h2>\t\t<\/div>\n\t\t\t\t<\/div>\n\t\t\t\t<div class=\"elementor-element elementor-element-362f447f elementor-widget elementor-widget-heading\" data-id=\"362f447f\" data-element_type=\"widget\" data-widget_type=\"heading.default\">\n\t\t\t\t<div class=\"elementor-widget-container\">\n\t\t\t<h2 class=\"elementor-heading-title elementor-size-small\"><span style=\"font-family: var( --e-global-typography-primary-font-family ), Sans-serif;font-weight: var( --e-global-typography-primary-font-weight );text-align: var(--text-align)\">Estamos sempre atualizando o nosso site acompanhe para novas informa\u00e7\u00f5es<\/span><\/h2>\t\t<\/div>\n\t\t\t\t<\/div>\n\t\t\t\t<div class=\"elementor-element elementor-element-7707db17 elementor-widget-divider--view-line elementor-widget elementor-widget-divider\" data-id=\"7707db17\" data-element_type=\"widget\" data-widget_type=\"divider.default\">\n\t\t\t\t<div class=\"elementor-widget-container\">\n\t\t\t\t\t<div class=\"elementor-divider\">\n\t\t\t<span class=\"elementor-divider-separator\">\n\t\t\t\t\t\t<\/span>\n\t\t<\/div>\n\t\t\t\t<\/div>\n\t\t\t\t<\/div>\n\t\t\t\t<\/div>\n\t\t\t\t<div class=\"elementor-element elementor-element-32519777 elementor-widget elementor-widget-spacer\" data-id=\"32519777\" data-element_type=\"widget\" data-widget_type=\"spacer.default\">\n\t\t\t\t<div class=\"elementor-widget-container\">\n\t\t\t\t\t<div class=\"elementor-spacer\">\n\t\t\t<div class=\"elementor-spacer-inner\"><\/div>\n\t\t<\/div>\n\t\t\t\t<\/div>\n\t\t\t\t<\/div>\n\t\t\t\t<div class=\"elementor-element elementor-element-c8d9d8e elementor-widget__width-initial elementor-widget elementor-widget-image\" data-id=\"c8d9d8e\" data-element_type=\"widget\" data-widget_type=\"image.default\">\n\t\t\t\t<div class=\"elementor-widget-container\">\n\t\t\t\t\t\t\t\t\t\t\t\t\t<img fetchpriority=\"high\" decoding=\"async\" width=\"525\" height=\"360\" src=\"https:\/\/sites.usp.br\/nosseduclima\/wp-content\/uploads\/sites\/1100\/2024\/06\/noss-em-cima-1024x702.png\" class=\"attachment-large size-large wp-image-584\" alt=\"\" srcset=\"https:\/\/sites.usp.br\/nosseduclima\/wp-content\/uploads\/sites\/1100\/2024\/06\/noss-em-cima-1024x702.png 1024w, https:\/\/sites.usp.br\/nosseduclima\/wp-content\/uploads\/sites\/1100\/2024\/06\/noss-em-cima-300x206.png 300w, https:\/\/sites.usp.br\/nosseduclima\/wp-content\/uploads\/sites\/1100\/2024\/06\/noss-em-cima-768x527.png 768w, https:\/\/sites.usp.br\/nosseduclima\/wp-content\/uploads\/sites\/1100\/2024\/06\/noss-em-cima-1536x1054.png 1536w, https:\/\/sites.usp.br\/nosseduclima\/wp-content\/uploads\/sites\/1100\/2024\/06\/noss-em-cima-2048x1405.png 2048w\" sizes=\"100vw\" \/>\t\t\t\t\t\t\t\t\t\t\t\t\t<\/div>\n\t\t\t\t<\/div>\n\t\t\t\t<\/div>\n\t\t<div class=\"elementor-element elementor-element-4766543e e-flex e-con-boxed e-con e-parent\" data-id=\"4766543e\" data-element_type=\"container\">\n\t\t\t\t\t<div class=\"e-con-inner\">\n\t\t<div class=\"elementor-element elementor-element-7eb507dd e-con-full e-flex e-con e-child\" data-id=\"7eb507dd\" data-element_type=\"container\">\n\t\t\t\t<div class=\"elementor-element elementor-element-159154e2 elementor-widget elementor-widget-image\" data-id=\"159154e2\" data-element_type=\"widget\" data-widget_type=\"image.default\">\n\t\t\t\t<div class=\"elementor-widget-container\">\n\t\t\t\t\t\t\t\t\t\t\t\t\t<img decoding=\"async\" width=\"225\" height=\"87\" src=\"https:\/\/sites.usp.br\/nosseduclima\/wp-content\/uploads\/sites\/1100\/2023\/09\/nosslogover-1-e1724818206525.png\" class=\"attachment-large size-large wp-image-255\" alt=\"\" sizes=\"100vw\" \/>\t\t\t\t\t\t\t\t\t\t\t\t\t<\/div>\n\t\t\t\t<\/div>\n\t\t\t\t<\/div>\n\t\t<div class=\"elementor-element elementor-element-1f85e00e e-con-full e-flex e-con e-child\" data-id=\"1f85e00e\" data-element_type=\"container\">\n\t\t\t\t<div class=\"elementor-element elementor-element-3e7f592b elementor-widget elementor-widget-image\" data-id=\"3e7f592b\" data-element_type=\"widget\" data-widget_type=\"image.default\">\n\t\t\t\t<div class=\"elementor-widget-container\">\n\t\t\t\t\t\t\t\t\t\t\t\t\t<img decoding=\"async\" width=\"525\" height=\"194\" src=\"https:\/\/sites.usp.br\/nosseduclima\/wp-content\/uploads\/sites\/1100\/2023\/09\/logo-each-com-nome-corte-1-e1724818307956-1024x378.jpg\" class=\"attachment-large size-large wp-image-257\" alt=\"\" srcset=\"https:\/\/sites.usp.br\/nosseduclima\/wp-content\/uploads\/sites\/1100\/2023\/09\/logo-each-com-nome-corte-1-e1724818307956-1024x378.jpg 1024w, https:\/\/sites.usp.br\/nosseduclima\/wp-content\/uploads\/sites\/1100\/2023\/09\/logo-each-com-nome-corte-1-e1724818307956-300x111.jpg 300w, https:\/\/sites.usp.br\/nosseduclima\/wp-content\/uploads\/sites\/1100\/2023\/09\/logo-each-com-nome-corte-1-e1724818307956-768x283.jpg 768w, https:\/\/sites.usp.br\/nosseduclima\/wp-content\/uploads\/sites\/1100\/2023\/09\/logo-each-com-nome-corte-1-e1724818307956.jpg 1277w\" sizes=\"100vw\" \/>\t\t\t\t\t\t\t\t\t\t\t\t\t<\/div>\n\t\t\t\t<\/div>\n\t\t\t\t<\/div>\n\t\t<div class=\"elementor-element elementor-element-641a9cc0 e-con-full e-flex e-con e-child\" data-id=\"641a9cc0\" data-element_type=\"container\">\n\t\t\t\t<div class=\"elementor-element elementor-element-681d382d elementor-widget__width-initial elementor-widget elementor-widget-image\" data-id=\"681d382d\" data-element_type=\"widget\" data-widget_type=\"image.default\">\n\t\t\t\t<div class=\"elementor-widget-container\">\n\t\t\t\t\t\t\t\t\t\t\t\t\t\t<a href=\"https:\/\/www.climate-uni.com\/about\">\n\t\t\t\t\t\t\t<img loading=\"lazy\" decoding=\"async\" width=\"300\" height=\"111\" src=\"https:\/\/sites.usp.br\/nosseduclima\/wp-content\/uploads\/sites\/1100\/2023\/01\/logo_climate-u-300x111.png\" class=\"attachment-medium size-medium wp-image-31\" alt=\"\" srcset=\"https:\/\/sites.usp.br\/nosseduclima\/wp-content\/uploads\/sites\/1100\/2023\/01\/logo_climate-u-300x111.png 300w, https:\/\/sites.usp.br\/nosseduclima\/wp-content\/uploads\/sites\/1100\/2023\/01\/logo_climate-u.png 412w\" sizes=\"100vw\" \/>\t\t\t\t\t\t\t\t<\/a>\n\t\t\t\t\t\t\t\t\t\t\t\t\t<\/div>\n\t\t\t\t<\/div>\n\t\t\t\t<\/div>\n\t\t<div class=\"elementor-element elementor-element-3a55c15b e-con-full e-flex e-con e-child\" data-id=\"3a55c15b\" data-element_type=\"container\">\n\t\t\t\t<div class=\"elementor-element elementor-element-1ad7b8b4 elementor-widget elementor-widget-image\" data-id=\"1ad7b8b4\" data-element_type=\"widget\" data-widget_type=\"image.default\">\n\t\t\t\t<div class=\"elementor-widget-container\">\n\t\t\t\t\t\t\t\t\t\t\t\t\t<img loading=\"lazy\" decoding=\"async\" width=\"130\" height=\"130\" src=\"https:\/\/sites.usp.br\/nosseduclima\/wp-content\/uploads\/sites\/1100\/2023\/09\/logo-incline.png\" class=\"attachment-thumbnail size-thumbnail wp-image-232\" alt=\"\" srcset=\"https:\/\/sites.usp.br\/nosseduclima\/wp-content\/uploads\/sites\/1100\/2023\/09\/logo-incline.png 130w, https:\/\/sites.usp.br\/nosseduclima\/wp-content\/uploads\/sites\/1100\/2023\/09\/logo-incline-100x100.png 100w, https:\/\/sites.usp.br\/nosseduclima\/wp-content\/uploads\/sites\/1100\/2023\/09\/logo-incline-45x45.png 45w\" sizes=\"100vw\" \/>\t\t\t\t\t\t\t\t\t\t\t\t\t<\/div>\n\t\t\t\t<\/div>\n\t\t\t\t<\/div>\n\t\t<div class=\"elementor-element elementor-element-16b2f95d e-con-full e-flex e-con e-child\" data-id=\"16b2f95d\" data-element_type=\"container\">\n\t\t\t\t<div class=\"elementor-element elementor-element-3f5301c2 elementor-widget elementor-widget-image\" data-id=\"3f5301c2\" data-element_type=\"widget\" data-widget_type=\"image.default\">\n\t\t\t\t<div class=\"elementor-widget-container\">\n\t\t\t\t\t\t\t\t\t\t\t\t\t<img loading=\"lazy\" decoding=\"async\" width=\"300\" height=\"218\" src=\"https:\/\/sites.usp.br\/nosseduclima\/wp-content\/uploads\/sites\/1100\/2024\/08\/Novo-Logo_PRCEU_Vertical_2-nv_pb-png-300x218.png\" class=\"attachment-medium size-medium wp-image-726\" alt=\"\" srcset=\"https:\/\/sites.usp.br\/nosseduclima\/wp-content\/uploads\/sites\/1100\/2024\/08\/Novo-Logo_PRCEU_Vertical_2-nv_pb-png-300x218.png 300w, https:\/\/sites.usp.br\/nosseduclima\/wp-content\/uploads\/sites\/1100\/2024\/08\/Novo-Logo_PRCEU_Vertical_2-nv_pb-png-1024x746.png 1024w, https:\/\/sites.usp.br\/nosseduclima\/wp-content\/uploads\/sites\/1100\/2024\/08\/Novo-Logo_PRCEU_Vertical_2-nv_pb-png-768x559.png 768w, https:\/\/sites.usp.br\/nosseduclima\/wp-content\/uploads\/sites\/1100\/2024\/08\/Novo-Logo_PRCEU_Vertical_2-nv_pb-png-1536x1118.png 1536w, https:\/\/sites.usp.br\/nosseduclima\/wp-content\/uploads\/sites\/1100\/2024\/08\/Novo-Logo_PRCEU_Vertical_2-nv_pb-png.png 1541w\" sizes=\"100vw\" \/>\t\t\t\t\t\t\t\t\t\t\t\t\t<\/div>\n\t\t\t\t<\/div>\n\t\t\t\t<\/div>\n\t\t\t\t\t<\/div>\n\t\t\t\t<\/div>\n\t\t<div class=\"elementor-element elementor-element-3b44e351 e-flex e-con-boxed e-con e-parent\" data-id=\"3b44e351\" data-element_type=\"container\">\n\t\t\t\t\t<div class=\"e-con-inner\">\n\t\t\t\t<div class=\"elementor-element elementor-element-33b3adcf elementor-widget elementor-widget-text-editor\" data-id=\"33b3adcf\" data-element_type=\"widget\" data-widget_type=\"text-editor.default\">\n\t\t\t\t<div class=\"elementor-widget-container\">\n\t\t\t\t\t\t\t<p style=\"text-align: center;\"><img decoding=\"async\" src=\"data:image\/png;base64,iVBORw0KGgoAAAANSUhEUgAAALQAAAAeCAYAAACFSjS6AAAAAXNSR0IArs4c6QAAAARnQU1BAACxjwv8YQUAAAAJcEhZcwAADsMAAA7DAcdvqGQAAArjSURBVHhe7ZsLcFTVGcf\/m80+8thkCdm4miAhgYqhMuExbZxoGEfQdtSOTNMoE0dFOqRoQNFaYMDoKFiIsUZFAj6IdYDRkU5FghEYp8SBilaHjG1Cm+ZFsmk22d3sM\/venH733sMmPPIAgzLr\/c3scL773XPPd77vO+d+505QMAIyMjFCHP9XRiYmkBNaJqaQE1omppATWiamkBNaJqaQE1omppATWiamkBNaJqaIqYS21i5G1wkXly4TdwO6HtoJKxdhOYqux6vR7+byFcLTfhSmyjJ0lj+Mzsel35nKvbBY+A0\/CAFY967GmY\/aRMlz4gV01DaL7auV2Nqhh0xg7iAXLhO\/G8zP2wKJOdDcVgBNIpcnm4gL\/TVlsDXooFu7C9nb30X2q9Lv2pXzEHlvNbo+NyHMb\/9+0UA9ZxE0s7NEKeLuJx9\/R\/9eYeSSYzyScnHNvQVIVXJ5khl4fw18M55B5nIaQ8UvctT6PBifqoK2cRv6u\/nF75mU\/GIYZ2u4dPWjfI7g7VHxnNyG3i+TMdT1Z\/RvXQ\/7x1\/Co86DamYazsbA1bgXfVUbMPBOLZynvQjOXIikFK4cbIN557Ow7ngS9kNfw+XIRtxPjdDQcvK218FcWYGBt6rhaGjH4HULkWjUiCst7G6G+dVNsNY8DcdhMwanDeuEnc32cSUsVRuj9ijd+xBOeQT6mYkY+EsZrK5FSM06G4xm9JTvhv\/WW5AkXgpg4NOX0f\/Sc7B\/8AFcrUBo9lwksRY4P3FB\/RsaS7jN3wjTM8cRXpyHBCpE+ipfxqAOsL\/0GAbe2weXKQuK+fFwvvE0LK9vg+PvFgTn3oLkZKEz+aWpDpadL8L21nqaw3\/gSaUxpqdIc3AcheXjG6BfKY3l\/fd+9G6tJB99BNeQEb5DDQjcPA+GLC8GDgeRPN8o9gv2NKC3ej1sO3aSryMITXNhYMsJRO6YO+k2Oj7dBIt1oejHQGs9fO75mEJ2XIywrRH\/qyK7xOdQvHTTEZ9NOULx73v3T7C+9ijN7Z9wD+VCOcsAtegEIS51COQ0w7qR8mP\/J3CF8hB\/vQWWbav5HJWILJyLRLU4zNgIf5w0Ho76ctZe+hDrOm5hAZID9i9Y14qlzNQi6b3\/qmEdq15hff2S7G77kHU++Dwz2wXJz\/q3F7LOA91iXxb2M8fXx5jVQ20fPae0nPWYBAVjoaCF9R9vYoOCEG5iplXlzNTmZCFR7ma9FQ9Fx7QfWMnaKz5kNpckO4+\/wjpKb2Cd9RZRtrw93JY4xbpLylkvt9Fx+Cmxv1W0kTFXyxFmbvEz1n+QdZbUsGjPc2QL691YyNo3H2T2MIlkUw\/JHY89z3q7\/KKd9gPkqxePMbd4v5\/ZGo7QGJIu5BL8tjI6X3fD8+xMg1Nsh3ppnFU1rJ\/PR9C1r\/mQDYhSE+uuOMgcQtMj+Oy+aCxCrlbWs\/l21n6FbBzpRzEP3j4lti\/ARzaukuzy0rhiLOu\/IJvJnorbWef+VuYW7bGwvu33sY49TVJcxbiQfbtPiXppfNKvJ18IsQk7Wf+Opayd7p8I4hqZEHOWY0phOoRFotYXQLugGeEO4egUgPuzasTd\/wgyDOKdSM4pRlLRYfhPSvohlxUKPd+VlBqkLliEqUnUDgXAQhmI5zt5vCodhsI8cbfy\/eMggrNLkZaTgnhBqcxC+tJ8BI8LhxITvJ9ZoH6gGGm0EwmkFD4AbbbUHh8TBg+1Q72sGFP10hXdrCW4ZtZEXq0ZUJfcDb1QgpBNSbSDsjn3IH2aRrRT\/7M7Edd0GlIZrkFa0RIaQ9LF6wqQcHMDhmyiEv62JiivlSbv+mw34h5cDgOfT\/KN8xCXmwWtKJHvpooNeL45ivCcVdFYxOtycV1JqaSMMnk2ThRf40GEMldAT3Yl0LhiLH9BZVT3Mfh7SqH7dS6SRXvSkVHyABT1n8MRkfoCdyKhOF\/UC+NrFzRCccvdMAixUaZgys1FQEsPJnLcn3hCZ6SCv6FEFII3h4SWG0N0VoijhB2JKnMehnpM1ErB1OXvIu7YSnT\/Vji518Lc5JIOOToqCdYa4Pv9Xegop8PPe3WwcUcGHdT3253o4yd+4WeqpYmKEbZiyJwJJU9GiXTEz+DNceH9eZJcGueNS0GIm5ElLToBIWghqSkglGJdG1bjzDppDp7PuUJgSBudT7AlE6rc4QUV7mkFy8yiEoLwmxChGkJ4dMRLzj4vFtAbzgvkJNo4QcR4GQ3g63EYuxWMrgtDRjFkQRlqQniAyyD9iI5CbimnSQdRgfg4clKENj8uj8XEE3pU1FDQbsu8AS5LRGw9tCuni+14YwGyKt7HjF27kF6ag9AbD6Pvv6IKqQW\/w\/RdhzDtlS1IyW2Fe10thHkqEzOABU8gi5\/4o79leaSlMXW0kEZ+jaD1G6FYjwrtBsMOuVj\/K4DtKOxVJmg3vY7p2yT7kwq4jlAZdeQnoUWLMfs0Qh3chxETrH\/dT36V9mdvYwMY7bJCEqv1FGizhbaRYcI2i7S3XA7j2DhRxHgN+uHjcpQEWqRu\/7n2uZ0kZyHuguz\/7kxCQqcgsbAU4bqD0VdI2N2AwXoq+guEVRaAo9MKn6CjciMpswCa3H4w4evPoAl2c0DcreNVKdDn02vWTyUKyclzi6A8uQfWHhI4YbcJth4h6HRAu82PQN1JePiYwfYj8DdJbQFV5hIMtbTCy2Xn0T0jPn1d2F94tl1IrjRyNE4hOBlfFYbOXeRhcx28J7hApP5kPiLfUulGbf0v14G9WYauN6vRtW4nsHQ9UFcN05t0KPvbfKTeKr0BE\/Lvgaqnhg5XzXCT7V7hgLj9HVF3WYxj40iSjLnA6VbYuc+Eg\/nAN21wkSzG66u9sI+Il6uTSsOcn0Md2kelEn8rEwP1+xApWgSdtF4nlehbaCwUcaPUlnw56Ir+gKB5I+xl++GgXYUNaqAqfwkZmZI+8tVWmDebpB3HT9vinC2YMpsUfhe8NWVwmA3Sq9evgXLlMxDflvpFSH\/WDdsfF6ODVrMCFjB1ERLWPiFokXbvFvhfWwNLmQFWekMospdDc1s6gvwonHrrCrjrytFXNhMKFZn6q2KoVMeiNqfdX0VvihdgeaQaVhqQReYhYR09e2o+UlYYMLDhLnTeuAr6NTqx\/yVx9n7DEuhKTsL56P3o1NMEjaXQFlLScDVm3QPtnq2wmqtgNC7B9buKMEgrUKXTiPUxXl0CD7lLmyTVtyLaPBhfqEDfOzWwHXFDkVsM3ZPr4d4glHeXwARtjKPxzvos\/qZiJEx5GI6yOrhLNuP6mQ1wVZ6CdkcVUqZSvDaZYHmW4qWlePktUBRtQdqD+bim4nH0Vi5Ddy3FOURxpFilrqFaXXrsxKDNUMGbY8IPh5PGoEc6LV8Mr8cpnoAvIOxnnjH6hYJO5gly4TwE3eDFnskJ+EYZ8yzC2D7eHgldH+u5l8RoYxCh3iPszNrhL0TnQCd824HdzGzl8iiE2vawjugXkctkDBvPJ+DzS1+sRmE0n48Xq8lA\/j+FVwFhdxustZXw23KolqZaVCBEB8FvnVAuewIZhVnSji3SDFNZDZUktFveNA9K75fwvL0Nkdvfx\/Q7pDPLjxk5oa8m6CTviR6uqew4W3qcRzhkhfPEMfg6hKOhDurFdyBtGv+8+SNHTmiZmGISvnLIyFw9yAktE1PICS0TU8gJLRNTyAktE1PICS0TU8gJLRNDAP8Hn\/\/I5Ip2BHgAAAAASUVORK5CYII=\" alt=\"\" style=\"color: var( --e-global-color-text ); text-align: var(--text-align);\"><\/p>\t\t\t\t\t\t<\/div>\n\t\t\t\t<\/div>\n\t\t\t\t\t<\/div>\n\t\t\t\t<\/div>\n\t\t\t\t<\/div>\n\t\t","protected":false},"excerpt":{"rendered":"<p>NOSS EDU CLIMA EDUCA\u00c7\u00c3O PARA JUSTI\u00c7A CLIM\u00c1TICA NO VALE DO RIBEIRA: um projeto de pesquisa, ensino e extens\u00e3o Estamos sempre atualizando o nosso site acompanhe para novas informa\u00e7\u00f5es<\/p>\n","protected":false},"author":23798,"featured_media":0,"parent":0,"menu_order":0,"comment_status":"closed","ping_status":"closed","template":"","meta":{"footnotes":"","_links_to":"","_links_to_target":""},"class_list":["post-423","page","type-page","status-publish","hentry"],"jetpack_sharing_enabled":true,"_links":{"self":[{"href":"https:\/\/sites.usp.br\/nosseduclima\/wp-json\/wp\/v2\/pages\/423","targetHints":{"allow":["GET"]}}],"collection":[{"href":"https:\/\/sites.usp.br\/nosseduclima\/wp-json\/wp\/v2\/pages"}],"about":[{"href":"https:\/\/sites.usp.br\/nosseduclima\/wp-json\/wp\/v2\/types\/page"}],"author":[{"embeddable":true,"href":"https:\/\/sites.usp.br\/nosseduclima\/wp-json\/wp\/v2\/users\/23798"}],"replies":[{"embeddable":true,"href":"https:\/\/sites.usp.br\/nosseduclima\/wp-json\/wp\/v2\/comments?post=423"}],"version-history":[{"count":5,"href":"https:\/\/sites.usp.br\/nosseduclima\/wp-json\/wp\/v2\/pages\/423\/revisions"}],"predecessor-version":[{"id":903,"href":"https:\/\/sites.usp.br\/nosseduclima\/wp-json\/wp\/v2\/pages\/423\/revisions\/903"}],"wp:attachment":[{"href":"https:\/\/sites.usp.br\/nosseduclima\/wp-json\/wp\/v2\/media?parent=423"}],"curies":[{"name":"wp","href":"https:\/\/api.w.org\/{rel}","templated":true}]}}