{"id":1040,"date":"2022-01-28T17:07:02","date_gmt":"2022-01-28T19:07:02","guid":{"rendered":"https:\/\/sites.usp.br\/nupps\/?page_id=1040"},"modified":"2022-10-11T09:09:29","modified_gmt":"2022-10-11T11:09:29","slug":"vera-cecilia-da-silva","status":"publish","type":"page","link":"https:\/\/sites.usp.br\/nupps\/equipe\/vera-cecilia-da-silva\/","title":{"rendered":"Vera Cec\u00edlia da Silva"},"content":{"rendered":"\t\t<div data-elementor-type=\"wp-page\" data-elementor-id=\"1040\" class=\"elementor elementor-1040\" data-elementor-post-type=\"page\">\n\t\t\t\t\t\t<section class=\"elementor-section elementor-top-section elementor-element elementor-element-14891f68 elementor-section-boxed elementor-section-height-default elementor-section-height-default\" data-id=\"14891f68\" data-element_type=\"section\">\n\t\t\t\t\t\t<div class=\"elementor-container elementor-column-gap-default\">\n\t\t\t\t\t<div class=\"elementor-column elementor-col-100 elementor-top-column elementor-element elementor-element-279c3417\" data-id=\"279c3417\" data-element_type=\"column\">\n\t\t\t<div class=\"elementor-widget-wrap elementor-element-populated\">\n\t\t\t\t\t\t<div class=\"elementor-element elementor-element-9535813 elementor-widget elementor-widget-text-editor\" data-id=\"9535813\" data-element_type=\"widget\" data-widget_type=\"text-editor.default\">\n\t\t\t\t<div class=\"elementor-widget-container\">\n\t\t\t\t\t\t\t<p>Vera Cec\u00edlia da Silva, mestranda em Gest\u00e3o de Projetos &#8211; EAD (Esalq\/USP), licenciada em Letras pelas Faculdades Oswaldo Cruz (1985), fez cursos de aperfei\u00e7oamento de Secret\u00e1ria Executiva &#8211; NTA e Faculdade Anhembi (1987), trabalhou na iniciativa privada e em 1989, ingressou na USP como t\u00e9cnica administrativa \/ secret\u00e1ria, no rec\u00e9m inaugurado NUPES &#8211; N\u00facleo de Pesquisas sobre Ensino Superior, transformado no NUPPs em 2005. Desde a 2001 exerce a fun\u00e7\u00e3o de Analista acad\u00eamica.<\/p>\n<p><a href=\"https:\/\/sites.usp.br\/nupps\/wp-content\/uploads\/sites\/762\/2022\/01\/vera.png\"><img decoding=\"async\" class=\"aligncenter size-thumbnail wp-image-1043\" src=\"https:\/\/sites.usp.br\/nupps\/wp-content\/uploads\/sites\/762\/2022\/01\/vera-150x150.png\" alt=\"\" width=\"150\" height=\"150\" srcset=\"https:\/\/sites.usp.br\/nupps\/wp-content\/uploads\/sites\/762\/2022\/01\/vera-150x150.png 150w, https:\/\/sites.usp.br\/nupps\/wp-content\/uploads\/sites\/762\/2022\/01\/vera-45x45.png 45w, https:\/\/sites.usp.br\/nupps\/wp-content\/uploads\/sites\/762\/2022\/01\/vera-200x200.png 200w\" sizes=\"(max-width: 150px) 100vw, 150px\" \/><\/a><\/p>\n<p>Fun\u00e7\u00f5es:<br>Agendar os compromissos da Cordenadora Cient\u00edfica, manter o fluxo de informa\u00e7\u00f5es entres os pesquisadores da casa e p\u00fablico externo das pesquisas em andamento, semin\u00e1rios, cursos e etc. Cuidar da rotina do N\u00facleo, correspond\u00eancias, al\u00e9m de administrar a rede local de computardoes e sua manuten\u00e7ao. Auxiliar os professores respons\u00e1veis pelas linhas de pesquisas desenvolvidas junto \u00e0s ag\u00eancias de fomento, projetos de extens\u00e3o universit\u00e1ria, etc. Aux\u00edliar os demais professores, pesquisadores, bolsistas e outras pessoas que procuraram o NUPPs para suas pesquisas: mestrandos, doutorandos, jornalistas, etc. Treinar e orientar os servi\u00e7os dos bolsistas. Respons\u00e1vel pela compra de materias de escrit\u00f3rio, de inform\u00e1tica, m\u00f3veis, manuten\u00e7\u00e3o do site etc. do N\u00facleo e presta\u00e7\u00e3o de contas dos projetos.<\/p>\t\t\t\t\t\t<\/div>\n\t\t\t\t<\/div>\n\t\t\t\t\t<\/div>\n\t\t<\/div>\n\t\t\t\t\t<\/div>\n\t\t<\/section>\n\t\t\t\t<\/div>\n\t\t","protected":false},"excerpt":{"rendered":"<p>Vera Cec\u00edlia da Silva, mestranda em Gest\u00e3o de Projetos &#8211; EAD (Esalq\/USP), licenciada em Letras pelas Faculdades Oswaldo Cruz (1985), fez cursos de aperfei\u00e7oamento de Secret\u00e1ria Executiva &#8211; NTA e Faculdade Anhembi (1987), trabalhou na iniciativa privada e em 1989, ingressou na USP como t\u00e9cnica administrativa \/ secret\u00e1ria, no rec\u00e9m inaugurado NUPES &#8211; N\u00facleo de [&hellip;]<\/p>\n","protected":false},"author":21976,"featured_media":0,"parent":62,"menu_order":0,"comment_status":"closed","ping_status":"closed","template":"","meta":{"footnotes":"","_links_to":"","_links_to_target":""},"class_list":["post-1040","page","type-page","status-publish","hentry"],"_links":{"self":[{"href":"https:\/\/sites.usp.br\/nupps\/wp-json\/wp\/v2\/pages\/1040","targetHints":{"allow":["GET"]}}],"collection":[{"href":"https:\/\/sites.usp.br\/nupps\/wp-json\/wp\/v2\/pages"}],"about":[{"href":"https:\/\/sites.usp.br\/nupps\/wp-json\/wp\/v2\/types\/page"}],"author":[{"embeddable":true,"href":"https:\/\/sites.usp.br\/nupps\/wp-json\/wp\/v2\/users\/21976"}],"replies":[{"embeddable":true,"href":"https:\/\/sites.usp.br\/nupps\/wp-json\/wp\/v2\/comments?post=1040"}],"version-history":[{"count":4,"href":"https:\/\/sites.usp.br\/nupps\/wp-json\/wp\/v2\/pages\/1040\/revisions"}],"predecessor-version":[{"id":1449,"href":"https:\/\/sites.usp.br\/nupps\/wp-json\/wp\/v2\/pages\/1040\/revisions\/1449"}],"up":[{"embeddable":true,"href":"https:\/\/sites.usp.br\/nupps\/wp-json\/wp\/v2\/pages\/62"}],"wp:attachment":[{"href":"https:\/\/sites.usp.br\/nupps\/wp-json\/wp\/v2\/media?parent=1040"}],"curies":[{"name":"wp","href":"https:\/\/api.w.org\/{rel}","templated":true}]}}