{"id":1084,"date":"2022-02-01T20:10:59","date_gmt":"2022-02-01T22:10:59","guid":{"rendered":"https:\/\/sites.usp.br\/nupps\/?page_id=1084"},"modified":"2022-02-01T20:21:32","modified_gmt":"2022-02-01T22:21:32","slug":"rolf-rauschenbachs","status":"publish","type":"page","link":"https:\/\/sites.usp.br\/nupps\/equipe\/rolf-rauschenbachs\/","title":{"rendered":"Rolf Rauschenbachs"},"content":{"rendered":"\t\t<div data-elementor-type=\"wp-page\" data-elementor-id=\"1084\" class=\"elementor elementor-1084\" data-elementor-post-type=\"page\">\n\t\t\t\t\t\t<section class=\"elementor-section elementor-top-section elementor-element elementor-element-f317963 elementor-section-boxed elementor-section-height-default elementor-section-height-default\" data-id=\"f317963\" data-element_type=\"section\">\n\t\t\t\t\t\t<div class=\"elementor-container elementor-column-gap-default\">\n\t\t\t\t\t<div class=\"elementor-column elementor-col-100 elementor-top-column elementor-element elementor-element-f2e3897\" data-id=\"f2e3897\" data-element_type=\"column\">\n\t\t\t<div class=\"elementor-widget-wrap elementor-element-populated\">\n\t\t\t\t\t\t<div class=\"elementor-element elementor-element-229b3e4 elementor-widget elementor-widget-text-editor\" data-id=\"229b3e4\" data-element_type=\"widget\" data-widget_type=\"text-editor.default\">\n\t\t\t\t<div class=\"elementor-widget-container\">\n\t\t\t\t\t\t\t<div style=\"margin: 0px; padding: 0px; color: #000000; font-family: Tahoma, Geneva, sans-serif; font-size: 12px; background-color: #ffffff;\"><span id=\"cloak42d70ea5b2f863a291c25e698e43042e\" style=\"margin: 0px; padding: 0px;\">rolf@rauschenbach.ch<\/span>\u00a0|\u00a0<a style=\"margin: 0px; padding: 0px; background: transparent; color: #003366;\" href=\"http:\/\/lattes.cnpq.br\/8884680633755678\" target=\"_blank\" rel=\"noopener noreferrer\">Curr\u00edculo Lattes<\/a><\/div><div style=\"margin: 0px; padding: 0px; color: #000000; font-family: Tahoma, Geneva, sans-serif; font-size: 12px; background-color: #ffffff;\">\u00a0<\/div><div style=\"margin: 0px; padding: 0px; color: #000000; font-family: Tahoma, Geneva, sans-serif; font-size: 12px; background-color: #ffffff;\"><img decoding=\"async\" style=\"margin: 0px 0px 0px 15px; padding: 0px; float: right;\" src=\"http:\/\/nupps.usp.br\/images\/equipe\/rolf.jpg\" alt=\"rolf\" \/><\/div><p style=\"margin-top: 10px; margin-bottom: 0px; padding: 0px; font-family: Tahoma, Geneva, sans-serif; font-size: 13px; line-height: 20px; color: #666666; text-align: justify; background-color: #ffffff;\">\u00a0<\/p><div style=\"margin: 0px; padding: 0px; color: #000000; font-family: Tahoma, Geneva, sans-serif; font-size: 12px; background-color: #ffffff; text-align: justify;\"><strong style=\"margin: 0px; padding: 0px;\">Rolf Rauschenbachs<\/strong><span style=\"margin: 0px; padding: 0px; color: #333333; font-family: Arial, Helvetica, sans-serif;\">\u00a0\u00e9 P\u00f3s-Doutor em Ci\u00eancia Pol\u00edtica (USP), Doutor em Ci\u00eancia Pol\u00edtica (Universit\u00e4t St. Gallen, Su\u00ed\u00e7a), Mestre em Ci\u00eancia Pol\u00edtica e Rela\u00e7\u00f5es Internacionais (Universit\u00e4t St. Gallen), Bacharel em Econ<\/span><span style=\"margin: 0px; padding: 0px; color: #333333; font-family: Arial, Helvetica, sans-serif;\">omia e Administra\u00e7\u00e3o (Universit\u00e4t St. Gallen), com interc\u00e2mbios em Economia e Administra\u00e7\u00e3o (Universit\u00e9 Catolique de Louvain-la-Neuve, B\u00e9lgia e New York University, EUA), em Ci\u00eancia Pol\u00edtica (Institut des \u00e9tudes politiques de Paris, Fran\u00e7a) e em Filosofia (Universit\u00e4t Basel, Sui\u00e7a). Ele \u00e9 pesquisador permanente\/associado do NUPPs da Universidade de S\u00e3o Paulo, Brasil e do Centro Latino-Americano da Universidade de St. Gallen, Su\u00ed\u00e7a. Ele pesquisa\u00a0<\/span><span style=\"margin: 0px; padding: 0px; color: #333333; font-family: Arial, Helvetica, sans-serif;\">processos de democracia direta e as implica\u00e7\u00f5es das tecnologias digitais nas\u00a0institui\u00e7\u00f5es\u00a0<\/span><span style=\"margin: 0px; padding: 0px; color: #333333; font-family: Arial, Helvetica, sans-serif;\">democr\u00e1ticas. Ele tamb\u00e9m \u00e9 consultor de\u00a0estrat\u00e9gia e atua\u00a0<\/span><span style=\"margin: 0px; padding: 0px; color: #333333; font-family: Arial, Helvetica, sans-serif;\">principalmente no setor p\u00fablico.<\/span><\/div><div><span style=\"margin: 0px; padding: 0px; color: #333333; font-family: Arial, Helvetica, sans-serif;\">\u00a0<\/span><\/div>\t\t\t\t\t\t<\/div>\n\t\t\t\t<\/div>\n\t\t\t\t\t<\/div>\n\t\t<\/div>\n\t\t\t\t\t<\/div>\n\t\t<\/section>\n\t\t\t\t<\/div>\n\t\t","protected":false},"excerpt":{"rendered":"<p>rolf@rauschenbach.ch | Curr\u00edculo Lattes<\/p>\n<p>rolf<\/p>\n<p>Rolf Rauschenbachs \u00e9 P\u00f3s-Doutor em Ci\u00eancia Pol\u00edtica (USP), Doutor em Ci\u00eancia Pol\u00edtica (Universit\u00e4t St. Gallen, Su\u00ed\u00e7a), Mestre em Ci\u00eancia Pol\u00edtica e Rela\u00e7\u00f5es Internacionais (Universit\u00e4t St. Gallen), Bacharel em Economia e Administra\u00e7\u00e3o (Universit\u00e4t St. Gallen), com interc\u00e2mbios em Economia e Administra\u00e7\u00e3o (Universit\u00e9 Catolique de Louvain-la-Neuve, B\u00e9lgia e New York University, EUA), em Ci\u00eancia Pol\u00edtica (Institut des \u00e9tudes politiques de Paris, Fran\u00e7a) e em Filosofia (Universit\u00e4t Basel, Sui\u00e7a). Ele \u00e9 pesquisador permanente\/associado do NUPPs da Universidade de S\u00e3o Paulo, Brasil e do Centro Latino-Americano da Universidade de St. Gallen, Su\u00ed\u00e7a. Ele pesquisa processos de democracia direta e as implica\u00e7\u00f5es das tecnologias digitais nas institui\u00e7\u00f5es democr\u00e1ticas. Ele tamb\u00e9m \u00e9 consultor de estrat\u00e9gia e atua principalmente no setor p\u00fablico.<\/p>\n","protected":false},"author":21976,"featured_media":0,"parent":62,"menu_order":0,"comment_status":"closed","ping_status":"closed","template":"","meta":{"footnotes":"","_links_to":"","_links_to_target":""},"class_list":["post-1084","page","type-page","status-publish","hentry"],"_links":{"self":[{"href":"https:\/\/sites.usp.br\/nupps\/wp-json\/wp\/v2\/pages\/1084","targetHints":{"allow":["GET"]}}],"collection":[{"href":"https:\/\/sites.usp.br\/nupps\/wp-json\/wp\/v2\/pages"}],"about":[{"href":"https:\/\/sites.usp.br\/nupps\/wp-json\/wp\/v2\/types\/page"}],"author":[{"embeddable":true,"href":"https:\/\/sites.usp.br\/nupps\/wp-json\/wp\/v2\/users\/21976"}],"replies":[{"embeddable":true,"href":"https:\/\/sites.usp.br\/nupps\/wp-json\/wp\/v2\/comments?post=1084"}],"version-history":[{"count":4,"href":"https:\/\/sites.usp.br\/nupps\/wp-json\/wp\/v2\/pages\/1084\/revisions"}],"predecessor-version":[{"id":1102,"href":"https:\/\/sites.usp.br\/nupps\/wp-json\/wp\/v2\/pages\/1084\/revisions\/1102"}],"up":[{"embeddable":true,"href":"https:\/\/sites.usp.br\/nupps\/wp-json\/wp\/v2\/pages\/62"}],"wp:attachment":[{"href":"https:\/\/sites.usp.br\/nupps\/wp-json\/wp\/v2\/media?parent=1084"}],"curies":[{"name":"wp","href":"https:\/\/api.w.org\/{rel}","templated":true}]}}