{"id":1109,"date":"2022-02-01T20:27:10","date_gmt":"2022-02-01T22:27:10","guid":{"rendered":"https:\/\/sites.usp.br\/nupps\/?page_id=1109"},"modified":"2022-11-17T16:25:41","modified_gmt":"2022-11-17T18:25:41","slug":"tereza-sacchet","status":"publish","type":"page","link":"https:\/\/sites.usp.br\/nupps\/equipe\/tereza-sacchet\/","title":{"rendered":"Teresa Sacchet"},"content":{"rendered":"\t\t<div data-elementor-type=\"wp-page\" data-elementor-id=\"1109\" class=\"elementor elementor-1109\" data-elementor-post-type=\"page\">\n\t\t\t\t\t\t<section class=\"elementor-section elementor-top-section elementor-element elementor-element-410e058 elementor-section-boxed elementor-section-height-default elementor-section-height-default\" data-id=\"410e058\" data-element_type=\"section\">\n\t\t\t\t\t\t<div class=\"elementor-container elementor-column-gap-default\">\n\t\t\t\t\t<div class=\"elementor-column elementor-col-100 elementor-top-column elementor-element elementor-element-dabe60e\" data-id=\"dabe60e\" data-element_type=\"column\">\n\t\t\t<div class=\"elementor-widget-wrap elementor-element-populated\">\n\t\t\t\t\t\t<div class=\"elementor-element elementor-element-867b623 elementor-widget elementor-widget-text-editor\" data-id=\"867b623\" data-element_type=\"widget\" data-widget_type=\"text-editor.default\">\n\t\t\t\t<div class=\"elementor-widget-container\">\n\t\t\t\t\t\t\t<ul><li><a href=\"mailto:teresa.sacchet@gmail.com\">teresa.sacchet@gmail.com<\/a>\u00a0|\u00a0<a style=\"margin: 0px; padding: 0px; background: transparent; color: #003366;\" href=\"http:\/\/lattes.cnpq.br\/6716079174692942\" target=\"_blank\" rel=\"noopener noreferrer\">Curr\u00edculo Lattes<\/a><\/li><\/ul><div id=\"attachment_1481\" style=\"width: 160px\" class=\"wp-caption alignleft\"><a href=\"https:\/\/sites.usp.br\/nupps\/wp-content\/uploads\/sites\/762\/2022\/11\/teresa-sacchet.jpg\"><img decoding=\"async\" aria-describedby=\"caption-attachment-1481\" class=\"size-full wp-image-1481\" src=\"https:\/\/sites.usp.br\/nupps\/wp-content\/uploads\/sites\/762\/2022\/11\/teresa-sacchet.jpg\" alt=\"\" width=\"150\" height=\"150\" srcset=\"https:\/\/sites.usp.br\/nupps\/wp-content\/uploads\/sites\/762\/2022\/11\/teresa-sacchet.jpg 150w, https:\/\/sites.usp.br\/nupps\/wp-content\/uploads\/sites\/762\/2022\/11\/teresa-sacchet-45x45.jpg 45w\" sizes=\"(max-width: 150px) 100vw, 150px\" \/><\/a><p id=\"caption-attachment-1481\" class=\"wp-caption-text\">Teresa Sacchet<\/p><\/div><p><strong style=\"margin: 0px; padding: 0px;\">Teresa Sacchet<\/strong> possui doutorado em Ci\u00eancia Pol\u00edtica (Government) pela Universidade de Essex (2002), mestrado em Sociologia e Pol\u00edtica pela Universidade de Londres (1995) e gradua\u00e7\u00e3o em Servi\u00e7o Social pela Universidade Federal de Santa Catarina (1987). Foi professora da Universidade de East Anglia na Inglaterra (2003 &#8211; 2005). Concluiu em 2010 um p\u00f3s-doutorado no departamento de Ci\u00eancia Pol\u00edtica da Universidade\u00a0 de S\u00e3o de Paulo. Atualmente coordena pesquisas sobre o tema do financiamento eleitoral, partidos pol\u00edticos, g\u00eanero e ra\u00e7a\/etnia. \u00c9 autora de artigos na \u00e1rea de re presenta\u00e7\u00e3o pol\u00edtica, g\u00eanero, partidos, cotas e financiamento eleitoral. Prestou consultoria, participou de reuni\u00f5es com especialistas de planejamento de ag\u00eancias de desenvolvimento como para o Banco Interamericano de Desenvolvimento e \u00f3rg\u00e3os das Na\u00e7\u00f5es Unidas como: Instituto de Pesquisa das Na\u00e7\u00f5es Unidas para o Desenvolvimento\u00a0 Social (UNRISD), Departamento de Assuntos Econ\u00f4,icos e Sociais (DESA), Divis\u00e3o para o Progresso da Mulhe) e Programa das Na\u00e7\u00f5es Unidas para o Desenvolvimento (PNUD).\u00a0 Atua principalmente\u00a0 nos seguintes temas: partidos pol\u00edticos, g\u00eanero, pol\u00edticas p\u00fablicas, cotas e governan\u00e7a democr\u00e1tica.<\/p><p style=\"margin-top: 10px; margin-bottom: 0px; padding: 0px; font-family: Tahoma, Geneva, sans-serif; font-size: 13px; line-height: 20px; color: #666666; text-align: justify; background-color: #ffffff;\">###Principais Artigos<\/p><ul style=\"margin-top: 0px; margin-bottom: 0px; margin-left: 22px; padding-left: 0px; color: #000000; font-family: Tahoma, Geneva, sans-serif; font-size: 12px; background-color: #ffffff;\"><li style=\"margin: 0px; padding: 0px;\"><a style=\"margin: 0px; padding: 0px; background: transparent; color: #003366;\" title=\"artigo\" href=\"https:\/\/www.cesop.unicamp.br\/por\/opiniao_publica\/artigo\/228\" target=\"_blank\" rel=\"noopener noreferrer\">SACCHET, T. e SPECK B. &#8220;Financiamento eleitoral, representa\u00e7\u00e3o pol\u00edtica e g\u00eanero: uma an\u00e1lise das elei\u00e7\u00f5es de 2006&#8221; Opini\u00e3o P\u00fablica. (2012)<\/a><\/li><li style=\"margin: 0px; padding: 0px;\"><a style=\"margin: 0px; padding: 0px; background: transparent; color: #003366;\" title=\"artigo\" href=\"https:\/\/www.scielo.br\/j\/ref\/a\/GjpMXFGjwnfzZYbxpvR3zCC\/?lang=pt\" target=\"_blank\" rel=\"noopener noreferrer\">SACCHET, T. &#8220;Representa\u00e7\u00e3o pol\u00edtica, representa\u00e7\u00e3o de grupos e pol\u00edtica de cotas: perspectivas e contendas feministas&#8221; Revista Estudos Feministas, v. 20. (2012)<\/a><\/li><li style=\"margin: 0px; padding: 0px;\"><a style=\"margin: 0px; padding: 0px; background: transparent; color: #003366;\" title=\"artigo\" href=\"http:\/\/www.scielo.br\/scielo.php?pid=S0104-62762009000200002&amp;script=sci_arttext\" target=\"_blank\" rel=\"noopener noreferrer\">SACCHET, T. &#8220;Capital Social, G\u00eanero e Representa\u00e7\u00e3o Pol\u00edtica no Brasil&#8221; Opini\u00e3o P\u00fablica (UNICAMP. Impresso), v. 15, p. 306-332. (2009)<\/a><\/li><li style=\"margin: 0px; padding: 0px;\"><a style=\"margin: 0px; padding: 0px; background: transparent; color: #003366;\" title=\"artigo\" href=\"http:\/\/nupps.usp.br\/images\/artigos_temp\/beyond_numbers.pdf\" target=\"_blank\" rel=\"noopener noreferrer\">SACCHET, T. &#8220;Beyond Numbers: The Impact of Gender Cotas in Latin America&#8221; International Feminist Journal of Politics, v. 10, p. 369-386. (2008)<\/a><\/li><li style=\"margin: 0px; padding: 0px;\"><a style=\"margin: 0px; padding: 0px; background: transparent; color: #003366;\" title=\"artigo\" href=\"http:\/\/nupps.usp.br\/images\/artigos_temp\/political_parties.pdf\" target=\"_blank\" rel=\"noopener noreferrer\">Goetz, Anne Marie ; SACCHET, T. &#8220;Political Parties and Gender in Latin America: an overview of conditions and responsiveness&#8221; In: Anne Marie Goetz. (Org.). Governing Women: Women\u00b4s Political Effectiveness in Contexts of Democracy and Governence Reform. New York: Routledge, 2008, p. 148-172.<\/a><\/li><li style=\"margin: 0px; padding: 0px; text-align: left;\"><a style=\"margin: 0px; padding: 0px; background: transparent; color: #003366;\" title=\"artigo\" href=\"http:\/\/www.iknowpolitics.org\/files\/EP.10_rev.pdf\" target=\"_blank\" rel=\"noopener noreferrer\">SACCHET, T. &#8220;Political Parties: When do they Work for Women?&#8221; In: Expert Group Meeting on Equal Participation of Women and Men in Decision-Making Processes, with particular enphasis on political participation and leadership &#8211; DAW (United Nations), 2005, Addid Ababa. www.un.org\/womenwatch\/daw .<\/a><\/li><\/ul><div><div style=\"margin: 0px; padding: 0px 0px 0px 30px; width: 950px; float: left; border: 0px solid #cc99ff; color: #000000; font-family: Tahoma, Geneva, sans-serif; font-size: 12px; background-color: #ffffff;\"><div style=\"margin: 0px; padding: 0px;\"><div style=\"margin: 0px; padding: 0px;\"><p style=\"margin-top: 10px; margin-bottom: 0px; padding: 0px; font-size: 13px; line-height: 20px; color: #666666; text-align: justify;\">###Livros<\/p><ul><li style=\"font-size: 13px; line-height: 20px; color: #666666; text-align: justify;\"><a style=\"margin: 0px; padding: 0px; background: transparent; color: #003366;\" title=\"artigo\" href=\"http:\/\/nupps.usp.br\/images\/artigos_temp\/mulherespolitica-teresasacchet.pdf\" target=\"_blank\" rel=\"noopener noreferrer\">Partidos pol\u00edticos e (sub)representa\u00e7\u00e3o feminina: um estudo sobre recrutamento legislativo e financiamento de campanhas\u00a0<\/a><\/li><li style=\"font-size: 13px; line-height: 20px; color: #666666; text-align: justify;\">CSR in two countries: Brazil and Norway. Marta Assump\u00e7\u00e3o, Jos\u00e9 Alvaro Mois\u00e9s, Teresa Sacchet and Sissel Trygstad<\/li><li style=\"font-size: 13px; line-height: 20px; color: #666666; text-align: justify;\"><a style=\"font-size: 12px; text-align: left;\" title=\"artigo\" href=\"http:\/\/nupps.usp.br\/downloads\/livros\/mulheresnaseleicoes.pdf\" target=\"_blank\" rel=\"noopener noreferrer\">Mulheres nas Elei\u00e7\u00f5es: <\/a>Patrim\u00f4nio, instru\u00e7\u00e3o e ocupa\u00e7\u00e3o dos candidatos: uma an\u00e1lise das candidaturas de mulheres e homens nas elei\u00e7\u00f5es gerais de 2010 no Brasil (167-206)<\/li><li style=\"font-size: 13px; line-height: 20px; color: #666666; text-align: justify;\">Dinheiro e sexo na pol\u00edtica brasileira: financiamento de campanha e desempenho eleitoral em cargos legislativos (417-452).<\/li><\/ul><\/div><\/div><\/div><div style=\"margin: 0px; padding: 0px 0px 5px; color: #000000; font-family: Tahoma, Geneva, sans-serif; font-size: 12px; background-color: #ffffff; min-height: 165px; height: 165px; width: 475px; float: left; text-align: left;\"><div><div>\u00a0<\/div><div>\u00a0<\/div><\/div><div><div>\u00a0<\/div><\/div><div>\u00a0<\/div><div>\u00a0<\/div><div>\u00a0<\/div><div>\u00a0<\/div><div>\u00a0<\/div><\/div><\/div>\t\t\t\t\t\t<\/div>\n\t\t\t\t<\/div>\n\t\t\t\t\t<\/div>\n\t\t<\/div>\n\t\t\t\t\t<\/div>\n\t\t<\/section>\n\t\t\t\t<\/div>\n\t\t","protected":false},"excerpt":{"rendered":"<p>teresa.sacchet@gmail.com\u00a0|\u00a0Curr\u00edculo Lattes Teresa Sacchet possui doutorado em Ci\u00eancia Pol\u00edtica (Government) pela Universidade de Essex (2002), mestrado em Sociologia e Pol\u00edtica pela Universidade de Londres (1995) e gradua\u00e7\u00e3o em Servi\u00e7o Social pela Universidade Federal de Santa Catarina (1987). Foi professora da Universidade de East Anglia na Inglaterra (2003 &#8211; 2005). Concluiu em 2010 um p\u00f3s-doutorado no [&hellip;]<\/p>\n","protected":false},"author":21976,"featured_media":0,"parent":62,"menu_order":0,"comment_status":"closed","ping_status":"closed","template":"","meta":{"footnotes":"","_links_to":"","_links_to_target":""},"class_list":["post-1109","page","type-page","status-publish","hentry"],"_links":{"self":[{"href":"https:\/\/sites.usp.br\/nupps\/wp-json\/wp\/v2\/pages\/1109","targetHints":{"allow":["GET"]}}],"collection":[{"href":"https:\/\/sites.usp.br\/nupps\/wp-json\/wp\/v2\/pages"}],"about":[{"href":"https:\/\/sites.usp.br\/nupps\/wp-json\/wp\/v2\/types\/page"}],"author":[{"embeddable":true,"href":"https:\/\/sites.usp.br\/nupps\/wp-json\/wp\/v2\/users\/21976"}],"replies":[{"embeddable":true,"href":"https:\/\/sites.usp.br\/nupps\/wp-json\/wp\/v2\/comments?post=1109"}],"version-history":[{"count":4,"href":"https:\/\/sites.usp.br\/nupps\/wp-json\/wp\/v2\/pages\/1109\/revisions"}],"predecessor-version":[{"id":1548,"href":"https:\/\/sites.usp.br\/nupps\/wp-json\/wp\/v2\/pages\/1109\/revisions\/1548"}],"up":[{"embeddable":true,"href":"https:\/\/sites.usp.br\/nupps\/wp-json\/wp\/v2\/pages\/62"}],"wp:attachment":[{"href":"https:\/\/sites.usp.br\/nupps\/wp-json\/wp\/v2\/media?parent=1109"}],"curies":[{"name":"wp","href":"https:\/\/api.w.org\/{rel}","templated":true}]}}