{"id":1148,"date":"2022-02-10T13:08:27","date_gmt":"2022-02-10T15:08:27","guid":{"rendered":"https:\/\/sites.usp.br\/nupps\/?page_id=1148"},"modified":"2022-02-10T13:13:13","modified_gmt":"2022-02-10T15:13:13","slug":"edison-nunes","status":"publish","type":"page","link":"https:\/\/sites.usp.br\/nupps\/equipe\/edison-nunes\/","title":{"rendered":"Edison Nunes"},"content":{"rendered":"<div id=\"esquerda2\">\n<div class=\"item-page\">\n<div><span id=\"cloak56ad987792555b356c8e11f5db144fba\"><a href=\"mailto:edison.nunes@uol.com.br\">edison.nunes@uol.com.br<\/a><\/span>\u00a0|\u00a0<a href=\"http:\/\/lattes.cnpq.br\/1157257309836852\" target=\"_blank\" rel=\"noopener\">Curr\u00edculo Lattes<\/a><\/div>\n<div class=\"img_caption left\">\n<p><img decoding=\"async\" class=\"caption\" title=\"Edison Nunes\" src=\"http:\/\/nupps.usp.br\/images\/equipe\/edison_foto.jpg\" alt=\"Edison Nunes\" \/><\/p>\n<p class=\"img_caption\"><strong>Edison Nunes<\/strong>\u00a0possui gradua\u00e7\u00e3o em Ci\u00eancias Sociais pela Universidade de S\u00e3o Paulo (1977) , mestrado em Ci\u00eancias Sociais pela Universidade de S\u00e3o Paulo (1988) e doutorado em Ci\u00eancias Sociais pela Pontif\u00edcia Universidade Cat\u00f3lica de S\u00e3o Paulo (2003) . Atualmente \u00e9 Prof. Assistente Doutor do Departamento de Pol\u00edtica da FCS\/PUC-SP, e pesquisador do NUPPs. Tem experi\u00eancia na \u00e1rea de Ci\u00eancia Pol\u00edtica. Atuando principalmente nos seguintes temas: a\u00e7\u00e3o pol\u00edtica em Maquiavel, Filosofia Pol\u00edtica, Maquiavel, ret\u00f3rica em Maquiavel.<\/p>\n<\/div>\n<\/div>\n<\/div>\n<div id=\"rodape\">\n<div class=\"custom\"><\/div>\n<\/div>\n","protected":false},"excerpt":{"rendered":"<p>edison.nunes@uol.com.br\u00a0|\u00a0Curr\u00edculo Lattes Edison Nunes\u00a0possui gradua\u00e7\u00e3o em Ci\u00eancias Sociais pela Universidade de S\u00e3o Paulo (1977) , mestrado em Ci\u00eancias Sociais pela Universidade de S\u00e3o Paulo (1988) e doutorado em Ci\u00eancias Sociais pela Pontif\u00edcia Universidade Cat\u00f3lica de S\u00e3o Paulo (2003) . Atualmente \u00e9 Prof. Assistente Doutor do Departamento de Pol\u00edtica da FCS\/PUC-SP, e pesquisador do NUPPs. Tem [&hellip;]<\/p>\n","protected":false},"author":21976,"featured_media":0,"parent":62,"menu_order":0,"comment_status":"closed","ping_status":"closed","template":"","meta":{"footnotes":"","_links_to":"","_links_to_target":""},"class_list":["post-1148","page","type-page","status-publish","hentry"],"_links":{"self":[{"href":"https:\/\/sites.usp.br\/nupps\/wp-json\/wp\/v2\/pages\/1148","targetHints":{"allow":["GET"]}}],"collection":[{"href":"https:\/\/sites.usp.br\/nupps\/wp-json\/wp\/v2\/pages"}],"about":[{"href":"https:\/\/sites.usp.br\/nupps\/wp-json\/wp\/v2\/types\/page"}],"author":[{"embeddable":true,"href":"https:\/\/sites.usp.br\/nupps\/wp-json\/wp\/v2\/users\/21976"}],"replies":[{"embeddable":true,"href":"https:\/\/sites.usp.br\/nupps\/wp-json\/wp\/v2\/comments?post=1148"}],"version-history":[{"count":2,"href":"https:\/\/sites.usp.br\/nupps\/wp-json\/wp\/v2\/pages\/1148\/revisions"}],"predecessor-version":[{"id":1150,"href":"https:\/\/sites.usp.br\/nupps\/wp-json\/wp\/v2\/pages\/1148\/revisions\/1150"}],"up":[{"embeddable":true,"href":"https:\/\/sites.usp.br\/nupps\/wp-json\/wp\/v2\/pages\/62"}],"wp:attachment":[{"href":"https:\/\/sites.usp.br\/nupps\/wp-json\/wp\/v2\/media?parent=1148"}],"curies":[{"name":"wp","href":"https:\/\/api.w.org\/{rel}","templated":true}]}}